{"id":915,"date":"2024-01-09T10:29:36","date_gmt":"2024-01-09T10:29:36","guid":{"rendered":"https:\/\/www.cinesouk.ma\/?post_type=product&#038;p=915"},"modified":"2025-03-21T10:55:41","modified_gmt":"2025-03-21T10:55:41","slug":"sennheiser-mke-2-gold","status":"publish","type":"product","link":"https:\/\/www.cinesouk.ma\/fr\/produit\/sennheiser-mke-2-gold\/","title":{"rendered":"Sennheiser MKE 2 or"},"content":{"rendered":"<p>Le Sennheiser MKE 2-EW-3 Gold est un microphone lavalier de haute qualit\u00e9, adapt\u00e9 \u00e0 tous les types de travail en direct. Il r\u00e9pond aux exigences les plus \u00e9lev\u00e9es en mati\u00e8re de qualit\u00e9 sonore et de robustesse. Protection contre la sueur gr\u00e2ce \u00e0 un diaphragme parapluie ultral\u00e9ger. Le micro-cravate omnidirectionnel subminiature MKE 2 est id\u00e9al pour les \u00e9missions de t\u00e9l\u00e9vision et les productions th\u00e9\u00e2trales. Sa r\u00e9ponse en fr\u00e9quence pr\u00e9cise produit un son naturel et non color\u00e9. Un diaphragme parapluie unique offre des performances r\u00e9sistantes \u00e0 l'humidit\u00e9 avec la m\u00eame qualit\u00e9 audio \u00e9lev\u00e9e que le lavalier MKE 2 standard de l'industrie. Sa taille le rend non seulement discret et facile \u00e0 dissimuler, mais il offre \u00e9galement un diagramme polaire omnidirectionnel parfait. Un diaphragme extr\u00eamement fin et de faible masse offre une r\u00e9ponse transitoire extraordinaire. Le microphone est \u00e9galement livr\u00e9 avec deux capuchons d'entr\u00e9e de son suppl\u00e9mentaires permettant d'adapter les hautes fr\u00e9quences en fonction des besoins.<\/p>\n<h4>Caract\u00e9ristiques du Sennheiser MKE 2 gold :<\/h4>\n<ul>\n<li>La conception \u00e0 double diaphragme \u00e9limine pratiquement tout risque de \"transpiration\".<\/li>\n<li>Le c\u00e2ble renforc\u00e9 en acier inoxydable toronn\u00e9 offre une r\u00e9sistance maximale et un faible bruit de contact.<\/li>\n<li>\u00c9galisation acoustique gr\u00e2ce aux embouts fournis<\/li>\n<li>Couleur : or<\/li>\n<\/ul>\n<h4>Caract\u00e9ristiques principales :<\/h4>\n<ul class=\"TechSpecsBlock_tech-specs-block-list__ufgtD\">\n<li class=\"TechSpecsBlock_tech-specs-block-list-item__pudT2\"><span class=\"TechSpecsBlock_tech-specs-block-list-item-label__0dWo0\">Dimensions : <\/span><span class=\"TechSpecsBlock_tech-specs-block-list-item-value__UGUmu\">d 4,8 mm<\/span><\/li>\n<li class=\"TechSpecsBlock_tech-specs-block-list-item__pudT2\"><span class=\"TechSpecsBlock_tech-specs-block-list-item-label__0dWo0\">Poids (g) : <\/span><span class=\"TechSpecsBlock_tech-specs-block-list-item-value__UGUmu\">17 g<\/span><\/li>\n<li class=\"TechSpecsBlock_tech-specs-block-list-item__pudT2\"><span class=\"TechSpecsBlock_tech-specs-block-list-item-label__0dWo0\">Principe du transducteur : <\/span><span class=\"TechSpecsBlock_tech-specs-block-list-item-value__UGUmu\">Condenseur pr\u00e9-polaris\u00e9<\/span><\/li>\n<\/ul>\n<p>Louez le Sennheiser MKE 2 gold maintenant sur <a href=\"https:\/\/www.cinesouk.ma\/fr\">CINESOUK<\/a> - une marque de <a href=\"https:\/\/www.broadway.ma\/\">BROADWAY PRODUCTIONS SARL.<\/a><\/p>","protected":false},"excerpt":{"rendered":"<p>Sp\u00e9cifications<\/p>\n<p><strong>Mod\u00e8le polaire :<\/strong> Omnidirectionnel<br \/>\n<strong>Gamme de fr\u00e9quences :<\/strong> 20 - 20.000 Hz<br \/>\n<strong>Max. SPL :<\/strong> 142 dB<br \/>\n<strong>Imp\u00e9dance :<\/strong> 1000 Ohm<br \/>\n<strong>Longueur du c\u00e2ble :<\/strong> 1.6 m<br \/>\n<strong>Diam\u00e8tre :<\/strong> 4,8 mm<br \/>\nC\u00e2ble avec connecteur mini jack EW<\/p>","protected":false},"featured_media":941,"template":"","meta":{"om_disable_all_campaigns":false,"_monsterinsights_skip_tracking":false,"_monsterinsights_sitenote_active":false,"_monsterinsights_sitenote_note":"","_monsterinsights_sitenote_category":0,"_uf_show_specific_survey":0,"_uf_disable_surveys":false},"product_brand":[],"product_cat":[86,35],"product_tag":[],"class_list":{"0":"post-915","1":"product","2":"type-product","3":"status-publish","4":"has-post-thumbnail","6":"product_cat-foh-cinesouk","7":"product_cat-sound-cinesouk","9":"entry","10":"has-media","12":"first","13":"instock","14":"taxable","15":"shipping-taxable","16":"purchasable","17":"product-type-variable","18":"has-product-nav","19":"col","20":"span_1_of_3","21":"owp-content-center","22":"owp-thumbs-layout-horizontal","23":"owp-btn-normal","24":"owp-tabs-layout-horizontal","25":"has-no-thumbnails"},"yoast_head":"<!-- This site is optimized with the Yoast SEO Premium plugin v26.0 (Yoast SEO v26.0) - https:\/\/yoast.com\/wordpress\/plugins\/seo\/ -->\n<title>Sennheiser MKE 2 gold - CineSouk - For rent<\/title>\n<meta name=\"description\" content=\"The Sennheiser MKE 2 gold is a high quality, sub-miniature clip-on lavalier microphone suitable for both speech and other applications.\" \/>\n<meta name=\"robots\" content=\"index, follow, max-snippet:-1, max-image-preview:large, max-video-preview:-1\" \/>\n<link rel=\"canonical\" href=\"https:\/\/www.cinesouk.ma\/fr\/produit\/sennheiser-mke-2-gold\/\" \/>\n<meta property=\"og:locale\" content=\"fr_FR\" \/>\n<meta property=\"og:type\" content=\"article\" \/>\n<meta property=\"og:title\" content=\"Sennheiser MKE 2 gold\" \/>\n<meta property=\"og:description\" content=\"The Sennheiser MKE 2 gold is a high quality, sub-miniature clip-on lavalier microphone suitable for both speech and other applications.\" \/>\n<meta property=\"og:url\" content=\"https:\/\/www.cinesouk.ma\/fr\/produit\/sennheiser-mke-2-gold\/\" \/>\n<meta property=\"og:site_name\" content=\"CineSouk\" \/>\n<meta property=\"article:modified_time\" content=\"2025-03-21T10:55:41+00:00\" \/>\n<meta property=\"og:image\" content=\"https:\/\/www.cinesouk.ma\/wp-content\/uploads\/2024\/01\/Sennheiser-MKE-2-Gold.jpg\" \/>\n\t<meta property=\"og:image:width\" content=\"300\" \/>\n\t<meta property=\"og:image:height\" content=\"238\" \/>\n\t<meta property=\"og:image:type\" content=\"image\/jpeg\" \/>\n<meta name=\"twitter:card\" content=\"summary_large_image\" \/>\n<meta name=\"twitter:description\" content=\"The Sennheiser MKE 2 gold is a high quality, sub-miniature clip-on lavalier microphone suitable for both speech and other applications.\" \/>\n<meta name=\"twitter:label1\" content=\"Dur\u00e9e de lecture estim\u00e9e\" \/>\n\t<meta name=\"twitter:data1\" content=\"1 minute\" \/>\n<script type=\"application\/ld+json\" class=\"yoast-schema-graph\">{\"@context\":\"https:\/\/schema.org\",\"@graph\":[{\"@type\":\"WebPage\",\"@id\":\"https:\/\/www.cinesouk.ma\/product\/sennheiser-mke-2-gold\/\",\"url\":\"https:\/\/www.cinesouk.ma\/product\/sennheiser-mke-2-gold\/\",\"name\":\"Sennheiser MKE 2 gold - CineSouk - For rent\",\"isPartOf\":{\"@id\":\"https:\/\/www.cinesouk.ma\/#website\"},\"primaryImageOfPage\":{\"@id\":\"https:\/\/www.cinesouk.ma\/product\/sennheiser-mke-2-gold\/#primaryimage\"},\"image\":{\"@id\":\"https:\/\/www.cinesouk.ma\/product\/sennheiser-mke-2-gold\/#primaryimage\"},\"thumbnailUrl\":\"https:\/\/www.cinesouk.ma\/wp-content\/uploads\/2024\/01\/Sennheiser-MKE-2-Gold.jpg\",\"datePublished\":\"2024-01-09T10:29:36+00:00\",\"dateModified\":\"2025-03-21T10:55:41+00:00\",\"description\":\"The Sennheiser MKE 2 gold is a high quality, sub-miniature clip-on lavalier microphone suitable for both speech and other applications.\",\"breadcrumb\":{\"@id\":\"https:\/\/www.cinesouk.ma\/product\/sennheiser-mke-2-gold\/#breadcrumb\"},\"inLanguage\":\"fr-FR\",\"potentialAction\":[{\"@type\":\"ReadAction\",\"target\":[\"https:\/\/www.cinesouk.ma\/product\/sennheiser-mke-2-gold\/\"]}]},{\"@type\":\"ImageObject\",\"inLanguage\":\"fr-FR\",\"@id\":\"https:\/\/www.cinesouk.ma\/product\/sennheiser-mke-2-gold\/#primaryimage\",\"url\":\"https:\/\/www.cinesouk.ma\/wp-content\/uploads\/2024\/01\/Sennheiser-MKE-2-Gold.jpg\",\"contentUrl\":\"https:\/\/www.cinesouk.ma\/wp-content\/uploads\/2024\/01\/Sennheiser-MKE-2-Gold.jpg\",\"width\":300,\"height\":238},{\"@type\":\"BreadcrumbList\",\"@id\":\"https:\/\/www.cinesouk.ma\/product\/sennheiser-mke-2-gold\/#breadcrumb\",\"itemListElement\":[{\"@type\":\"ListItem\",\"position\":1,\"name\":\"Home\",\"item\":\"https:\/\/www.cinesouk.ma\/\"},{\"@type\":\"ListItem\",\"position\":2,\"name\":\"Shop\",\"item\":\"https:\/\/www.cinesouk.ma\/shop\/\"},{\"@type\":\"ListItem\",\"position\":3,\"name\":\"Sennheiser MKE 2 gold\"}]},{\"@type\":\"WebSite\",\"@id\":\"https:\/\/www.cinesouk.ma\/#website\",\"url\":\"https:\/\/www.cinesouk.ma\/\",\"name\":\"CineSouk\",\"description\":\"\",\"publisher\":{\"@id\":\"https:\/\/www.cinesouk.ma\/#organization\"},\"potentialAction\":[{\"@type\":\"SearchAction\",\"target\":{\"@type\":\"EntryPoint\",\"urlTemplate\":\"https:\/\/www.cinesouk.ma\/?s={search_term_string}\"},\"query-input\":{\"@type\":\"PropertyValueSpecification\",\"valueRequired\":true,\"valueName\":\"search_term_string\"}}],\"inLanguage\":\"fr-FR\"},{\"@type\":\"Organization\",\"@id\":\"https:\/\/www.cinesouk.ma\/#organization\",\"name\":\"CineSouk\",\"url\":\"https:\/\/www.cinesouk.ma\/\",\"logo\":{\"@type\":\"ImageObject\",\"inLanguage\":\"fr-FR\",\"@id\":\"https:\/\/www.cinesouk.ma\/#\/schema\/logo\/image\/\",\"url\":\"https:\/\/www.cinesouk.ma\/wp-content\/uploads\/2024\/01\/CineSouk-logo-v01-alpha-alligned-left.png\",\"contentUrl\":\"https:\/\/www.cinesouk.ma\/wp-content\/uploads\/2024\/01\/CineSouk-logo-v01-alpha-alligned-left.png\",\"width\":3204,\"height\":889,\"caption\":\"CineSouk\"},\"image\":{\"@id\":\"https:\/\/www.cinesouk.ma\/#\/schema\/logo\/image\/\"}}]}<\/script>\n<!-- \/ Yoast SEO Premium plugin. -->","yoast_head_json":{"title":"Sennheiser MKE 2 gold - CineSouk - For rent","description":"The Sennheiser MKE 2 gold is a high quality, sub-miniature clip-on lavalier microphone suitable for both speech and other applications.","robots":{"index":"index","follow":"follow","max-snippet":"max-snippet:-1","max-image-preview":"max-image-preview:large","max-video-preview":"max-video-preview:-1"},"canonical":"https:\/\/www.cinesouk.ma\/fr\/produit\/sennheiser-mke-2-gold\/","og_locale":"fr_FR","og_type":"article","og_title":"Sennheiser MKE 2 gold","og_description":"The Sennheiser MKE 2 gold is a high quality, sub-miniature clip-on lavalier microphone suitable for both speech and other applications.","og_url":"https:\/\/www.cinesouk.ma\/fr\/produit\/sennheiser-mke-2-gold\/","og_site_name":"CineSouk","article_modified_time":"2025-03-21T10:55:41+00:00","og_image":[{"width":300,"height":238,"url":"https:\/\/www.cinesouk.ma\/wp-content\/uploads\/2024\/01\/Sennheiser-MKE-2-Gold.jpg","type":"image\/jpeg"}],"twitter_card":"summary_large_image","twitter_description":"The Sennheiser MKE 2 gold is a high quality, sub-miniature clip-on lavalier microphone suitable for both speech and other applications.","twitter_misc":{"Dur\u00e9e de lecture estim\u00e9e":"1 minute"},"schema":{"@context":"https:\/\/schema.org","@graph":[{"@type":"WebPage","@id":"https:\/\/www.cinesouk.ma\/product\/sennheiser-mke-2-gold\/","url":"https:\/\/www.cinesouk.ma\/product\/sennheiser-mke-2-gold\/","name":"Sennheiser MKE 2 gold - CineSouk - For rent","isPartOf":{"@id":"https:\/\/www.cinesouk.ma\/#website"},"primaryImageOfPage":{"@id":"https:\/\/www.cinesouk.ma\/product\/sennheiser-mke-2-gold\/#primaryimage"},"image":{"@id":"https:\/\/www.cinesouk.ma\/product\/sennheiser-mke-2-gold\/#primaryimage"},"thumbnailUrl":"https:\/\/www.cinesouk.ma\/wp-content\/uploads\/2024\/01\/Sennheiser-MKE-2-Gold.jpg","datePublished":"2024-01-09T10:29:36+00:00","dateModified":"2025-03-21T10:55:41+00:00","description":"The Sennheiser MKE 2 gold is a high quality, sub-miniature clip-on lavalier microphone suitable for both speech and other applications.","breadcrumb":{"@id":"https:\/\/www.cinesouk.ma\/product\/sennheiser-mke-2-gold\/#breadcrumb"},"inLanguage":"fr-FR","potentialAction":[{"@type":"ReadAction","target":["https:\/\/www.cinesouk.ma\/product\/sennheiser-mke-2-gold\/"]}]},{"@type":"ImageObject","inLanguage":"fr-FR","@id":"https:\/\/www.cinesouk.ma\/product\/sennheiser-mke-2-gold\/#primaryimage","url":"https:\/\/www.cinesouk.ma\/wp-content\/uploads\/2024\/01\/Sennheiser-MKE-2-Gold.jpg","contentUrl":"https:\/\/www.cinesouk.ma\/wp-content\/uploads\/2024\/01\/Sennheiser-MKE-2-Gold.jpg","width":300,"height":238},{"@type":"BreadcrumbList","@id":"https:\/\/www.cinesouk.ma\/product\/sennheiser-mke-2-gold\/#breadcrumb","itemListElement":[{"@type":"ListItem","position":1,"name":"Home","item":"https:\/\/www.cinesouk.ma\/"},{"@type":"ListItem","position":2,"name":"Shop","item":"https:\/\/www.cinesouk.ma\/shop\/"},{"@type":"ListItem","position":3,"name":"Sennheiser MKE 2 gold"}]},{"@type":"WebSite","@id":"https:\/\/www.cinesouk.ma\/#website","url":"https:\/\/www.cinesouk.ma\/","name":"CineSouk","description":"","publisher":{"@id":"https:\/\/www.cinesouk.ma\/#organization"},"potentialAction":[{"@type":"SearchAction","target":{"@type":"EntryPoint","urlTemplate":"https:\/\/www.cinesouk.ma\/?s={search_term_string}"},"query-input":{"@type":"PropertyValueSpecification","valueRequired":true,"valueName":"search_term_string"}}],"inLanguage":"fr-FR"},{"@type":"Organization","@id":"https:\/\/www.cinesouk.ma\/#organization","name":"CineSouk","url":"https:\/\/www.cinesouk.ma\/","logo":{"@type":"ImageObject","inLanguage":"fr-FR","@id":"https:\/\/www.cinesouk.ma\/#\/schema\/logo\/image\/","url":"https:\/\/www.cinesouk.ma\/wp-content\/uploads\/2024\/01\/CineSouk-logo-v01-alpha-alligned-left.png","contentUrl":"https:\/\/www.cinesouk.ma\/wp-content\/uploads\/2024\/01\/CineSouk-logo-v01-alpha-alligned-left.png","width":3204,"height":889,"caption":"CineSouk"},"image":{"@id":"https:\/\/www.cinesouk.ma\/#\/schema\/logo\/image\/"}}]}},"_links":{"self":[{"href":"https:\/\/www.cinesouk.ma\/fr\/wp-json\/wp\/v2\/product\/915","targetHints":{"allow":["GET"]}}],"collection":[{"href":"https:\/\/www.cinesouk.ma\/fr\/wp-json\/wp\/v2\/product"}],"about":[{"href":"https:\/\/www.cinesouk.ma\/fr\/wp-json\/wp\/v2\/types\/product"}],"wp:featuredmedia":[{"embeddable":true,"href":"https:\/\/www.cinesouk.ma\/fr\/wp-json\/wp\/v2\/media\/941"}],"wp:attachment":[{"href":"https:\/\/www.cinesouk.ma\/fr\/wp-json\/wp\/v2\/media?parent=915"}],"wp:term":[{"taxonomy":"product_brand","embeddable":true,"href":"https:\/\/www.cinesouk.ma\/fr\/wp-json\/wp\/v2\/product_brand?post=915"},{"taxonomy":"product_cat","embeddable":true,"href":"https:\/\/www.cinesouk.ma\/fr\/wp-json\/wp\/v2\/product_cat?post=915"},{"taxonomy":"product_tag","embeddable":true,"href":"https:\/\/www.cinesouk.ma\/fr\/wp-json\/wp\/v2\/product_tag?post=915"}],"curies":[{"name":"wp","href":"https:\/\/api.w.org\/{rel}","templated":true}]}}