{"id":9161,"date":"2024-11-27T09:32:16","date_gmt":"2024-11-27T09:32:16","guid":{"rendered":"https:\/\/www.cinesouk.ma\/?post_type=product&#038;p=9161"},"modified":"2025-03-21T10:56:32","modified_gmt":"2025-03-21T10:56:32","slug":"atomos-connect-scale-sdi-to-hdmi-video-converter","status":"publish","type":"product","link":"https:\/\/www.cinesouk.ma\/fr\/produit\/atomos-connect-scale-sdi-to-hdmi-video-converter\/","title":{"rendered":"Convertisseur vid\u00e9o HDMI vers SDI Atomos Connect Scale"},"content":{"rendered":"<div class=\"flex max-w-full flex-col flex-grow\">\n<div class=\"min-h-8 text-message flex w-full flex-col items-end gap-2 whitespace-normal break-words [.text-message+&amp;]:mt-5\" dir=\"auto\" data-message-author-role=\"assistant\" data-message-id=\"cc2d417b-9b64-4df8-90e8-aa3035e741cf\" data-message-model-slug=\"gpt-4o\">\n<div class=\"flex w-full flex-col gap-1 empty:hidden first:pt-[3px]\">\n<div class=\"markdown prose w-full break-words dark:prose-invert light\">\n<p>L'Atomos Connect Convert Scale HDMI to SDI est un convertisseur vid\u00e9o de qualit\u00e9 professionnelle qui transforme sans effort les signaux HDMI en sorties SDI. En comblant le foss\u00e9 entre les appareils grand public et les \u00e9quipements de diffusion professionnels, il assure une int\u00e9gration transparente pour diverses configurations de production.<\/p>\n<p>Gr\u00e2ce \u00e0 la prise en charge de r\u00e9solutions allant jusqu'\u00e0 1080p60, ce convertisseur offre une sortie vid\u00e9o de haute qualit\u00e9. De plus, gr\u00e2ce \u00e0 ses capacit\u00e9s de mise \u00e0 l'\u00e9chelle et de conversion de la fr\u00e9quence d'images, il s'adapte facilement \u00e0 diff\u00e9rentes applications. En outre, son bo\u00eetier m\u00e9tallique robuste, ses connecteurs s\u00e9curis\u00e9s et ses options de montage flexibles en font un outil fiable pour le studio, la diffusion et l'utilisation sur site.<\/p>\n<p><strong>Caract\u00e9ristiques principales :<\/strong><\/p>\n<ul>\n<li><strong>Conversion HDMI vers SDI :<\/strong> Convertit efficacement les signaux HDMI en 3G\/HD\/SD-SDI, garantissant la compatibilit\u00e9 avec les appareils SDI professionnels.<\/li>\n<li><strong>Mise \u00e0 l'\u00e9chelle et conversion de la fr\u00e9quence d'images :<\/strong> La mise \u00e0 l'\u00e9chelle ascendante\/descendante et le r\u00e9glage de la fr\u00e9quence d'images jusqu'\u00e0 1080p60 offrent une grande polyvalence en mati\u00e8re de sortie vid\u00e9o.<\/li>\n<li><strong>Construction durable :<\/strong> Con\u00e7u avec un bo\u00eetier m\u00e9tallique robuste et des connecteurs HDMI et d'alimentation CC verrouillables pour garantir des connexions stables et s\u00fbres.<\/li>\n<li><strong>Options de montage flexibles :<\/strong> \u00c9quip\u00e9 d'oreilles de montage amovibles, il s'adapte \u00e0 divers environnements d'installation.<\/li>\n<\/ul>\n<p><strong>Sp\u00e9cifications :<\/strong><\/p>\n<ul>\n<li><strong>Entr\u00e9e :<\/strong> HDMI<\/li>\n<li><strong>Sortie :<\/strong> 3G\/HD\/SD-SDI<\/li>\n<li><strong>R\u00e9solutions prises en charge :<\/strong> Jusqu'\u00e0 1080p60<\/li>\n<li><strong>Alimentation \u00e9lectrique :<\/strong> 7,5V \u00e0 15V DC<\/li>\n<li><strong>Conception compacte :<\/strong> Parfait pour une int\u00e9gration facile et pratique<\/li>\n<\/ul>\n<p>En conclusion, l'Atomos Connect Convert Scale HDMI to SDI est un outil essentiel pour les professionnels qui exigent fiabilit\u00e9 et hautes performances. Que vous travailliez dans un studio, sur une \u00e9mission en direct ou sur le terrain, sa polyvalence et sa durabilit\u00e9 garantissent un fonctionnement sans faille dans une grande vari\u00e9t\u00e9 de configurations.<\/p>\n<\/div>\n<\/div>\n<\/div>\n<\/div>\n<p>Louez la balance Atomos Connect d\u00e8s maintenant sur <a href=\"https:\/\/www.cinesouk.ma\/fr\">CINESOUK<\/a> - une marque de <a href=\"https:\/\/www.broadway.ma\/\">BROADWAY PRODUCTIONS SARL.<\/a><\/p>","protected":false},"excerpt":{"rendered":"<p><strong>Sp\u00e9cifications :<\/strong><\/p>\n<ul>\n<li><strong>Entr\u00e9e :<\/strong> HDMI<\/li>\n<li><strong>Sortie :<\/strong> 3G\/HD\/SD-SDI<\/li>\n<li><strong>R\u00e9solutions prises en charge :<\/strong> Jusqu'\u00e0 1080p60<\/li>\n<li><strong>Alimentation \u00e9lectrique :<\/strong> 7,5V \u00e0 15V DC<\/li>\n<li><strong>Conception compacte :<\/strong> Parfait pour une int\u00e9gration facile et pratique<\/li>\n<\/ul>","protected":false},"featured_media":11129,"template":"","meta":{"om_disable_all_campaigns":false,"_monsterinsights_skip_tracking":false,"_monsterinsights_sitenote_active":false,"_monsterinsights_sitenote_note":"","_monsterinsights_sitenote_category":0,"_uf_show_specific_survey":0,"_uf_disable_surveys":false},"product_brand":[],"product_cat":[37,33],"product_tag":[],"class_list":{"0":"post-9161","1":"product","2":"type-product","3":"status-publish","4":"has-post-thumbnail","6":"product_cat-accessories-cinesouk","7":"product_cat-processing-cinesouk","9":"entry","10":"has-media","12":"first","13":"instock","14":"taxable","15":"shipping-taxable","16":"purchasable","17":"product-type-variable","18":"has-product-nav","19":"col","20":"span_1_of_3","21":"owp-content-center","22":"owp-thumbs-layout-horizontal","23":"owp-btn-normal","24":"owp-tabs-layout-horizontal","25":"has-no-thumbnails"},"yoast_head":"<!-- This site is optimized with the Yoast SEO Premium plugin v26.0 (Yoast SEO v26.0) - https:\/\/yoast.com\/wordpress\/plugins\/seo\/ -->\n<title>For rent - Atomos Connect Scale HDMI to SDI Video Converter - CineSouk<\/title>\n<meta name=\"description\" content=\"Atomos Connect HDMI to SDI: Pro video converter with scaling, frame rate adjustment, and durable design. - Atomos Connect Scale HDMI to SDI Video Converter\" \/>\n<meta name=\"robots\" content=\"index, follow, max-snippet:-1, max-image-preview:large, max-video-preview:-1\" \/>\n<link rel=\"canonical\" href=\"https:\/\/www.cinesouk.ma\/fr\/produit\/atomos-connect-scale-sdi-to-hdmi-video-converter\/\" \/>\n<meta property=\"og:locale\" content=\"fr_FR\" \/>\n<meta property=\"og:type\" content=\"article\" \/>\n<meta property=\"og:title\" content=\"Atomos Connect Scale HDMI to SDI Video Converter\" \/>\n<meta property=\"og:description\" content=\"Atomos Connect HDMI to SDI: Pro video converter with scaling, frame rate adjustment, and durable design.\" \/>\n<meta property=\"og:url\" content=\"https:\/\/www.cinesouk.ma\/fr\/produit\/atomos-connect-scale-sdi-to-hdmi-video-converter\/\" \/>\n<meta property=\"og:site_name\" content=\"CineSouk\" \/>\n<meta property=\"article:modified_time\" content=\"2025-03-21T10:56:32+00:00\" \/>\n<meta property=\"og:image\" content=\"https:\/\/www.cinesouk.ma\/wp-content\/uploads\/2024\/11\/Atomos-Connect-Scale-HDMI-to-SDI-Video-Converter.jpg\" \/>\n\t<meta property=\"og:image:width\" content=\"300\" \/>\n\t<meta property=\"og:image:height\" content=\"238\" \/>\n\t<meta property=\"og:image:type\" content=\"image\/jpeg\" \/>\n<meta name=\"twitter:card\" content=\"summary_large_image\" \/>\n<meta name=\"twitter:description\" content=\"Atomos Connect HDMI to SDI: Pro video converter with scaling, frame rate adjustment, and durable design.\" \/>\n<meta name=\"twitter:label1\" content=\"Dur\u00e9e de lecture estim\u00e9e\" \/>\n\t<meta name=\"twitter:data1\" content=\"2 minutes\" \/>\n<script type=\"application\/ld+json\" class=\"yoast-schema-graph\">{\"@context\":\"https:\/\/schema.org\",\"@graph\":[{\"@type\":\"WebPage\",\"@id\":\"https:\/\/www.cinesouk.ma\/product\/atomos-connect-scale-sdi-to-hdmi-video-converter\/\",\"url\":\"https:\/\/www.cinesouk.ma\/product\/atomos-connect-scale-sdi-to-hdmi-video-converter\/\",\"name\":\"For rent - Atomos Connect Scale HDMI to SDI Video Converter - CineSouk\",\"isPartOf\":{\"@id\":\"https:\/\/www.cinesouk.ma\/#website\"},\"primaryImageOfPage\":{\"@id\":\"https:\/\/www.cinesouk.ma\/product\/atomos-connect-scale-sdi-to-hdmi-video-converter\/#primaryimage\"},\"image\":{\"@id\":\"https:\/\/www.cinesouk.ma\/product\/atomos-connect-scale-sdi-to-hdmi-video-converter\/#primaryimage\"},\"thumbnailUrl\":\"https:\/\/www.cinesouk.ma\/wp-content\/uploads\/2024\/11\/Atomos-Connect-Scale-HDMI-to-SDI-Video-Converter.jpg\",\"datePublished\":\"2024-11-27T09:32:16+00:00\",\"dateModified\":\"2025-03-21T10:56:32+00:00\",\"description\":\"Atomos Connect HDMI to SDI: Pro video converter with scaling, frame rate adjustment, and durable design. - Atomos Connect Scale HDMI to SDI Video Converter\",\"breadcrumb\":{\"@id\":\"https:\/\/www.cinesouk.ma\/product\/atomos-connect-scale-sdi-to-hdmi-video-converter\/#breadcrumb\"},\"inLanguage\":\"fr-FR\",\"potentialAction\":[{\"@type\":\"ReadAction\",\"target\":[\"https:\/\/www.cinesouk.ma\/product\/atomos-connect-scale-sdi-to-hdmi-video-converter\/\"]}]},{\"@type\":\"ImageObject\",\"inLanguage\":\"fr-FR\",\"@id\":\"https:\/\/www.cinesouk.ma\/product\/atomos-connect-scale-sdi-to-hdmi-video-converter\/#primaryimage\",\"url\":\"https:\/\/www.cinesouk.ma\/wp-content\/uploads\/2024\/11\/Atomos-Connect-Scale-HDMI-to-SDI-Video-Converter.jpg\",\"contentUrl\":\"https:\/\/www.cinesouk.ma\/wp-content\/uploads\/2024\/11\/Atomos-Connect-Scale-HDMI-to-SDI-Video-Converter.jpg\",\"width\":300,\"height\":238,\"caption\":\"Atomos Connect Scale HDMI to SDI Video Converter\"},{\"@type\":\"BreadcrumbList\",\"@id\":\"https:\/\/www.cinesouk.ma\/product\/atomos-connect-scale-sdi-to-hdmi-video-converter\/#breadcrumb\",\"itemListElement\":[{\"@type\":\"ListItem\",\"position\":1,\"name\":\"Home\",\"item\":\"https:\/\/www.cinesouk.ma\/\"},{\"@type\":\"ListItem\",\"position\":2,\"name\":\"Shop\",\"item\":\"https:\/\/www.cinesouk.ma\/shop\/\"},{\"@type\":\"ListItem\",\"position\":3,\"name\":\"Atomos Connect Scale HDMI to SDI Video Converter\"}]},{\"@type\":\"WebSite\",\"@id\":\"https:\/\/www.cinesouk.ma\/#website\",\"url\":\"https:\/\/www.cinesouk.ma\/\",\"name\":\"CineSouk\",\"description\":\"\",\"publisher\":{\"@id\":\"https:\/\/www.cinesouk.ma\/#organization\"},\"potentialAction\":[{\"@type\":\"SearchAction\",\"target\":{\"@type\":\"EntryPoint\",\"urlTemplate\":\"https:\/\/www.cinesouk.ma\/?s={search_term_string}\"},\"query-input\":{\"@type\":\"PropertyValueSpecification\",\"valueRequired\":true,\"valueName\":\"search_term_string\"}}],\"inLanguage\":\"fr-FR\"},{\"@type\":\"Organization\",\"@id\":\"https:\/\/www.cinesouk.ma\/#organization\",\"name\":\"CineSouk\",\"url\":\"https:\/\/www.cinesouk.ma\/\",\"logo\":{\"@type\":\"ImageObject\",\"inLanguage\":\"fr-FR\",\"@id\":\"https:\/\/www.cinesouk.ma\/#\/schema\/logo\/image\/\",\"url\":\"https:\/\/www.cinesouk.ma\/wp-content\/uploads\/2024\/01\/CineSouk-logo-v01-alpha-alligned-left.png\",\"contentUrl\":\"https:\/\/www.cinesouk.ma\/wp-content\/uploads\/2024\/01\/CineSouk-logo-v01-alpha-alligned-left.png\",\"width\":3204,\"height\":889,\"caption\":\"CineSouk\"},\"image\":{\"@id\":\"https:\/\/www.cinesouk.ma\/#\/schema\/logo\/image\/\"}}]}<\/script>\n<!-- \/ Yoast SEO Premium plugin. -->","yoast_head_json":{"title":"For rent - Atomos Connect Scale HDMI to SDI Video Converter - CineSouk","description":"Atomos Connect HDMI to SDI: Pro video converter with scaling, frame rate adjustment, and durable design. - Atomos Connect Scale HDMI to SDI Video Converter","robots":{"index":"index","follow":"follow","max-snippet":"max-snippet:-1","max-image-preview":"max-image-preview:large","max-video-preview":"max-video-preview:-1"},"canonical":"https:\/\/www.cinesouk.ma\/fr\/produit\/atomos-connect-scale-sdi-to-hdmi-video-converter\/","og_locale":"fr_FR","og_type":"article","og_title":"Atomos Connect Scale HDMI to SDI Video Converter","og_description":"Atomos Connect HDMI to SDI: Pro video converter with scaling, frame rate adjustment, and durable design.","og_url":"https:\/\/www.cinesouk.ma\/fr\/produit\/atomos-connect-scale-sdi-to-hdmi-video-converter\/","og_site_name":"CineSouk","article_modified_time":"2025-03-21T10:56:32+00:00","og_image":[{"width":300,"height":238,"url":"https:\/\/www.cinesouk.ma\/wp-content\/uploads\/2024\/11\/Atomos-Connect-Scale-HDMI-to-SDI-Video-Converter.jpg","type":"image\/jpeg"}],"twitter_card":"summary_large_image","twitter_description":"Atomos Connect HDMI to SDI: Pro video converter with scaling, frame rate adjustment, and durable design.","twitter_misc":{"Dur\u00e9e de lecture estim\u00e9e":"2 minutes"},"schema":{"@context":"https:\/\/schema.org","@graph":[{"@type":"WebPage","@id":"https:\/\/www.cinesouk.ma\/product\/atomos-connect-scale-sdi-to-hdmi-video-converter\/","url":"https:\/\/www.cinesouk.ma\/product\/atomos-connect-scale-sdi-to-hdmi-video-converter\/","name":"For rent - Atomos Connect Scale HDMI to SDI Video Converter - CineSouk","isPartOf":{"@id":"https:\/\/www.cinesouk.ma\/#website"},"primaryImageOfPage":{"@id":"https:\/\/www.cinesouk.ma\/product\/atomos-connect-scale-sdi-to-hdmi-video-converter\/#primaryimage"},"image":{"@id":"https:\/\/www.cinesouk.ma\/product\/atomos-connect-scale-sdi-to-hdmi-video-converter\/#primaryimage"},"thumbnailUrl":"https:\/\/www.cinesouk.ma\/wp-content\/uploads\/2024\/11\/Atomos-Connect-Scale-HDMI-to-SDI-Video-Converter.jpg","datePublished":"2024-11-27T09:32:16+00:00","dateModified":"2025-03-21T10:56:32+00:00","description":"Atomos Connect HDMI to SDI: Pro video converter with scaling, frame rate adjustment, and durable design. - Atomos Connect Scale HDMI to SDI Video Converter","breadcrumb":{"@id":"https:\/\/www.cinesouk.ma\/product\/atomos-connect-scale-sdi-to-hdmi-video-converter\/#breadcrumb"},"inLanguage":"fr-FR","potentialAction":[{"@type":"ReadAction","target":["https:\/\/www.cinesouk.ma\/product\/atomos-connect-scale-sdi-to-hdmi-video-converter\/"]}]},{"@type":"ImageObject","inLanguage":"fr-FR","@id":"https:\/\/www.cinesouk.ma\/product\/atomos-connect-scale-sdi-to-hdmi-video-converter\/#primaryimage","url":"https:\/\/www.cinesouk.ma\/wp-content\/uploads\/2024\/11\/Atomos-Connect-Scale-HDMI-to-SDI-Video-Converter.jpg","contentUrl":"https:\/\/www.cinesouk.ma\/wp-content\/uploads\/2024\/11\/Atomos-Connect-Scale-HDMI-to-SDI-Video-Converter.jpg","width":300,"height":238,"caption":"Atomos Connect Scale HDMI to SDI Video Converter"},{"@type":"BreadcrumbList","@id":"https:\/\/www.cinesouk.ma\/product\/atomos-connect-scale-sdi-to-hdmi-video-converter\/#breadcrumb","itemListElement":[{"@type":"ListItem","position":1,"name":"Home","item":"https:\/\/www.cinesouk.ma\/"},{"@type":"ListItem","position":2,"name":"Shop","item":"https:\/\/www.cinesouk.ma\/shop\/"},{"@type":"ListItem","position":3,"name":"Atomos Connect Scale HDMI to SDI Video Converter"}]},{"@type":"WebSite","@id":"https:\/\/www.cinesouk.ma\/#website","url":"https:\/\/www.cinesouk.ma\/","name":"CineSouk","description":"","publisher":{"@id":"https:\/\/www.cinesouk.ma\/#organization"},"potentialAction":[{"@type":"SearchAction","target":{"@type":"EntryPoint","urlTemplate":"https:\/\/www.cinesouk.ma\/?s={search_term_string}"},"query-input":{"@type":"PropertyValueSpecification","valueRequired":true,"valueName":"search_term_string"}}],"inLanguage":"fr-FR"},{"@type":"Organization","@id":"https:\/\/www.cinesouk.ma\/#organization","name":"CineSouk","url":"https:\/\/www.cinesouk.ma\/","logo":{"@type":"ImageObject","inLanguage":"fr-FR","@id":"https:\/\/www.cinesouk.ma\/#\/schema\/logo\/image\/","url":"https:\/\/www.cinesouk.ma\/wp-content\/uploads\/2024\/01\/CineSouk-logo-v01-alpha-alligned-left.png","contentUrl":"https:\/\/www.cinesouk.ma\/wp-content\/uploads\/2024\/01\/CineSouk-logo-v01-alpha-alligned-left.png","width":3204,"height":889,"caption":"CineSouk"},"image":{"@id":"https:\/\/www.cinesouk.ma\/#\/schema\/logo\/image\/"}}]}},"_links":{"self":[{"href":"https:\/\/www.cinesouk.ma\/fr\/wp-json\/wp\/v2\/product\/9161","targetHints":{"allow":["GET"]}}],"collection":[{"href":"https:\/\/www.cinesouk.ma\/fr\/wp-json\/wp\/v2\/product"}],"about":[{"href":"https:\/\/www.cinesouk.ma\/fr\/wp-json\/wp\/v2\/types\/product"}],"wp:featuredmedia":[{"embeddable":true,"href":"https:\/\/www.cinesouk.ma\/fr\/wp-json\/wp\/v2\/media\/11129"}],"wp:attachment":[{"href":"https:\/\/www.cinesouk.ma\/fr\/wp-json\/wp\/v2\/media?parent=9161"}],"wp:term":[{"taxonomy":"product_brand","embeddable":true,"href":"https:\/\/www.cinesouk.ma\/fr\/wp-json\/wp\/v2\/product_brand?post=9161"},{"taxonomy":"product_cat","embeddable":true,"href":"https:\/\/www.cinesouk.ma\/fr\/wp-json\/wp\/v2\/product_cat?post=9161"},{"taxonomy":"product_tag","embeddable":true,"href":"https:\/\/www.cinesouk.ma\/fr\/wp-json\/wp\/v2\/product_tag?post=9161"}],"curies":[{"name":"wp","href":"https:\/\/api.w.org\/{rel}","templated":true}]}}