{"id":9174,"date":"2024-11-27T10:03:53","date_gmt":"2024-11-27T10:03:53","guid":{"rendered":"https:\/\/www.cinesouk.ma\/?post_type=product&#038;p=9174"},"modified":"2025-08-26T13:05:26","modified_gmt":"2025-08-26T13:05:26","slug":"audio-technica-pro-49-ql-gooseneck-microphone","status":"publish","type":"product","link":"https:\/\/www.cinesouk.ma\/fr\/produit\/audio-technica-pro-49-ql-gooseneck-microphone\/","title":{"rendered":"Audio-Technica Pro 49 QL Microphone \u00e0 col de cygne"},"content":{"rendered":"<p>Le PRO 49QL d'Audio-Technica est un microphone \u00e0 condensateur \u00e0 col de cygne professionnel con\u00e7u pour une capture claire et pr\u00e9cise du son dans diverses applications, y compris les cours, les conf\u00e9rences et les interventions publiques. Sa longueur de 418 mm et sa conception flexible permettent un positionnement pr\u00e9cis, garantissant une prise de son optimale.<\/p>\n<p><strong>Caract\u00e9ristiques principales :<\/strong><\/p>\n<ul>\n<li><strong>Diagramme polaire cardio\u00efde<\/strong>: La directivit\u00e9 cardio\u00efde du microphone permet d'isoler efficacement la source sonore souhait\u00e9e tout en minimisant les bruits de fond et l'effet Larsen.<\/li>\n<li><strong>R\u00e9ponse en fr\u00e9quence \u00e9tendue<\/strong>: Avec une gamme de 70 Hz \u00e0 16 000 Hz, il offre une reproduction audio naturelle et intelligible.<\/li>\n<li><strong>Fonctionnement de l'alimentation fant\u00f4me<\/strong>: Le PRO 49QL fonctionne avec une alimentation fant\u00f4me de 9 \u00e0 52 V CC, ce qui le rend compatible avec divers \u00e9quipements audio professionnels.<\/li>\n<li><strong>Construction durable<\/strong>: Construit avec des mat\u00e9riaux robustes, il garantit une long\u00e9vit\u00e9 et des performances fiables dans des environnements exigeants.<\/li>\n<li><strong>\u00c9lectronique int\u00e9gr\u00e9e<\/strong>: L'\u00e9lectronique autonome \u00e9limine le besoin de modules d'alimentation externes, ce qui simplifie l'installation et r\u00e9duit l'encombrement.<\/li>\n<\/ul>\n<p><strong>Sp\u00e9cifications :<\/strong><\/p>\n<ul>\n<li><strong>\u00c9l\u00e9ment<\/strong>: Plaque arri\u00e8re \u00e0 charge fixe, condenseur \u00e0 polarisation permanente<\/li>\n<li><strong>Motif polaire<\/strong>: Cardio\u00efde<\/li>\n<li><strong>R\u00e9ponse en fr\u00e9quence<\/strong>70 - 16 000 Hz<\/li>\n<li><strong>Sensibilit\u00e9 en circuit ouvert<\/strong>-37 dB (14,1 mV) re 1V \u00e0 1 Pa<\/li>\n<li><strong>Niveau sonore d'entr\u00e9e maximum<\/strong>: 134 dB SPL, 1 kHz \u00e0 1% T.H.D.<\/li>\n<li><strong>Gamme dynamique<\/strong>: 106 dB, 1 kHz au niveau de pression acoustique maximal<\/li>\n<li><strong>Rapport signal\/bruit<\/strong>66 dB, 1 kHz \u00e0 1 Pa<\/li>\n<li><strong>Exigences en mati\u00e8re d'alimentation fant\u00f4me<\/strong>9-52V DC, 2 mA typiques<\/li>\n<li><strong>Poids<\/strong>: 80 g (2.8 oz)<\/li>\n<li><strong>Dimensions<\/strong>: Longueur : 418.0 mm (16.46\u2033), Diam\u00e8tre de la t\u00eate : 12.0 mm (0.47\u2033), Diam\u00e8tre de la base : 18.9 mm (0.74\u2033)<\/li>\n<li><strong>Connecteur de sortie<\/strong>: Type XLRM int\u00e9gr\u00e9 \u00e0 3 broches<\/li>\n<\/ul>\n<p>Le PRO 49QL d'Audio-Technica associe des performances audio de haute qualit\u00e9 \u00e0 des caract\u00e9ristiques de conception pratiques, ce qui en fait un excellent choix pour les professionnels \u00e0 la recherche d'un microphone \u00e0 col de cygne fiable pour diverses applications de prise de parole.<\/p>\n<p><strong>Louez le PRO 49QL d'Audio-Technica maintenant sur <a href=\"https:\/\/www.cinesouk.ma\/fr\">CINESOUK<\/a> - une marque de <a href=\"https:\/\/www.broadway.ma\/\">BROADWAY PRODUCTIONS SARL.<\/a><\/strong><\/p>","protected":false},"excerpt":{"rendered":"<h3>Sp\u00e9cifications :<\/h3>\n<ul>\n<li><strong>\u00c9l\u00e9ment<\/strong>: Plaque arri\u00e8re \u00e0 charge fixe, condenseur \u00e0 polarisation permanente<\/li>\n<li><strong>Motif polaire<\/strong>: Cardio\u00efde<\/li>\n<li><strong>R\u00e9ponse en fr\u00e9quence<\/strong>70 - 16 000 Hz<\/li>\n<li><strong>Sensibilit\u00e9 en circuit ouvert<\/strong>-37 dB (14,1 mV) re 1V \u00e0 1 Pa<\/li>\n<li><strong>Niveau sonore d'entr\u00e9e maximum<\/strong>: 134 dB SPL, 1 kHz \u00e0 1% T.H.D.<\/li>\n<li><strong>Gamme dynamique<\/strong>: 106 dB, 1 kHz au niveau de pression acoustique maximal<\/li>\n<li><strong>Rapport signal\/bruit<\/strong>66 dB, 1 kHz \u00e0 1 Pa<\/li>\n<li><strong>Exigences en mati\u00e8re d'alimentation fant\u00f4me<\/strong>9-52V DC, 2 mA typiques<\/li>\n<li><strong>Poids<\/strong>: 80 g (2.8 oz)<\/li>\n<li><strong>Dimensions<\/strong>: Longueur : 418.0 mm (16.46\u2033), Diam\u00e8tre de la t\u00eate : 12.0 mm (0.47\u2033), Diam\u00e8tre de la base : 18.9 mm (0.74\u2033)<\/li>\n<li><strong>Connecteur de sortie<\/strong>: Type XLRM int\u00e9gr\u00e9 \u00e0 3 broches<\/li>\n<\/ul>","protected":false},"featured_media":9185,"template":"","meta":{"om_disable_all_campaigns":false,"_monsterinsights_skip_tracking":false,"_monsterinsights_sitenote_active":false,"_monsterinsights_sitenote_note":"","_monsterinsights_sitenote_category":0,"_uf_show_specific_survey":0,"_uf_disable_surveys":false},"product_brand":[],"product_cat":[83,86,35],"product_tag":[],"class_list":{"0":"post-9174","1":"product","2":"type-product","3":"status-publish","4":"has-post-thumbnail","6":"product_cat-efp-eng-cinesouk","7":"product_cat-foh-cinesouk","8":"product_cat-sound-cinesouk","10":"entry","11":"has-media","13":"first","14":"instock","15":"taxable","16":"shipping-taxable","17":"purchasable","18":"product-type-variable","19":"has-product-nav","20":"col","21":"span_1_of_3","22":"owp-content-center","23":"owp-thumbs-layout-horizontal","24":"owp-btn-normal","25":"owp-tabs-layout-horizontal","26":"has-no-thumbnails"},"yoast_head":"<!-- This site is optimized with the Yoast SEO Premium plugin v26.0 (Yoast SEO v26.0) - https:\/\/yoast.com\/wordpress\/plugins\/seo\/ -->\n<title>Audio-Technica Pro 49 QL Gooseneck Microphone - CineSouk - For rent<\/title>\n<meta name=\"description\" content=\"Audio-Technica PRO 49QL: Professional gooseneck condenser microphone with cardioid pattern, 418mm length, wide frequency response, and durable design.\" \/>\n<meta name=\"robots\" content=\"index, follow, max-snippet:-1, max-image-preview:large, max-video-preview:-1\" \/>\n<link rel=\"canonical\" href=\"https:\/\/www.cinesouk.ma\/fr\/produit\/audio-technica-pro-49-ql-gooseneck-microphone\/\" \/>\n<meta property=\"og:locale\" content=\"fr_FR\" \/>\n<meta property=\"og:type\" content=\"article\" \/>\n<meta property=\"og:title\" content=\"Audio-Technica Pro 49 QL Gooseneck Microphone\" \/>\n<meta property=\"og:description\" content=\"Audio-Technica PRO 49QL: Professional gooseneck condenser microphone with cardioid pattern, 418mm length, wide frequency response, and durable design.\" \/>\n<meta property=\"og:url\" content=\"https:\/\/www.cinesouk.ma\/fr\/produit\/audio-technica-pro-49-ql-gooseneck-microphone\/\" \/>\n<meta property=\"og:site_name\" content=\"CineSouk\" \/>\n<meta property=\"article:modified_time\" content=\"2025-08-26T13:05:26+00:00\" \/>\n<meta property=\"og:image\" content=\"https:\/\/www.cinesouk.ma\/wp-content\/uploads\/2024\/11\/Audio-Technica-Pro-49-QL-Gooseneck-Microphone.jpg\" \/>\n\t<meta property=\"og:image:width\" content=\"300\" \/>\n\t<meta property=\"og:image:height\" content=\"238\" \/>\n\t<meta property=\"og:image:type\" content=\"image\/jpeg\" \/>\n<meta name=\"twitter:card\" content=\"summary_large_image\" \/>\n<meta name=\"twitter:description\" content=\"Audio-Technica PRO 49QL: Professional gooseneck condenser microphone with cardioid pattern, 418mm length, wide frequency response, and durable design.\" \/>\n<meta name=\"twitter:label1\" content=\"Dur\u00e9e de lecture estim\u00e9e\" \/>\n\t<meta name=\"twitter:data1\" content=\"2 minutes\" \/>\n<script type=\"application\/ld+json\" class=\"yoast-schema-graph\">{\"@context\":\"https:\/\/schema.org\",\"@graph\":[{\"@type\":\"WebPage\",\"@id\":\"https:\/\/www.cinesouk.ma\/product\/audio-technica-pro-49-ql-gooseneck-microphone\/\",\"url\":\"https:\/\/www.cinesouk.ma\/product\/audio-technica-pro-49-ql-gooseneck-microphone\/\",\"name\":\"Audio-Technica Pro 49 QL Gooseneck Microphone - CineSouk - For rent\",\"isPartOf\":{\"@id\":\"https:\/\/www.cinesouk.ma\/#website\"},\"primaryImageOfPage\":{\"@id\":\"https:\/\/www.cinesouk.ma\/product\/audio-technica-pro-49-ql-gooseneck-microphone\/#primaryimage\"},\"image\":{\"@id\":\"https:\/\/www.cinesouk.ma\/product\/audio-technica-pro-49-ql-gooseneck-microphone\/#primaryimage\"},\"thumbnailUrl\":\"https:\/\/www.cinesouk.ma\/wp-content\/uploads\/2024\/11\/Audio-Technica-Pro-49-QL-Gooseneck-Microphone.jpg\",\"datePublished\":\"2024-11-27T10:03:53+00:00\",\"dateModified\":\"2025-08-26T13:05:26+00:00\",\"description\":\"Audio-Technica PRO 49QL: Professional gooseneck condenser microphone with cardioid pattern, 418mm length, wide frequency response, and durable design.\",\"breadcrumb\":{\"@id\":\"https:\/\/www.cinesouk.ma\/product\/audio-technica-pro-49-ql-gooseneck-microphone\/#breadcrumb\"},\"inLanguage\":\"fr-FR\",\"potentialAction\":[{\"@type\":\"ReadAction\",\"target\":[\"https:\/\/www.cinesouk.ma\/product\/audio-technica-pro-49-ql-gooseneck-microphone\/\"]}]},{\"@type\":\"ImageObject\",\"inLanguage\":\"fr-FR\",\"@id\":\"https:\/\/www.cinesouk.ma\/product\/audio-technica-pro-49-ql-gooseneck-microphone\/#primaryimage\",\"url\":\"https:\/\/www.cinesouk.ma\/wp-content\/uploads\/2024\/11\/Audio-Technica-Pro-49-QL-Gooseneck-Microphone.jpg\",\"contentUrl\":\"https:\/\/www.cinesouk.ma\/wp-content\/uploads\/2024\/11\/Audio-Technica-Pro-49-QL-Gooseneck-Microphone.jpg\",\"width\":300,\"height\":238,\"caption\":\"Audio-Technica Pro 49 QL Gooseneck Microphone\"},{\"@type\":\"BreadcrumbList\",\"@id\":\"https:\/\/www.cinesouk.ma\/product\/audio-technica-pro-49-ql-gooseneck-microphone\/#breadcrumb\",\"itemListElement\":[{\"@type\":\"ListItem\",\"position\":1,\"name\":\"Home\",\"item\":\"https:\/\/www.cinesouk.ma\/\"},{\"@type\":\"ListItem\",\"position\":2,\"name\":\"Shop\",\"item\":\"https:\/\/www.cinesouk.ma\/shop\/\"},{\"@type\":\"ListItem\",\"position\":3,\"name\":\"Audio-Technica Pro 49 QL Gooseneck Microphone\"}]},{\"@type\":\"WebSite\",\"@id\":\"https:\/\/www.cinesouk.ma\/#website\",\"url\":\"https:\/\/www.cinesouk.ma\/\",\"name\":\"CineSouk\",\"description\":\"\",\"publisher\":{\"@id\":\"https:\/\/www.cinesouk.ma\/#organization\"},\"potentialAction\":[{\"@type\":\"SearchAction\",\"target\":{\"@type\":\"EntryPoint\",\"urlTemplate\":\"https:\/\/www.cinesouk.ma\/?s={search_term_string}\"},\"query-input\":{\"@type\":\"PropertyValueSpecification\",\"valueRequired\":true,\"valueName\":\"search_term_string\"}}],\"inLanguage\":\"fr-FR\"},{\"@type\":\"Organization\",\"@id\":\"https:\/\/www.cinesouk.ma\/#organization\",\"name\":\"CineSouk\",\"url\":\"https:\/\/www.cinesouk.ma\/\",\"logo\":{\"@type\":\"ImageObject\",\"inLanguage\":\"fr-FR\",\"@id\":\"https:\/\/www.cinesouk.ma\/#\/schema\/logo\/image\/\",\"url\":\"https:\/\/www.cinesouk.ma\/wp-content\/uploads\/2024\/01\/CineSouk-logo-v01-alpha-alligned-left.png\",\"contentUrl\":\"https:\/\/www.cinesouk.ma\/wp-content\/uploads\/2024\/01\/CineSouk-logo-v01-alpha-alligned-left.png\",\"width\":3204,\"height\":889,\"caption\":\"CineSouk\"},\"image\":{\"@id\":\"https:\/\/www.cinesouk.ma\/#\/schema\/logo\/image\/\"}}]}<\/script>\n<!-- \/ Yoast SEO Premium plugin. -->","yoast_head_json":{"title":"Audio-Technica Pro 49 QL Gooseneck Microphone - CineSouk - For rent","description":"Audio-Technica PRO 49QL: Professional gooseneck condenser microphone with cardioid pattern, 418mm length, wide frequency response, and durable design.","robots":{"index":"index","follow":"follow","max-snippet":"max-snippet:-1","max-image-preview":"max-image-preview:large","max-video-preview":"max-video-preview:-1"},"canonical":"https:\/\/www.cinesouk.ma\/fr\/produit\/audio-technica-pro-49-ql-gooseneck-microphone\/","og_locale":"fr_FR","og_type":"article","og_title":"Audio-Technica Pro 49 QL Gooseneck Microphone","og_description":"Audio-Technica PRO 49QL: Professional gooseneck condenser microphone with cardioid pattern, 418mm length, wide frequency response, and durable design.","og_url":"https:\/\/www.cinesouk.ma\/fr\/produit\/audio-technica-pro-49-ql-gooseneck-microphone\/","og_site_name":"CineSouk","article_modified_time":"2025-08-26T13:05:26+00:00","og_image":[{"width":300,"height":238,"url":"https:\/\/www.cinesouk.ma\/wp-content\/uploads\/2024\/11\/Audio-Technica-Pro-49-QL-Gooseneck-Microphone.jpg","type":"image\/jpeg"}],"twitter_card":"summary_large_image","twitter_description":"Audio-Technica PRO 49QL: Professional gooseneck condenser microphone with cardioid pattern, 418mm length, wide frequency response, and durable design.","twitter_misc":{"Dur\u00e9e de lecture estim\u00e9e":"2 minutes"},"schema":{"@context":"https:\/\/schema.org","@graph":[{"@type":"WebPage","@id":"https:\/\/www.cinesouk.ma\/product\/audio-technica-pro-49-ql-gooseneck-microphone\/","url":"https:\/\/www.cinesouk.ma\/product\/audio-technica-pro-49-ql-gooseneck-microphone\/","name":"Audio-Technica Pro 49 QL Gooseneck Microphone - CineSouk - For rent","isPartOf":{"@id":"https:\/\/www.cinesouk.ma\/#website"},"primaryImageOfPage":{"@id":"https:\/\/www.cinesouk.ma\/product\/audio-technica-pro-49-ql-gooseneck-microphone\/#primaryimage"},"image":{"@id":"https:\/\/www.cinesouk.ma\/product\/audio-technica-pro-49-ql-gooseneck-microphone\/#primaryimage"},"thumbnailUrl":"https:\/\/www.cinesouk.ma\/wp-content\/uploads\/2024\/11\/Audio-Technica-Pro-49-QL-Gooseneck-Microphone.jpg","datePublished":"2024-11-27T10:03:53+00:00","dateModified":"2025-08-26T13:05:26+00:00","description":"Audio-Technica PRO 49QL: Professional gooseneck condenser microphone with cardioid pattern, 418mm length, wide frequency response, and durable design.","breadcrumb":{"@id":"https:\/\/www.cinesouk.ma\/product\/audio-technica-pro-49-ql-gooseneck-microphone\/#breadcrumb"},"inLanguage":"fr-FR","potentialAction":[{"@type":"ReadAction","target":["https:\/\/www.cinesouk.ma\/product\/audio-technica-pro-49-ql-gooseneck-microphone\/"]}]},{"@type":"ImageObject","inLanguage":"fr-FR","@id":"https:\/\/www.cinesouk.ma\/product\/audio-technica-pro-49-ql-gooseneck-microphone\/#primaryimage","url":"https:\/\/www.cinesouk.ma\/wp-content\/uploads\/2024\/11\/Audio-Technica-Pro-49-QL-Gooseneck-Microphone.jpg","contentUrl":"https:\/\/www.cinesouk.ma\/wp-content\/uploads\/2024\/11\/Audio-Technica-Pro-49-QL-Gooseneck-Microphone.jpg","width":300,"height":238,"caption":"Audio-Technica Pro 49 QL Gooseneck Microphone"},{"@type":"BreadcrumbList","@id":"https:\/\/www.cinesouk.ma\/product\/audio-technica-pro-49-ql-gooseneck-microphone\/#breadcrumb","itemListElement":[{"@type":"ListItem","position":1,"name":"Home","item":"https:\/\/www.cinesouk.ma\/"},{"@type":"ListItem","position":2,"name":"Shop","item":"https:\/\/www.cinesouk.ma\/shop\/"},{"@type":"ListItem","position":3,"name":"Audio-Technica Pro 49 QL Gooseneck Microphone"}]},{"@type":"WebSite","@id":"https:\/\/www.cinesouk.ma\/#website","url":"https:\/\/www.cinesouk.ma\/","name":"CineSouk","description":"","publisher":{"@id":"https:\/\/www.cinesouk.ma\/#organization"},"potentialAction":[{"@type":"SearchAction","target":{"@type":"EntryPoint","urlTemplate":"https:\/\/www.cinesouk.ma\/?s={search_term_string}"},"query-input":{"@type":"PropertyValueSpecification","valueRequired":true,"valueName":"search_term_string"}}],"inLanguage":"fr-FR"},{"@type":"Organization","@id":"https:\/\/www.cinesouk.ma\/#organization","name":"CineSouk","url":"https:\/\/www.cinesouk.ma\/","logo":{"@type":"ImageObject","inLanguage":"fr-FR","@id":"https:\/\/www.cinesouk.ma\/#\/schema\/logo\/image\/","url":"https:\/\/www.cinesouk.ma\/wp-content\/uploads\/2024\/01\/CineSouk-logo-v01-alpha-alligned-left.png","contentUrl":"https:\/\/www.cinesouk.ma\/wp-content\/uploads\/2024\/01\/CineSouk-logo-v01-alpha-alligned-left.png","width":3204,"height":889,"caption":"CineSouk"},"image":{"@id":"https:\/\/www.cinesouk.ma\/#\/schema\/logo\/image\/"}}]}},"_links":{"self":[{"href":"https:\/\/www.cinesouk.ma\/fr\/wp-json\/wp\/v2\/product\/9174","targetHints":{"allow":["GET"]}}],"collection":[{"href":"https:\/\/www.cinesouk.ma\/fr\/wp-json\/wp\/v2\/product"}],"about":[{"href":"https:\/\/www.cinesouk.ma\/fr\/wp-json\/wp\/v2\/types\/product"}],"wp:featuredmedia":[{"embeddable":true,"href":"https:\/\/www.cinesouk.ma\/fr\/wp-json\/wp\/v2\/media\/9185"}],"wp:attachment":[{"href":"https:\/\/www.cinesouk.ma\/fr\/wp-json\/wp\/v2\/media?parent=9174"}],"wp:term":[{"taxonomy":"product_brand","embeddable":true,"href":"https:\/\/www.cinesouk.ma\/fr\/wp-json\/wp\/v2\/product_brand?post=9174"},{"taxonomy":"product_cat","embeddable":true,"href":"https:\/\/www.cinesouk.ma\/fr\/wp-json\/wp\/v2\/product_cat?post=9174"},{"taxonomy":"product_tag","embeddable":true,"href":"https:\/\/www.cinesouk.ma\/fr\/wp-json\/wp\/v2\/product_tag?post=9174"}],"curies":[{"name":"wp","href":"https:\/\/api.w.org\/{rel}","templated":true}]}}