{"id":9223,"date":"2024-11-27T11:36:16","date_gmt":"2024-11-27T11:36:16","guid":{"rendered":"https:\/\/www.cinesouk.ma\/?post_type=product&#038;p=9223"},"modified":"2025-08-22T10:42:21","modified_gmt":"2025-08-22T10:42:21","slug":"tiffen-4x4-nd2-0-filter","status":"publish","type":"product","link":"https:\/\/www.cinesouk.ma\/fr\/produit\/tiffen-4x4-nd2-0-filter\/","title":{"rendered":"Filtre Tiffen 4\u00d74\" ND2.0"},"content":{"rendered":"<p>Le filtre Tiffen 4\u00d74\" ND2.0 est un filtre de densit\u00e9 neutre de qualit\u00e9 professionnelle qui offre une r\u00e9duction de la lumi\u00e8re de 10 niveaux. Cette caract\u00e9ristique le rend id\u00e9al pour contr\u00f4ler l'exposition dans des conditions lumineuses tout en maintenant des r\u00e9sultats pr\u00e9cis et coh\u00e9rents dans n'importe quel contexte. Ce filtre est parfait pour les cin\u00e9astes et les photographes qui ont besoin d'un contr\u00f4le cr\u00e9atif sans alt\u00e9rer l'\u00e9quilibre des couleurs ou la qualit\u00e9 globale de l'image.<\/p>\n<p>Avec sa taille de 4\u00d74 pouces, le filtre ND2.0 de Tiffen s'adapte \u00e0 la plupart des bo\u00eetes de matte standard, assurant une int\u00e9gration transparente dans les configurations de cam\u00e9ras professionnelles. En outre, il permet aux utilisateurs d'obtenir des ouvertures plus larges pour une faible profondeur de champ ou des vitesses d'obturation plus lentes pour des effets de flou de mouvement, m\u00eame en plein jour.<\/p>\n<p>Fabriqu\u00e9 avec la c\u00e9l\u00e8bre technologie ColorCore de Tiffen, le filtre garantit une reproduction pr\u00e9cise des couleurs et une clart\u00e9 optique exceptionnelle. Sa construction durable le rend fiable aussi bien pour les environnements de studio contr\u00f4l\u00e9s que pour les tournages en ext\u00e9rieur. Cette polyvalence en fait un compl\u00e9ment essentiel \u00e0 la bo\u00eete \u00e0 outils de tout cin\u00e9aste ou photographe.<\/p>\n<p>Qu'il s'agisse de capturer des vid\u00e9os cin\u00e9matographiques ou de cr\u00e9er de superbes expositions longues, le ND2.0 de Tiffen permet d'obtenir des r\u00e9sultats de qualit\u00e9 professionnelle. De plus, sa capacit\u00e9 \u00e0 contr\u00f4ler la lumi\u00e8re sans compromettre la qualit\u00e9 de l'image le rend indispensable pour les projets exigeants. Pour ceux qui cherchent \u00e0 \u00e9lever leur travail, ce filtre offre la flexibilit\u00e9 cr\u00e9ative et la fiabilit\u00e9 n\u00e9cessaires dans diverses conditions de prise de vue.<\/p>\n<p>Louez-le maintenant sur <a href=\"https:\/\/www.cinesouk.ma\/fr\">CINESOUK<\/a> - une marque de <a href=\"https:\/\/www.broadway.ma\/\">BROADWAY PRODUCTIONS SARL.<\/a><\/p>","protected":false},"excerpt":{"rendered":"<p><strong>Sp\u00e9cifications :<\/strong><\/p>\n<div class=\"group\/conversation-turn relative flex w-full min-w-0 flex-col agent-turn\">\n<div class=\"flex-col gap-1 md:gap-3\">\n<div class=\"flex max-w-full flex-col flex-grow\">\n<div class=\"min-h-8 text-message flex w-full flex-col items-end gap-2 whitespace-normal break-words [.text-message+&amp;]:mt-5\" dir=\"auto\" data-message-author-role=\"assistant\" data-message-id=\"e18a99b3-cf7b-4ecd-bc21-990f899c3de7\" data-message-model-slug=\"gpt-4o\">\n<div class=\"flex w-full flex-col gap-1 empty:hidden first:pt-[3px]\">\n<div class=\"markdown prose w-full break-words dark:prose-invert light\">\n<ul>\n<li><strong>Taille :<\/strong> 4 x 4 pouces<\/li>\n<li><strong>R\u00e9duction de la lumi\u00e8re :<\/strong> 10 arr\u00eats (ND2.0)<\/li>\n<li><strong>Mat\u00e9riau :<\/strong> Verre optique de haute qualit\u00e9<\/li>\n<li><strong>Technologie :<\/strong> Tiffen ColorCore pour une pr\u00e9cision constante des couleurs<\/li>\n<li><strong>Compatibilit\u00e9 :<\/strong> Convient \u00e0 la plupart des syst\u00e8mes de bo\u00eetes mattes de 4 x 4 pouces<\/li>\n<li><strong>Applications :<\/strong> Production vid\u00e9o, photographie, expositions longues et effets cr\u00e9atifs<\/li>\n<\/ul>\n<\/div>\n<\/div>\n<\/div>\n<\/div>\n<\/div>\n<\/div>","protected":false},"featured_media":9929,"template":"","meta":{"om_disable_all_campaigns":false,"_monsterinsights_skip_tracking":false,"_monsterinsights_sitenote_active":false,"_monsterinsights_sitenote_note":"","_monsterinsights_sitenote_category":0,"_uf_show_specific_survey":0,"_uf_disable_surveys":false},"product_brand":[],"product_cat":[133,58],"product_tag":[],"class_list":{"0":"post-9223","1":"product","2":"type-product","3":"status-publish","4":"has-post-thumbnail","6":"product_cat-filters-eventsouk","7":"product_cat-filters-cinesouk","9":"entry","10":"has-media","12":"first","13":"instock","14":"taxable","15":"shipping-taxable","16":"purchasable","17":"product-type-variable","18":"has-product-nav","19":"col","20":"span_1_of_3","21":"owp-content-center","22":"owp-thumbs-layout-horizontal","23":"owp-btn-normal","24":"owp-tabs-layout-horizontal","25":"has-no-thumbnails"},"yoast_head":"<!-- This site is optimized with the Yoast SEO Premium plugin v26.0 (Yoast SEO v26.0) - https:\/\/yoast.com\/wordpress\/plugins\/seo\/ -->\n<title>Tiffen 4x4\u201d ND2.0 Filter - CineSouk - For rent<\/title>\n<meta name=\"description\" content=\"Tiffen 4x4\u201d ND2.0 Filter: Professional 10-stop neutral density filter for precise exposure control, perfect for video production and photography.\" \/>\n<meta name=\"robots\" content=\"index, follow, max-snippet:-1, max-image-preview:large, max-video-preview:-1\" \/>\n<link rel=\"canonical\" href=\"https:\/\/www.cinesouk.ma\/fr\/produit\/tiffen-4x4-nd2-0-filter\/\" \/>\n<meta property=\"og:locale\" content=\"fr_FR\" \/>\n<meta property=\"og:type\" content=\"article\" \/>\n<meta property=\"og:title\" content=\"Tiffen 4x4\u201d ND2.0 Filter\" \/>\n<meta property=\"og:description\" content=\"Tiffen 4x4\u201d ND2.0 Filter: Professional 10-stop neutral density filter for precise exposure control, perfect for video production and photography.\" \/>\n<meta property=\"og:url\" content=\"https:\/\/www.cinesouk.ma\/fr\/produit\/tiffen-4x4-nd2-0-filter\/\" \/>\n<meta property=\"og:site_name\" content=\"CineSouk\" \/>\n<meta property=\"article:modified_time\" content=\"2025-08-22T10:42:21+00:00\" \/>\n<meta property=\"og:image\" content=\"https:\/\/www.cinesouk.ma\/wp-content\/uploads\/2024\/11\/Tiffen-4\u00d74-ND2.0-Filter.jpg\" \/>\n\t<meta property=\"og:image:width\" content=\"300\" \/>\n\t<meta property=\"og:image:height\" content=\"238\" \/>\n\t<meta property=\"og:image:type\" content=\"image\/jpeg\" \/>\n<meta name=\"twitter:card\" content=\"summary_large_image\" \/>\n<meta name=\"twitter:description\" content=\"Tiffen 4x4\u201d ND2.0 Filter: Professional 10-stop neutral density filter for precise exposure control, perfect for video production and photography.\" \/>\n<meta name=\"twitter:label1\" content=\"Dur\u00e9e de lecture estim\u00e9e\" \/>\n\t<meta name=\"twitter:data1\" content=\"2 minutes\" \/>\n<script type=\"application\/ld+json\" class=\"yoast-schema-graph\">{\"@context\":\"https:\/\/schema.org\",\"@graph\":[{\"@type\":\"WebPage\",\"@id\":\"https:\/\/www.cinesouk.ma\/product\/tiffen-4x4-nd2-0-filter\/\",\"url\":\"https:\/\/www.cinesouk.ma\/product\/tiffen-4x4-nd2-0-filter\/\",\"name\":\"Tiffen 4x4\u201d ND2.0 Filter - CineSouk - For rent\",\"isPartOf\":{\"@id\":\"https:\/\/www.cinesouk.ma\/#website\"},\"primaryImageOfPage\":{\"@id\":\"https:\/\/www.cinesouk.ma\/product\/tiffen-4x4-nd2-0-filter\/#primaryimage\"},\"image\":{\"@id\":\"https:\/\/www.cinesouk.ma\/product\/tiffen-4x4-nd2-0-filter\/#primaryimage\"},\"thumbnailUrl\":\"https:\/\/www.cinesouk.ma\/wp-content\/uploads\/2024\/11\/Tiffen-4\u00d74-ND2.0-Filter.jpg\",\"datePublished\":\"2024-11-27T11:36:16+00:00\",\"dateModified\":\"2025-08-22T10:42:21+00:00\",\"description\":\"Tiffen 4x4\u201d ND2.0 Filter: Professional 10-stop neutral density filter for precise exposure control, perfect for video production and photography.\",\"breadcrumb\":{\"@id\":\"https:\/\/www.cinesouk.ma\/product\/tiffen-4x4-nd2-0-filter\/#breadcrumb\"},\"inLanguage\":\"fr-FR\",\"potentialAction\":[{\"@type\":\"ReadAction\",\"target\":[\"https:\/\/www.cinesouk.ma\/product\/tiffen-4x4-nd2-0-filter\/\"]}]},{\"@type\":\"ImageObject\",\"inLanguage\":\"fr-FR\",\"@id\":\"https:\/\/www.cinesouk.ma\/product\/tiffen-4x4-nd2-0-filter\/#primaryimage\",\"url\":\"https:\/\/www.cinesouk.ma\/wp-content\/uploads\/2024\/11\/Tiffen-4\u00d74-ND2.0-Filter.jpg\",\"contentUrl\":\"https:\/\/www.cinesouk.ma\/wp-content\/uploads\/2024\/11\/Tiffen-4\u00d74-ND2.0-Filter.jpg\",\"width\":300,\"height\":238},{\"@type\":\"BreadcrumbList\",\"@id\":\"https:\/\/www.cinesouk.ma\/product\/tiffen-4x4-nd2-0-filter\/#breadcrumb\",\"itemListElement\":[{\"@type\":\"ListItem\",\"position\":1,\"name\":\"Home\",\"item\":\"https:\/\/www.cinesouk.ma\/\"},{\"@type\":\"ListItem\",\"position\":2,\"name\":\"Shop\",\"item\":\"https:\/\/www.cinesouk.ma\/shop\/\"},{\"@type\":\"ListItem\",\"position\":3,\"name\":\"Tiffen 4&#215;4\u201d ND2.0 Filter\"}]},{\"@type\":\"WebSite\",\"@id\":\"https:\/\/www.cinesouk.ma\/#website\",\"url\":\"https:\/\/www.cinesouk.ma\/\",\"name\":\"CineSouk\",\"description\":\"\",\"publisher\":{\"@id\":\"https:\/\/www.cinesouk.ma\/#organization\"},\"potentialAction\":[{\"@type\":\"SearchAction\",\"target\":{\"@type\":\"EntryPoint\",\"urlTemplate\":\"https:\/\/www.cinesouk.ma\/?s={search_term_string}\"},\"query-input\":{\"@type\":\"PropertyValueSpecification\",\"valueRequired\":true,\"valueName\":\"search_term_string\"}}],\"inLanguage\":\"fr-FR\"},{\"@type\":\"Organization\",\"@id\":\"https:\/\/www.cinesouk.ma\/#organization\",\"name\":\"CineSouk\",\"url\":\"https:\/\/www.cinesouk.ma\/\",\"logo\":{\"@type\":\"ImageObject\",\"inLanguage\":\"fr-FR\",\"@id\":\"https:\/\/www.cinesouk.ma\/#\/schema\/logo\/image\/\",\"url\":\"https:\/\/www.cinesouk.ma\/wp-content\/uploads\/2024\/01\/CineSouk-logo-v01-alpha-alligned-left.png\",\"contentUrl\":\"https:\/\/www.cinesouk.ma\/wp-content\/uploads\/2024\/01\/CineSouk-logo-v01-alpha-alligned-left.png\",\"width\":3204,\"height\":889,\"caption\":\"CineSouk\"},\"image\":{\"@id\":\"https:\/\/www.cinesouk.ma\/#\/schema\/logo\/image\/\"}}]}<\/script>\n<!-- \/ Yoast SEO Premium plugin. -->","yoast_head_json":{"title":"Tiffen 4x4\u201d ND2.0 Filter - CineSouk - For rent","description":"Tiffen 4x4\u201d ND2.0 Filter: Professional 10-stop neutral density filter for precise exposure control, perfect for video production and photography.","robots":{"index":"index","follow":"follow","max-snippet":"max-snippet:-1","max-image-preview":"max-image-preview:large","max-video-preview":"max-video-preview:-1"},"canonical":"https:\/\/www.cinesouk.ma\/fr\/produit\/tiffen-4x4-nd2-0-filter\/","og_locale":"fr_FR","og_type":"article","og_title":"Tiffen 4x4\u201d ND2.0 Filter","og_description":"Tiffen 4x4\u201d ND2.0 Filter: Professional 10-stop neutral density filter for precise exposure control, perfect for video production and photography.","og_url":"https:\/\/www.cinesouk.ma\/fr\/produit\/tiffen-4x4-nd2-0-filter\/","og_site_name":"CineSouk","article_modified_time":"2025-08-22T10:42:21+00:00","og_image":[{"width":300,"height":238,"url":"https:\/\/www.cinesouk.ma\/wp-content\/uploads\/2024\/11\/Tiffen-4\u00d74-ND2.0-Filter.jpg","type":"image\/jpeg"}],"twitter_card":"summary_large_image","twitter_description":"Tiffen 4x4\u201d ND2.0 Filter: Professional 10-stop neutral density filter for precise exposure control, perfect for video production and photography.","twitter_misc":{"Dur\u00e9e de lecture estim\u00e9e":"2 minutes"},"schema":{"@context":"https:\/\/schema.org","@graph":[{"@type":"WebPage","@id":"https:\/\/www.cinesouk.ma\/product\/tiffen-4x4-nd2-0-filter\/","url":"https:\/\/www.cinesouk.ma\/product\/tiffen-4x4-nd2-0-filter\/","name":"Tiffen 4x4\u201d ND2.0 Filter - CineSouk - For rent","isPartOf":{"@id":"https:\/\/www.cinesouk.ma\/#website"},"primaryImageOfPage":{"@id":"https:\/\/www.cinesouk.ma\/product\/tiffen-4x4-nd2-0-filter\/#primaryimage"},"image":{"@id":"https:\/\/www.cinesouk.ma\/product\/tiffen-4x4-nd2-0-filter\/#primaryimage"},"thumbnailUrl":"https:\/\/www.cinesouk.ma\/wp-content\/uploads\/2024\/11\/Tiffen-4\u00d74-ND2.0-Filter.jpg","datePublished":"2024-11-27T11:36:16+00:00","dateModified":"2025-08-22T10:42:21+00:00","description":"Tiffen 4x4\u201d ND2.0 Filter: Professional 10-stop neutral density filter for precise exposure control, perfect for video production and photography.","breadcrumb":{"@id":"https:\/\/www.cinesouk.ma\/product\/tiffen-4x4-nd2-0-filter\/#breadcrumb"},"inLanguage":"fr-FR","potentialAction":[{"@type":"ReadAction","target":["https:\/\/www.cinesouk.ma\/product\/tiffen-4x4-nd2-0-filter\/"]}]},{"@type":"ImageObject","inLanguage":"fr-FR","@id":"https:\/\/www.cinesouk.ma\/product\/tiffen-4x4-nd2-0-filter\/#primaryimage","url":"https:\/\/www.cinesouk.ma\/wp-content\/uploads\/2024\/11\/Tiffen-4\u00d74-ND2.0-Filter.jpg","contentUrl":"https:\/\/www.cinesouk.ma\/wp-content\/uploads\/2024\/11\/Tiffen-4\u00d74-ND2.0-Filter.jpg","width":300,"height":238},{"@type":"BreadcrumbList","@id":"https:\/\/www.cinesouk.ma\/product\/tiffen-4x4-nd2-0-filter\/#breadcrumb","itemListElement":[{"@type":"ListItem","position":1,"name":"Home","item":"https:\/\/www.cinesouk.ma\/"},{"@type":"ListItem","position":2,"name":"Shop","item":"https:\/\/www.cinesouk.ma\/shop\/"},{"@type":"ListItem","position":3,"name":"Tiffen 4&#215;4\u201d ND2.0 Filter"}]},{"@type":"WebSite","@id":"https:\/\/www.cinesouk.ma\/#website","url":"https:\/\/www.cinesouk.ma\/","name":"CineSouk","description":"","publisher":{"@id":"https:\/\/www.cinesouk.ma\/#organization"},"potentialAction":[{"@type":"SearchAction","target":{"@type":"EntryPoint","urlTemplate":"https:\/\/www.cinesouk.ma\/?s={search_term_string}"},"query-input":{"@type":"PropertyValueSpecification","valueRequired":true,"valueName":"search_term_string"}}],"inLanguage":"fr-FR"},{"@type":"Organization","@id":"https:\/\/www.cinesouk.ma\/#organization","name":"CineSouk","url":"https:\/\/www.cinesouk.ma\/","logo":{"@type":"ImageObject","inLanguage":"fr-FR","@id":"https:\/\/www.cinesouk.ma\/#\/schema\/logo\/image\/","url":"https:\/\/www.cinesouk.ma\/wp-content\/uploads\/2024\/01\/CineSouk-logo-v01-alpha-alligned-left.png","contentUrl":"https:\/\/www.cinesouk.ma\/wp-content\/uploads\/2024\/01\/CineSouk-logo-v01-alpha-alligned-left.png","width":3204,"height":889,"caption":"CineSouk"},"image":{"@id":"https:\/\/www.cinesouk.ma\/#\/schema\/logo\/image\/"}}]}},"_links":{"self":[{"href":"https:\/\/www.cinesouk.ma\/fr\/wp-json\/wp\/v2\/product\/9223","targetHints":{"allow":["GET"]}}],"collection":[{"href":"https:\/\/www.cinesouk.ma\/fr\/wp-json\/wp\/v2\/product"}],"about":[{"href":"https:\/\/www.cinesouk.ma\/fr\/wp-json\/wp\/v2\/types\/product"}],"wp:featuredmedia":[{"embeddable":true,"href":"https:\/\/www.cinesouk.ma\/fr\/wp-json\/wp\/v2\/media\/9929"}],"wp:attachment":[{"href":"https:\/\/www.cinesouk.ma\/fr\/wp-json\/wp\/v2\/media?parent=9223"}],"wp:term":[{"taxonomy":"product_brand","embeddable":true,"href":"https:\/\/www.cinesouk.ma\/fr\/wp-json\/wp\/v2\/product_brand?post=9223"},{"taxonomy":"product_cat","embeddable":true,"href":"https:\/\/www.cinesouk.ma\/fr\/wp-json\/wp\/v2\/product_cat?post=9223"},{"taxonomy":"product_tag","embeddable":true,"href":"https:\/\/www.cinesouk.ma\/fr\/wp-json\/wp\/v2\/product_tag?post=9223"}],"curies":[{"name":"wp","href":"https:\/\/api.w.org\/{rel}","templated":true}]}}