{"id":9235,"date":"2024-11-27T11:45:11","date_gmt":"2024-11-27T11:45:11","guid":{"rendered":"https:\/\/www.cinesouk.ma\/?post_type=product&#038;p=9235"},"modified":"2025-08-22T10:42:20","modified_gmt":"2025-08-22T10:42:20","slug":"tiffen-4x4-nd1-2-filter","status":"publish","type":"product","link":"https:\/\/www.cinesouk.ma\/fr\/produit\/tiffen-4x4-nd1-2-filter\/","title":{"rendered":"Filtre Tiffen 4\u00d74\" ND1.2"},"content":{"rendered":"<div class=\"flex-shrink-0 flex flex-col relative items-end\">\n<div>\n<div class=\"pt-0\">\n<div class=\"gizmo-bot-avatar flex h-8 w-8 items-center justify-center overflow-hidden rounded-full\">\n<div class=\"relative p-1 rounded-sm flex items-center justify-center bg-token-main-surface-primary text-token-text-primary h-8 w-8\">Le filtre Tiffen 4\u00d74\" ND1.2 est un outil polyvalent pour les cin\u00e9astes et les photographes qui ont besoin d'un contr\u00f4le pr\u00e9cis de la lumi\u00e8re. Ce filtre de densit\u00e9 neutre de qualit\u00e9 professionnelle r\u00e9duit la lumi\u00e8re de 4 diaphragmes, ce qui permet des ajustements cr\u00e9atifs dans diverses conditions d'\u00e9clairage. Il aide \u00e0 obtenir une exposition correcte tout en permettant l'utilisation de grandes ouvertures ou de vitesses d'obturation lentes.<\/div>\n<\/div>\n<\/div>\n<\/div>\n<\/div>\n<div class=\"group\/conversation-turn relative flex w-full min-w-0 flex-col agent-turn\">\n<div class=\"flex-col gap-1 md:gap-3\">\n<div class=\"flex max-w-full flex-col flex-grow\">\n<div class=\"min-h-8 text-message flex w-full flex-col items-end gap-2 whitespace-normal break-words [.text-message+&amp;]:mt-5\" dir=\"auto\" data-message-author-role=\"assistant\" data-message-id=\"33ef36e6-691e-47c1-8806-ebf7c18edca5\" data-message-model-slug=\"gpt-4o\">\n<div class=\"flex w-full flex-col gap-1 empty:hidden first:pt-[3px]\">\n<div class=\"markdown prose w-full break-words dark:prose-invert light\">\n<p>Gr\u00e2ce \u00e0 la c\u00e9l\u00e8bre technologie ColorCore de Tiffen, le filtre garantit une fid\u00e9lit\u00e9 des couleurs constante et une clart\u00e9 optique exceptionnelle pour tous les projets. Cette construction avanc\u00e9e garantit des performances fiables en studio et en ext\u00e9rieur. Sa conception robuste r\u00e9siste aux exigences de la prise de vue professionnelle, ce qui le rend adapt\u00e9 \u00e0 diverses configurations.<\/p>\n<p>Le format 4\u00d74 pouces s'adapte parfaitement \u00e0 la plupart des bo\u00eetes de matte professionnelles, garantissant ainsi la compatibilit\u00e9 avec l'\u00e9quipement standard. Cette commodit\u00e9 en fait un compl\u00e9ment pratique \u00e0 la bo\u00eete \u00e0 outils de tout cin\u00e9aste ou photographe. La capacit\u00e9 du filtre \u00e0 r\u00e9duire la lumi\u00e8re sans alt\u00e9rer la balance des couleurs am\u00e9liore le contr\u00f4le cr\u00e9atif de l'exposition.<\/p>\n<p>Le filtre ND1.2 permet aux utilisateurs d'ajuster la profondeur de champ pour obtenir des effets artistiques ou isoler un sujet avec pr\u00e9cision. Il est id\u00e9al pour les vid\u00e9os cin\u00e9matographiques, la photographie \u00e0 longue exposition et la r\u00e9duction des hautes lumi\u00e8res dans des conditions d'\u00e9clairage difficiles. Qu'il s'agisse de prendre des photos en plein soleil ou dans des environnements int\u00e9rieurs contr\u00f4l\u00e9s, ce filtre donne des r\u00e9sultats coh\u00e9rents.<\/p>\n<p>La r\u00e9duction de la lumi\u00e8re de quatre niveaux permet de g\u00e9rer efficacement les hautes lumi\u00e8res et d'\u00e9viter la surexposition dans les sc\u00e9narios \u00e0 fort contraste. Les propri\u00e9t\u00e9s de densit\u00e9 neutre pr\u00e9servent l'aspect naturel des couleurs tout en permettant des ajustements cr\u00e9atifs de l'exposition. Cet \u00e9quilibre le rend parfait pour obtenir un flou de mouvement ou une mise au point nette dans n'importe quelle sc\u00e8ne.<\/p>\n<\/div>\n<\/div>\n<\/div>\n<\/div>\n<\/div>\n<\/div>\n<p>Louez-le maintenant sur <a href=\"https:\/\/www.cinesouk.ma\/fr\">CINESOUK<\/a> - une marque de <a href=\"https:\/\/www.broadway.ma\/\">BROADWAY PRODUCTIONS SARL.<\/a><\/p>\n<p>&nbsp;<\/p>","protected":false},"excerpt":{"rendered":"<p><strong>Sp\u00e9cifications :<\/strong><\/p>\n<ul>\n<li><strong>Taille :<\/strong> 4 x 4 pouces<\/li>\n<li><strong>R\u00e9duction de la lumi\u00e8re :<\/strong> 4 arr\u00eats (ND1.2)<\/li>\n<li><strong>Mat\u00e9riau :<\/strong> Verre optique de haute qualit\u00e9<\/li>\n<li><strong>Technologie :<\/strong> Tiffen ColorCore pour la pr\u00e9cision et la clart\u00e9 des couleurs<\/li>\n<li><strong>Compatibilit\u00e9 :<\/strong> Convient \u00e0 la plupart des syst\u00e8mes de bo\u00eetes mattes de 4 x 4 pouces<\/li>\n<li><strong>Applications :<\/strong> Production vid\u00e9o, photographie \u00e0 longue exposition et effets cr\u00e9atifs<\/li>\n<\/ul>\n<div class=\"group\/conversation-turn relative flex w-full min-w-0 flex-col agent-turn\">\n<div class=\"flex-col gap-1 md:gap-3\">\n<div class=\"flex max-w-full flex-col flex-grow\">\n<div class=\"min-h-8 text-message flex w-full flex-col items-end gap-2 whitespace-normal break-words [.text-message+&amp;]:mt-5\" dir=\"auto\" data-message-author-role=\"assistant\" data-message-id=\"e18a99b3-cf7b-4ecd-bc21-990f899c3de7\" data-message-model-slug=\"gpt-4o\">\n<div class=\"flex w-full flex-col gap-1 empty:hidden first:pt-[3px]\">\n<div class=\"markdown prose w-full break-words dark:prose-invert light\"><\/div>\n<\/div>\n<\/div>\n<\/div>\n<\/div>\n<\/div>","protected":false},"featured_media":9924,"template":"","meta":{"om_disable_all_campaigns":false,"_monsterinsights_skip_tracking":false,"_monsterinsights_sitenote_active":false,"_monsterinsights_sitenote_note":"","_monsterinsights_sitenote_category":0,"_uf_show_specific_survey":0,"_uf_disable_surveys":false},"product_brand":[],"product_cat":[133,58],"product_tag":[],"class_list":{"0":"post-9235","1":"product","2":"type-product","3":"status-publish","4":"has-post-thumbnail","6":"product_cat-filters-eventsouk","7":"product_cat-filters-cinesouk","9":"entry","10":"has-media","12":"first","13":"instock","14":"taxable","15":"shipping-taxable","16":"purchasable","17":"product-type-variable","18":"has-product-nav","19":"col","20":"span_1_of_3","21":"owp-content-center","22":"owp-thumbs-layout-horizontal","23":"owp-btn-normal","24":"owp-tabs-layout-horizontal","25":"has-no-thumbnails"},"yoast_head":"<!-- This site is optimized with the Yoast SEO Premium plugin v26.0 (Yoast SEO v26.0) - https:\/\/yoast.com\/wordpress\/plugins\/seo\/ -->\n<title>Tiffen 4x4\u201d ND1.2 Filter - CineSouk - For rent<\/title>\n<meta name=\"description\" content=\"Tiffen 4x4\u201d ND1.2 Filter: Professional 4-stop neutral density filter for precise exposure control, ideal for photography and video production.\" \/>\n<meta name=\"robots\" content=\"index, follow, max-snippet:-1, max-image-preview:large, max-video-preview:-1\" \/>\n<link rel=\"canonical\" href=\"https:\/\/www.cinesouk.ma\/fr\/produit\/tiffen-4x4-nd1-2-filter\/\" \/>\n<meta property=\"og:locale\" content=\"fr_FR\" \/>\n<meta property=\"og:type\" content=\"article\" \/>\n<meta property=\"og:title\" content=\"Tiffen 4x4\u201d ND1.2 Filter\" \/>\n<meta property=\"og:description\" content=\"Tiffen 4x4\u201d ND1.2 Filter: Professional 4-stop neutral density filter for precise exposure control, ideal for photography and video production.\" \/>\n<meta property=\"og:url\" content=\"https:\/\/www.cinesouk.ma\/fr\/produit\/tiffen-4x4-nd1-2-filter\/\" \/>\n<meta property=\"og:site_name\" content=\"CineSouk\" \/>\n<meta property=\"article:modified_time\" content=\"2025-08-22T10:42:20+00:00\" \/>\n<meta property=\"og:image\" content=\"https:\/\/www.cinesouk.ma\/wp-content\/uploads\/2024\/12\/Tiffen-4\u00d74-ND1.2-Filter.jpg\" \/>\n\t<meta property=\"og:image:width\" content=\"300\" \/>\n\t<meta property=\"og:image:height\" content=\"238\" \/>\n\t<meta property=\"og:image:type\" content=\"image\/jpeg\" \/>\n<meta name=\"twitter:card\" content=\"summary_large_image\" \/>\n<meta name=\"twitter:description\" content=\"Tiffen 4x4\u201d ND1.2 Filter: Professional 4-stop neutral density filter for precise exposure control, ideal for photography and video production.\" \/>\n<meta name=\"twitter:label1\" content=\"Dur\u00e9e de lecture estim\u00e9e\" \/>\n\t<meta name=\"twitter:data1\" content=\"2 minutes\" \/>\n<script type=\"application\/ld+json\" class=\"yoast-schema-graph\">{\"@context\":\"https:\/\/schema.org\",\"@graph\":[{\"@type\":\"WebPage\",\"@id\":\"https:\/\/www.cinesouk.ma\/product\/tiffen-4x4-nd1-2-filter\/\",\"url\":\"https:\/\/www.cinesouk.ma\/product\/tiffen-4x4-nd1-2-filter\/\",\"name\":\"Tiffen 4x4\u201d ND1.2 Filter - CineSouk - For rent\",\"isPartOf\":{\"@id\":\"https:\/\/www.cinesouk.ma\/#website\"},\"primaryImageOfPage\":{\"@id\":\"https:\/\/www.cinesouk.ma\/product\/tiffen-4x4-nd1-2-filter\/#primaryimage\"},\"image\":{\"@id\":\"https:\/\/www.cinesouk.ma\/product\/tiffen-4x4-nd1-2-filter\/#primaryimage\"},\"thumbnailUrl\":\"https:\/\/www.cinesouk.ma\/wp-content\/uploads\/2024\/12\/Tiffen-4\u00d74-ND1.2-Filter.jpg\",\"datePublished\":\"2024-11-27T11:45:11+00:00\",\"dateModified\":\"2025-08-22T10:42:20+00:00\",\"description\":\"Tiffen 4x4\u201d ND1.2 Filter: Professional 4-stop neutral density filter for precise exposure control, ideal for photography and video production.\",\"breadcrumb\":{\"@id\":\"https:\/\/www.cinesouk.ma\/product\/tiffen-4x4-nd1-2-filter\/#breadcrumb\"},\"inLanguage\":\"fr-FR\",\"potentialAction\":[{\"@type\":\"ReadAction\",\"target\":[\"https:\/\/www.cinesouk.ma\/product\/tiffen-4x4-nd1-2-filter\/\"]}]},{\"@type\":\"ImageObject\",\"inLanguage\":\"fr-FR\",\"@id\":\"https:\/\/www.cinesouk.ma\/product\/tiffen-4x4-nd1-2-filter\/#primaryimage\",\"url\":\"https:\/\/www.cinesouk.ma\/wp-content\/uploads\/2024\/12\/Tiffen-4\u00d74-ND1.2-Filter.jpg\",\"contentUrl\":\"https:\/\/www.cinesouk.ma\/wp-content\/uploads\/2024\/12\/Tiffen-4\u00d74-ND1.2-Filter.jpg\",\"width\":300,\"height\":238,\"caption\":\"Tiffen 4 x 4\u201d Polarizer Filter\"},{\"@type\":\"BreadcrumbList\",\"@id\":\"https:\/\/www.cinesouk.ma\/product\/tiffen-4x4-nd1-2-filter\/#breadcrumb\",\"itemListElement\":[{\"@type\":\"ListItem\",\"position\":1,\"name\":\"Home\",\"item\":\"https:\/\/www.cinesouk.ma\/\"},{\"@type\":\"ListItem\",\"position\":2,\"name\":\"Shop\",\"item\":\"https:\/\/www.cinesouk.ma\/shop\/\"},{\"@type\":\"ListItem\",\"position\":3,\"name\":\"Tiffen 4&#215;4\u201d ND1.2 Filter\"}]},{\"@type\":\"WebSite\",\"@id\":\"https:\/\/www.cinesouk.ma\/#website\",\"url\":\"https:\/\/www.cinesouk.ma\/\",\"name\":\"CineSouk\",\"description\":\"\",\"publisher\":{\"@id\":\"https:\/\/www.cinesouk.ma\/#organization\"},\"potentialAction\":[{\"@type\":\"SearchAction\",\"target\":{\"@type\":\"EntryPoint\",\"urlTemplate\":\"https:\/\/www.cinesouk.ma\/?s={search_term_string}\"},\"query-input\":{\"@type\":\"PropertyValueSpecification\",\"valueRequired\":true,\"valueName\":\"search_term_string\"}}],\"inLanguage\":\"fr-FR\"},{\"@type\":\"Organization\",\"@id\":\"https:\/\/www.cinesouk.ma\/#organization\",\"name\":\"CineSouk\",\"url\":\"https:\/\/www.cinesouk.ma\/\",\"logo\":{\"@type\":\"ImageObject\",\"inLanguage\":\"fr-FR\",\"@id\":\"https:\/\/www.cinesouk.ma\/#\/schema\/logo\/image\/\",\"url\":\"https:\/\/www.cinesouk.ma\/wp-content\/uploads\/2024\/01\/CineSouk-logo-v01-alpha-alligned-left.png\",\"contentUrl\":\"https:\/\/www.cinesouk.ma\/wp-content\/uploads\/2024\/01\/CineSouk-logo-v01-alpha-alligned-left.png\",\"width\":3204,\"height\":889,\"caption\":\"CineSouk\"},\"image\":{\"@id\":\"https:\/\/www.cinesouk.ma\/#\/schema\/logo\/image\/\"}}]}<\/script>\n<!-- \/ Yoast SEO Premium plugin. -->","yoast_head_json":{"title":"Tiffen 4x4\u201d ND1.2 Filter - CineSouk - For rent","description":"Tiffen 4x4\u201d ND1.2 Filter: Professional 4-stop neutral density filter for precise exposure control, ideal for photography and video production.","robots":{"index":"index","follow":"follow","max-snippet":"max-snippet:-1","max-image-preview":"max-image-preview:large","max-video-preview":"max-video-preview:-1"},"canonical":"https:\/\/www.cinesouk.ma\/fr\/produit\/tiffen-4x4-nd1-2-filter\/","og_locale":"fr_FR","og_type":"article","og_title":"Tiffen 4x4\u201d ND1.2 Filter","og_description":"Tiffen 4x4\u201d ND1.2 Filter: Professional 4-stop neutral density filter for precise exposure control, ideal for photography and video production.","og_url":"https:\/\/www.cinesouk.ma\/fr\/produit\/tiffen-4x4-nd1-2-filter\/","og_site_name":"CineSouk","article_modified_time":"2025-08-22T10:42:20+00:00","og_image":[{"width":300,"height":238,"url":"https:\/\/www.cinesouk.ma\/wp-content\/uploads\/2024\/12\/Tiffen-4\u00d74-ND1.2-Filter.jpg","type":"image\/jpeg"}],"twitter_card":"summary_large_image","twitter_description":"Tiffen 4x4\u201d ND1.2 Filter: Professional 4-stop neutral density filter for precise exposure control, ideal for photography and video production.","twitter_misc":{"Dur\u00e9e de lecture estim\u00e9e":"2 minutes"},"schema":{"@context":"https:\/\/schema.org","@graph":[{"@type":"WebPage","@id":"https:\/\/www.cinesouk.ma\/product\/tiffen-4x4-nd1-2-filter\/","url":"https:\/\/www.cinesouk.ma\/product\/tiffen-4x4-nd1-2-filter\/","name":"Tiffen 4x4\u201d ND1.2 Filter - CineSouk - For rent","isPartOf":{"@id":"https:\/\/www.cinesouk.ma\/#website"},"primaryImageOfPage":{"@id":"https:\/\/www.cinesouk.ma\/product\/tiffen-4x4-nd1-2-filter\/#primaryimage"},"image":{"@id":"https:\/\/www.cinesouk.ma\/product\/tiffen-4x4-nd1-2-filter\/#primaryimage"},"thumbnailUrl":"https:\/\/www.cinesouk.ma\/wp-content\/uploads\/2024\/12\/Tiffen-4\u00d74-ND1.2-Filter.jpg","datePublished":"2024-11-27T11:45:11+00:00","dateModified":"2025-08-22T10:42:20+00:00","description":"Tiffen 4x4\u201d ND1.2 Filter: Professional 4-stop neutral density filter for precise exposure control, ideal for photography and video production.","breadcrumb":{"@id":"https:\/\/www.cinesouk.ma\/product\/tiffen-4x4-nd1-2-filter\/#breadcrumb"},"inLanguage":"fr-FR","potentialAction":[{"@type":"ReadAction","target":["https:\/\/www.cinesouk.ma\/product\/tiffen-4x4-nd1-2-filter\/"]}]},{"@type":"ImageObject","inLanguage":"fr-FR","@id":"https:\/\/www.cinesouk.ma\/product\/tiffen-4x4-nd1-2-filter\/#primaryimage","url":"https:\/\/www.cinesouk.ma\/wp-content\/uploads\/2024\/12\/Tiffen-4\u00d74-ND1.2-Filter.jpg","contentUrl":"https:\/\/www.cinesouk.ma\/wp-content\/uploads\/2024\/12\/Tiffen-4\u00d74-ND1.2-Filter.jpg","width":300,"height":238,"caption":"Tiffen 4 x 4\u201d Polarizer Filter"},{"@type":"BreadcrumbList","@id":"https:\/\/www.cinesouk.ma\/product\/tiffen-4x4-nd1-2-filter\/#breadcrumb","itemListElement":[{"@type":"ListItem","position":1,"name":"Home","item":"https:\/\/www.cinesouk.ma\/"},{"@type":"ListItem","position":2,"name":"Shop","item":"https:\/\/www.cinesouk.ma\/shop\/"},{"@type":"ListItem","position":3,"name":"Tiffen 4&#215;4\u201d ND1.2 Filter"}]},{"@type":"WebSite","@id":"https:\/\/www.cinesouk.ma\/#website","url":"https:\/\/www.cinesouk.ma\/","name":"CineSouk","description":"","publisher":{"@id":"https:\/\/www.cinesouk.ma\/#organization"},"potentialAction":[{"@type":"SearchAction","target":{"@type":"EntryPoint","urlTemplate":"https:\/\/www.cinesouk.ma\/?s={search_term_string}"},"query-input":{"@type":"PropertyValueSpecification","valueRequired":true,"valueName":"search_term_string"}}],"inLanguage":"fr-FR"},{"@type":"Organization","@id":"https:\/\/www.cinesouk.ma\/#organization","name":"CineSouk","url":"https:\/\/www.cinesouk.ma\/","logo":{"@type":"ImageObject","inLanguage":"fr-FR","@id":"https:\/\/www.cinesouk.ma\/#\/schema\/logo\/image\/","url":"https:\/\/www.cinesouk.ma\/wp-content\/uploads\/2024\/01\/CineSouk-logo-v01-alpha-alligned-left.png","contentUrl":"https:\/\/www.cinesouk.ma\/wp-content\/uploads\/2024\/01\/CineSouk-logo-v01-alpha-alligned-left.png","width":3204,"height":889,"caption":"CineSouk"},"image":{"@id":"https:\/\/www.cinesouk.ma\/#\/schema\/logo\/image\/"}}]}},"_links":{"self":[{"href":"https:\/\/www.cinesouk.ma\/fr\/wp-json\/wp\/v2\/product\/9235","targetHints":{"allow":["GET"]}}],"collection":[{"href":"https:\/\/www.cinesouk.ma\/fr\/wp-json\/wp\/v2\/product"}],"about":[{"href":"https:\/\/www.cinesouk.ma\/fr\/wp-json\/wp\/v2\/types\/product"}],"wp:featuredmedia":[{"embeddable":true,"href":"https:\/\/www.cinesouk.ma\/fr\/wp-json\/wp\/v2\/media\/9924"}],"wp:attachment":[{"href":"https:\/\/www.cinesouk.ma\/fr\/wp-json\/wp\/v2\/media?parent=9235"}],"wp:term":[{"taxonomy":"product_brand","embeddable":true,"href":"https:\/\/www.cinesouk.ma\/fr\/wp-json\/wp\/v2\/product_brand?post=9235"},{"taxonomy":"product_cat","embeddable":true,"href":"https:\/\/www.cinesouk.ma\/fr\/wp-json\/wp\/v2\/product_cat?post=9235"},{"taxonomy":"product_tag","embeddable":true,"href":"https:\/\/www.cinesouk.ma\/fr\/wp-json\/wp\/v2\/product_tag?post=9235"}],"curies":[{"name":"wp","href":"https:\/\/api.w.org\/{rel}","templated":true}]}}