{"id":9248,"date":"2024-11-27T11:50:30","date_gmt":"2024-11-27T11:50:30","guid":{"rendered":"https:\/\/www.cinesouk.ma\/?post_type=product&#038;p=9248"},"modified":"2025-08-22T10:42:19","modified_gmt":"2025-08-22T10:42:19","slug":"tiffen-4-x-4-nd0-9-filter","status":"publish","type":"product","link":"https:\/\/www.cinesouk.ma\/fr\/produit\/tiffen-4-x-4-nd0-9-filter\/","title":{"rendered":"Filtre Tiffen 4\u00d74\" ND0.9"},"content":{"rendered":"<p data-start=\"0\" data-end=\"276\">Le filtre Tiffen 4\u00d74\" ND0.9 offre une r\u00e9duction de la lumi\u00e8re de 3 diaphragmes, ce qui permet aux photographes et aux cin\u00e9astes de mieux contr\u00f4ler l'exposition dans des conditions de forte luminosit\u00e9. De plus, ce filtre permet de maintenir une exposition correcte lors de l'utilisation de grandes ouvertures ou de vitesses d'obturation plus lentes pour des effets cr\u00e9atifs.<\/p>\n<p data-start=\"278\" data-end=\"628\">Tiffen fabrique ce filtre en utilisant la technologie ColorCore, garantissant une reproduction pr\u00e9cise des couleurs et une clart\u00e9 optique sup\u00e9rieure. De plus, sa conception durable le rend fiable pour les environnements de tournage en studio et en ext\u00e9rieur. La taille de 4\u00d74 pouces s'adapte parfaitement aux bo\u00eetes de matte standard, ce qui permet une int\u00e9gration sans effort dans les flux de travail professionnels.<\/p>\n<p data-start=\"630\" data-end=\"936\">Ce filtre ND0,9 r\u00e9duit l'intensit\u00e9 de la lumi\u00e8re sans alt\u00e9rer l'\u00e9quilibre des couleurs, ce qui permet d'ajuster avec pr\u00e9cision la profondeur de champ et le flou de boug\u00e9. En outre, il permet aux cin\u00e9astes et aux photographes de r\u00e9aliser des vid\u00e9os cin\u00e9matographiques, des photographies \u00e0 longue exposition et des mises en lumi\u00e8re contr\u00f4l\u00e9es dans des conditions d'\u00e9clairage difficiles.<\/p>\n<p data-start=\"938\" data-end=\"1187\">En limitant la quantit\u00e9 de lumi\u00e8re entrant dans l'objectif, ce filtre am\u00e9liore la flexibilit\u00e9 cr\u00e9ative, facilitant la capture de mouvements fluides ou d'arri\u00e8re-plans doux. Il s'agit donc d'un outil essentiel pour obtenir des r\u00e9sultats professionnels directement dans l'appareil photo.<\/p>\n<p data-start=\"1189\" data-end=\"1416\" data-is-last-node=\"\" data-is-only-node=\"\">En fin de compte, le filtre Tiffen 4\u00d74\" ND0.9 offre une solution fiable et de haute qualit\u00e9 pour le contr\u00f4le de l'exposition. Ses performances constantes et ses applications polyvalentes en font un outil indispensable pour tout cin\u00e9aste ou photographe professionnel.<\/p>\n<p>Louez-le maintenant sur <a href=\"https:\/\/www.cinesouk.ma\/fr\">CINESOUK<\/a> - une marque de <a href=\"https:\/\/www.broadway.ma\/\">BROADWAY PRODUCTIONS SARL.<\/a><\/p>","protected":false},"excerpt":{"rendered":"<p>Sp\u00e9cifications<\/p>\n<ul>\n<li><strong>Taille :<\/strong> 4\u00d74 pouces<\/li>\n<li><strong>R\u00e9duction de la lumi\u00e8re :<\/strong> 3 arr\u00eats (ND0.9)<\/li>\n<li><strong>Mat\u00e9riau :<\/strong> Verre de qualit\u00e9 optique<\/li>\n<li><strong>Technologie :<\/strong> Tiffen ColorCore pour des couleurs et une clart\u00e9 pr\u00e9cises<\/li>\n<li><strong>Compatibilit\u00e9 :<\/strong> Convient aux syst\u00e8mes de bo\u00eetes mattes standard de 4\u00d74 pouces<\/li>\n<li><strong>Applications :<\/strong> Photographie \u00e0 longue exposition, vid\u00e9o cin\u00e9matographique et contr\u00f4le cr\u00e9atif de l'\u00e9clairage<\/li>\n<\/ul>\n<div class=\"group\/conversation-turn relative flex w-full min-w-0 flex-col agent-turn\">\n<div class=\"flex-col gap-1 md:gap-3\">\n<div class=\"flex max-w-full flex-col flex-grow\">\n<div class=\"min-h-8 text-message flex w-full flex-col items-end gap-2 whitespace-normal break-words [.text-message+&amp;]:mt-5\" dir=\"auto\" data-message-author-role=\"assistant\" data-message-id=\"e18a99b3-cf7b-4ecd-bc21-990f899c3de7\" data-message-model-slug=\"gpt-4o\">\n<div class=\"flex w-full flex-col gap-1 empty:hidden first:pt-[3px]\">\n<div class=\"markdown prose w-full break-words dark:prose-invert light\"><\/div>\n<\/div>\n<\/div>\n<\/div>\n<\/div>\n<\/div>","protected":false},"featured_media":9930,"template":"","meta":{"om_disable_all_campaigns":false,"_monsterinsights_skip_tracking":false,"_monsterinsights_sitenote_active":false,"_monsterinsights_sitenote_note":"","_monsterinsights_sitenote_category":0,"_uf_show_specific_survey":0,"_uf_disable_surveys":false},"product_brand":[],"product_cat":[133,58],"product_tag":[],"class_list":{"0":"post-9248","1":"product","2":"type-product","3":"status-publish","4":"has-post-thumbnail","6":"product_cat-filters-eventsouk","7":"product_cat-filters-cinesouk","9":"entry","10":"has-media","12":"first","13":"instock","14":"taxable","15":"shipping-taxable","16":"purchasable","17":"product-type-variable","18":"has-product-nav","19":"col","20":"span_1_of_3","21":"owp-content-center","22":"owp-thumbs-layout-horizontal","23":"owp-btn-normal","24":"owp-tabs-layout-horizontal","25":"has-no-thumbnails"},"yoast_head":"<!-- This site is optimized with the Yoast SEO Premium plugin v26.0 (Yoast SEO v26.0) - https:\/\/yoast.com\/wordpress\/plugins\/seo\/ -->\n<title>Tiffen 4x4\u201d ND0.9 Filter - CineSouk - For rent<\/title>\n<meta name=\"description\" content=\"Tiffen 4x4\u201d ND0.9 Filter: Professional 3-stop neutral density filter for exposure control and creative effects, perfect for video and photography.\" \/>\n<meta name=\"robots\" content=\"index, follow, max-snippet:-1, max-image-preview:large, max-video-preview:-1\" \/>\n<link rel=\"canonical\" href=\"https:\/\/www.cinesouk.ma\/fr\/produit\/tiffen-4-x-4-nd0-9-filter\/\" \/>\n<meta property=\"og:locale\" content=\"fr_FR\" \/>\n<meta property=\"og:type\" content=\"article\" \/>\n<meta property=\"og:title\" content=\"Tiffen 4x4\u201d ND0.9 Filter\" \/>\n<meta property=\"og:description\" content=\"Tiffen 4x4\u201d ND0.9 Filter: Professional 3-stop neutral density filter for exposure control and creative effects, perfect for video and photography.\" \/>\n<meta property=\"og:url\" content=\"https:\/\/www.cinesouk.ma\/fr\/produit\/tiffen-4-x-4-nd0-9-filter\/\" \/>\n<meta property=\"og:site_name\" content=\"CineSouk\" \/>\n<meta property=\"article:modified_time\" content=\"2025-08-22T10:42:19+00:00\" \/>\n<meta property=\"og:image\" content=\"https:\/\/www.cinesouk.ma\/wp-content\/uploads\/2024\/11\/Tiffen-4\u00d74-ND0.9-Filter.jpg\" \/>\n\t<meta property=\"og:image:width\" content=\"300\" \/>\n\t<meta property=\"og:image:height\" content=\"238\" \/>\n\t<meta property=\"og:image:type\" content=\"image\/jpeg\" \/>\n<meta name=\"twitter:card\" content=\"summary_large_image\" \/>\n<meta name=\"twitter:description\" content=\"Tiffen 4x4\u201d ND0.9 Filter: Professional 3-stop neutral density filter for exposure control and creative effects, perfect for video and photography.\" \/>\n<meta name=\"twitter:label1\" content=\"Dur\u00e9e de lecture estim\u00e9e\" \/>\n\t<meta name=\"twitter:data1\" content=\"2 minutes\" \/>\n<script type=\"application\/ld+json\" class=\"yoast-schema-graph\">{\"@context\":\"https:\/\/schema.org\",\"@graph\":[{\"@type\":\"WebPage\",\"@id\":\"https:\/\/www.cinesouk.ma\/product\/tiffen-4-x-4-nd0-9-filter\/\",\"url\":\"https:\/\/www.cinesouk.ma\/product\/tiffen-4-x-4-nd0-9-filter\/\",\"name\":\"Tiffen 4x4\u201d ND0.9 Filter - CineSouk - For rent\",\"isPartOf\":{\"@id\":\"https:\/\/www.cinesouk.ma\/#website\"},\"primaryImageOfPage\":{\"@id\":\"https:\/\/www.cinesouk.ma\/product\/tiffen-4-x-4-nd0-9-filter\/#primaryimage\"},\"image\":{\"@id\":\"https:\/\/www.cinesouk.ma\/product\/tiffen-4-x-4-nd0-9-filter\/#primaryimage\"},\"thumbnailUrl\":\"https:\/\/www.cinesouk.ma\/wp-content\/uploads\/2024\/11\/Tiffen-4\u00d74-ND0.9-Filter.jpg\",\"datePublished\":\"2024-11-27T11:50:30+00:00\",\"dateModified\":\"2025-08-22T10:42:19+00:00\",\"description\":\"Tiffen 4x4\u201d ND0.9 Filter: Professional 3-stop neutral density filter for exposure control and creative effects, perfect for video and photography.\",\"breadcrumb\":{\"@id\":\"https:\/\/www.cinesouk.ma\/product\/tiffen-4-x-4-nd0-9-filter\/#breadcrumb\"},\"inLanguage\":\"fr-FR\",\"potentialAction\":[{\"@type\":\"ReadAction\",\"target\":[\"https:\/\/www.cinesouk.ma\/product\/tiffen-4-x-4-nd0-9-filter\/\"]}]},{\"@type\":\"ImageObject\",\"inLanguage\":\"fr-FR\",\"@id\":\"https:\/\/www.cinesouk.ma\/product\/tiffen-4-x-4-nd0-9-filter\/#primaryimage\",\"url\":\"https:\/\/www.cinesouk.ma\/wp-content\/uploads\/2024\/11\/Tiffen-4\u00d74-ND0.9-Filter.jpg\",\"contentUrl\":\"https:\/\/www.cinesouk.ma\/wp-content\/uploads\/2024\/11\/Tiffen-4\u00d74-ND0.9-Filter.jpg\",\"width\":300,\"height\":238,\"caption\":\"Tiffen 4\u00d74\u201d ND0.9 Filter\"},{\"@type\":\"BreadcrumbList\",\"@id\":\"https:\/\/www.cinesouk.ma\/product\/tiffen-4-x-4-nd0-9-filter\/#breadcrumb\",\"itemListElement\":[{\"@type\":\"ListItem\",\"position\":1,\"name\":\"Home\",\"item\":\"https:\/\/www.cinesouk.ma\/\"},{\"@type\":\"ListItem\",\"position\":2,\"name\":\"Shop\",\"item\":\"https:\/\/www.cinesouk.ma\/shop\/\"},{\"@type\":\"ListItem\",\"position\":3,\"name\":\"Tiffen 4&#215;4\u201d ND0.9 Filter\"}]},{\"@type\":\"WebSite\",\"@id\":\"https:\/\/www.cinesouk.ma\/#website\",\"url\":\"https:\/\/www.cinesouk.ma\/\",\"name\":\"CineSouk\",\"description\":\"\",\"publisher\":{\"@id\":\"https:\/\/www.cinesouk.ma\/#organization\"},\"potentialAction\":[{\"@type\":\"SearchAction\",\"target\":{\"@type\":\"EntryPoint\",\"urlTemplate\":\"https:\/\/www.cinesouk.ma\/?s={search_term_string}\"},\"query-input\":{\"@type\":\"PropertyValueSpecification\",\"valueRequired\":true,\"valueName\":\"search_term_string\"}}],\"inLanguage\":\"fr-FR\"},{\"@type\":\"Organization\",\"@id\":\"https:\/\/www.cinesouk.ma\/#organization\",\"name\":\"CineSouk\",\"url\":\"https:\/\/www.cinesouk.ma\/\",\"logo\":{\"@type\":\"ImageObject\",\"inLanguage\":\"fr-FR\",\"@id\":\"https:\/\/www.cinesouk.ma\/#\/schema\/logo\/image\/\",\"url\":\"https:\/\/www.cinesouk.ma\/wp-content\/uploads\/2024\/01\/CineSouk-logo-v01-alpha-alligned-left.png\",\"contentUrl\":\"https:\/\/www.cinesouk.ma\/wp-content\/uploads\/2024\/01\/CineSouk-logo-v01-alpha-alligned-left.png\",\"width\":3204,\"height\":889,\"caption\":\"CineSouk\"},\"image\":{\"@id\":\"https:\/\/www.cinesouk.ma\/#\/schema\/logo\/image\/\"}}]}<\/script>\n<!-- \/ Yoast SEO Premium plugin. -->","yoast_head_json":{"title":"Tiffen 4x4\u201d ND0.9 Filter - CineSouk - For rent","description":"Tiffen 4x4\u201d ND0.9 Filter: Professional 3-stop neutral density filter for exposure control and creative effects, perfect for video and photography.","robots":{"index":"index","follow":"follow","max-snippet":"max-snippet:-1","max-image-preview":"max-image-preview:large","max-video-preview":"max-video-preview:-1"},"canonical":"https:\/\/www.cinesouk.ma\/fr\/produit\/tiffen-4-x-4-nd0-9-filter\/","og_locale":"fr_FR","og_type":"article","og_title":"Tiffen 4x4\u201d ND0.9 Filter","og_description":"Tiffen 4x4\u201d ND0.9 Filter: Professional 3-stop neutral density filter for exposure control and creative effects, perfect for video and photography.","og_url":"https:\/\/www.cinesouk.ma\/fr\/produit\/tiffen-4-x-4-nd0-9-filter\/","og_site_name":"CineSouk","article_modified_time":"2025-08-22T10:42:19+00:00","og_image":[{"width":300,"height":238,"url":"https:\/\/www.cinesouk.ma\/wp-content\/uploads\/2024\/11\/Tiffen-4\u00d74-ND0.9-Filter.jpg","type":"image\/jpeg"}],"twitter_card":"summary_large_image","twitter_description":"Tiffen 4x4\u201d ND0.9 Filter: Professional 3-stop neutral density filter for exposure control and creative effects, perfect for video and photography.","twitter_misc":{"Dur\u00e9e de lecture estim\u00e9e":"2 minutes"},"schema":{"@context":"https:\/\/schema.org","@graph":[{"@type":"WebPage","@id":"https:\/\/www.cinesouk.ma\/product\/tiffen-4-x-4-nd0-9-filter\/","url":"https:\/\/www.cinesouk.ma\/product\/tiffen-4-x-4-nd0-9-filter\/","name":"Tiffen 4x4\u201d ND0.9 Filter - CineSouk - For rent","isPartOf":{"@id":"https:\/\/www.cinesouk.ma\/#website"},"primaryImageOfPage":{"@id":"https:\/\/www.cinesouk.ma\/product\/tiffen-4-x-4-nd0-9-filter\/#primaryimage"},"image":{"@id":"https:\/\/www.cinesouk.ma\/product\/tiffen-4-x-4-nd0-9-filter\/#primaryimage"},"thumbnailUrl":"https:\/\/www.cinesouk.ma\/wp-content\/uploads\/2024\/11\/Tiffen-4\u00d74-ND0.9-Filter.jpg","datePublished":"2024-11-27T11:50:30+00:00","dateModified":"2025-08-22T10:42:19+00:00","description":"Tiffen 4x4\u201d ND0.9 Filter: Professional 3-stop neutral density filter for exposure control and creative effects, perfect for video and photography.","breadcrumb":{"@id":"https:\/\/www.cinesouk.ma\/product\/tiffen-4-x-4-nd0-9-filter\/#breadcrumb"},"inLanguage":"fr-FR","potentialAction":[{"@type":"ReadAction","target":["https:\/\/www.cinesouk.ma\/product\/tiffen-4-x-4-nd0-9-filter\/"]}]},{"@type":"ImageObject","inLanguage":"fr-FR","@id":"https:\/\/www.cinesouk.ma\/product\/tiffen-4-x-4-nd0-9-filter\/#primaryimage","url":"https:\/\/www.cinesouk.ma\/wp-content\/uploads\/2024\/11\/Tiffen-4\u00d74-ND0.9-Filter.jpg","contentUrl":"https:\/\/www.cinesouk.ma\/wp-content\/uploads\/2024\/11\/Tiffen-4\u00d74-ND0.9-Filter.jpg","width":300,"height":238,"caption":"Tiffen 4\u00d74\u201d ND0.9 Filter"},{"@type":"BreadcrumbList","@id":"https:\/\/www.cinesouk.ma\/product\/tiffen-4-x-4-nd0-9-filter\/#breadcrumb","itemListElement":[{"@type":"ListItem","position":1,"name":"Home","item":"https:\/\/www.cinesouk.ma\/"},{"@type":"ListItem","position":2,"name":"Shop","item":"https:\/\/www.cinesouk.ma\/shop\/"},{"@type":"ListItem","position":3,"name":"Tiffen 4&#215;4\u201d ND0.9 Filter"}]},{"@type":"WebSite","@id":"https:\/\/www.cinesouk.ma\/#website","url":"https:\/\/www.cinesouk.ma\/","name":"CineSouk","description":"","publisher":{"@id":"https:\/\/www.cinesouk.ma\/#organization"},"potentialAction":[{"@type":"SearchAction","target":{"@type":"EntryPoint","urlTemplate":"https:\/\/www.cinesouk.ma\/?s={search_term_string}"},"query-input":{"@type":"PropertyValueSpecification","valueRequired":true,"valueName":"search_term_string"}}],"inLanguage":"fr-FR"},{"@type":"Organization","@id":"https:\/\/www.cinesouk.ma\/#organization","name":"CineSouk","url":"https:\/\/www.cinesouk.ma\/","logo":{"@type":"ImageObject","inLanguage":"fr-FR","@id":"https:\/\/www.cinesouk.ma\/#\/schema\/logo\/image\/","url":"https:\/\/www.cinesouk.ma\/wp-content\/uploads\/2024\/01\/CineSouk-logo-v01-alpha-alligned-left.png","contentUrl":"https:\/\/www.cinesouk.ma\/wp-content\/uploads\/2024\/01\/CineSouk-logo-v01-alpha-alligned-left.png","width":3204,"height":889,"caption":"CineSouk"},"image":{"@id":"https:\/\/www.cinesouk.ma\/#\/schema\/logo\/image\/"}}]}},"_links":{"self":[{"href":"https:\/\/www.cinesouk.ma\/fr\/wp-json\/wp\/v2\/product\/9248","targetHints":{"allow":["GET"]}}],"collection":[{"href":"https:\/\/www.cinesouk.ma\/fr\/wp-json\/wp\/v2\/product"}],"about":[{"href":"https:\/\/www.cinesouk.ma\/fr\/wp-json\/wp\/v2\/types\/product"}],"wp:featuredmedia":[{"embeddable":true,"href":"https:\/\/www.cinesouk.ma\/fr\/wp-json\/wp\/v2\/media\/9930"}],"wp:attachment":[{"href":"https:\/\/www.cinesouk.ma\/fr\/wp-json\/wp\/v2\/media?parent=9248"}],"wp:term":[{"taxonomy":"product_brand","embeddable":true,"href":"https:\/\/www.cinesouk.ma\/fr\/wp-json\/wp\/v2\/product_brand?post=9248"},{"taxonomy":"product_cat","embeddable":true,"href":"https:\/\/www.cinesouk.ma\/fr\/wp-json\/wp\/v2\/product_cat?post=9248"},{"taxonomy":"product_tag","embeddable":true,"href":"https:\/\/www.cinesouk.ma\/fr\/wp-json\/wp\/v2\/product_tag?post=9248"}],"curies":[{"name":"wp","href":"https:\/\/api.w.org\/{rel}","templated":true}]}}