{"id":925,"date":"2024-12-04T10:29:37","date_gmt":"2024-12-04T10:29:37","guid":{"rendered":"https:\/\/www.cinesouk.ma\/?post_type=product&#038;p=925"},"modified":"2025-09-25T15:11:48","modified_gmt":"2025-09-25T15:11:48","slug":"sony-fe-70-200mm-f-4-g-oss","status":"publish","type":"product","link":"https:\/\/www.cinesouk.ma\/fr\/produit\/sony-fe-70-200mm-f-4-g-oss\/","title":{"rendered":"Sony FE 70-200mm F\/4 G OSS Lens"},"content":{"rendered":"<p>Le Sony FE 70-200mm f\/4 G OS est un t\u00e9l\u00e9objectif polyvalent con\u00e7u pour les appareils photo \u00e0 monture E de Sony. R\u00e9put\u00e9 pour ses performances optiques exceptionnelles, cet objectif permet aux photographes de capturer des sujets \u00e9loign\u00e9s avec une nettet\u00e9, une clart\u00e9 et une pr\u00e9cision irr\u00e9prochables.<\/p>\n<p>Gr\u00e2ce \u00e0 sa plage focale polyvalente et \u00e0 son ouverture constante de f\/4, le FE 70-200 mm excelle dans diverses conditions de prise de vue. Fabriqu\u00e9 avec pr\u00e9cision, l'objectif ne se contente pas de minimiser les distorsions et les aberrations. Il offre \u00e9galement des couleurs r\u00e9alistes et une qualit\u00e9 d'image exceptionnelle.<\/p>\n<p>La stabilisation d'image Optical SteadyShot du Sony FE 70-200mm f\/4 G OSS garantit des prises de vue nettes et stables. C'est donc un compagnon id\u00e9al pour les photographes.<\/p>\n<h4 class=\"t2 editorial-headline js-editorial-headline\">Objectif G 70-200 mm plein cadre<\/h4>\n<p class=\"p2 editorial-body-copy js-editorial-body-copy\">Outre une plage de zoom id\u00e9ale pour les photos de nature, de sport et autres, cet objectif offre une excellente nettet\u00e9 d'un angle \u00e0 l'autre de 70 mm \u00e0 200 mm dans une unit\u00e9 compacte et l\u00e9g\u00e8re, parfaite pour les appareils photo compacts plein format \u00e0 monture E, tels que ceux de la s\u00e9rie \u03b17. Cet objectif G peut \u00e9galement produire un bokeh d'arri\u00e8re-plan doux et fluide.<\/p>\n<h4>Caract\u00e9ristiques de l'objectif Sony :<\/h4>\n<div class=\"ghost-center-wrap\">\n<ul>\n<li class=\"copy ghost-center with-icon\">T\u00e9l\u00e9objectif zoom de haute qualit\u00e9 de la s\u00e9rie G<\/li>\n<li class=\"copy ghost-center with-icon\">Stabilisation d'image SteadyShot\u2122 optique int\u00e9gr\u00e9e<\/li>\n<li class=\"copy ghost-center with-icon\">Le rev\u00eatement nano AR de Sony r\u00e9duit les reflets et l'\u00e9blouissement<\/li>\n<li class=\"copy ghost-center with-icon\">Ouverture ronde \u00e0 9 lames pour de beaux effets de fading.<\/li>\n<li class=\"copy ghost-center with-icon\">Conception r\u00e9sistante \u00e0 la poussi\u00e8re et \u00e0 l'humidit\u00e9<\/li>\n<\/ul>\n<\/div>\n<p>Louez-le maintenant sur <a href=\"https:\/\/www.cinesouk.ma\/fr\">CINESOUK<\/a> - une marque de <a href=\"https:\/\/www.broadway.ma\/\">BROADWAY PRODUCTIONS SARL.<\/a><\/p>","protected":false},"excerpt":{"rendered":"<p>Sp\u00e9cifications<\/p>\n<p><span data-sheets-value=\"{&quot;1&quot;:2,&quot;2&quot;:&quot;Focal lenght: 70 - 200mm\\nMax Aperture: f\/4 \\nMin Aperture: f\/22\\nFormat: Full-frame\\nFocus type: Autofocus \\n&quot;}\" data-sheets-userformat=\"{&quot;2&quot;:15299,&quot;3&quot;:{&quot;1&quot;:0},&quot;4&quot;:{&quot;1&quot;:2,&quot;2&quot;:16777215},&quot;9&quot;:1,&quot;10&quot;:1,&quot;11&quot;:4,&quot;12&quot;:0,&quot;14&quot;:{&quot;1&quot;:2,&quot;2&quot;:1644825},&quot;15&quot;:&quot;Helvetica&quot;,&quot;16&quot;:10}\"><b>Longueur focale :<\/b> 70 - 200mm<br \/>\n<strong>Ouverture maximale :<\/strong> f\/4<br \/>\n<strong>Ouverture minimale :<\/strong> f\/22<br \/>\n<strong>Format :<\/strong> Plein cadre<br \/>\n<strong>Type de mise au point<\/strong>: Autofocus<br \/>\n<strong>Le montage :\u00a0<\/strong>Monture E<br \/>\n<\/span><\/p>","protected":false},"featured_media":15029,"template":"","meta":{"om_disable_all_campaigns":false,"_monsterinsights_skip_tracking":false,"_monsterinsights_sitenote_active":false,"_monsterinsights_sitenote_note":"","_monsterinsights_sitenote_category":0,"_uf_show_specific_survey":0,"_uf_disable_surveys":false},"product_brand":[],"product_cat":[36],"product_tag":[],"class_list":{"0":"post-925","1":"product","2":"type-product","3":"status-publish","4":"has-post-thumbnail","6":"product_cat-lenses-cinesouk","8":"entry","9":"has-media","11":"first","12":"instock","13":"taxable","14":"shipping-taxable","15":"purchasable","16":"product-type-variable","17":"has-product-nav","18":"col","19":"span_1_of_3","20":"owp-content-center","21":"owp-thumbs-layout-horizontal","22":"owp-btn-normal","23":"owp-tabs-layout-horizontal","24":"has-no-thumbnails"},"yoast_head":"<!-- This site is optimized with the Yoast SEO Premium plugin v26.0 (Yoast SEO v26.0) - https:\/\/yoast.com\/wordpress\/plugins\/seo\/ -->\n<title>Sony FE 70-200mm F\/4 G OSS Lens - Marrakech | Morocco - CineSouk - For rent<\/title>\n<meta name=\"description\" content=\"Capture Morocco&#039;s essence with the Sony FE 70-200mm f\/4 G OSS. A telephoto zoom lens for Sony E-mount cameras, delivering precision and versatility.\" \/>\n<meta name=\"robots\" content=\"index, follow, max-snippet:-1, max-image-preview:large, max-video-preview:-1\" \/>\n<link rel=\"canonical\" href=\"https:\/\/www.cinesouk.ma\/fr\/produit\/sony-fe-70-200mm-f-4-g-oss\/\" \/>\n<meta property=\"og:locale\" content=\"fr_FR\" \/>\n<meta property=\"og:type\" content=\"article\" \/>\n<meta property=\"og:title\" content=\"Sony FE 70-200mm F\/4 G OSS Lens\" \/>\n<meta property=\"og:description\" content=\"Capture Morocco&#039;s essence with the Sony FE 70-200mm f\/4 G OSS. A telephoto zoom lens for Sony E-mount cameras, delivering precision and versatility.\" \/>\n<meta property=\"og:url\" content=\"https:\/\/www.cinesouk.ma\/fr\/produit\/sony-fe-70-200mm-f-4-g-oss\/\" \/>\n<meta property=\"og:site_name\" content=\"CineSouk\" \/>\n<meta property=\"article:modified_time\" content=\"2025-09-25T15:11:48+00:00\" \/>\n<meta property=\"og:image\" content=\"https:\/\/www.cinesouk.ma\/wp-content\/uploads\/2024\/12\/Sony-FE-70-200mm-F4-G-OSS-Lens.jpg\" \/>\n\t<meta property=\"og:image:width\" content=\"300\" \/>\n\t<meta property=\"og:image:height\" content=\"238\" \/>\n\t<meta property=\"og:image:type\" content=\"image\/jpeg\" \/>\n<meta name=\"twitter:card\" content=\"summary_large_image\" \/>\n<meta name=\"twitter:description\" content=\"Capture Morocco&#039;s essence with the Sony FE 70-200mm f\/4 G OSS. A telephoto zoom lens for Sony E-mount cameras, delivering precision and versatility.\" \/>\n<meta name=\"twitter:label1\" content=\"Dur\u00e9e de lecture estim\u00e9e\" \/>\n\t<meta name=\"twitter:data1\" content=\"2 minutes\" \/>\n<script type=\"application\/ld+json\" class=\"yoast-schema-graph\">{\"@context\":\"https:\/\/schema.org\",\"@graph\":[{\"@type\":\"WebPage\",\"@id\":\"https:\/\/www.cinesouk.ma\/product\/sony-fe-70-200mm-f-4-g-oss\/\",\"url\":\"https:\/\/www.cinesouk.ma\/product\/sony-fe-70-200mm-f-4-g-oss\/\",\"name\":\"Sony FE 70-200mm F\/4 G OSS Lens - Marrakech | Morocco - CineSouk - For rent\",\"isPartOf\":{\"@id\":\"https:\/\/www.cinesouk.ma\/#website\"},\"primaryImageOfPage\":{\"@id\":\"https:\/\/www.cinesouk.ma\/product\/sony-fe-70-200mm-f-4-g-oss\/#primaryimage\"},\"image\":{\"@id\":\"https:\/\/www.cinesouk.ma\/product\/sony-fe-70-200mm-f-4-g-oss\/#primaryimage\"},\"thumbnailUrl\":\"https:\/\/www.cinesouk.ma\/wp-content\/uploads\/2024\/12\/Sony-FE-70-200mm-F4-G-OSS-Lens.jpg\",\"datePublished\":\"2024-12-04T10:29:37+00:00\",\"dateModified\":\"2025-09-25T15:11:48+00:00\",\"description\":\"Capture Morocco's essence with the Sony FE 70-200mm f\/4 G OSS. A telephoto zoom lens for Sony E-mount cameras, delivering precision and versatility.\",\"breadcrumb\":{\"@id\":\"https:\/\/www.cinesouk.ma\/product\/sony-fe-70-200mm-f-4-g-oss\/#breadcrumb\"},\"inLanguage\":\"fr-FR\",\"potentialAction\":[{\"@type\":\"ReadAction\",\"target\":[\"https:\/\/www.cinesouk.ma\/product\/sony-fe-70-200mm-f-4-g-oss\/\"]}]},{\"@type\":\"ImageObject\",\"inLanguage\":\"fr-FR\",\"@id\":\"https:\/\/www.cinesouk.ma\/product\/sony-fe-70-200mm-f-4-g-oss\/#primaryimage\",\"url\":\"https:\/\/www.cinesouk.ma\/wp-content\/uploads\/2024\/12\/Sony-FE-70-200mm-F4-G-OSS-Lens.jpg\",\"contentUrl\":\"https:\/\/www.cinesouk.ma\/wp-content\/uploads\/2024\/12\/Sony-FE-70-200mm-F4-G-OSS-Lens.jpg\",\"width\":300,\"height\":238,\"caption\":\"Sony FE 70-200mm F\/4 G OSS Lens\"},{\"@type\":\"BreadcrumbList\",\"@id\":\"https:\/\/www.cinesouk.ma\/product\/sony-fe-70-200mm-f-4-g-oss\/#breadcrumb\",\"itemListElement\":[{\"@type\":\"ListItem\",\"position\":1,\"name\":\"Home\",\"item\":\"https:\/\/www.cinesouk.ma\/\"},{\"@type\":\"ListItem\",\"position\":2,\"name\":\"Shop\",\"item\":\"https:\/\/www.cinesouk.ma\/shop\/\"},{\"@type\":\"ListItem\",\"position\":3,\"name\":\"Sony FE 70-200mm F\/4 G OSS Lens\"}]},{\"@type\":\"WebSite\",\"@id\":\"https:\/\/www.cinesouk.ma\/#website\",\"url\":\"https:\/\/www.cinesouk.ma\/\",\"name\":\"CineSouk\",\"description\":\"\",\"publisher\":{\"@id\":\"https:\/\/www.cinesouk.ma\/#organization\"},\"potentialAction\":[{\"@type\":\"SearchAction\",\"target\":{\"@type\":\"EntryPoint\",\"urlTemplate\":\"https:\/\/www.cinesouk.ma\/?s={search_term_string}\"},\"query-input\":{\"@type\":\"PropertyValueSpecification\",\"valueRequired\":true,\"valueName\":\"search_term_string\"}}],\"inLanguage\":\"fr-FR\"},{\"@type\":\"Organization\",\"@id\":\"https:\/\/www.cinesouk.ma\/#organization\",\"name\":\"CineSouk\",\"url\":\"https:\/\/www.cinesouk.ma\/\",\"logo\":{\"@type\":\"ImageObject\",\"inLanguage\":\"fr-FR\",\"@id\":\"https:\/\/www.cinesouk.ma\/#\/schema\/logo\/image\/\",\"url\":\"https:\/\/www.cinesouk.ma\/wp-content\/uploads\/2024\/01\/CineSouk-logo-v01-alpha-alligned-left.png\",\"contentUrl\":\"https:\/\/www.cinesouk.ma\/wp-content\/uploads\/2024\/01\/CineSouk-logo-v01-alpha-alligned-left.png\",\"width\":3204,\"height\":889,\"caption\":\"CineSouk\"},\"image\":{\"@id\":\"https:\/\/www.cinesouk.ma\/#\/schema\/logo\/image\/\"}}]}<\/script>\n<!-- \/ Yoast SEO Premium plugin. -->","yoast_head_json":{"title":"Sony FE 70-200mm F\/4 G OSS Lens - Marrakech | Morocco - CineSouk - For rent","description":"Capture Morocco's essence with the Sony FE 70-200mm f\/4 G OSS. A telephoto zoom lens for Sony E-mount cameras, delivering precision and versatility.","robots":{"index":"index","follow":"follow","max-snippet":"max-snippet:-1","max-image-preview":"max-image-preview:large","max-video-preview":"max-video-preview:-1"},"canonical":"https:\/\/www.cinesouk.ma\/fr\/produit\/sony-fe-70-200mm-f-4-g-oss\/","og_locale":"fr_FR","og_type":"article","og_title":"Sony FE 70-200mm F\/4 G OSS Lens","og_description":"Capture Morocco's essence with the Sony FE 70-200mm f\/4 G OSS. A telephoto zoom lens for Sony E-mount cameras, delivering precision and versatility.","og_url":"https:\/\/www.cinesouk.ma\/fr\/produit\/sony-fe-70-200mm-f-4-g-oss\/","og_site_name":"CineSouk","article_modified_time":"2025-09-25T15:11:48+00:00","og_image":[{"width":300,"height":238,"url":"https:\/\/www.cinesouk.ma\/wp-content\/uploads\/2024\/12\/Sony-FE-70-200mm-F4-G-OSS-Lens.jpg","type":"image\/jpeg"}],"twitter_card":"summary_large_image","twitter_description":"Capture Morocco's essence with the Sony FE 70-200mm f\/4 G OSS. A telephoto zoom lens for Sony E-mount cameras, delivering precision and versatility.","twitter_misc":{"Dur\u00e9e de lecture estim\u00e9e":"2 minutes"},"schema":{"@context":"https:\/\/schema.org","@graph":[{"@type":"WebPage","@id":"https:\/\/www.cinesouk.ma\/product\/sony-fe-70-200mm-f-4-g-oss\/","url":"https:\/\/www.cinesouk.ma\/product\/sony-fe-70-200mm-f-4-g-oss\/","name":"Sony FE 70-200mm F\/4 G OSS Lens - Marrakech | Morocco - CineSouk - For rent","isPartOf":{"@id":"https:\/\/www.cinesouk.ma\/#website"},"primaryImageOfPage":{"@id":"https:\/\/www.cinesouk.ma\/product\/sony-fe-70-200mm-f-4-g-oss\/#primaryimage"},"image":{"@id":"https:\/\/www.cinesouk.ma\/product\/sony-fe-70-200mm-f-4-g-oss\/#primaryimage"},"thumbnailUrl":"https:\/\/www.cinesouk.ma\/wp-content\/uploads\/2024\/12\/Sony-FE-70-200mm-F4-G-OSS-Lens.jpg","datePublished":"2024-12-04T10:29:37+00:00","dateModified":"2025-09-25T15:11:48+00:00","description":"Capture Morocco's essence with the Sony FE 70-200mm f\/4 G OSS. A telephoto zoom lens for Sony E-mount cameras, delivering precision and versatility.","breadcrumb":{"@id":"https:\/\/www.cinesouk.ma\/product\/sony-fe-70-200mm-f-4-g-oss\/#breadcrumb"},"inLanguage":"fr-FR","potentialAction":[{"@type":"ReadAction","target":["https:\/\/www.cinesouk.ma\/product\/sony-fe-70-200mm-f-4-g-oss\/"]}]},{"@type":"ImageObject","inLanguage":"fr-FR","@id":"https:\/\/www.cinesouk.ma\/product\/sony-fe-70-200mm-f-4-g-oss\/#primaryimage","url":"https:\/\/www.cinesouk.ma\/wp-content\/uploads\/2024\/12\/Sony-FE-70-200mm-F4-G-OSS-Lens.jpg","contentUrl":"https:\/\/www.cinesouk.ma\/wp-content\/uploads\/2024\/12\/Sony-FE-70-200mm-F4-G-OSS-Lens.jpg","width":300,"height":238,"caption":"Sony FE 70-200mm F\/4 G OSS Lens"},{"@type":"BreadcrumbList","@id":"https:\/\/www.cinesouk.ma\/product\/sony-fe-70-200mm-f-4-g-oss\/#breadcrumb","itemListElement":[{"@type":"ListItem","position":1,"name":"Home","item":"https:\/\/www.cinesouk.ma\/"},{"@type":"ListItem","position":2,"name":"Shop","item":"https:\/\/www.cinesouk.ma\/shop\/"},{"@type":"ListItem","position":3,"name":"Sony FE 70-200mm F\/4 G OSS Lens"}]},{"@type":"WebSite","@id":"https:\/\/www.cinesouk.ma\/#website","url":"https:\/\/www.cinesouk.ma\/","name":"CineSouk","description":"","publisher":{"@id":"https:\/\/www.cinesouk.ma\/#organization"},"potentialAction":[{"@type":"SearchAction","target":{"@type":"EntryPoint","urlTemplate":"https:\/\/www.cinesouk.ma\/?s={search_term_string}"},"query-input":{"@type":"PropertyValueSpecification","valueRequired":true,"valueName":"search_term_string"}}],"inLanguage":"fr-FR"},{"@type":"Organization","@id":"https:\/\/www.cinesouk.ma\/#organization","name":"CineSouk","url":"https:\/\/www.cinesouk.ma\/","logo":{"@type":"ImageObject","inLanguage":"fr-FR","@id":"https:\/\/www.cinesouk.ma\/#\/schema\/logo\/image\/","url":"https:\/\/www.cinesouk.ma\/wp-content\/uploads\/2024\/01\/CineSouk-logo-v01-alpha-alligned-left.png","contentUrl":"https:\/\/www.cinesouk.ma\/wp-content\/uploads\/2024\/01\/CineSouk-logo-v01-alpha-alligned-left.png","width":3204,"height":889,"caption":"CineSouk"},"image":{"@id":"https:\/\/www.cinesouk.ma\/#\/schema\/logo\/image\/"}}]}},"_links":{"self":[{"href":"https:\/\/www.cinesouk.ma\/fr\/wp-json\/wp\/v2\/product\/925","targetHints":{"allow":["GET"]}}],"collection":[{"href":"https:\/\/www.cinesouk.ma\/fr\/wp-json\/wp\/v2\/product"}],"about":[{"href":"https:\/\/www.cinesouk.ma\/fr\/wp-json\/wp\/v2\/types\/product"}],"wp:featuredmedia":[{"embeddable":true,"href":"https:\/\/www.cinesouk.ma\/fr\/wp-json\/wp\/v2\/media\/15029"}],"wp:attachment":[{"href":"https:\/\/www.cinesouk.ma\/fr\/wp-json\/wp\/v2\/media?parent=925"}],"wp:term":[{"taxonomy":"product_brand","embeddable":true,"href":"https:\/\/www.cinesouk.ma\/fr\/wp-json\/wp\/v2\/product_brand?post=925"},{"taxonomy":"product_cat","embeddable":true,"href":"https:\/\/www.cinesouk.ma\/fr\/wp-json\/wp\/v2\/product_cat?post=925"},{"taxonomy":"product_tag","embeddable":true,"href":"https:\/\/www.cinesouk.ma\/fr\/wp-json\/wp\/v2\/product_tag?post=925"}],"curies":[{"name":"wp","href":"https:\/\/api.w.org\/{rel}","templated":true}]}}