{"id":9312,"date":"2024-11-01T05:00:58","date_gmt":"2024-11-01T05:00:58","guid":{"rendered":"https:\/\/www.cinesouk.ma\/?post_type=product&#038;p=9312"},"modified":"2025-08-22T13:35:28","modified_gmt":"2025-08-22T13:35:28","slug":"nanlite-eggcrate-for-pavotube-30c","status":"publish","type":"product","link":"https:\/\/www.cinesouk.ma\/fr\/produit\/nanlite-eggcrate-for-pavotube-30c\/","title":{"rendered":"Nanlite EggCrate pour Pavotube 30C"},"content":{"rendered":"<div class=\"flex max-w-full flex-col flex-grow\">\n<div class=\"min-h-8 text-message flex w-full flex-col items-end gap-2 whitespace-normal break-words [.text-message+&amp;]:mt-5\" dir=\"auto\" data-message-author-role=\"assistant\" data-message-id=\"4cca5f99-7f06-4668-b500-de762027aacc\" data-message-model-slug=\"gpt-4o\">\n<div class=\"flex w-full flex-col gap-1 empty:hidden first:pt-[3px]\">\n<div class=\"markdown prose w-full break-words dark:prose-invert light\">\n<p>Le Barndoor Nanlite avec Eggcrate pour PavoTube 30C am\u00e9liore le contr\u00f4le pr\u00e9cis de la lumi\u00e8re, r\u00e9duit efficacement les d\u00e9versements et assure un \u00e9clairage cibl\u00e9 et directionnel. Gr\u00e2ce \u00e0 sa polyvalence, cet outil est id\u00e9al pour les installations d'\u00e9clairage professionnelles, offrant une adaptabilit\u00e9 exceptionnelle pour les tournages en studio et les environnements dynamiques sur site. De plus, il permet aux photographes et aux cin\u00e9astes de modeler la lumi\u00e8re selon leur vision cr\u00e9ative tout en maintenant des performances sup\u00e9rieures dans divers environnements.<\/p>\n<h3>Caract\u00e9ristiques principales :<\/h3>\n<ul>\n<li><strong>Contr\u00f4le directionnel<\/strong>: Comme les barndoors fa\u00e7onnent et dirigent les faisceaux lumineux, ils r\u00e9duisent les d\u00e9bordements ind\u00e9sirables tout en concentrant l'\u00e9clairage sur des zones sp\u00e9cifiques.<\/li>\n<li><strong>Am\u00e9lioration de la focalisation<\/strong>: La grille en forme d'ovo\u00efde r\u00e9tr\u00e9cit l'angle du faisceau, fournissant un \u00e9clairage concentr\u00e9 et un contraste am\u00e9lior\u00e9 pour les applications professionnelles.<\/li>\n<li><strong>Fixation facile<\/strong>: Con\u00e7u pour \u00eatre utilis\u00e9 avec le PavoTube 30C, il se fixe rapidement, ce qui simplifie l'installation et les r\u00e9glages.<\/li>\n<li><strong>L\u00e9ger et portable<\/strong>: Fabriqu\u00e9 \u00e0 partir de mat\u00e9riaux durables et l\u00e9gers, il est facile \u00e0 transporter, \u00e0 installer et \u00e0 utiliser dans n'importe quel environnement.<\/li>\n<\/ul>\n<h3>Sp\u00e9cifications :<\/h3>\n<ul>\n<li><strong>Compatibilit\u00e9<\/strong>: Nanlite PavoTube 30C LED Tube Light<\/li>\n<li><strong>Composants<\/strong>: Grilles \u00e0 claire-voie et grilles en forme d'\u0153uf<\/li>\n<li><strong>Mat\u00e9riau<\/strong>: Tissu portable de haute qualit\u00e9<\/li>\n<\/ul>\n<p>Le Nanlite Barndoor with Eggcrate pour PavoTube 30C permet un contr\u00f4le pr\u00e9cis de la lumi\u00e8re, en r\u00e9duisant les d\u00e9versements et en am\u00e9liorant la polyvalence. En outre, sa conception l\u00e9g\u00e8re et ses performances fiables en font un outil indispensable pour la photographie et la vid\u00e9ographie. Il s'adapte parfaitement \u00e0 un large \u00e9ventail de projets professionnels et de configurations cr\u00e9atives, garantissant des r\u00e9sultats constants.<\/p>\n<\/div>\n<\/div>\n<\/div>\n<\/div>\n<p>Louez le Nanlite EggCrate pour Pavotube 30C maintenant sur <a href=\"https:\/\/www.cinesouk.ma\/fr\">CINESOUK<\/a> - une marque de <a href=\"https:\/\/www.broadway.ma\/\">BROADWAY PRODUCTIONS SARL.<\/a><\/p>","protected":false},"excerpt":{"rendered":"<h3>Sp\u00e9cifications :<\/h3>\n<ul>\n<li><strong>Compatibilit\u00e9<\/strong>: Nanlite PavoTube 30C LED Tube Light<\/li>\n<li><strong>Composants<\/strong>: Grilles \u00e0 claire-voie et grilles en forme d'\u0153uf<\/li>\n<li><strong>Mat\u00e9riau<\/strong>: Construction en tissu pour la portabilit\u00e9<\/li>\n<\/ul>","protected":false},"featured_media":9333,"template":"","meta":{"om_disable_all_campaigns":false,"_monsterinsights_skip_tracking":false,"_monsterinsights_sitenote_active":false,"_monsterinsights_sitenote_note":"","_monsterinsights_sitenote_category":0,"_uf_show_specific_survey":0,"_uf_disable_surveys":false},"product_brand":[],"product_cat":[37,20],"product_tag":[],"class_list":{"0":"post-9312","1":"product","2":"type-product","3":"status-publish","4":"has-post-thumbnail","6":"product_cat-accessories-cinesouk","7":"product_cat-light-cinesouk","9":"entry","10":"has-media","12":"first","13":"instock","14":"taxable","15":"shipping-taxable","16":"purchasable","17":"product-type-variable","18":"has-product-nav","19":"col","20":"span_1_of_3","21":"owp-content-center","22":"owp-thumbs-layout-horizontal","23":"owp-btn-normal","24":"owp-tabs-layout-horizontal","25":"has-no-thumbnails"},"yoast_head":"<!-- This site is optimized with the Yoast SEO Premium plugin v26.0 (Yoast SEO v26.0) - https:\/\/yoast.com\/wordpress\/plugins\/seo\/ -->\n<title>Nanlite EggCrate for Pavotube 30C - CineSouk<\/title>\n<meta name=\"description\" content=\"Nanlite Barndoor with Eggcrate for PavoTube 30C: Enhance light control, reduce spill, and improve focus with this portable modifier.\" \/>\n<meta name=\"robots\" content=\"index, follow, max-snippet:-1, max-image-preview:large, max-video-preview:-1\" \/>\n<link rel=\"canonical\" href=\"https:\/\/www.cinesouk.ma\/fr\/produit\/nanlite-eggcrate-for-pavotube-30c\/\" \/>\n<meta property=\"og:locale\" content=\"fr_FR\" \/>\n<meta property=\"og:type\" content=\"article\" \/>\n<meta property=\"og:title\" content=\"Nanlite EggCrate for Pavotube 30C\" \/>\n<meta property=\"og:description\" content=\"Nanlite Barndoor with Eggcrate for PavoTube 30C: Enhance light control, reduce spill, and improve focus with this portable modifier.\" \/>\n<meta property=\"og:url\" content=\"https:\/\/www.cinesouk.ma\/fr\/produit\/nanlite-eggcrate-for-pavotube-30c\/\" \/>\n<meta property=\"og:site_name\" content=\"CineSouk\" \/>\n<meta property=\"article:modified_time\" content=\"2025-08-22T13:35:28+00:00\" \/>\n<meta property=\"og:image\" content=\"https:\/\/www.cinesouk.ma\/wp-content\/uploads\/2024\/11\/Nanlite-Egg-Crate-for-Pavotube-30C.jpg\" \/>\n\t<meta property=\"og:image:width\" content=\"300\" \/>\n\t<meta property=\"og:image:height\" content=\"238\" \/>\n\t<meta property=\"og:image:type\" content=\"image\/jpeg\" \/>\n<meta name=\"twitter:card\" content=\"summary_large_image\" \/>\n<meta name=\"twitter:description\" content=\"Nanlite Barndoor with Eggcrate for PavoTube 30C: Enhance light control, reduce spill, and improve focus with this portable modifier.\" \/>\n<meta name=\"twitter:label1\" content=\"Dur\u00e9e de lecture estim\u00e9e\" \/>\n\t<meta name=\"twitter:data1\" content=\"2 minutes\" \/>\n<script type=\"application\/ld+json\" class=\"yoast-schema-graph\">{\"@context\":\"https:\/\/schema.org\",\"@graph\":[{\"@type\":\"WebPage\",\"@id\":\"https:\/\/www.cinesouk.ma\/product\/nanlite-eggcrate-for-pavotube-30c\/\",\"url\":\"https:\/\/www.cinesouk.ma\/product\/nanlite-eggcrate-for-pavotube-30c\/\",\"name\":\"Nanlite EggCrate for Pavotube 30C - CineSouk\",\"isPartOf\":{\"@id\":\"https:\/\/www.cinesouk.ma\/#website\"},\"primaryImageOfPage\":{\"@id\":\"https:\/\/www.cinesouk.ma\/product\/nanlite-eggcrate-for-pavotube-30c\/#primaryimage\"},\"image\":{\"@id\":\"https:\/\/www.cinesouk.ma\/product\/nanlite-eggcrate-for-pavotube-30c\/#primaryimage\"},\"thumbnailUrl\":\"https:\/\/www.cinesouk.ma\/wp-content\/uploads\/2024\/11\/Nanlite-Egg-Crate-for-Pavotube-30C.jpg\",\"datePublished\":\"2024-11-01T05:00:58+00:00\",\"dateModified\":\"2025-08-22T13:35:28+00:00\",\"description\":\"Nanlite Barndoor with Eggcrate for PavoTube 30C: Enhance light control, reduce spill, and improve focus with this portable modifier.\",\"breadcrumb\":{\"@id\":\"https:\/\/www.cinesouk.ma\/product\/nanlite-eggcrate-for-pavotube-30c\/#breadcrumb\"},\"inLanguage\":\"fr-FR\",\"potentialAction\":[{\"@type\":\"ReadAction\",\"target\":[\"https:\/\/www.cinesouk.ma\/product\/nanlite-eggcrate-for-pavotube-30c\/\"]}]},{\"@type\":\"ImageObject\",\"inLanguage\":\"fr-FR\",\"@id\":\"https:\/\/www.cinesouk.ma\/product\/nanlite-eggcrate-for-pavotube-30c\/#primaryimage\",\"url\":\"https:\/\/www.cinesouk.ma\/wp-content\/uploads\/2024\/11\/Nanlite-Egg-Crate-for-Pavotube-30C.jpg\",\"contentUrl\":\"https:\/\/www.cinesouk.ma\/wp-content\/uploads\/2024\/11\/Nanlite-Egg-Crate-for-Pavotube-30C.jpg\",\"width\":300,\"height\":238,\"caption\":\"Nanlite EggCrate for Pavotube 30C\"},{\"@type\":\"BreadcrumbList\",\"@id\":\"https:\/\/www.cinesouk.ma\/product\/nanlite-eggcrate-for-pavotube-30c\/#breadcrumb\",\"itemListElement\":[{\"@type\":\"ListItem\",\"position\":1,\"name\":\"Home\",\"item\":\"https:\/\/www.cinesouk.ma\/\"},{\"@type\":\"ListItem\",\"position\":2,\"name\":\"Shop\",\"item\":\"https:\/\/www.cinesouk.ma\/shop\/\"},{\"@type\":\"ListItem\",\"position\":3,\"name\":\"Nanlite EggCrate for Pavotube 30C\"}]},{\"@type\":\"WebSite\",\"@id\":\"https:\/\/www.cinesouk.ma\/#website\",\"url\":\"https:\/\/www.cinesouk.ma\/\",\"name\":\"CineSouk\",\"description\":\"\",\"publisher\":{\"@id\":\"https:\/\/www.cinesouk.ma\/#organization\"},\"potentialAction\":[{\"@type\":\"SearchAction\",\"target\":{\"@type\":\"EntryPoint\",\"urlTemplate\":\"https:\/\/www.cinesouk.ma\/?s={search_term_string}\"},\"query-input\":{\"@type\":\"PropertyValueSpecification\",\"valueRequired\":true,\"valueName\":\"search_term_string\"}}],\"inLanguage\":\"fr-FR\"},{\"@type\":\"Organization\",\"@id\":\"https:\/\/www.cinesouk.ma\/#organization\",\"name\":\"CineSouk\",\"url\":\"https:\/\/www.cinesouk.ma\/\",\"logo\":{\"@type\":\"ImageObject\",\"inLanguage\":\"fr-FR\",\"@id\":\"https:\/\/www.cinesouk.ma\/#\/schema\/logo\/image\/\",\"url\":\"https:\/\/www.cinesouk.ma\/wp-content\/uploads\/2024\/01\/CineSouk-logo-v01-alpha-alligned-left.png\",\"contentUrl\":\"https:\/\/www.cinesouk.ma\/wp-content\/uploads\/2024\/01\/CineSouk-logo-v01-alpha-alligned-left.png\",\"width\":3204,\"height\":889,\"caption\":\"CineSouk\"},\"image\":{\"@id\":\"https:\/\/www.cinesouk.ma\/#\/schema\/logo\/image\/\"}}]}<\/script>\n<!-- \/ Yoast SEO Premium plugin. -->","yoast_head_json":{"title":"Nanlite EggCrate for Pavotube 30C - CineSouk","description":"Nanlite Barndoor with Eggcrate for PavoTube 30C: Enhance light control, reduce spill, and improve focus with this portable modifier.","robots":{"index":"index","follow":"follow","max-snippet":"max-snippet:-1","max-image-preview":"max-image-preview:large","max-video-preview":"max-video-preview:-1"},"canonical":"https:\/\/www.cinesouk.ma\/fr\/produit\/nanlite-eggcrate-for-pavotube-30c\/","og_locale":"fr_FR","og_type":"article","og_title":"Nanlite EggCrate for Pavotube 30C","og_description":"Nanlite Barndoor with Eggcrate for PavoTube 30C: Enhance light control, reduce spill, and improve focus with this portable modifier.","og_url":"https:\/\/www.cinesouk.ma\/fr\/produit\/nanlite-eggcrate-for-pavotube-30c\/","og_site_name":"CineSouk","article_modified_time":"2025-08-22T13:35:28+00:00","og_image":[{"width":300,"height":238,"url":"https:\/\/www.cinesouk.ma\/wp-content\/uploads\/2024\/11\/Nanlite-Egg-Crate-for-Pavotube-30C.jpg","type":"image\/jpeg"}],"twitter_card":"summary_large_image","twitter_description":"Nanlite Barndoor with Eggcrate for PavoTube 30C: Enhance light control, reduce spill, and improve focus with this portable modifier.","twitter_misc":{"Dur\u00e9e de lecture estim\u00e9e":"2 minutes"},"schema":{"@context":"https:\/\/schema.org","@graph":[{"@type":"WebPage","@id":"https:\/\/www.cinesouk.ma\/product\/nanlite-eggcrate-for-pavotube-30c\/","url":"https:\/\/www.cinesouk.ma\/product\/nanlite-eggcrate-for-pavotube-30c\/","name":"Nanlite EggCrate for Pavotube 30C - CineSouk","isPartOf":{"@id":"https:\/\/www.cinesouk.ma\/#website"},"primaryImageOfPage":{"@id":"https:\/\/www.cinesouk.ma\/product\/nanlite-eggcrate-for-pavotube-30c\/#primaryimage"},"image":{"@id":"https:\/\/www.cinesouk.ma\/product\/nanlite-eggcrate-for-pavotube-30c\/#primaryimage"},"thumbnailUrl":"https:\/\/www.cinesouk.ma\/wp-content\/uploads\/2024\/11\/Nanlite-Egg-Crate-for-Pavotube-30C.jpg","datePublished":"2024-11-01T05:00:58+00:00","dateModified":"2025-08-22T13:35:28+00:00","description":"Nanlite Barndoor with Eggcrate for PavoTube 30C: Enhance light control, reduce spill, and improve focus with this portable modifier.","breadcrumb":{"@id":"https:\/\/www.cinesouk.ma\/product\/nanlite-eggcrate-for-pavotube-30c\/#breadcrumb"},"inLanguage":"fr-FR","potentialAction":[{"@type":"ReadAction","target":["https:\/\/www.cinesouk.ma\/product\/nanlite-eggcrate-for-pavotube-30c\/"]}]},{"@type":"ImageObject","inLanguage":"fr-FR","@id":"https:\/\/www.cinesouk.ma\/product\/nanlite-eggcrate-for-pavotube-30c\/#primaryimage","url":"https:\/\/www.cinesouk.ma\/wp-content\/uploads\/2024\/11\/Nanlite-Egg-Crate-for-Pavotube-30C.jpg","contentUrl":"https:\/\/www.cinesouk.ma\/wp-content\/uploads\/2024\/11\/Nanlite-Egg-Crate-for-Pavotube-30C.jpg","width":300,"height":238,"caption":"Nanlite EggCrate for Pavotube 30C"},{"@type":"BreadcrumbList","@id":"https:\/\/www.cinesouk.ma\/product\/nanlite-eggcrate-for-pavotube-30c\/#breadcrumb","itemListElement":[{"@type":"ListItem","position":1,"name":"Home","item":"https:\/\/www.cinesouk.ma\/"},{"@type":"ListItem","position":2,"name":"Shop","item":"https:\/\/www.cinesouk.ma\/shop\/"},{"@type":"ListItem","position":3,"name":"Nanlite EggCrate for Pavotube 30C"}]},{"@type":"WebSite","@id":"https:\/\/www.cinesouk.ma\/#website","url":"https:\/\/www.cinesouk.ma\/","name":"CineSouk","description":"","publisher":{"@id":"https:\/\/www.cinesouk.ma\/#organization"},"potentialAction":[{"@type":"SearchAction","target":{"@type":"EntryPoint","urlTemplate":"https:\/\/www.cinesouk.ma\/?s={search_term_string}"},"query-input":{"@type":"PropertyValueSpecification","valueRequired":true,"valueName":"search_term_string"}}],"inLanguage":"fr-FR"},{"@type":"Organization","@id":"https:\/\/www.cinesouk.ma\/#organization","name":"CineSouk","url":"https:\/\/www.cinesouk.ma\/","logo":{"@type":"ImageObject","inLanguage":"fr-FR","@id":"https:\/\/www.cinesouk.ma\/#\/schema\/logo\/image\/","url":"https:\/\/www.cinesouk.ma\/wp-content\/uploads\/2024\/01\/CineSouk-logo-v01-alpha-alligned-left.png","contentUrl":"https:\/\/www.cinesouk.ma\/wp-content\/uploads\/2024\/01\/CineSouk-logo-v01-alpha-alligned-left.png","width":3204,"height":889,"caption":"CineSouk"},"image":{"@id":"https:\/\/www.cinesouk.ma\/#\/schema\/logo\/image\/"}}]}},"_links":{"self":[{"href":"https:\/\/www.cinesouk.ma\/fr\/wp-json\/wp\/v2\/product\/9312","targetHints":{"allow":["GET"]}}],"collection":[{"href":"https:\/\/www.cinesouk.ma\/fr\/wp-json\/wp\/v2\/product"}],"about":[{"href":"https:\/\/www.cinesouk.ma\/fr\/wp-json\/wp\/v2\/types\/product"}],"wp:featuredmedia":[{"embeddable":true,"href":"https:\/\/www.cinesouk.ma\/fr\/wp-json\/wp\/v2\/media\/9333"}],"wp:attachment":[{"href":"https:\/\/www.cinesouk.ma\/fr\/wp-json\/wp\/v2\/media?parent=9312"}],"wp:term":[{"taxonomy":"product_brand","embeddable":true,"href":"https:\/\/www.cinesouk.ma\/fr\/wp-json\/wp\/v2\/product_brand?post=9312"},{"taxonomy":"product_cat","embeddable":true,"href":"https:\/\/www.cinesouk.ma\/fr\/wp-json\/wp\/v2\/product_cat?post=9312"},{"taxonomy":"product_tag","embeddable":true,"href":"https:\/\/www.cinesouk.ma\/fr\/wp-json\/wp\/v2\/product_tag?post=9312"}],"curies":[{"name":"wp","href":"https:\/\/api.w.org\/{rel}","templated":true}]}}