{"id":935,"date":"2024-12-04T10:29:38","date_gmt":"2024-12-04T10:29:38","guid":{"rendered":"https:\/\/www.cinesouk.ma\/?post_type=product&#038;p=935"},"modified":"2025-09-25T15:03:02","modified_gmt":"2025-09-25T15:03:02","slug":"sony-fe-pz-28-135mm-f-4-g-oss","status":"publish","type":"product","link":"https:\/\/www.cinesouk.ma\/fr\/produit\/sony-fe-pz-28-135mm-f-4-g-oss\/","title":{"rendered":"Sony FE PZ 28-135mm F\/4 G OSS Lens"},"content":{"rendered":"<p>L'objectif Sony FE PZ 28-135mm f\/4 G OSS est l'incarnation de la pr\u00e9cision et de l'innovation h\u00e9rit\u00e9es de l'\u00e9quipement professionnel de Sony. Con\u00e7u pour la r\u00e9alisation de films s\u00e9rieux, ce zoom standard haute performance de la s\u00e9rie G maintient une ouverture maximale F4 constante sur toute la plage de zoom. \u00c9quip\u00e9 de trois bagues de contr\u00f4le, il offre un contr\u00f4le manuel pour les productions grand format exigeantes, tandis que le tout premier moteur SSM dans un objectif destin\u00e9 au cin\u00e9ma garantit un zoom motoris\u00e9 silencieux.<\/p>\n<h5>Caract\u00e9ristiques principales :<\/h5>\n<p>Location d'un objectif zoom standard haute performance de la s\u00e9rie G<br \/>\nOuverture maximale constante de F4 pour une qualit\u00e9 constante<br \/>\nCon\u00e7u pour la r\u00e9alisation de films de haute qualit\u00e9, y compris en 4K<br \/>\nZoom motoris\u00e9 doux et silencieux<br \/>\nConception r\u00e9sistante \u00e0 la poussi\u00e8re et \u00e0 l'humidit\u00e9 pour une fiabilit\u00e9 \u00e0 toute \u00e9preuve<\/p>\n<h5>Une location d'objectif plein cadre pour l'excellence cin\u00e9matographique :<\/h5>\n<p>Le Sony FE PZ 28-135mm f\/4 G est con\u00e7u pour r\u00e9pondre aux exigences optiques et op\u00e9rationnelles rigoureuses du cin\u00e9ma professionnel. Cet objectif zoom motoris\u00e9 compl\u00e8te les appareils photo 35 mm plein format haute performance ou les cam\u00e9scopes au format Super 35. Une autre caract\u00e9ristique est qu'il minimise la respiration de la mise au point, le d\u00e9calage de l'image et les aberrations. Il en r\u00e9sulte une qualit\u00e9 d'image irr\u00e9prochable.<\/p>\n<h5>Smooth Motion Optics (SMO) :<\/h5>\n<p>Utilisant le concept de conception optique de Sony, Smooth Motion Optics, cette location d'objectif a pour priorit\u00e9 d'obtenir la meilleure qualit\u00e9 d'image et la meilleure r\u00e9solution pour les images anim\u00e9es. En s'attaquant aux probl\u00e8mes critiques du cin\u00e9ma tels que la respiration de la mise au point, les changements de mise au point pendant le zoom et le mouvement lat\u00e9ral de l'axe optique pendant le zoom, il garantit une exp\u00e9rience cin\u00e9matographique de qualit\u00e9 sup\u00e9rieure.<\/p>\n<h5>Zoom motoris\u00e9 silencieux avec RDSSM :<\/h5>\n<p>Dot\u00e9 du premier moteur RDSSM (Ring Drive Super Sonic Wave Motor) au monde pour le cin\u00e9ma, il offre un zoom d'une douceur et d'un silence exceptionnels. Le fonctionnement du diaphragme est tout aussi souple et silencieux. Des bagues de commande ind\u00e9pendantes pour le zoom, la mise au point et le diaphragme offrent une grande polyvalence, avec un contr\u00f4le pr\u00e9cis de la vitesse du zoom et une capacit\u00e9 d'inversion de sens.<\/p>\n<h5>Compact, l\u00e9ger et fiable :<\/h5>\n<p>Les objectifs sont compacts et l\u00e9gers. Cela garantit une mobilit\u00e9 maximale dans diverses situations de prise de vue. L'objectif est \u00e9galement dot\u00e9 d'une conception robuste. Il emp\u00eache ainsi la poussi\u00e8re et l'humidit\u00e9 de p\u00e9n\u00e9trer, ce qui garantit un fonctionnement fiable dans diverses conditions. Am\u00e9liorez votre exp\u00e9rience cin\u00e9matographique avec la location de l'objectif FE PZ 28-135mm F4 G OSS - o\u00f9 la pr\u00e9cision rencontre l'excellence.<\/p>\n<p>Louez-le maintenant sur <a href=\"https:\/\/www.cinesouk.ma\/fr\">CINESOUK<\/a> - une marque de <a href=\"https:\/\/www.broadway.ma\/\">BROADWAY PRODUCTIONS SARL.<\/a><\/p>","protected":false},"excerpt":{"rendered":"<p>Sp\u00e9cifications<\/p>\n<p><span data-sheets-value=\"{&quot;1&quot;:2,&quot;2&quot;:&quot;Focal lenght: 70 - 200mmnMax Aperture: f\/4 nMin Aperture: f\/22nFormat: Full-framenFocus type: Autofocus n&quot;}\" data-sheets-userformat=\"{&quot;2&quot;:15299,&quot;3&quot;:{&quot;1&quot;:0},&quot;4&quot;:{&quot;1&quot;:2,&quot;2&quot;:16777215},&quot;9&quot;:1,&quot;10&quot;:1,&quot;11&quot;:4,&quot;12&quot;:0,&quot;14&quot;:{&quot;1&quot;:2,&quot;2&quot;:1644825},&quot;15&quot;:&quot;Helvetica&quot;,&quot;16&quot;:10}\"><b>Longueur focale :<\/b>\u00a028-135mm<br \/>\n<strong>F-stop max :<\/strong> f\/4<br \/>\n<strong>F-stop min :<\/strong> f\/22<br \/>\n<strong>Format :<\/strong> Plein cadre<br \/>\n<strong>Rapport de zoom<\/strong>: 4.8x<br \/>\n<strong>Le montage :<\/strong> Monture E<\/span><\/p>","protected":false},"featured_media":15026,"template":"","meta":{"om_disable_all_campaigns":false,"_monsterinsights_skip_tracking":false,"_monsterinsights_sitenote_active":false,"_monsterinsights_sitenote_note":"","_monsterinsights_sitenote_category":0,"_uf_show_specific_survey":0,"_uf_disable_surveys":false},"product_brand":[],"product_cat":[36],"product_tag":[],"class_list":{"0":"post-935","1":"product","2":"type-product","3":"status-publish","4":"has-post-thumbnail","6":"product_cat-lenses-cinesouk","8":"entry","9":"has-media","11":"first","12":"instock","13":"taxable","14":"shipping-taxable","15":"purchasable","16":"product-type-variable","17":"has-product-nav","18":"col","19":"span_1_of_3","20":"owp-content-center","21":"owp-thumbs-layout-horizontal","22":"owp-btn-normal","23":"owp-tabs-layout-horizontal","24":"has-no-thumbnails"},"yoast_head":"<!-- This site is optimized with the Yoast SEO Premium plugin v26.0 (Yoast SEO v26.0) - https:\/\/yoast.com\/wordpress\/plugins\/seo\/ -->\n<title>Sony FE PZ 28-135mm F\/4 G OSS Lens - Lens - Marrakech | Morocco - CineSouk<\/title>\n<meta name=\"description\" content=\"Enhance your filmmaking in Morocco with the Sony FE PZ 28-135mm F4 G OSS lens. Rent now for precision and reliability. - CineSouk\" \/>\n<meta name=\"robots\" content=\"index, follow, max-snippet:-1, max-image-preview:large, max-video-preview:-1\" \/>\n<link rel=\"canonical\" href=\"https:\/\/www.cinesouk.ma\/fr\/produit\/sony-fe-pz-28-135mm-f-4-g-oss\/\" \/>\n<meta property=\"og:locale\" content=\"fr_FR\" \/>\n<meta property=\"og:type\" content=\"article\" \/>\n<meta property=\"og:title\" content=\"Sony FE PZ 28-135mm F\/4 G OSS Lens\" \/>\n<meta property=\"og:description\" content=\"Enhance your filmmaking in Morocco with the Sony FE PZ 28-135mm F4 G OSS lens. Rent now for precision and reliability. - CineSouk\" \/>\n<meta property=\"og:url\" content=\"https:\/\/www.cinesouk.ma\/fr\/produit\/sony-fe-pz-28-135mm-f-4-g-oss\/\" \/>\n<meta property=\"og:site_name\" content=\"CineSouk\" \/>\n<meta property=\"article:modified_time\" content=\"2025-09-25T15:03:02+00:00\" \/>\n<meta property=\"og:image\" content=\"https:\/\/www.cinesouk.ma\/wp-content\/uploads\/2024\/12\/Sony-FE-PZ-28-135mm-F4-G-OSS-Lens.jpg\" \/>\n\t<meta property=\"og:image:width\" content=\"300\" \/>\n\t<meta property=\"og:image:height\" content=\"238\" \/>\n\t<meta property=\"og:image:type\" content=\"image\/jpeg\" \/>\n<meta name=\"twitter:card\" content=\"summary_large_image\" \/>\n<meta name=\"twitter:description\" content=\"Enhance your filmmaking in Morocco with the Sony FE PZ 28-135mm F4 G OSS lens. Rent now for precision and reliability. - CineSouk\" \/>\n<meta name=\"twitter:label1\" content=\"Dur\u00e9e de lecture estim\u00e9e\" \/>\n\t<meta name=\"twitter:data1\" content=\"2 minutes\" \/>\n<script type=\"application\/ld+json\" class=\"yoast-schema-graph\">{\"@context\":\"https:\/\/schema.org\",\"@graph\":[{\"@type\":\"WebPage\",\"@id\":\"https:\/\/www.cinesouk.ma\/product\/sony-fe-pz-28-135mm-f-4-g-oss\/\",\"url\":\"https:\/\/www.cinesouk.ma\/product\/sony-fe-pz-28-135mm-f-4-g-oss\/\",\"name\":\"Sony FE PZ 28-135mm F\/4 G OSS Lens - Lens - Marrakech | Morocco - CineSouk\",\"isPartOf\":{\"@id\":\"https:\/\/www.cinesouk.ma\/#website\"},\"primaryImageOfPage\":{\"@id\":\"https:\/\/www.cinesouk.ma\/product\/sony-fe-pz-28-135mm-f-4-g-oss\/#primaryimage\"},\"image\":{\"@id\":\"https:\/\/www.cinesouk.ma\/product\/sony-fe-pz-28-135mm-f-4-g-oss\/#primaryimage\"},\"thumbnailUrl\":\"https:\/\/www.cinesouk.ma\/wp-content\/uploads\/2024\/12\/Sony-FE-PZ-28-135mm-F4-G-OSS-Lens.jpg\",\"datePublished\":\"2024-12-04T10:29:38+00:00\",\"dateModified\":\"2025-09-25T15:03:02+00:00\",\"description\":\"Enhance your filmmaking in Morocco with the Sony FE PZ 28-135mm F4 G OSS lens. Rent now for precision and reliability. - CineSouk\",\"breadcrumb\":{\"@id\":\"https:\/\/www.cinesouk.ma\/product\/sony-fe-pz-28-135mm-f-4-g-oss\/#breadcrumb\"},\"inLanguage\":\"fr-FR\",\"potentialAction\":[{\"@type\":\"ReadAction\",\"target\":[\"https:\/\/www.cinesouk.ma\/product\/sony-fe-pz-28-135mm-f-4-g-oss\/\"]}]},{\"@type\":\"ImageObject\",\"inLanguage\":\"fr-FR\",\"@id\":\"https:\/\/www.cinesouk.ma\/product\/sony-fe-pz-28-135mm-f-4-g-oss\/#primaryimage\",\"url\":\"https:\/\/www.cinesouk.ma\/wp-content\/uploads\/2024\/12\/Sony-FE-PZ-28-135mm-F4-G-OSS-Lens.jpg\",\"contentUrl\":\"https:\/\/www.cinesouk.ma\/wp-content\/uploads\/2024\/12\/Sony-FE-PZ-28-135mm-F4-G-OSS-Lens.jpg\",\"width\":300,\"height\":238,\"caption\":\"Sony FE PZ 28-135mm F\/4 G OSS Lens\"},{\"@type\":\"BreadcrumbList\",\"@id\":\"https:\/\/www.cinesouk.ma\/product\/sony-fe-pz-28-135mm-f-4-g-oss\/#breadcrumb\",\"itemListElement\":[{\"@type\":\"ListItem\",\"position\":1,\"name\":\"Home\",\"item\":\"https:\/\/www.cinesouk.ma\/\"},{\"@type\":\"ListItem\",\"position\":2,\"name\":\"Shop\",\"item\":\"https:\/\/www.cinesouk.ma\/shop\/\"},{\"@type\":\"ListItem\",\"position\":3,\"name\":\"Sony FE PZ 28-135mm F\/4 G OSS Lens\"}]},{\"@type\":\"WebSite\",\"@id\":\"https:\/\/www.cinesouk.ma\/#website\",\"url\":\"https:\/\/www.cinesouk.ma\/\",\"name\":\"CineSouk\",\"description\":\"\",\"publisher\":{\"@id\":\"https:\/\/www.cinesouk.ma\/#organization\"},\"potentialAction\":[{\"@type\":\"SearchAction\",\"target\":{\"@type\":\"EntryPoint\",\"urlTemplate\":\"https:\/\/www.cinesouk.ma\/?s={search_term_string}\"},\"query-input\":{\"@type\":\"PropertyValueSpecification\",\"valueRequired\":true,\"valueName\":\"search_term_string\"}}],\"inLanguage\":\"fr-FR\"},{\"@type\":\"Organization\",\"@id\":\"https:\/\/www.cinesouk.ma\/#organization\",\"name\":\"CineSouk\",\"url\":\"https:\/\/www.cinesouk.ma\/\",\"logo\":{\"@type\":\"ImageObject\",\"inLanguage\":\"fr-FR\",\"@id\":\"https:\/\/www.cinesouk.ma\/#\/schema\/logo\/image\/\",\"url\":\"https:\/\/www.cinesouk.ma\/wp-content\/uploads\/2024\/01\/CineSouk-logo-v01-alpha-alligned-left.png\",\"contentUrl\":\"https:\/\/www.cinesouk.ma\/wp-content\/uploads\/2024\/01\/CineSouk-logo-v01-alpha-alligned-left.png\",\"width\":3204,\"height\":889,\"caption\":\"CineSouk\"},\"image\":{\"@id\":\"https:\/\/www.cinesouk.ma\/#\/schema\/logo\/image\/\"}}]}<\/script>\n<!-- \/ Yoast SEO Premium plugin. -->","yoast_head_json":{"title":"Sony FE PZ 28-135mm F\/4 G OSS Lens - Lens - Marrakech | Morocco - CineSouk","description":"Enhance your filmmaking in Morocco with the Sony FE PZ 28-135mm F4 G OSS lens. Rent now for precision and reliability. - CineSouk","robots":{"index":"index","follow":"follow","max-snippet":"max-snippet:-1","max-image-preview":"max-image-preview:large","max-video-preview":"max-video-preview:-1"},"canonical":"https:\/\/www.cinesouk.ma\/fr\/produit\/sony-fe-pz-28-135mm-f-4-g-oss\/","og_locale":"fr_FR","og_type":"article","og_title":"Sony FE PZ 28-135mm F\/4 G OSS Lens","og_description":"Enhance your filmmaking in Morocco with the Sony FE PZ 28-135mm F4 G OSS lens. Rent now for precision and reliability. - CineSouk","og_url":"https:\/\/www.cinesouk.ma\/fr\/produit\/sony-fe-pz-28-135mm-f-4-g-oss\/","og_site_name":"CineSouk","article_modified_time":"2025-09-25T15:03:02+00:00","og_image":[{"width":300,"height":238,"url":"https:\/\/www.cinesouk.ma\/wp-content\/uploads\/2024\/12\/Sony-FE-PZ-28-135mm-F4-G-OSS-Lens.jpg","type":"image\/jpeg"}],"twitter_card":"summary_large_image","twitter_description":"Enhance your filmmaking in Morocco with the Sony FE PZ 28-135mm F4 G OSS lens. Rent now for precision and reliability. - CineSouk","twitter_misc":{"Dur\u00e9e de lecture estim\u00e9e":"2 minutes"},"schema":{"@context":"https:\/\/schema.org","@graph":[{"@type":"WebPage","@id":"https:\/\/www.cinesouk.ma\/product\/sony-fe-pz-28-135mm-f-4-g-oss\/","url":"https:\/\/www.cinesouk.ma\/product\/sony-fe-pz-28-135mm-f-4-g-oss\/","name":"Sony FE PZ 28-135mm F\/4 G OSS Lens - Lens - Marrakech | Morocco - CineSouk","isPartOf":{"@id":"https:\/\/www.cinesouk.ma\/#website"},"primaryImageOfPage":{"@id":"https:\/\/www.cinesouk.ma\/product\/sony-fe-pz-28-135mm-f-4-g-oss\/#primaryimage"},"image":{"@id":"https:\/\/www.cinesouk.ma\/product\/sony-fe-pz-28-135mm-f-4-g-oss\/#primaryimage"},"thumbnailUrl":"https:\/\/www.cinesouk.ma\/wp-content\/uploads\/2024\/12\/Sony-FE-PZ-28-135mm-F4-G-OSS-Lens.jpg","datePublished":"2024-12-04T10:29:38+00:00","dateModified":"2025-09-25T15:03:02+00:00","description":"Enhance your filmmaking in Morocco with the Sony FE PZ 28-135mm F4 G OSS lens. Rent now for precision and reliability. - CineSouk","breadcrumb":{"@id":"https:\/\/www.cinesouk.ma\/product\/sony-fe-pz-28-135mm-f-4-g-oss\/#breadcrumb"},"inLanguage":"fr-FR","potentialAction":[{"@type":"ReadAction","target":["https:\/\/www.cinesouk.ma\/product\/sony-fe-pz-28-135mm-f-4-g-oss\/"]}]},{"@type":"ImageObject","inLanguage":"fr-FR","@id":"https:\/\/www.cinesouk.ma\/product\/sony-fe-pz-28-135mm-f-4-g-oss\/#primaryimage","url":"https:\/\/www.cinesouk.ma\/wp-content\/uploads\/2024\/12\/Sony-FE-PZ-28-135mm-F4-G-OSS-Lens.jpg","contentUrl":"https:\/\/www.cinesouk.ma\/wp-content\/uploads\/2024\/12\/Sony-FE-PZ-28-135mm-F4-G-OSS-Lens.jpg","width":300,"height":238,"caption":"Sony FE PZ 28-135mm F\/4 G OSS Lens"},{"@type":"BreadcrumbList","@id":"https:\/\/www.cinesouk.ma\/product\/sony-fe-pz-28-135mm-f-4-g-oss\/#breadcrumb","itemListElement":[{"@type":"ListItem","position":1,"name":"Home","item":"https:\/\/www.cinesouk.ma\/"},{"@type":"ListItem","position":2,"name":"Shop","item":"https:\/\/www.cinesouk.ma\/shop\/"},{"@type":"ListItem","position":3,"name":"Sony FE PZ 28-135mm F\/4 G OSS Lens"}]},{"@type":"WebSite","@id":"https:\/\/www.cinesouk.ma\/#website","url":"https:\/\/www.cinesouk.ma\/","name":"CineSouk","description":"","publisher":{"@id":"https:\/\/www.cinesouk.ma\/#organization"},"potentialAction":[{"@type":"SearchAction","target":{"@type":"EntryPoint","urlTemplate":"https:\/\/www.cinesouk.ma\/?s={search_term_string}"},"query-input":{"@type":"PropertyValueSpecification","valueRequired":true,"valueName":"search_term_string"}}],"inLanguage":"fr-FR"},{"@type":"Organization","@id":"https:\/\/www.cinesouk.ma\/#organization","name":"CineSouk","url":"https:\/\/www.cinesouk.ma\/","logo":{"@type":"ImageObject","inLanguage":"fr-FR","@id":"https:\/\/www.cinesouk.ma\/#\/schema\/logo\/image\/","url":"https:\/\/www.cinesouk.ma\/wp-content\/uploads\/2024\/01\/CineSouk-logo-v01-alpha-alligned-left.png","contentUrl":"https:\/\/www.cinesouk.ma\/wp-content\/uploads\/2024\/01\/CineSouk-logo-v01-alpha-alligned-left.png","width":3204,"height":889,"caption":"CineSouk"},"image":{"@id":"https:\/\/www.cinesouk.ma\/#\/schema\/logo\/image\/"}}]}},"_links":{"self":[{"href":"https:\/\/www.cinesouk.ma\/fr\/wp-json\/wp\/v2\/product\/935","targetHints":{"allow":["GET"]}}],"collection":[{"href":"https:\/\/www.cinesouk.ma\/fr\/wp-json\/wp\/v2\/product"}],"about":[{"href":"https:\/\/www.cinesouk.ma\/fr\/wp-json\/wp\/v2\/types\/product"}],"wp:featuredmedia":[{"embeddable":true,"href":"https:\/\/www.cinesouk.ma\/fr\/wp-json\/wp\/v2\/media\/15026"}],"wp:attachment":[{"href":"https:\/\/www.cinesouk.ma\/fr\/wp-json\/wp\/v2\/media?parent=935"}],"wp:term":[{"taxonomy":"product_brand","embeddable":true,"href":"https:\/\/www.cinesouk.ma\/fr\/wp-json\/wp\/v2\/product_brand?post=935"},{"taxonomy":"product_cat","embeddable":true,"href":"https:\/\/www.cinesouk.ma\/fr\/wp-json\/wp\/v2\/product_cat?post=935"},{"taxonomy":"product_tag","embeddable":true,"href":"https:\/\/www.cinesouk.ma\/fr\/wp-json\/wp\/v2\/product_tag?post=935"}],"curies":[{"name":"wp","href":"https:\/\/api.w.org\/{rel}","templated":true}]}}