{"id":9383,"date":"2024-11-01T06:00:58","date_gmt":"2024-11-01T06:00:58","guid":{"rendered":"https:\/\/www.cinesouk.ma\/?post_type=product&#038;p=9383"},"modified":"2025-08-22T13:32:01","modified_gmt":"2025-08-22T13:32:01","slug":"nanlite-pavotube-ii-6c-dual-kit","status":"publish","type":"product","link":"https:\/\/www.cinesouk.ma\/fr\/produit\/nanlite-pavotube-ii-6c-dual-kit\/","title":{"rendered":"Nanlite PavoTube II 6C (Dual Kit)"},"content":{"rendered":"<p>Le Nanlite PavoTube II 6C Dual Kit est con\u00e7u pour ceux qui appr\u00e9cient la portabilit\u00e9 et les solutions d'\u00e9clairage cr\u00e9atives. Ce kit compact comprend deux tubes LED de 1 pied qui offrent une pr\u00e9cision d'\u00e9clairage exceptionnelle pour divers projets. Gr\u00e2ce \u00e0 ses caract\u00e9ristiques avanc\u00e9es, il s'adresse aux cin\u00e9astes, aux photographes et aux cr\u00e9ateurs de contenu qui cherchent \u00e0 am\u00e9liorer leur travail.<\/p>\n<p>Les lampes de ce kit ont une temp\u00e9rature de couleur r\u00e9glable, allant de 2700K \u00e0 7500K. Cela permet aux utilisateurs de s'adapter \u00e0 la lumi\u00e8re ambiante ou de cr\u00e9er des effets artistiques uniques en toute simplicit\u00e9. De plus, le contr\u00f4le RVB complet garantit des options de couleurs vibrantes, parfaites pour les configurations d'\u00e9clairage dynamiques et cr\u00e9atives. Qu'il s'agisse de vid\u00e9os ou de photos, les \u00e9clairages offrent une polyvalence qui permet de r\u00e9pondre \u00e0 toutes les demandes artistiques.<\/p>\n<p>Avec une grande pr\u00e9cision des couleurs, \u00e9valu\u00e9e \u00e0 CRI 95+ et TLCI 95+, le kit garantit des r\u00e9sultats de qualit\u00e9 professionnelle. La pr\u00e9cision du rendu des couleurs permet de conserver les tons naturels de vos sc\u00e8nes, que vous filmiez en int\u00e9rieur ou en ext\u00e9rieur. Les 15 effets sp\u00e9ciaux int\u00e9gr\u00e9s, y compris les flashs, les fondus et les stroboscopes, ajoutent une dimension cr\u00e9ative \u00e0 votre travail, en am\u00e9liorant les effets d'\u00e9clairage dramatiques ou th\u00e9matiques.<\/p>\n<p>Les \u00e9clairages PavoTube II 6C sont \u00e0 la fois compacts et portables, ce qui les rend id\u00e9aux pour les petits studios ou les tournages en ext\u00e9rieur. Elles sont l\u00e9g\u00e8res, ce qui permet de les transporter facilement et de les utiliser avec souplesse dans les espaces restreints. De plus, leurs multiples options de contr\u00f4le, y compris les commandes embarqu\u00e9es, l'application Nanlink ou le DMX, garantissent une int\u00e9gration transparente dans divers flux de travail.<\/p>\n<p>Chaque lampe est aliment\u00e9e par une batterie interne rechargeable, offrant jusqu'\u00e0 une heure d'autonomie \u00e0 pleine luminosit\u00e9. Le chargement est simple gr\u00e2ce \u00e0 la prise en charge USB-C, ce qui garantit la commodit\u00e9 lors des tournages prolong\u00e9s. Le support magn\u00e9tique permet aux utilisateurs de fixer rapidement les lampes sur des surfaces m\u00e9talliques, offrant ainsi diverses possibilit\u00e9s de montage.<\/p>\n<p>En conclusion, le Nanlite PavoTube II 6C Dual Kit offre un \u00e9quilibre id\u00e9al entre portabilit\u00e9, pr\u00e9cision et cr\u00e9ativit\u00e9. C'est l'outil id\u00e9al pour les professionnels et les amateurs qui souhaitent obtenir des r\u00e9sultats \u00e9tonnants et de haute qualit\u00e9 dans divers environnements.<\/p>\n<p><strong>Louez le Nanlite PavoTube II 6C Dual Kit d\u00e8s maintenant chez CINESOUK - une marque de BROADWAY PRODUCTIONS SARL.<\/strong><\/p>","protected":false},"excerpt":{"rendered":"<p><strong>Sp\u00e9cifications :<\/strong><\/p>\n<ul>\n<li><strong>Plage de temp\u00e9rature de couleur :<\/strong> 2700K \u00e0 7500K<\/li>\n<li><strong>Pr\u00e9cision des couleurs :<\/strong> CRI : 95+ ; TLCI : 95+<\/li>\n<li><strong>Gamme de gradation :<\/strong> 0% \u00e0 100%<\/li>\n<li><strong>Angle du faisceau :<\/strong> 180\u00b0<\/li>\n<li><strong>Effets int\u00e9gr\u00e9s :<\/strong> 15 effets sp\u00e9ciaux personnalisables<\/li>\n<li><strong>Options de contr\u00f4le :<\/strong> Commandes embarqu\u00e9es, Bluetooth via l'appli NANLINK, USB-C et sans fil 2,4 GHz.<\/li>\n<li><strong>Autonomie de la batterie :<\/strong> Environ 1 heure \u00e0 une luminosit\u00e9 de 100%<\/li>\n<li><strong>Temps de charge :<\/strong> Environ 2,5 heures pour une charge compl\u00e8te<\/li>\n<li><strong>Alimentation \u00e9lectrique :<\/strong> Chargement USB-C PD (5V\/2A ou plus)<\/li>\n<li><strong>Dimensions :<\/strong> Longueur : 1 pied (25 cm) ; Diam\u00e8tre : 1,5 in (3,8 cm)<\/li>\n<li><strong>Poids :<\/strong> Environ 0,62 lb (0,28 kg) par lampe<\/li>\n<\/ul>","protected":false},"featured_media":10590,"template":"","meta":{"om_disable_all_campaigns":false,"_monsterinsights_skip_tracking":false,"_monsterinsights_sitenote_active":false,"_monsterinsights_sitenote_note":"","_monsterinsights_sitenote_category":0,"_uf_show_specific_survey":0,"_uf_disable_surveys":false},"product_brand":[],"product_cat":[131,37,106,90,20],"product_tag":[],"class_list":{"0":"post-9383","1":"product","2":"type-product","3":"status-publish","4":"has-post-thumbnail","6":"product_cat-light-eventsouk","7":"product_cat-accessories-cinesouk","8":"product_cat-decorative-lights-eventsouk","9":"product_cat-djparty-cinesouk","10":"product_cat-light-cinesouk","12":"entry","13":"has-media","15":"first","16":"instock","17":"taxable","18":"shipping-taxable","19":"purchasable","20":"product-type-variable","21":"has-product-nav","22":"col","23":"span_1_of_3","24":"owp-content-center","25":"owp-thumbs-layout-horizontal","26":"owp-btn-normal","27":"owp-tabs-layout-horizontal","28":"has-no-thumbnails"},"yoast_head":"<!-- This site is optimized with the Yoast SEO Premium plugin v26.0 (Yoast SEO v26.0) - https:\/\/yoast.com\/wordpress\/plugins\/seo\/ -->\n<title>Nanlite PavoTube II 6C (Dual Kit) - CineSouk<\/title>\n<meta name=\"description\" content=\"Nanlite PavoTube II 6C Dual Kit: Two 1-ft LED tube lights with 2700K\u20137500K color, RGB control, and built-in effects for versatile lighting.\" \/>\n<meta name=\"robots\" content=\"index, follow, max-snippet:-1, max-image-preview:large, max-video-preview:-1\" \/>\n<link rel=\"canonical\" href=\"https:\/\/www.cinesouk.ma\/fr\/produit\/nanlite-pavotube-ii-6c-dual-kit\/\" \/>\n<meta property=\"og:locale\" content=\"fr_FR\" \/>\n<meta property=\"og:type\" content=\"article\" \/>\n<meta property=\"og:title\" content=\"Nanlite PavoTube II 6C (Dual Kit)\" \/>\n<meta property=\"og:description\" content=\"Nanlite PavoTube II 6C Dual Kit: Two 1-ft LED tube lights with 2700K\u20137500K color, RGB control, and built-in effects for versatile lighting.\" \/>\n<meta property=\"og:url\" content=\"https:\/\/www.cinesouk.ma\/fr\/produit\/nanlite-pavotube-ii-6c-dual-kit\/\" \/>\n<meta property=\"og:site_name\" content=\"CineSouk\" \/>\n<meta property=\"article:modified_time\" content=\"2025-08-22T13:32:01+00:00\" \/>\n<meta property=\"og:image\" content=\"https:\/\/www.cinesouk.ma\/wp-content\/uploads\/2024\/11\/Nanlite-PavoTube-II-6C-Dual-Kit.jpg\" \/>\n\t<meta property=\"og:image:width\" content=\"300\" \/>\n\t<meta property=\"og:image:height\" content=\"238\" \/>\n\t<meta property=\"og:image:type\" content=\"image\/jpeg\" \/>\n<meta name=\"twitter:card\" content=\"summary_large_image\" \/>\n<meta name=\"twitter:description\" content=\"Nanlite PavoTube II 6C Dual Kit: Two 1-ft LED tube lights with 2700K\u20137500K color, RGB control, and built-in effects for versatile lighting.\" \/>\n<meta name=\"twitter:label1\" content=\"Dur\u00e9e de lecture estim\u00e9e\" \/>\n\t<meta name=\"twitter:data1\" content=\"2 minutes\" \/>\n<script type=\"application\/ld+json\" class=\"yoast-schema-graph\">{\"@context\":\"https:\/\/schema.org\",\"@graph\":[{\"@type\":\"WebPage\",\"@id\":\"https:\/\/www.cinesouk.ma\/product\/nanlite-pavotube-ii-6c-dual-kit\/\",\"url\":\"https:\/\/www.cinesouk.ma\/product\/nanlite-pavotube-ii-6c-dual-kit\/\",\"name\":\"Nanlite PavoTube II 6C (Dual Kit) - CineSouk\",\"isPartOf\":{\"@id\":\"https:\/\/www.cinesouk.ma\/#website\"},\"primaryImageOfPage\":{\"@id\":\"https:\/\/www.cinesouk.ma\/product\/nanlite-pavotube-ii-6c-dual-kit\/#primaryimage\"},\"image\":{\"@id\":\"https:\/\/www.cinesouk.ma\/product\/nanlite-pavotube-ii-6c-dual-kit\/#primaryimage\"},\"thumbnailUrl\":\"https:\/\/www.cinesouk.ma\/wp-content\/uploads\/2024\/11\/Nanlite-PavoTube-II-6C-Dual-Kit.jpg\",\"datePublished\":\"2024-11-01T06:00:58+00:00\",\"dateModified\":\"2025-08-22T13:32:01+00:00\",\"description\":\"Nanlite PavoTube II 6C Dual Kit: Two 1-ft LED tube lights with 2700K\u20137500K color, RGB control, and built-in effects for versatile lighting.\",\"breadcrumb\":{\"@id\":\"https:\/\/www.cinesouk.ma\/product\/nanlite-pavotube-ii-6c-dual-kit\/#breadcrumb\"},\"inLanguage\":\"fr-FR\",\"potentialAction\":[{\"@type\":\"ReadAction\",\"target\":[\"https:\/\/www.cinesouk.ma\/product\/nanlite-pavotube-ii-6c-dual-kit\/\"]}]},{\"@type\":\"ImageObject\",\"inLanguage\":\"fr-FR\",\"@id\":\"https:\/\/www.cinesouk.ma\/product\/nanlite-pavotube-ii-6c-dual-kit\/#primaryimage\",\"url\":\"https:\/\/www.cinesouk.ma\/wp-content\/uploads\/2024\/11\/Nanlite-PavoTube-II-6C-Dual-Kit.jpg\",\"contentUrl\":\"https:\/\/www.cinesouk.ma\/wp-content\/uploads\/2024\/11\/Nanlite-PavoTube-II-6C-Dual-Kit.jpg\",\"width\":300,\"height\":238},{\"@type\":\"BreadcrumbList\",\"@id\":\"https:\/\/www.cinesouk.ma\/product\/nanlite-pavotube-ii-6c-dual-kit\/#breadcrumb\",\"itemListElement\":[{\"@type\":\"ListItem\",\"position\":1,\"name\":\"Home\",\"item\":\"https:\/\/www.cinesouk.ma\/\"},{\"@type\":\"ListItem\",\"position\":2,\"name\":\"Shop\",\"item\":\"https:\/\/www.cinesouk.ma\/shop\/\"},{\"@type\":\"ListItem\",\"position\":3,\"name\":\"Nanlite PavoTube II 6C (Dual Kit)\"}]},{\"@type\":\"WebSite\",\"@id\":\"https:\/\/www.cinesouk.ma\/#website\",\"url\":\"https:\/\/www.cinesouk.ma\/\",\"name\":\"CineSouk\",\"description\":\"\",\"publisher\":{\"@id\":\"https:\/\/www.cinesouk.ma\/#organization\"},\"potentialAction\":[{\"@type\":\"SearchAction\",\"target\":{\"@type\":\"EntryPoint\",\"urlTemplate\":\"https:\/\/www.cinesouk.ma\/?s={search_term_string}\"},\"query-input\":{\"@type\":\"PropertyValueSpecification\",\"valueRequired\":true,\"valueName\":\"search_term_string\"}}],\"inLanguage\":\"fr-FR\"},{\"@type\":\"Organization\",\"@id\":\"https:\/\/www.cinesouk.ma\/#organization\",\"name\":\"CineSouk\",\"url\":\"https:\/\/www.cinesouk.ma\/\",\"logo\":{\"@type\":\"ImageObject\",\"inLanguage\":\"fr-FR\",\"@id\":\"https:\/\/www.cinesouk.ma\/#\/schema\/logo\/image\/\",\"url\":\"https:\/\/www.cinesouk.ma\/wp-content\/uploads\/2024\/01\/CineSouk-logo-v01-alpha-alligned-left.png\",\"contentUrl\":\"https:\/\/www.cinesouk.ma\/wp-content\/uploads\/2024\/01\/CineSouk-logo-v01-alpha-alligned-left.png\",\"width\":3204,\"height\":889,\"caption\":\"CineSouk\"},\"image\":{\"@id\":\"https:\/\/www.cinesouk.ma\/#\/schema\/logo\/image\/\"}}]}<\/script>\n<!-- \/ Yoast SEO Premium plugin. -->","yoast_head_json":{"title":"Nanlite PavoTube II 6C (Dual Kit) - CineSouk","description":"Nanlite PavoTube II 6C Dual Kit: Two 1-ft LED tube lights with 2700K\u20137500K color, RGB control, and built-in effects for versatile lighting.","robots":{"index":"index","follow":"follow","max-snippet":"max-snippet:-1","max-image-preview":"max-image-preview:large","max-video-preview":"max-video-preview:-1"},"canonical":"https:\/\/www.cinesouk.ma\/fr\/produit\/nanlite-pavotube-ii-6c-dual-kit\/","og_locale":"fr_FR","og_type":"article","og_title":"Nanlite PavoTube II 6C (Dual Kit)","og_description":"Nanlite PavoTube II 6C Dual Kit: Two 1-ft LED tube lights with 2700K\u20137500K color, RGB control, and built-in effects for versatile lighting.","og_url":"https:\/\/www.cinesouk.ma\/fr\/produit\/nanlite-pavotube-ii-6c-dual-kit\/","og_site_name":"CineSouk","article_modified_time":"2025-08-22T13:32:01+00:00","og_image":[{"width":300,"height":238,"url":"https:\/\/www.cinesouk.ma\/wp-content\/uploads\/2024\/11\/Nanlite-PavoTube-II-6C-Dual-Kit.jpg","type":"image\/jpeg"}],"twitter_card":"summary_large_image","twitter_description":"Nanlite PavoTube II 6C Dual Kit: Two 1-ft LED tube lights with 2700K\u20137500K color, RGB control, and built-in effects for versatile lighting.","twitter_misc":{"Dur\u00e9e de lecture estim\u00e9e":"2 minutes"},"schema":{"@context":"https:\/\/schema.org","@graph":[{"@type":"WebPage","@id":"https:\/\/www.cinesouk.ma\/product\/nanlite-pavotube-ii-6c-dual-kit\/","url":"https:\/\/www.cinesouk.ma\/product\/nanlite-pavotube-ii-6c-dual-kit\/","name":"Nanlite PavoTube II 6C (Dual Kit) - CineSouk","isPartOf":{"@id":"https:\/\/www.cinesouk.ma\/#website"},"primaryImageOfPage":{"@id":"https:\/\/www.cinesouk.ma\/product\/nanlite-pavotube-ii-6c-dual-kit\/#primaryimage"},"image":{"@id":"https:\/\/www.cinesouk.ma\/product\/nanlite-pavotube-ii-6c-dual-kit\/#primaryimage"},"thumbnailUrl":"https:\/\/www.cinesouk.ma\/wp-content\/uploads\/2024\/11\/Nanlite-PavoTube-II-6C-Dual-Kit.jpg","datePublished":"2024-11-01T06:00:58+00:00","dateModified":"2025-08-22T13:32:01+00:00","description":"Nanlite PavoTube II 6C Dual Kit: Two 1-ft LED tube lights with 2700K\u20137500K color, RGB control, and built-in effects for versatile lighting.","breadcrumb":{"@id":"https:\/\/www.cinesouk.ma\/product\/nanlite-pavotube-ii-6c-dual-kit\/#breadcrumb"},"inLanguage":"fr-FR","potentialAction":[{"@type":"ReadAction","target":["https:\/\/www.cinesouk.ma\/product\/nanlite-pavotube-ii-6c-dual-kit\/"]}]},{"@type":"ImageObject","inLanguage":"fr-FR","@id":"https:\/\/www.cinesouk.ma\/product\/nanlite-pavotube-ii-6c-dual-kit\/#primaryimage","url":"https:\/\/www.cinesouk.ma\/wp-content\/uploads\/2024\/11\/Nanlite-PavoTube-II-6C-Dual-Kit.jpg","contentUrl":"https:\/\/www.cinesouk.ma\/wp-content\/uploads\/2024\/11\/Nanlite-PavoTube-II-6C-Dual-Kit.jpg","width":300,"height":238},{"@type":"BreadcrumbList","@id":"https:\/\/www.cinesouk.ma\/product\/nanlite-pavotube-ii-6c-dual-kit\/#breadcrumb","itemListElement":[{"@type":"ListItem","position":1,"name":"Home","item":"https:\/\/www.cinesouk.ma\/"},{"@type":"ListItem","position":2,"name":"Shop","item":"https:\/\/www.cinesouk.ma\/shop\/"},{"@type":"ListItem","position":3,"name":"Nanlite PavoTube II 6C (Dual Kit)"}]},{"@type":"WebSite","@id":"https:\/\/www.cinesouk.ma\/#website","url":"https:\/\/www.cinesouk.ma\/","name":"CineSouk","description":"","publisher":{"@id":"https:\/\/www.cinesouk.ma\/#organization"},"potentialAction":[{"@type":"SearchAction","target":{"@type":"EntryPoint","urlTemplate":"https:\/\/www.cinesouk.ma\/?s={search_term_string}"},"query-input":{"@type":"PropertyValueSpecification","valueRequired":true,"valueName":"search_term_string"}}],"inLanguage":"fr-FR"},{"@type":"Organization","@id":"https:\/\/www.cinesouk.ma\/#organization","name":"CineSouk","url":"https:\/\/www.cinesouk.ma\/","logo":{"@type":"ImageObject","inLanguage":"fr-FR","@id":"https:\/\/www.cinesouk.ma\/#\/schema\/logo\/image\/","url":"https:\/\/www.cinesouk.ma\/wp-content\/uploads\/2024\/01\/CineSouk-logo-v01-alpha-alligned-left.png","contentUrl":"https:\/\/www.cinesouk.ma\/wp-content\/uploads\/2024\/01\/CineSouk-logo-v01-alpha-alligned-left.png","width":3204,"height":889,"caption":"CineSouk"},"image":{"@id":"https:\/\/www.cinesouk.ma\/#\/schema\/logo\/image\/"}}]}},"_links":{"self":[{"href":"https:\/\/www.cinesouk.ma\/fr\/wp-json\/wp\/v2\/product\/9383","targetHints":{"allow":["GET"]}}],"collection":[{"href":"https:\/\/www.cinesouk.ma\/fr\/wp-json\/wp\/v2\/product"}],"about":[{"href":"https:\/\/www.cinesouk.ma\/fr\/wp-json\/wp\/v2\/types\/product"}],"wp:featuredmedia":[{"embeddable":true,"href":"https:\/\/www.cinesouk.ma\/fr\/wp-json\/wp\/v2\/media\/10590"}],"wp:attachment":[{"href":"https:\/\/www.cinesouk.ma\/fr\/wp-json\/wp\/v2\/media?parent=9383"}],"wp:term":[{"taxonomy":"product_brand","embeddable":true,"href":"https:\/\/www.cinesouk.ma\/fr\/wp-json\/wp\/v2\/product_brand?post=9383"},{"taxonomy":"product_cat","embeddable":true,"href":"https:\/\/www.cinesouk.ma\/fr\/wp-json\/wp\/v2\/product_cat?post=9383"},{"taxonomy":"product_tag","embeddable":true,"href":"https:\/\/www.cinesouk.ma\/fr\/wp-json\/wp\/v2\/product_tag?post=9383"}],"curies":[{"name":"wp","href":"https:\/\/api.w.org\/{rel}","templated":true}]}}