{"id":9483,"date":"2024-12-03T10:47:56","date_gmt":"2024-12-03T10:47:56","guid":{"rendered":"https:\/\/www.cinesouk.ma\/?post_type=product&#038;p=9483"},"modified":"2025-05-19T10:47:43","modified_gmt":"2025-05-19T10:47:43","slug":"clapperboard","status":"publish","type":"product","link":"https:\/\/www.cinesouk.ma\/fr\/produit\/clapperboard\/","title":{"rendered":"Clapperboard \/ Movie Slate"},"content":{"rendered":"<p>Un clap, \u00e9galement appel\u00e9 ardoise ou clap, aide les cin\u00e9astes et les producteurs vid\u00e9o \u00e0 synchroniser l'audio et la vid\u00e9o pendant le montage. Il comprend un clap articul\u00e9 fix\u00e9 \u00e0 un panneau plat, qui affiche des informations importantes sur la sc\u00e8ne.<\/p>\n<h3><strong>Caract\u00e9ristiques principales :<\/strong><\/h3>\n<ul>\n<li><strong>Synchronise l'audio et la vid\u00e9o :<\/strong> Le son \"clap\" et le rep\u00e8re visuel du clap simplifient la synchronisation de l'audio et de la vid\u00e9o lors de la post-production.<\/li>\n<li><strong>Affiche les d\u00e9tails de la sc\u00e8ne :<\/strong> Le tableau affiche des informations essentielles telles que le titre de la production, le num\u00e9ro de la sc\u00e8ne, le num\u00e9ro de la prise, le r\u00e9alisateur et la date.<\/li>\n<li><strong>Assure la durabilit\u00e9 :<\/strong> Des mat\u00e9riaux l\u00e9gers mais robustes, tels que l'acrylique ou le bois, rendent le claquoir fiable pour une utilisation fr\u00e9quente.<\/li>\n<li><strong>Surface r\u00e9utilisable :<\/strong> Les surfaces effa\u00e7ables permettent aux membres de l'\u00e9quipe de mettre rapidement \u00e0 jour les d\u00e9tails entre les prises.<\/li>\n<li><strong>Assurer la portabilit\u00e9 :<\/strong> Sa taille compacte le rend facile \u00e0 transporter, ce qui est avantageux pour les prises de vue en studio et sur place.<\/li>\n<\/ul>\n<h3><strong>Sp\u00e9cifications :<\/strong><\/h3>\n<ul>\n<li><strong>Mat\u00e9riau :<\/strong> Les mat\u00e9riaux robustes tels que l'acrylique, le bois ou le plastique am\u00e9liorent la durabilit\u00e9 et la facilit\u00e9 d'utilisation.<\/li>\n<li><strong>Dimensions :<\/strong> Les formats courants vont de 9\u00d711 pouces \u00e0 12\u00d714 pouces, ce qui permet de r\u00e9pondre \u00e0 diff\u00e9rents besoins de production.<\/li>\n<li><strong>Compatibilit\u00e9 :<\/strong> Il fonctionne aussi bien dans les productions num\u00e9riques qu'analogiques, les mod\u00e8les avanc\u00e9s offrant des timecodes \u00e9lectroniques pour une synchronisation pr\u00e9cise.<\/li>\n<\/ul>\n<p>Le clapperboard organise et simplifie le processus de r\u00e9alisation des films, devenant ainsi un outil essentiel sur le plateau de tournage. Il assure l'efficacit\u00e9 des productions en affichant clairement les informations essentielles et en aidant les monteurs \u00e0 aligner l'audio et la vid\u00e9o de mani\u00e8re transparente. Qu'il s'agisse de projets professionnels ou amateurs, le clap assure un flux de travail fluide et ajoute une touche classique au processus de tournage.<\/p>\n<p>Louez-le maintenant sur <a href=\"https:\/\/www.cinesouk.ma\/fr\">CINESOUK<\/a> - une marque de <a href=\"https:\/\/www.broadway.ma\/\">BROADWAY PRODUCTIONS SARL.<\/a><\/p>","protected":false},"excerpt":{"rendered":"<p><strong>Sp\u00e9cifications :<\/strong><\/p>\n<ul>\n<li><strong>Mat\u00e9riau :<\/strong> Les mat\u00e9riaux robustes tels que l'acrylique, le bois ou le plastique am\u00e9liorent la durabilit\u00e9 et la facilit\u00e9 d'utilisation.<\/li>\n<li><strong>Dimensions :<\/strong> Les formats courants vont de 9\u00d711 pouces \u00e0 12\u00d714 pouces, ce qui permet de r\u00e9pondre \u00e0 diff\u00e9rents besoins de production.<\/li>\n<li><strong>Compatibilit\u00e9 :<\/strong> Il fonctionne aussi bien dans les productions num\u00e9riques qu'analogiques, les mod\u00e8les avanc\u00e9s offrant des timecodes \u00e9lectroniques pour une synchronisation pr\u00e9cise.<\/li>\n<\/ul>","protected":false},"featured_media":9494,"template":"","meta":{"om_disable_all_campaigns":false,"_monsterinsights_skip_tracking":false,"_monsterinsights_sitenote_active":false,"_monsterinsights_sitenote_note":"","_monsterinsights_sitenote_category":0,"_uf_show_specific_survey":0,"_uf_disable_surveys":false},"product_brand":[],"product_cat":[37],"product_tag":[],"class_list":{"0":"post-9483","1":"product","2":"type-product","3":"status-publish","4":"has-post-thumbnail","6":"product_cat-accessories-cinesouk","8":"entry","9":"has-media","11":"first","12":"instock","13":"taxable","14":"shipping-taxable","15":"purchasable","16":"product-type-variable","17":"has-product-nav","18":"col","19":"span_1_of_3","20":"owp-content-center","21":"owp-thumbs-layout-horizontal","22":"owp-btn-normal","23":"owp-tabs-layout-horizontal","24":"has-no-thumbnails"},"yoast_head":"<!-- This site is optimized with the Yoast SEO Premium plugin v26.0 (Yoast SEO v26.0) - https:\/\/yoast.com\/wordpress\/plugins\/seo\/ -->\n<title>Clapperboard \/ Movie Slate - CineSouk - Marrakech | Morocco - For rent<\/title>\n<meta name=\"description\" content=\"Clapperboard: Durable and reliable, this essential filmmaking tool ensures precise synchronization and organizes your production effortlessly.\" \/>\n<meta name=\"robots\" content=\"index, follow, max-snippet:-1, max-image-preview:large, max-video-preview:-1\" \/>\n<link rel=\"canonical\" href=\"https:\/\/www.cinesouk.ma\/fr\/produit\/clapperboard\/\" \/>\n<meta property=\"og:locale\" content=\"fr_FR\" \/>\n<meta property=\"og:type\" content=\"article\" \/>\n<meta property=\"og:title\" content=\"Clapperboard \/ Movie Slate\" \/>\n<meta property=\"og:description\" content=\"Clapperboard: Durable and reliable, this essential filmmaking tool ensures precise synchronization and organizes your production effortlessly.\" \/>\n<meta property=\"og:url\" content=\"https:\/\/www.cinesouk.ma\/fr\/produit\/clapperboard\/\" \/>\n<meta property=\"og:site_name\" content=\"CineSouk\" \/>\n<meta property=\"article:modified_time\" content=\"2025-05-19T10:47:43+00:00\" \/>\n<meta property=\"og:image\" content=\"https:\/\/www.cinesouk.ma\/wp-content\/uploads\/2024\/12\/professional-clapperboard.jpg\" \/>\n\t<meta property=\"og:image:width\" content=\"300\" \/>\n\t<meta property=\"og:image:height\" content=\"238\" \/>\n\t<meta property=\"og:image:type\" content=\"image\/jpeg\" \/>\n<meta name=\"twitter:card\" content=\"summary_large_image\" \/>\n<meta name=\"twitter:description\" content=\"Clapperboard: Durable and reliable, this essential filmmaking tool ensures precise synchronization and organizes your production effortlessly.\" \/>\n<meta name=\"twitter:label1\" content=\"Dur\u00e9e de lecture estim\u00e9e\" \/>\n\t<meta name=\"twitter:data1\" content=\"2 minutes\" \/>\n<script type=\"application\/ld+json\" class=\"yoast-schema-graph\">{\"@context\":\"https:\/\/schema.org\",\"@graph\":[{\"@type\":\"WebPage\",\"@id\":\"https:\/\/www.cinesouk.ma\/product\/clapperboard\/\",\"url\":\"https:\/\/www.cinesouk.ma\/product\/clapperboard\/\",\"name\":\"Clapperboard \/ Movie Slate - CineSouk - Marrakech | Morocco - For rent\",\"isPartOf\":{\"@id\":\"https:\/\/www.cinesouk.ma\/#website\"},\"primaryImageOfPage\":{\"@id\":\"https:\/\/www.cinesouk.ma\/product\/clapperboard\/#primaryimage\"},\"image\":{\"@id\":\"https:\/\/www.cinesouk.ma\/product\/clapperboard\/#primaryimage\"},\"thumbnailUrl\":\"https:\/\/www.cinesouk.ma\/wp-content\/uploads\/2024\/12\/professional-clapperboard.jpg\",\"datePublished\":\"2024-12-03T10:47:56+00:00\",\"dateModified\":\"2025-05-19T10:47:43+00:00\",\"description\":\"Clapperboard: Durable and reliable, this essential filmmaking tool ensures precise synchronization and organizes your production effortlessly.\",\"breadcrumb\":{\"@id\":\"https:\/\/www.cinesouk.ma\/product\/clapperboard\/#breadcrumb\"},\"inLanguage\":\"fr-FR\",\"potentialAction\":[{\"@type\":\"ReadAction\",\"target\":[\"https:\/\/www.cinesouk.ma\/product\/clapperboard\/\"]}]},{\"@type\":\"ImageObject\",\"inLanguage\":\"fr-FR\",\"@id\":\"https:\/\/www.cinesouk.ma\/product\/clapperboard\/#primaryimage\",\"url\":\"https:\/\/www.cinesouk.ma\/wp-content\/uploads\/2024\/12\/professional-clapperboard.jpg\",\"contentUrl\":\"https:\/\/www.cinesouk.ma\/wp-content\/uploads\/2024\/12\/professional-clapperboard.jpg\",\"width\":300,\"height\":238,\"caption\":\"professional-clapperboard\"},{\"@type\":\"BreadcrumbList\",\"@id\":\"https:\/\/www.cinesouk.ma\/product\/clapperboard\/#breadcrumb\",\"itemListElement\":[{\"@type\":\"ListItem\",\"position\":1,\"name\":\"Home\",\"item\":\"https:\/\/www.cinesouk.ma\/\"},{\"@type\":\"ListItem\",\"position\":2,\"name\":\"Shop\",\"item\":\"https:\/\/www.cinesouk.ma\/shop\/\"},{\"@type\":\"ListItem\",\"position\":3,\"name\":\"Clapperboard \/ Movie Slate\"}]},{\"@type\":\"WebSite\",\"@id\":\"https:\/\/www.cinesouk.ma\/#website\",\"url\":\"https:\/\/www.cinesouk.ma\/\",\"name\":\"CineSouk\",\"description\":\"\",\"publisher\":{\"@id\":\"https:\/\/www.cinesouk.ma\/#organization\"},\"potentialAction\":[{\"@type\":\"SearchAction\",\"target\":{\"@type\":\"EntryPoint\",\"urlTemplate\":\"https:\/\/www.cinesouk.ma\/?s={search_term_string}\"},\"query-input\":{\"@type\":\"PropertyValueSpecification\",\"valueRequired\":true,\"valueName\":\"search_term_string\"}}],\"inLanguage\":\"fr-FR\"},{\"@type\":\"Organization\",\"@id\":\"https:\/\/www.cinesouk.ma\/#organization\",\"name\":\"CineSouk\",\"url\":\"https:\/\/www.cinesouk.ma\/\",\"logo\":{\"@type\":\"ImageObject\",\"inLanguage\":\"fr-FR\",\"@id\":\"https:\/\/www.cinesouk.ma\/#\/schema\/logo\/image\/\",\"url\":\"https:\/\/www.cinesouk.ma\/wp-content\/uploads\/2024\/01\/CineSouk-logo-v01-alpha-alligned-left.png\",\"contentUrl\":\"https:\/\/www.cinesouk.ma\/wp-content\/uploads\/2024\/01\/CineSouk-logo-v01-alpha-alligned-left.png\",\"width\":3204,\"height\":889,\"caption\":\"CineSouk\"},\"image\":{\"@id\":\"https:\/\/www.cinesouk.ma\/#\/schema\/logo\/image\/\"}}]}<\/script>\n<!-- \/ Yoast SEO Premium plugin. -->","yoast_head_json":{"title":"Clapperboard \/ Movie Slate - CineSouk - Marrakech | Morocco - For rent","description":"Clapperboard: Durable and reliable, this essential filmmaking tool ensures precise synchronization and organizes your production effortlessly.","robots":{"index":"index","follow":"follow","max-snippet":"max-snippet:-1","max-image-preview":"max-image-preview:large","max-video-preview":"max-video-preview:-1"},"canonical":"https:\/\/www.cinesouk.ma\/fr\/produit\/clapperboard\/","og_locale":"fr_FR","og_type":"article","og_title":"Clapperboard \/ Movie Slate","og_description":"Clapperboard: Durable and reliable, this essential filmmaking tool ensures precise synchronization and organizes your production effortlessly.","og_url":"https:\/\/www.cinesouk.ma\/fr\/produit\/clapperboard\/","og_site_name":"CineSouk","article_modified_time":"2025-05-19T10:47:43+00:00","og_image":[{"width":300,"height":238,"url":"https:\/\/www.cinesouk.ma\/wp-content\/uploads\/2024\/12\/professional-clapperboard.jpg","type":"image\/jpeg"}],"twitter_card":"summary_large_image","twitter_description":"Clapperboard: Durable and reliable, this essential filmmaking tool ensures precise synchronization and organizes your production effortlessly.","twitter_misc":{"Dur\u00e9e de lecture estim\u00e9e":"2 minutes"},"schema":{"@context":"https:\/\/schema.org","@graph":[{"@type":"WebPage","@id":"https:\/\/www.cinesouk.ma\/product\/clapperboard\/","url":"https:\/\/www.cinesouk.ma\/product\/clapperboard\/","name":"Clapperboard \/ Movie Slate - CineSouk - Marrakech | Morocco - For rent","isPartOf":{"@id":"https:\/\/www.cinesouk.ma\/#website"},"primaryImageOfPage":{"@id":"https:\/\/www.cinesouk.ma\/product\/clapperboard\/#primaryimage"},"image":{"@id":"https:\/\/www.cinesouk.ma\/product\/clapperboard\/#primaryimage"},"thumbnailUrl":"https:\/\/www.cinesouk.ma\/wp-content\/uploads\/2024\/12\/professional-clapperboard.jpg","datePublished":"2024-12-03T10:47:56+00:00","dateModified":"2025-05-19T10:47:43+00:00","description":"Clapperboard: Durable and reliable, this essential filmmaking tool ensures precise synchronization and organizes your production effortlessly.","breadcrumb":{"@id":"https:\/\/www.cinesouk.ma\/product\/clapperboard\/#breadcrumb"},"inLanguage":"fr-FR","potentialAction":[{"@type":"ReadAction","target":["https:\/\/www.cinesouk.ma\/product\/clapperboard\/"]}]},{"@type":"ImageObject","inLanguage":"fr-FR","@id":"https:\/\/www.cinesouk.ma\/product\/clapperboard\/#primaryimage","url":"https:\/\/www.cinesouk.ma\/wp-content\/uploads\/2024\/12\/professional-clapperboard.jpg","contentUrl":"https:\/\/www.cinesouk.ma\/wp-content\/uploads\/2024\/12\/professional-clapperboard.jpg","width":300,"height":238,"caption":"professional-clapperboard"},{"@type":"BreadcrumbList","@id":"https:\/\/www.cinesouk.ma\/product\/clapperboard\/#breadcrumb","itemListElement":[{"@type":"ListItem","position":1,"name":"Home","item":"https:\/\/www.cinesouk.ma\/"},{"@type":"ListItem","position":2,"name":"Shop","item":"https:\/\/www.cinesouk.ma\/shop\/"},{"@type":"ListItem","position":3,"name":"Clapperboard \/ Movie Slate"}]},{"@type":"WebSite","@id":"https:\/\/www.cinesouk.ma\/#website","url":"https:\/\/www.cinesouk.ma\/","name":"CineSouk","description":"","publisher":{"@id":"https:\/\/www.cinesouk.ma\/#organization"},"potentialAction":[{"@type":"SearchAction","target":{"@type":"EntryPoint","urlTemplate":"https:\/\/www.cinesouk.ma\/?s={search_term_string}"},"query-input":{"@type":"PropertyValueSpecification","valueRequired":true,"valueName":"search_term_string"}}],"inLanguage":"fr-FR"},{"@type":"Organization","@id":"https:\/\/www.cinesouk.ma\/#organization","name":"CineSouk","url":"https:\/\/www.cinesouk.ma\/","logo":{"@type":"ImageObject","inLanguage":"fr-FR","@id":"https:\/\/www.cinesouk.ma\/#\/schema\/logo\/image\/","url":"https:\/\/www.cinesouk.ma\/wp-content\/uploads\/2024\/01\/CineSouk-logo-v01-alpha-alligned-left.png","contentUrl":"https:\/\/www.cinesouk.ma\/wp-content\/uploads\/2024\/01\/CineSouk-logo-v01-alpha-alligned-left.png","width":3204,"height":889,"caption":"CineSouk"},"image":{"@id":"https:\/\/www.cinesouk.ma\/#\/schema\/logo\/image\/"}}]}},"_links":{"self":[{"href":"https:\/\/www.cinesouk.ma\/fr\/wp-json\/wp\/v2\/product\/9483","targetHints":{"allow":["GET"]}}],"collection":[{"href":"https:\/\/www.cinesouk.ma\/fr\/wp-json\/wp\/v2\/product"}],"about":[{"href":"https:\/\/www.cinesouk.ma\/fr\/wp-json\/wp\/v2\/types\/product"}],"wp:featuredmedia":[{"embeddable":true,"href":"https:\/\/www.cinesouk.ma\/fr\/wp-json\/wp\/v2\/media\/9494"}],"wp:attachment":[{"href":"https:\/\/www.cinesouk.ma\/fr\/wp-json\/wp\/v2\/media?parent=9483"}],"wp:term":[{"taxonomy":"product_brand","embeddable":true,"href":"https:\/\/www.cinesouk.ma\/fr\/wp-json\/wp\/v2\/product_brand?post=9483"},{"taxonomy":"product_cat","embeddable":true,"href":"https:\/\/www.cinesouk.ma\/fr\/wp-json\/wp\/v2\/product_cat?post=9483"},{"taxonomy":"product_tag","embeddable":true,"href":"https:\/\/www.cinesouk.ma\/fr\/wp-json\/wp\/v2\/product_tag?post=9483"}],"curies":[{"name":"wp","href":"https:\/\/api.w.org\/{rel}","templated":true}]}}