{"id":9546,"date":"2024-12-03T15:03:31","date_gmt":"2024-12-03T15:03:31","guid":{"rendered":"https:\/\/www.cinesouk.ma\/?post_type=product&#038;p=9546"},"modified":"2025-08-22T11:16:11","modified_gmt":"2025-08-22T11:16:11","slug":"blackmagic-ultrastudio-4k-thunderbolt-2","status":"publish","type":"product","link":"https:\/\/www.cinesouk.ma\/fr\/produit\/blackmagic-ultrastudio-4k-thunderbolt-2\/","title":{"rendered":"Blackmagic Ultrastudio 4K Thunderbolt 2"},"content":{"rendered":"<div class=\"flex max-w-full flex-col flex-grow\">\n<div class=\"min-h-8 text-message flex w-full flex-col items-end gap-2 whitespace-normal break-words [.text-message+&amp;]:mt-5\" dir=\"auto\" data-message-author-role=\"assistant\" data-message-id=\"aa9dc203-dcff-42e1-87b4-fe81cf997a0a\" data-message-model-slug=\"gpt-4o\">\n<div class=\"flex w-full flex-col gap-1 empty:hidden first:pt-[3px]\">\n<div class=\"markdown prose w-full break-words dark:prose-invert light\">\n<p>Le Blackmagic Design UltraStudio 4K Thunderbolt 2 est un p\u00e9riph\u00e9rique de capture et de lecture professionnel pour les flux de travail vid\u00e9o haute r\u00e9solution. Gr\u00e2ce \u00e0 la technologie Thunderbolt 2, il offre des taux de transfert de donn\u00e9es rapides, ce qui le rend id\u00e9al pour g\u00e9rer les formats jusqu'\u00e0 DCI 4K de mani\u00e8re transparente. En outre, ses fonctions avanc\u00e9es r\u00e9pondent aux besoins des environnements de post-production exigeants.<\/p>\n<h3><strong>Caract\u00e9ristiques principales :<\/strong><\/h3>\n<ul>\n<li><strong>Prise en charge de la haute r\u00e9solution :<\/strong> Il prend en charge les formats DCI 4K 4:2:2 et UHD 4K YUV 4:2:2, garantissant une qualit\u00e9 sup\u00e9rieure pour les projets professionnels.<\/li>\n<li><strong>Connectivit\u00e9 polyvalente :<\/strong> Gr\u00e2ce \u00e0 ses deux ports Thunderbolt 2, ses entr\u00e9es 6G-SDI, HDMI 4K et analogiques, il s'adapte facilement \u00e0 diverses configurations.<\/li>\n<li><strong>Flexibilit\u00e9 de la fr\u00e9quence d'images :<\/strong> L'appareil prend en charge jusqu'\u00e0 30 images par seconde pour le DCI 4K via un lien unique et 60 images par seconde pour l'UHD avec le SDI \u00e0 double lien.<\/li>\n<li><strong>Compatibilit\u00e9 compl\u00e8te des formats :<\/strong> Il fonctionne avec des formats compress\u00e9s tels que ProRes et DNxHD, ainsi qu'avec des vid\u00e9os non compress\u00e9es, offrant ainsi de multiples options de post-production.<\/li>\n<li><strong>Conversion bas\u00e9e sur le mat\u00e9riel :<\/strong> Gr\u00e2ce \u00e0 la conversion HD up\/down\/cross int\u00e9gr\u00e9e, il simplifie les flux de travail et am\u00e9liore l'efficacit\u00e9 des \u00e9quipes de production tr\u00e8s occup\u00e9es.<\/li>\n<\/ul>\n<h3><strong>Sp\u00e9cifications :<\/strong><\/h3>\n<ul>\n<li><strong>Entr\u00e9es\/sorties vid\u00e9o :<\/strong> Il comprend des entr\u00e9es SDI, HDMI 4K, composante analogique, S-Vid\u00e9o et composite pour une capture vid\u00e9o flexible.<\/li>\n<li><strong>Entr\u00e9es\/sorties audio :<\/strong> Il dispose de canaux audio analogiques sym\u00e9triques, num\u00e9riques AES\/EBU et HDMI, garantissant une prise en charge audio compl\u00e8te.<\/li>\n<li><strong>Interface informatique :<\/strong> Les deux ports Thunderbolt 2 permettent un transfert de donn\u00e9es \u00e0 grande vitesse et une connectivit\u00e9 transparente pour les p\u00e9riph\u00e9riques externes.<\/li>\n<li><strong>R\u00e9solutions prises en charge :<\/strong> Il prend en charge les formats SD, HD, 2K, UHD et DCI 4K, ce qui le rend polyvalent pour r\u00e9pondre aux diff\u00e9rents besoins de production.<\/li>\n<li><strong>Contr\u00f4le des appareils :<\/strong> Deux ports de contr\u00f4le RS-422 compatibles avec Sony permettent une int\u00e9gration ais\u00e9e avec l'\u00e9quipement professionnel.<\/li>\n<\/ul>\n<p>En conclusion, le Blackmagic UltraStudio 4K Thunderbolt 2 est parfait pour les flux de travail en 3D st\u00e9r\u00e9oscopique, l'Ultra HD et les projets DCI 4K. De plus, sa conception robuste et sa connectivit\u00e9 polyvalente garantissent des performances fiables pour les professionnels charg\u00e9s de diverses t\u00e2ches de production vid\u00e9o.<\/p>\n<\/div>\n<\/div>\n<\/div>\n<\/div>\n<p>Louez-le maintenant sur <a href=\"https:\/\/www.cinesouk.ma\/fr\">CINESOUK<\/a> - une marque de <a href=\"https:\/\/www.broadway.ma\/\">BROADWAY PRODUCTIONS SARL.<\/a><\/p>","protected":false},"excerpt":{"rendered":"<p>Sp\u00e9cifications<\/p>\n<p>Solution portable de capture\/lecture Thunderbolt 3<br \/>\n12G-SDI, HDMI 2.0 et connexions analogiques<br \/>\nCapture HDR 8 et 10 bits de qualit\u00e9 broadcast<br \/>\nPrise en charge des formats jusqu'\u00e0 4K DCI \u00e0 60p<br \/>\nCapture HDR 12 bits dans des formats allant jusqu'\u00e0 4K DCI \u00e0 30p<br \/>\nPanneau frontal avec boutons-poussoirs<br \/>\n\u00c9cran LCD pour la surveillance et la configuration du signal<br \/>\nEntr\u00e9e microphone XLR et prise casque \u00bc\".<br \/>\nConnectivit\u00e9 USB pour clavier et souris<br \/>\nChargement \u00e0 la vol\u00e9e d'un ordinateur portable via le port Thunderbolt 3<br \/>\nLecteur de carte SD int\u00e9gr\u00e9 pour un acc\u00e8s instantan\u00e9 aux m\u00e9dias.<\/p>","protected":false},"featured_media":9557,"template":"","meta":{"om_disable_all_campaigns":false,"_monsterinsights_skip_tracking":false,"_monsterinsights_sitenote_active":false,"_monsterinsights_sitenote_note":"","_monsterinsights_sitenote_category":0,"_uf_show_specific_survey":0,"_uf_disable_surveys":false},"product_brand":[],"product_cat":[87,84,52,113,59,32],"product_tag":[],"class_list":{"0":"post-9546","1":"product","2":"type-product","3":"status-publish","4":"has-post-thumbnail","6":"product_cat-capture-and-recorders-cinesouk","7":"product_cat-dit-cinesouk","8":"product_cat-multicam-cinesouk","9":"product_cat-multicam-eventsouk","10":"product_cat-post-production-cinesouk","11":"product_cat-streaming-cinesouk","13":"entry","14":"has-media","16":"first","17":"instock","18":"taxable","19":"shipping-taxable","20":"purchasable","21":"product-type-variable","22":"has-product-nav","23":"col","24":"span_1_of_3","25":"owp-content-center","26":"owp-thumbs-layout-horizontal","27":"owp-btn-normal","28":"owp-tabs-layout-horizontal","29":"has-no-thumbnails"},"yoast_head":"<!-- This site is optimized with the Yoast SEO Premium plugin v26.0 (Yoast SEO v26.0) - https:\/\/yoast.com\/wordpress\/plugins\/seo\/ -->\n<title>Blackmagic Ultrastudio 4K Thunderbolt 2 - CineSouk - Marrakech - For rent<\/title>\n<meta name=\"description\" content=\"Blackmagic UltraStudio 4K Thunderbolt 2: Professional capture and playback device with 4K support, versatile connectivity, and hardware-based conversion for seamless workflows.\" \/>\n<meta name=\"robots\" content=\"index, follow, max-snippet:-1, max-image-preview:large, max-video-preview:-1\" \/>\n<link rel=\"canonical\" href=\"https:\/\/www.cinesouk.ma\/fr\/produit\/blackmagic-ultrastudio-4k-thunderbolt-2\/\" \/>\n<meta property=\"og:locale\" content=\"fr_FR\" \/>\n<meta property=\"og:type\" content=\"article\" \/>\n<meta property=\"og:title\" content=\"Blackmagic Ultrastudio 4K Thunderbolt 2\" \/>\n<meta property=\"og:description\" content=\"Blackmagic UltraStudio 4K Thunderbolt 2: Professional capture and playback device with 4K support, versatile connectivity, and hardware-based conversion for seamless workflows.\" \/>\n<meta property=\"og:url\" content=\"https:\/\/www.cinesouk.ma\/fr\/produit\/blackmagic-ultrastudio-4k-thunderbolt-2\/\" \/>\n<meta property=\"og:site_name\" content=\"CineSouk\" \/>\n<meta property=\"article:modified_time\" content=\"2025-08-22T11:16:11+00:00\" \/>\n<meta property=\"og:image\" content=\"https:\/\/www.cinesouk.ma\/wp-content\/uploads\/2024\/12\/blackmagic-ultrastudio-4k-thunderbolt-2.jpg\" \/>\n\t<meta property=\"og:image:width\" content=\"300\" \/>\n\t<meta property=\"og:image:height\" content=\"238\" \/>\n\t<meta property=\"og:image:type\" content=\"image\/jpeg\" \/>\n<meta name=\"twitter:card\" content=\"summary_large_image\" \/>\n<meta name=\"twitter:description\" content=\"Blackmagic UltraStudio 4K Thunderbolt 2: Professional capture and playback device with 4K support, versatile connectivity, and hardware-based conversion for seamless workflows.\" \/>\n<meta name=\"twitter:label1\" content=\"Dur\u00e9e de lecture estim\u00e9e\" \/>\n\t<meta name=\"twitter:data1\" content=\"2 minutes\" \/>\n<script type=\"application\/ld+json\" class=\"yoast-schema-graph\">{\"@context\":\"https:\/\/schema.org\",\"@graph\":[{\"@type\":\"WebPage\",\"@id\":\"https:\/\/www.cinesouk.ma\/product\/blackmagic-ultrastudio-4k-thunderbolt-2\/\",\"url\":\"https:\/\/www.cinesouk.ma\/product\/blackmagic-ultrastudio-4k-thunderbolt-2\/\",\"name\":\"Blackmagic Ultrastudio 4K Thunderbolt 2 - CineSouk - Marrakech - For rent\",\"isPartOf\":{\"@id\":\"https:\/\/www.cinesouk.ma\/#website\"},\"primaryImageOfPage\":{\"@id\":\"https:\/\/www.cinesouk.ma\/product\/blackmagic-ultrastudio-4k-thunderbolt-2\/#primaryimage\"},\"image\":{\"@id\":\"https:\/\/www.cinesouk.ma\/product\/blackmagic-ultrastudio-4k-thunderbolt-2\/#primaryimage\"},\"thumbnailUrl\":\"https:\/\/www.cinesouk.ma\/wp-content\/uploads\/2024\/12\/blackmagic-ultrastudio-4k-thunderbolt-2.jpg\",\"datePublished\":\"2024-12-03T15:03:31+00:00\",\"dateModified\":\"2025-08-22T11:16:11+00:00\",\"description\":\"Blackmagic UltraStudio 4K Thunderbolt 2: Professional capture and playback device with 4K support, versatile connectivity, and hardware-based conversion for seamless workflows.\",\"breadcrumb\":{\"@id\":\"https:\/\/www.cinesouk.ma\/product\/blackmagic-ultrastudio-4k-thunderbolt-2\/#breadcrumb\"},\"inLanguage\":\"fr-FR\",\"potentialAction\":[{\"@type\":\"ReadAction\",\"target\":[\"https:\/\/www.cinesouk.ma\/product\/blackmagic-ultrastudio-4k-thunderbolt-2\/\"]}]},{\"@type\":\"ImageObject\",\"inLanguage\":\"fr-FR\",\"@id\":\"https:\/\/www.cinesouk.ma\/product\/blackmagic-ultrastudio-4k-thunderbolt-2\/#primaryimage\",\"url\":\"https:\/\/www.cinesouk.ma\/wp-content\/uploads\/2024\/12\/blackmagic-ultrastudio-4k-thunderbolt-2.jpg\",\"contentUrl\":\"https:\/\/www.cinesouk.ma\/wp-content\/uploads\/2024\/12\/blackmagic-ultrastudio-4k-thunderbolt-2.jpg\",\"width\":300,\"height\":238},{\"@type\":\"BreadcrumbList\",\"@id\":\"https:\/\/www.cinesouk.ma\/product\/blackmagic-ultrastudio-4k-thunderbolt-2\/#breadcrumb\",\"itemListElement\":[{\"@type\":\"ListItem\",\"position\":1,\"name\":\"Home\",\"item\":\"https:\/\/www.cinesouk.ma\/\"},{\"@type\":\"ListItem\",\"position\":2,\"name\":\"Shop\",\"item\":\"https:\/\/www.cinesouk.ma\/shop\/\"},{\"@type\":\"ListItem\",\"position\":3,\"name\":\"Blackmagic Ultrastudio 4K Thunderbolt 2\"}]},{\"@type\":\"WebSite\",\"@id\":\"https:\/\/www.cinesouk.ma\/#website\",\"url\":\"https:\/\/www.cinesouk.ma\/\",\"name\":\"CineSouk\",\"description\":\"\",\"publisher\":{\"@id\":\"https:\/\/www.cinesouk.ma\/#organization\"},\"potentialAction\":[{\"@type\":\"SearchAction\",\"target\":{\"@type\":\"EntryPoint\",\"urlTemplate\":\"https:\/\/www.cinesouk.ma\/?s={search_term_string}\"},\"query-input\":{\"@type\":\"PropertyValueSpecification\",\"valueRequired\":true,\"valueName\":\"search_term_string\"}}],\"inLanguage\":\"fr-FR\"},{\"@type\":\"Organization\",\"@id\":\"https:\/\/www.cinesouk.ma\/#organization\",\"name\":\"CineSouk\",\"url\":\"https:\/\/www.cinesouk.ma\/\",\"logo\":{\"@type\":\"ImageObject\",\"inLanguage\":\"fr-FR\",\"@id\":\"https:\/\/www.cinesouk.ma\/#\/schema\/logo\/image\/\",\"url\":\"https:\/\/www.cinesouk.ma\/wp-content\/uploads\/2024\/01\/CineSouk-logo-v01-alpha-alligned-left.png\",\"contentUrl\":\"https:\/\/www.cinesouk.ma\/wp-content\/uploads\/2024\/01\/CineSouk-logo-v01-alpha-alligned-left.png\",\"width\":3204,\"height\":889,\"caption\":\"CineSouk\"},\"image\":{\"@id\":\"https:\/\/www.cinesouk.ma\/#\/schema\/logo\/image\/\"}}]}<\/script>\n<!-- \/ Yoast SEO Premium plugin. -->","yoast_head_json":{"title":"Blackmagic Ultrastudio 4K Thunderbolt 2 - CineSouk - Marrakech - For rent","description":"Blackmagic UltraStudio 4K Thunderbolt 2: Professional capture and playback device with 4K support, versatile connectivity, and hardware-based conversion for seamless workflows.","robots":{"index":"index","follow":"follow","max-snippet":"max-snippet:-1","max-image-preview":"max-image-preview:large","max-video-preview":"max-video-preview:-1"},"canonical":"https:\/\/www.cinesouk.ma\/fr\/produit\/blackmagic-ultrastudio-4k-thunderbolt-2\/","og_locale":"fr_FR","og_type":"article","og_title":"Blackmagic Ultrastudio 4K Thunderbolt 2","og_description":"Blackmagic UltraStudio 4K Thunderbolt 2: Professional capture and playback device with 4K support, versatile connectivity, and hardware-based conversion for seamless workflows.","og_url":"https:\/\/www.cinesouk.ma\/fr\/produit\/blackmagic-ultrastudio-4k-thunderbolt-2\/","og_site_name":"CineSouk","article_modified_time":"2025-08-22T11:16:11+00:00","og_image":[{"width":300,"height":238,"url":"https:\/\/www.cinesouk.ma\/wp-content\/uploads\/2024\/12\/blackmagic-ultrastudio-4k-thunderbolt-2.jpg","type":"image\/jpeg"}],"twitter_card":"summary_large_image","twitter_description":"Blackmagic UltraStudio 4K Thunderbolt 2: Professional capture and playback device with 4K support, versatile connectivity, and hardware-based conversion for seamless workflows.","twitter_misc":{"Dur\u00e9e de lecture estim\u00e9e":"2 minutes"},"schema":{"@context":"https:\/\/schema.org","@graph":[{"@type":"WebPage","@id":"https:\/\/www.cinesouk.ma\/product\/blackmagic-ultrastudio-4k-thunderbolt-2\/","url":"https:\/\/www.cinesouk.ma\/product\/blackmagic-ultrastudio-4k-thunderbolt-2\/","name":"Blackmagic Ultrastudio 4K Thunderbolt 2 - CineSouk - Marrakech - For rent","isPartOf":{"@id":"https:\/\/www.cinesouk.ma\/#website"},"primaryImageOfPage":{"@id":"https:\/\/www.cinesouk.ma\/product\/blackmagic-ultrastudio-4k-thunderbolt-2\/#primaryimage"},"image":{"@id":"https:\/\/www.cinesouk.ma\/product\/blackmagic-ultrastudio-4k-thunderbolt-2\/#primaryimage"},"thumbnailUrl":"https:\/\/www.cinesouk.ma\/wp-content\/uploads\/2024\/12\/blackmagic-ultrastudio-4k-thunderbolt-2.jpg","datePublished":"2024-12-03T15:03:31+00:00","dateModified":"2025-08-22T11:16:11+00:00","description":"Blackmagic UltraStudio 4K Thunderbolt 2: Professional capture and playback device with 4K support, versatile connectivity, and hardware-based conversion for seamless workflows.","breadcrumb":{"@id":"https:\/\/www.cinesouk.ma\/product\/blackmagic-ultrastudio-4k-thunderbolt-2\/#breadcrumb"},"inLanguage":"fr-FR","potentialAction":[{"@type":"ReadAction","target":["https:\/\/www.cinesouk.ma\/product\/blackmagic-ultrastudio-4k-thunderbolt-2\/"]}]},{"@type":"ImageObject","inLanguage":"fr-FR","@id":"https:\/\/www.cinesouk.ma\/product\/blackmagic-ultrastudio-4k-thunderbolt-2\/#primaryimage","url":"https:\/\/www.cinesouk.ma\/wp-content\/uploads\/2024\/12\/blackmagic-ultrastudio-4k-thunderbolt-2.jpg","contentUrl":"https:\/\/www.cinesouk.ma\/wp-content\/uploads\/2024\/12\/blackmagic-ultrastudio-4k-thunderbolt-2.jpg","width":300,"height":238},{"@type":"BreadcrumbList","@id":"https:\/\/www.cinesouk.ma\/product\/blackmagic-ultrastudio-4k-thunderbolt-2\/#breadcrumb","itemListElement":[{"@type":"ListItem","position":1,"name":"Home","item":"https:\/\/www.cinesouk.ma\/"},{"@type":"ListItem","position":2,"name":"Shop","item":"https:\/\/www.cinesouk.ma\/shop\/"},{"@type":"ListItem","position":3,"name":"Blackmagic Ultrastudio 4K Thunderbolt 2"}]},{"@type":"WebSite","@id":"https:\/\/www.cinesouk.ma\/#website","url":"https:\/\/www.cinesouk.ma\/","name":"CineSouk","description":"","publisher":{"@id":"https:\/\/www.cinesouk.ma\/#organization"},"potentialAction":[{"@type":"SearchAction","target":{"@type":"EntryPoint","urlTemplate":"https:\/\/www.cinesouk.ma\/?s={search_term_string}"},"query-input":{"@type":"PropertyValueSpecification","valueRequired":true,"valueName":"search_term_string"}}],"inLanguage":"fr-FR"},{"@type":"Organization","@id":"https:\/\/www.cinesouk.ma\/#organization","name":"CineSouk","url":"https:\/\/www.cinesouk.ma\/","logo":{"@type":"ImageObject","inLanguage":"fr-FR","@id":"https:\/\/www.cinesouk.ma\/#\/schema\/logo\/image\/","url":"https:\/\/www.cinesouk.ma\/wp-content\/uploads\/2024\/01\/CineSouk-logo-v01-alpha-alligned-left.png","contentUrl":"https:\/\/www.cinesouk.ma\/wp-content\/uploads\/2024\/01\/CineSouk-logo-v01-alpha-alligned-left.png","width":3204,"height":889,"caption":"CineSouk"},"image":{"@id":"https:\/\/www.cinesouk.ma\/#\/schema\/logo\/image\/"}}]}},"_links":{"self":[{"href":"https:\/\/www.cinesouk.ma\/fr\/wp-json\/wp\/v2\/product\/9546","targetHints":{"allow":["GET"]}}],"collection":[{"href":"https:\/\/www.cinesouk.ma\/fr\/wp-json\/wp\/v2\/product"}],"about":[{"href":"https:\/\/www.cinesouk.ma\/fr\/wp-json\/wp\/v2\/types\/product"}],"wp:featuredmedia":[{"embeddable":true,"href":"https:\/\/www.cinesouk.ma\/fr\/wp-json\/wp\/v2\/media\/9557"}],"wp:attachment":[{"href":"https:\/\/www.cinesouk.ma\/fr\/wp-json\/wp\/v2\/media?parent=9546"}],"wp:term":[{"taxonomy":"product_brand","embeddable":true,"href":"https:\/\/www.cinesouk.ma\/fr\/wp-json\/wp\/v2\/product_brand?post=9546"},{"taxonomy":"product_cat","embeddable":true,"href":"https:\/\/www.cinesouk.ma\/fr\/wp-json\/wp\/v2\/product_cat?post=9546"},{"taxonomy":"product_tag","embeddable":true,"href":"https:\/\/www.cinesouk.ma\/fr\/wp-json\/wp\/v2\/product_tag?post=9546"}],"curies":[{"name":"wp","href":"https:\/\/api.w.org\/{rel}","templated":true}]}}