{"id":9561,"date":"2025-03-06T19:59:43","date_gmt":"2025-03-06T19:59:43","guid":{"rendered":"https:\/\/www.cinesouk.ma\/?post_type=product&#038;p=9561"},"modified":"2025-08-18T10:52:36","modified_gmt":"2025-08-18T10:52:36","slug":"aputure-ls-1200-series-reflector-kit","status":"publish","type":"product","link":"https:\/\/www.cinesouk.ma\/fr\/produit\/aputure-ls-1200-series-reflector-kit\/","title":{"rendered":"Kit de r\u00e9flecteur Aputure LS 1200 Series"},"content":{"rendered":"<p>Le kit de r\u00e9flecteurs de la s\u00e9rie LS 1200 d'Aputure am\u00e9liore le rendement et le contr\u00f4le du faisceau des lampes LED LS 1200d Pro et LS 600c Pro. Comme il comprend trois r\u00e9flecteurs Hyper Bowens - \u00e9troit (15\u00b0), moyen (30\u00b0) et large (45\u00b0) - ce kit permet aux utilisateurs d'adapter l'angle du faisceau de la lumi\u00e8re \u00e0 diff\u00e9rents sc\u00e9narios de prise de vue sans effort.<\/p>\n<h3><strong>Caract\u00e9ristiques principales :<\/strong><\/h3>\n<ul>\n<li><strong>Sortie optimis\u00e9e :<\/strong> Le r\u00e9flecteur \u00e9troit d\u00e9livre jusqu'\u00e0 83 100 lux \u00e0 3 m\u00e8tres, garantissant un \u00e9clairage intense pour les prises de vue exigeantes.<\/li>\n<li><strong>Angles de faisceau polyvalents :<\/strong> Avec les options 15\u00b0, 30\u00b0 et 45\u00b0, les utilisateurs peuvent facilement personnaliser la diffusion de la lumi\u00e8re pour r\u00e9pondre \u00e0 des besoins sp\u00e9cifiques sur le plateau.<\/li>\n<li><strong>Luminosit\u00e9 am\u00e9lior\u00e9e :<\/strong> Ces r\u00e9flecteurs augmentent consid\u00e9rablement la luminosit\u00e9 des LS 1200d Pro et LS 600c Pro, ce qui les rend id\u00e9ales pour diff\u00e9rentes conditions.<\/li>\n<li><strong>Falloff naturel :<\/strong> Con\u00e7us pour imiter les appareils d'\u00e9clairage traditionnels, les r\u00e9flecteurs assurent une chute naturelle de la lumi\u00e8re, ce qui am\u00e9liore la qualit\u00e9 de l'\u00e9clairage.<\/li>\n<li><strong>Construction durable :<\/strong> Fabriqu\u00e9s avec des mat\u00e9riaux de haute qualit\u00e9, ces r\u00e9flecteurs sont fiables m\u00eame en cas d'utilisation rigoureuse dans des environnements professionnels.<\/li>\n<\/ul>\n<h3><strong>Sp\u00e9cifications :<\/strong><\/h3>\n<ul>\n<li><strong>Types de r\u00e9flecteurs :<\/strong> Le kit comprend des r\u00e9flecteurs \u00e9troits (15\u00b0), moyens (30\u00b0) et larges (45\u00b0) pour des configurations d'\u00e9clairage flexibles.<\/li>\n<li><strong>Compatibilit\u00e9 :<\/strong> Sp\u00e9cialement con\u00e7u pour les lampes LED Aputure LS 1200d Pro et LS 600c Pro, il garantit une int\u00e9gration parfaite.<\/li>\n<li><strong>Sortie \u00e0 3m (avec LS 1200d Pro) :<\/strong>\n<ul>\n<li>R\u00e9flecteur \u00e9troit : 83 100 lux, id\u00e9al pour un \u00e9clairage cibl\u00e9.<\/li>\n<li>R\u00e9flecteur moyen : 22 400 lux, parfait pour les configurations \u00e9quilibr\u00e9es.<\/li>\n<li>R\u00e9flecteur large : 13 010 lux, id\u00e9al pour une couverture lumineuse plus large.<\/li>\n<\/ul>\n<\/li>\n<\/ul>\n<p>En conclusion, le kit de r\u00e9flecteur de la s\u00e9rie LS 1200 d'Aputure est un accessoire essentiel pour les professionnels qui cherchent \u00e0 maximiser les performances de leurs \u00e9clairages LS 1200d Pro ou LS 600c Pro. En outre, ses angles de faisceau polyvalents et ses capacit\u00e9s de luminosit\u00e9 am\u00e9lior\u00e9es en font un compl\u00e9ment pr\u00e9cieux \u00e0 toute configuration d'\u00e9clairage. Que ce soit pour des prises de vue en studio ou des projets sur site, ce kit offre la flexibilit\u00e9 et la qualit\u00e9 n\u00e9cessaires pour obtenir des r\u00e9sultats exceptionnels.<\/p>\n<p>Louez-le maintenant sur <a href=\"https:\/\/www.cinesouk.ma\/fr\">CINESOUK<\/a> - une marque de <a href=\"https:\/\/www.broadway.ma\/\">BROADWAY PRODUCTIONS SARL.<\/a><\/p>","protected":false},"excerpt":{"rendered":"<p><strong>Sp\u00e9cifications :<\/strong><\/p>\n<ul>\n<li><strong>Types de r\u00e9flecteurs :<\/strong> Le kit comprend des r\u00e9flecteurs \u00e9troits (15\u00b0), moyens (30\u00b0) et larges (45\u00b0) pour des configurations d'\u00e9clairage flexibles.<\/li>\n<li><strong>Compatibilit\u00e9 :<\/strong> Sp\u00e9cialement con\u00e7u pour les lampes LED Aputure LS 1200d Pro et LS 600c Pro, il garantit une int\u00e9gration parfaite.<\/li>\n<li><strong>Sortie \u00e0 3m (avec LS 1200d Pro) :<\/strong>\n<ul>\n<li>R\u00e9flecteur \u00e9troit : 83 100 lux, id\u00e9al pour un \u00e9clairage cibl\u00e9.<\/li>\n<li>R\u00e9flecteur moyen : 22 400 lux, parfait pour les configurations \u00e9quilibr\u00e9es.<\/li>\n<li>R\u00e9flecteur large : 13 010 lux, id\u00e9al pour une couverture lumineuse plus large.<\/li>\n<\/ul>\n<\/li>\n<li><\/li>\n<\/ul>","protected":false},"featured_media":9629,"template":"","meta":{"om_disable_all_campaigns":false,"_monsterinsights_skip_tracking":false,"_monsterinsights_sitenote_active":false,"_monsterinsights_sitenote_note":"","_monsterinsights_sitenote_category":0,"_uf_show_specific_survey":0,"_uf_disable_surveys":false},"product_brand":[],"product_cat":[131,20],"product_tag":[],"class_list":{"0":"post-9561","1":"product","2":"type-product","3":"status-publish","4":"has-post-thumbnail","6":"product_cat-light-eventsouk","7":"product_cat-light-cinesouk","9":"entry","10":"has-media","12":"first","13":"instock","14":"taxable","15":"shipping-taxable","16":"purchasable","17":"product-type-variable","18":"has-product-nav","19":"col","20":"span_1_of_3","21":"owp-content-center","22":"owp-thumbs-layout-horizontal","23":"owp-btn-normal","24":"owp-tabs-layout-horizontal","25":"has-no-thumbnails"},"yoast_head":"<!-- This site is optimized with the Yoast SEO Premium plugin v26.0 (Yoast SEO v26.0) - https:\/\/yoast.com\/wordpress\/plugins\/seo\/ -->\n<title>Aputure LS 1200 Series Reflector Kit - CineSouk - For rent<\/title>\n<meta name=\"description\" content=\"Aputure LS 1200 Series Reflector Kit: Includes Narrow, Medium, and Wide reflectors for versatile beam angles and enhanced light output.\" \/>\n<meta name=\"robots\" content=\"index, follow, max-snippet:-1, max-image-preview:large, max-video-preview:-1\" \/>\n<link rel=\"canonical\" href=\"https:\/\/www.cinesouk.ma\/fr\/produit\/aputure-ls-1200-series-reflector-kit\/\" \/>\n<meta property=\"og:locale\" content=\"fr_FR\" \/>\n<meta property=\"og:type\" content=\"article\" \/>\n<meta property=\"og:title\" content=\"Aputure LS 1200 Series Reflector Kit\" \/>\n<meta property=\"og:description\" content=\"Aputure LS 1200 Series Reflector Kit: Includes Narrow, Medium, and Wide reflectors for versatile beam angles and enhanced light output.\" \/>\n<meta property=\"og:url\" content=\"https:\/\/www.cinesouk.ma\/fr\/produit\/aputure-ls-1200-series-reflector-kit\/\" \/>\n<meta property=\"og:site_name\" content=\"CineSouk\" \/>\n<meta property=\"article:modified_time\" content=\"2025-08-18T10:52:36+00:00\" \/>\n<meta property=\"og:image\" content=\"https:\/\/www.cinesouk.ma\/wp-content\/uploads\/2024\/12\/Aputure-LS1200-Series-Reflector-Kit.jpg\" \/>\n\t<meta property=\"og:image:width\" content=\"300\" \/>\n\t<meta property=\"og:image:height\" content=\"238\" \/>\n\t<meta property=\"og:image:type\" content=\"image\/jpeg\" \/>\n<meta name=\"twitter:card\" content=\"summary_large_image\" \/>\n<meta name=\"twitter:description\" content=\"Aputure LS 1200 Series Reflector Kit: Includes Narrow, Medium, and Wide reflectors for versatile beam angles and enhanced light output.\" \/>\n<meta name=\"twitter:label1\" content=\"Dur\u00e9e de lecture estim\u00e9e\" \/>\n\t<meta name=\"twitter:data1\" content=\"2 minutes\" \/>\n<script type=\"application\/ld+json\" class=\"yoast-schema-graph\">{\"@context\":\"https:\/\/schema.org\",\"@graph\":[{\"@type\":\"WebPage\",\"@id\":\"https:\/\/www.cinesouk.ma\/product\/aputure-ls-1200-series-reflector-kit\/\",\"url\":\"https:\/\/www.cinesouk.ma\/product\/aputure-ls-1200-series-reflector-kit\/\",\"name\":\"Aputure LS 1200 Series Reflector Kit - CineSouk - For rent\",\"isPartOf\":{\"@id\":\"https:\/\/www.cinesouk.ma\/#website\"},\"primaryImageOfPage\":{\"@id\":\"https:\/\/www.cinesouk.ma\/product\/aputure-ls-1200-series-reflector-kit\/#primaryimage\"},\"image\":{\"@id\":\"https:\/\/www.cinesouk.ma\/product\/aputure-ls-1200-series-reflector-kit\/#primaryimage\"},\"thumbnailUrl\":\"https:\/\/www.cinesouk.ma\/wp-content\/uploads\/2024\/12\/Aputure-LS1200-Series-Reflector-Kit.jpg\",\"datePublished\":\"2025-03-06T19:59:43+00:00\",\"dateModified\":\"2025-08-18T10:52:36+00:00\",\"description\":\"Aputure LS 1200 Series Reflector Kit: Includes Narrow, Medium, and Wide reflectors for versatile beam angles and enhanced light output.\",\"breadcrumb\":{\"@id\":\"https:\/\/www.cinesouk.ma\/product\/aputure-ls-1200-series-reflector-kit\/#breadcrumb\"},\"inLanguage\":\"fr-FR\",\"potentialAction\":[{\"@type\":\"ReadAction\",\"target\":[\"https:\/\/www.cinesouk.ma\/product\/aputure-ls-1200-series-reflector-kit\/\"]}]},{\"@type\":\"ImageObject\",\"inLanguage\":\"fr-FR\",\"@id\":\"https:\/\/www.cinesouk.ma\/product\/aputure-ls-1200-series-reflector-kit\/#primaryimage\",\"url\":\"https:\/\/www.cinesouk.ma\/wp-content\/uploads\/2024\/12\/Aputure-LS1200-Series-Reflector-Kit.jpg\",\"contentUrl\":\"https:\/\/www.cinesouk.ma\/wp-content\/uploads\/2024\/12\/Aputure-LS1200-Series-Reflector-Kit.jpg\",\"width\":300,\"height\":238,\"caption\":\"Aputure LS 1200 Series Reflector Kit\"},{\"@type\":\"BreadcrumbList\",\"@id\":\"https:\/\/www.cinesouk.ma\/product\/aputure-ls-1200-series-reflector-kit\/#breadcrumb\",\"itemListElement\":[{\"@type\":\"ListItem\",\"position\":1,\"name\":\"Home\",\"item\":\"https:\/\/www.cinesouk.ma\/\"},{\"@type\":\"ListItem\",\"position\":2,\"name\":\"Shop\",\"item\":\"https:\/\/www.cinesouk.ma\/shop\/\"},{\"@type\":\"ListItem\",\"position\":3,\"name\":\"Aputure LS 1200 Series Reflector Kit\"}]},{\"@type\":\"WebSite\",\"@id\":\"https:\/\/www.cinesouk.ma\/#website\",\"url\":\"https:\/\/www.cinesouk.ma\/\",\"name\":\"CineSouk\",\"description\":\"\",\"publisher\":{\"@id\":\"https:\/\/www.cinesouk.ma\/#organization\"},\"potentialAction\":[{\"@type\":\"SearchAction\",\"target\":{\"@type\":\"EntryPoint\",\"urlTemplate\":\"https:\/\/www.cinesouk.ma\/?s={search_term_string}\"},\"query-input\":{\"@type\":\"PropertyValueSpecification\",\"valueRequired\":true,\"valueName\":\"search_term_string\"}}],\"inLanguage\":\"fr-FR\"},{\"@type\":\"Organization\",\"@id\":\"https:\/\/www.cinesouk.ma\/#organization\",\"name\":\"CineSouk\",\"url\":\"https:\/\/www.cinesouk.ma\/\",\"logo\":{\"@type\":\"ImageObject\",\"inLanguage\":\"fr-FR\",\"@id\":\"https:\/\/www.cinesouk.ma\/#\/schema\/logo\/image\/\",\"url\":\"https:\/\/www.cinesouk.ma\/wp-content\/uploads\/2024\/01\/CineSouk-logo-v01-alpha-alligned-left.png\",\"contentUrl\":\"https:\/\/www.cinesouk.ma\/wp-content\/uploads\/2024\/01\/CineSouk-logo-v01-alpha-alligned-left.png\",\"width\":3204,\"height\":889,\"caption\":\"CineSouk\"},\"image\":{\"@id\":\"https:\/\/www.cinesouk.ma\/#\/schema\/logo\/image\/\"}}]}<\/script>\n<!-- \/ Yoast SEO Premium plugin. -->","yoast_head_json":{"title":"Aputure LS 1200 Series Reflector Kit - CineSouk - For rent","description":"Aputure LS 1200 Series Reflector Kit: Includes Narrow, Medium, and Wide reflectors for versatile beam angles and enhanced light output.","robots":{"index":"index","follow":"follow","max-snippet":"max-snippet:-1","max-image-preview":"max-image-preview:large","max-video-preview":"max-video-preview:-1"},"canonical":"https:\/\/www.cinesouk.ma\/fr\/produit\/aputure-ls-1200-series-reflector-kit\/","og_locale":"fr_FR","og_type":"article","og_title":"Aputure LS 1200 Series Reflector Kit","og_description":"Aputure LS 1200 Series Reflector Kit: Includes Narrow, Medium, and Wide reflectors for versatile beam angles and enhanced light output.","og_url":"https:\/\/www.cinesouk.ma\/fr\/produit\/aputure-ls-1200-series-reflector-kit\/","og_site_name":"CineSouk","article_modified_time":"2025-08-18T10:52:36+00:00","og_image":[{"width":300,"height":238,"url":"https:\/\/www.cinesouk.ma\/wp-content\/uploads\/2024\/12\/Aputure-LS1200-Series-Reflector-Kit.jpg","type":"image\/jpeg"}],"twitter_card":"summary_large_image","twitter_description":"Aputure LS 1200 Series Reflector Kit: Includes Narrow, Medium, and Wide reflectors for versatile beam angles and enhanced light output.","twitter_misc":{"Dur\u00e9e de lecture estim\u00e9e":"2 minutes"},"schema":{"@context":"https:\/\/schema.org","@graph":[{"@type":"WebPage","@id":"https:\/\/www.cinesouk.ma\/product\/aputure-ls-1200-series-reflector-kit\/","url":"https:\/\/www.cinesouk.ma\/product\/aputure-ls-1200-series-reflector-kit\/","name":"Aputure LS 1200 Series Reflector Kit - CineSouk - For rent","isPartOf":{"@id":"https:\/\/www.cinesouk.ma\/#website"},"primaryImageOfPage":{"@id":"https:\/\/www.cinesouk.ma\/product\/aputure-ls-1200-series-reflector-kit\/#primaryimage"},"image":{"@id":"https:\/\/www.cinesouk.ma\/product\/aputure-ls-1200-series-reflector-kit\/#primaryimage"},"thumbnailUrl":"https:\/\/www.cinesouk.ma\/wp-content\/uploads\/2024\/12\/Aputure-LS1200-Series-Reflector-Kit.jpg","datePublished":"2025-03-06T19:59:43+00:00","dateModified":"2025-08-18T10:52:36+00:00","description":"Aputure LS 1200 Series Reflector Kit: Includes Narrow, Medium, and Wide reflectors for versatile beam angles and enhanced light output.","breadcrumb":{"@id":"https:\/\/www.cinesouk.ma\/product\/aputure-ls-1200-series-reflector-kit\/#breadcrumb"},"inLanguage":"fr-FR","potentialAction":[{"@type":"ReadAction","target":["https:\/\/www.cinesouk.ma\/product\/aputure-ls-1200-series-reflector-kit\/"]}]},{"@type":"ImageObject","inLanguage":"fr-FR","@id":"https:\/\/www.cinesouk.ma\/product\/aputure-ls-1200-series-reflector-kit\/#primaryimage","url":"https:\/\/www.cinesouk.ma\/wp-content\/uploads\/2024\/12\/Aputure-LS1200-Series-Reflector-Kit.jpg","contentUrl":"https:\/\/www.cinesouk.ma\/wp-content\/uploads\/2024\/12\/Aputure-LS1200-Series-Reflector-Kit.jpg","width":300,"height":238,"caption":"Aputure LS 1200 Series Reflector Kit"},{"@type":"BreadcrumbList","@id":"https:\/\/www.cinesouk.ma\/product\/aputure-ls-1200-series-reflector-kit\/#breadcrumb","itemListElement":[{"@type":"ListItem","position":1,"name":"Home","item":"https:\/\/www.cinesouk.ma\/"},{"@type":"ListItem","position":2,"name":"Shop","item":"https:\/\/www.cinesouk.ma\/shop\/"},{"@type":"ListItem","position":3,"name":"Aputure LS 1200 Series Reflector Kit"}]},{"@type":"WebSite","@id":"https:\/\/www.cinesouk.ma\/#website","url":"https:\/\/www.cinesouk.ma\/","name":"CineSouk","description":"","publisher":{"@id":"https:\/\/www.cinesouk.ma\/#organization"},"potentialAction":[{"@type":"SearchAction","target":{"@type":"EntryPoint","urlTemplate":"https:\/\/www.cinesouk.ma\/?s={search_term_string}"},"query-input":{"@type":"PropertyValueSpecification","valueRequired":true,"valueName":"search_term_string"}}],"inLanguage":"fr-FR"},{"@type":"Organization","@id":"https:\/\/www.cinesouk.ma\/#organization","name":"CineSouk","url":"https:\/\/www.cinesouk.ma\/","logo":{"@type":"ImageObject","inLanguage":"fr-FR","@id":"https:\/\/www.cinesouk.ma\/#\/schema\/logo\/image\/","url":"https:\/\/www.cinesouk.ma\/wp-content\/uploads\/2024\/01\/CineSouk-logo-v01-alpha-alligned-left.png","contentUrl":"https:\/\/www.cinesouk.ma\/wp-content\/uploads\/2024\/01\/CineSouk-logo-v01-alpha-alligned-left.png","width":3204,"height":889,"caption":"CineSouk"},"image":{"@id":"https:\/\/www.cinesouk.ma\/#\/schema\/logo\/image\/"}}]}},"_links":{"self":[{"href":"https:\/\/www.cinesouk.ma\/fr\/wp-json\/wp\/v2\/product\/9561","targetHints":{"allow":["GET"]}}],"collection":[{"href":"https:\/\/www.cinesouk.ma\/fr\/wp-json\/wp\/v2\/product"}],"about":[{"href":"https:\/\/www.cinesouk.ma\/fr\/wp-json\/wp\/v2\/types\/product"}],"wp:featuredmedia":[{"embeddable":true,"href":"https:\/\/www.cinesouk.ma\/fr\/wp-json\/wp\/v2\/media\/9629"}],"wp:attachment":[{"href":"https:\/\/www.cinesouk.ma\/fr\/wp-json\/wp\/v2\/media?parent=9561"}],"wp:term":[{"taxonomy":"product_brand","embeddable":true,"href":"https:\/\/www.cinesouk.ma\/fr\/wp-json\/wp\/v2\/product_brand?post=9561"},{"taxonomy":"product_cat","embeddable":true,"href":"https:\/\/www.cinesouk.ma\/fr\/wp-json\/wp\/v2\/product_cat?post=9561"},{"taxonomy":"product_tag","embeddable":true,"href":"https:\/\/www.cinesouk.ma\/fr\/wp-json\/wp\/v2\/product_tag?post=9561"}],"curies":[{"name":"wp","href":"https:\/\/api.w.org\/{rel}","templated":true}]}}