{"id":9572,"date":"2024-12-01T08:50:02","date_gmt":"2024-12-01T08:50:02","guid":{"rendered":"https:\/\/www.cinesouk.ma\/?post_type=product&#038;p=9572"},"modified":"2025-09-25T14:44:11","modified_gmt":"2025-09-25T14:44:11","slug":"dzofilm-vespid-prime-pl-or-ef-1-lens","status":"publish","type":"product","link":"https:\/\/www.cinesouk.ma\/fr\/produit\/dzofilm-vespid-prime-pl-or-ef-1-lens\/","title":{"rendered":"DZOFILM Vespid Prime Lens PL or EF \u2013 1"},"content":{"rendered":"<div class=\"flex max-w-full flex-col flex-grow\">\n<div class=\"min-h-8 text-message flex w-full flex-col items-end gap-2 whitespace-normal break-words [.text-message+&amp;]:mt-5\" dir=\"auto\" data-message-author-role=\"assistant\" data-message-id=\"505c5180-2209-4fe3-b311-033e6697a32e\" data-message-model-slug=\"gpt-4o\">\n<div class=\"flex w-full flex-col gap-1 empty:hidden first:pt-[3px]\">\n<div class=\"markdown prose w-full break-words dark:prose-invert light\">\n<p>La s\u00e9rie Vespid Prime de DZOFILM propose des objectifs de cin\u00e9ma haut de gamme disponibles en monture PL ou EF, con\u00e7us pour les cin\u00e9astes professionnels. Cette gamme comprend des objectifs 16 mm T2.8, 21 mm T2.1, 25 mm T2.1, 35 mm T2.1, 40 mm T2.1, 50 mm T2.1, 75 mm T2.1, 100 mm T2.1, 125 mm T2.1 et 90 mm Macro. Ces objectifs offrent de nombreuses options, r\u00e9pondant \u00e0 divers besoins cr\u00e9atifs pour diff\u00e9rents projets cin\u00e9matographiques.<\/p>\n<p>Chaque objectif Vespid Prime offre une qualit\u00e9 optique exceptionnelle, garantissant des images nettes, des couleurs \u00e9clatantes et un bokeh naturel et cin\u00e9matographique. L'ouverture T2.1 (T2.8 pour le 16 mm) garantit d'excellentes performances en basse lumi\u00e8re tout en offrant un contr\u00f4le pr\u00e9cis de la profondeur de champ. Ces objectifs sont donc polyvalents pour les prises de vue dramatiques et artistiques dans des conditions d'\u00e9clairage difficiles.<\/p>\n<p>Ces objectifs sont compacts et l\u00e9gers, ce qui les rend id\u00e9aux pour les prises de vue \u00e0 main lev\u00e9e, \u00e0 l'aide d'un cardan et sur le terrain. Leur diam\u00e8tre frontal uniforme et leur port\u00e9e de mise au point constante simplifient les changements d'objectif, am\u00e9liorant ainsi l'efficacit\u00e9 des productions rapides. Cette conception bien pens\u00e9e garantit un fonctionnement sans faille et une adaptabilit\u00e9 \u00e0 diff\u00e9rents environnements de tournage.<\/p>\n<p>Les objectifs Vespid Prime sont compatibles avec les capteurs plein format et Super 35, ce qui les rend adapt\u00e9s aux besoins actuels et futurs des cin\u00e9astes. Qu'il s'agisse de capturer de vastes paysages, des gros plans d\u00e9taill\u00e9s ou des prises de vue macro complexes, ces objectifs produisent syst\u00e9matiquement des images \u00e9poustouflantes. Gr\u00e2ce \u00e0 leurs caract\u00e9ristiques avanc\u00e9es et \u00e0 leur construction durable, la s\u00e9rie Vespid Prime est un investissement pr\u00e9cieux pour tout cin\u00e9aste professionnel.<\/p>\n<p>Louez-le maintenant sur <a href=\"https:\/\/www.cinesouk.ma\/fr\">CINESOUK<\/a> - une marque de <a href=\"https:\/\/www.broadway.ma\/\">BROADWAY PRODUCTIONS SARL.<\/a><\/p>\n<\/div>\n<\/div>\n<\/div>\n<\/div>","protected":false},"excerpt":{"rendered":"<p>Sp\u00e9cifications des produits<\/p>\n<ul>\n<li><strong>Options de montage :<\/strong> PL ou EF<\/li>\n<li><strong>Longueurs focales disponibles :<\/strong>\n<ul>\n<li>16mm T2.8<\/li>\n<li>21mm T2.1<\/li>\n<li>25mm T2.1<\/li>\n<li>35 mm T2.1<\/li>\n<li>40mm T2.1<\/li>\n<li>50mm T2.1<\/li>\n<li>75mm T2.1<\/li>\n<li>100mm T2.1<\/li>\n<li>125mm T2.1<\/li>\n<li>90mm Macro<\/li>\n<\/ul>\n<\/li>\n<li><strong>Ouverture :<\/strong> T2.1 (T2.8 pour 16 mm)<\/li>\n<li><strong>Construire :<\/strong> L\u00e9ger et compact<\/li>\n<li><strong>Compatibilit\u00e9 :<\/strong> Capteurs plein format et Super 35<\/li>\n<\/ul>","protected":false},"featured_media":9583,"template":"","meta":{"om_disable_all_campaigns":false,"_monsterinsights_skip_tracking":false,"_monsterinsights_sitenote_active":false,"_monsterinsights_sitenote_note":"","_monsterinsights_sitenote_category":0,"_uf_show_specific_survey":0,"_uf_disable_surveys":false},"product_brand":[],"product_cat":[36],"product_tag":[],"class_list":{"0":"post-9572","1":"product","2":"type-product","3":"status-publish","4":"has-post-thumbnail","6":"product_cat-lenses-cinesouk","8":"entry","9":"has-media","11":"first","12":"instock","13":"taxable","14":"shipping-taxable","15":"purchasable","16":"product-type-variable","17":"has-product-nav","18":"col","19":"span_1_of_3","20":"owp-content-center","21":"owp-thumbs-layout-horizontal","22":"owp-btn-normal","23":"owp-tabs-layout-horizontal"},"yoast_head":"<!-- This site is optimized with the Yoast SEO Premium plugin v26.0 (Yoast SEO v26.0) - https:\/\/yoast.com\/wordpress\/plugins\/seo\/ -->\n<title>DZOFILM Vespid Prime Lens PL or EF \u2013 1 - CineSouk - For rent<\/title>\n<meta name=\"description\" content=\"DZOFILM Vespid Prime Lens (PL or EF): Choose from 16mm to 125mm focal lengths, including 90mm Macro, with stunning T2.1 optics for cinematic visuals.\" \/>\n<meta name=\"robots\" content=\"index, follow, max-snippet:-1, max-image-preview:large, max-video-preview:-1\" \/>\n<link rel=\"canonical\" href=\"https:\/\/www.cinesouk.ma\/fr\/produit\/dzofilm-vespid-prime-pl-or-ef-1-lens\/\" \/>\n<meta property=\"og:locale\" content=\"fr_FR\" \/>\n<meta property=\"og:type\" content=\"article\" \/>\n<meta property=\"og:title\" content=\"DZOFILM Vespid Prime Lens PL or EF \u2013 1\" \/>\n<meta property=\"og:description\" content=\"DZOFILM Vespid Prime Lens (PL or EF): Choose from 16mm to 125mm focal lengths, including 90mm Macro, with stunning T2.1 optics for cinematic visuals.\" \/>\n<meta property=\"og:url\" content=\"https:\/\/www.cinesouk.ma\/fr\/produit\/dzofilm-vespid-prime-pl-or-ef-1-lens\/\" \/>\n<meta property=\"og:site_name\" content=\"CineSouk\" \/>\n<meta property=\"article:modified_time\" content=\"2025-09-25T14:44:11+00:00\" \/>\n<meta property=\"og:image\" content=\"https:\/\/www.cinesouk.ma\/wp-content\/uploads\/2024\/12\/DZO-Vespid-prime-16-mm-T2.8.jpg\" \/>\n\t<meta property=\"og:image:width\" content=\"300\" \/>\n\t<meta property=\"og:image:height\" content=\"238\" \/>\n\t<meta property=\"og:image:type\" content=\"image\/jpeg\" \/>\n<meta name=\"twitter:card\" content=\"summary_large_image\" \/>\n<meta name=\"twitter:description\" content=\"Expand your creative possibilities with the Metabones Canon EF to E-mount Smart Adapter. Seamless integration for Canon EF lenses on Sony E-mount cameras.\" \/>\n<meta name=\"twitter:label1\" content=\"Dur\u00e9e de lecture estim\u00e9e\" \/>\n\t<meta name=\"twitter:data1\" content=\"2 minutes\" \/>\n<script type=\"application\/ld+json\" class=\"yoast-schema-graph\">{\"@context\":\"https:\/\/schema.org\",\"@graph\":[{\"@type\":\"WebPage\",\"@id\":\"https:\/\/www.cinesouk.ma\/product\/dzofilm-vespid-prime-pl-or-ef-1-lens\/\",\"url\":\"https:\/\/www.cinesouk.ma\/product\/dzofilm-vespid-prime-pl-or-ef-1-lens\/\",\"name\":\"DZOFILM Vespid Prime Lens PL or EF \u2013 1 - CineSouk - For rent\",\"isPartOf\":{\"@id\":\"https:\/\/www.cinesouk.ma\/#website\"},\"primaryImageOfPage\":{\"@id\":\"https:\/\/www.cinesouk.ma\/product\/dzofilm-vespid-prime-pl-or-ef-1-lens\/#primaryimage\"},\"image\":{\"@id\":\"https:\/\/www.cinesouk.ma\/product\/dzofilm-vespid-prime-pl-or-ef-1-lens\/#primaryimage\"},\"thumbnailUrl\":\"https:\/\/www.cinesouk.ma\/wp-content\/uploads\/2024\/12\/DZO-Vespid-prime-16-mm-T2.8.jpg\",\"datePublished\":\"2024-12-01T08:50:02+00:00\",\"dateModified\":\"2025-09-25T14:44:11+00:00\",\"description\":\"DZOFILM Vespid Prime Lens (PL or EF): Choose from 16mm to 125mm focal lengths, including 90mm Macro, with stunning T2.1 optics for cinematic visuals.\",\"breadcrumb\":{\"@id\":\"https:\/\/www.cinesouk.ma\/product\/dzofilm-vespid-prime-pl-or-ef-1-lens\/#breadcrumb\"},\"inLanguage\":\"fr-FR\",\"potentialAction\":[{\"@type\":\"ReadAction\",\"target\":[\"https:\/\/www.cinesouk.ma\/product\/dzofilm-vespid-prime-pl-or-ef-1-lens\/\"]}]},{\"@type\":\"ImageObject\",\"inLanguage\":\"fr-FR\",\"@id\":\"https:\/\/www.cinesouk.ma\/product\/dzofilm-vespid-prime-pl-or-ef-1-lens\/#primaryimage\",\"url\":\"https:\/\/www.cinesouk.ma\/wp-content\/uploads\/2024\/12\/DZO-Vespid-prime-16-mm-T2.8.jpg\",\"contentUrl\":\"https:\/\/www.cinesouk.ma\/wp-content\/uploads\/2024\/12\/DZO-Vespid-prime-16-mm-T2.8.jpg\",\"width\":300,\"height\":238,\"caption\":\"DZOFILM Vespid Prime Lens available in PL or EF mount, offering premium cinema optics in focal lengths from 16mm to 125mm.\"},{\"@type\":\"BreadcrumbList\",\"@id\":\"https:\/\/www.cinesouk.ma\/product\/dzofilm-vespid-prime-pl-or-ef-1-lens\/#breadcrumb\",\"itemListElement\":[{\"@type\":\"ListItem\",\"position\":1,\"name\":\"Home\",\"item\":\"https:\/\/www.cinesouk.ma\/\"},{\"@type\":\"ListItem\",\"position\":2,\"name\":\"Shop\",\"item\":\"https:\/\/www.cinesouk.ma\/shop\/\"},{\"@type\":\"ListItem\",\"position\":3,\"name\":\"DZOFILM Vespid Prime Lens PL or EF \u2013 1\"}]},{\"@type\":\"WebSite\",\"@id\":\"https:\/\/www.cinesouk.ma\/#website\",\"url\":\"https:\/\/www.cinesouk.ma\/\",\"name\":\"CineSouk\",\"description\":\"\",\"publisher\":{\"@id\":\"https:\/\/www.cinesouk.ma\/#organization\"},\"potentialAction\":[{\"@type\":\"SearchAction\",\"target\":{\"@type\":\"EntryPoint\",\"urlTemplate\":\"https:\/\/www.cinesouk.ma\/?s={search_term_string}\"},\"query-input\":{\"@type\":\"PropertyValueSpecification\",\"valueRequired\":true,\"valueName\":\"search_term_string\"}}],\"inLanguage\":\"fr-FR\"},{\"@type\":\"Organization\",\"@id\":\"https:\/\/www.cinesouk.ma\/#organization\",\"name\":\"CineSouk\",\"url\":\"https:\/\/www.cinesouk.ma\/\",\"logo\":{\"@type\":\"ImageObject\",\"inLanguage\":\"fr-FR\",\"@id\":\"https:\/\/www.cinesouk.ma\/#\/schema\/logo\/image\/\",\"url\":\"https:\/\/www.cinesouk.ma\/wp-content\/uploads\/2024\/01\/CineSouk-logo-v01-alpha-alligned-left.png\",\"contentUrl\":\"https:\/\/www.cinesouk.ma\/wp-content\/uploads\/2024\/01\/CineSouk-logo-v01-alpha-alligned-left.png\",\"width\":3204,\"height\":889,\"caption\":\"CineSouk\"},\"image\":{\"@id\":\"https:\/\/www.cinesouk.ma\/#\/schema\/logo\/image\/\"}}]}<\/script>\n<!-- \/ Yoast SEO Premium plugin. -->","yoast_head_json":{"title":"DZOFILM Vespid Prime Lens PL or EF \u2013 1 - CineSouk - For rent","description":"DZOFILM Vespid Prime Lens (PL or EF): Choose from 16mm to 125mm focal lengths, including 90mm Macro, with stunning T2.1 optics for cinematic visuals.","robots":{"index":"index","follow":"follow","max-snippet":"max-snippet:-1","max-image-preview":"max-image-preview:large","max-video-preview":"max-video-preview:-1"},"canonical":"https:\/\/www.cinesouk.ma\/fr\/produit\/dzofilm-vespid-prime-pl-or-ef-1-lens\/","og_locale":"fr_FR","og_type":"article","og_title":"DZOFILM Vespid Prime Lens PL or EF \u2013 1","og_description":"DZOFILM Vespid Prime Lens (PL or EF): Choose from 16mm to 125mm focal lengths, including 90mm Macro, with stunning T2.1 optics for cinematic visuals.","og_url":"https:\/\/www.cinesouk.ma\/fr\/produit\/dzofilm-vespid-prime-pl-or-ef-1-lens\/","og_site_name":"CineSouk","article_modified_time":"2025-09-25T14:44:11+00:00","og_image":[{"width":300,"height":238,"url":"https:\/\/www.cinesouk.ma\/wp-content\/uploads\/2024\/12\/DZO-Vespid-prime-16-mm-T2.8.jpg","type":"image\/jpeg"}],"twitter_card":"summary_large_image","twitter_description":"Expand your creative possibilities with the Metabones Canon EF to E-mount Smart Adapter. Seamless integration for Canon EF lenses on Sony E-mount cameras.","twitter_misc":{"Dur\u00e9e de lecture estim\u00e9e":"2 minutes"},"schema":{"@context":"https:\/\/schema.org","@graph":[{"@type":"WebPage","@id":"https:\/\/www.cinesouk.ma\/product\/dzofilm-vespid-prime-pl-or-ef-1-lens\/","url":"https:\/\/www.cinesouk.ma\/product\/dzofilm-vespid-prime-pl-or-ef-1-lens\/","name":"DZOFILM Vespid Prime Lens PL or EF \u2013 1 - CineSouk - For rent","isPartOf":{"@id":"https:\/\/www.cinesouk.ma\/#website"},"primaryImageOfPage":{"@id":"https:\/\/www.cinesouk.ma\/product\/dzofilm-vespid-prime-pl-or-ef-1-lens\/#primaryimage"},"image":{"@id":"https:\/\/www.cinesouk.ma\/product\/dzofilm-vespid-prime-pl-or-ef-1-lens\/#primaryimage"},"thumbnailUrl":"https:\/\/www.cinesouk.ma\/wp-content\/uploads\/2024\/12\/DZO-Vespid-prime-16-mm-T2.8.jpg","datePublished":"2024-12-01T08:50:02+00:00","dateModified":"2025-09-25T14:44:11+00:00","description":"DZOFILM Vespid Prime Lens (PL or EF): Choose from 16mm to 125mm focal lengths, including 90mm Macro, with stunning T2.1 optics for cinematic visuals.","breadcrumb":{"@id":"https:\/\/www.cinesouk.ma\/product\/dzofilm-vespid-prime-pl-or-ef-1-lens\/#breadcrumb"},"inLanguage":"fr-FR","potentialAction":[{"@type":"ReadAction","target":["https:\/\/www.cinesouk.ma\/product\/dzofilm-vespid-prime-pl-or-ef-1-lens\/"]}]},{"@type":"ImageObject","inLanguage":"fr-FR","@id":"https:\/\/www.cinesouk.ma\/product\/dzofilm-vespid-prime-pl-or-ef-1-lens\/#primaryimage","url":"https:\/\/www.cinesouk.ma\/wp-content\/uploads\/2024\/12\/DZO-Vespid-prime-16-mm-T2.8.jpg","contentUrl":"https:\/\/www.cinesouk.ma\/wp-content\/uploads\/2024\/12\/DZO-Vespid-prime-16-mm-T2.8.jpg","width":300,"height":238,"caption":"DZOFILM Vespid Prime Lens available in PL or EF mount, offering premium cinema optics in focal lengths from 16mm to 125mm."},{"@type":"BreadcrumbList","@id":"https:\/\/www.cinesouk.ma\/product\/dzofilm-vespid-prime-pl-or-ef-1-lens\/#breadcrumb","itemListElement":[{"@type":"ListItem","position":1,"name":"Home","item":"https:\/\/www.cinesouk.ma\/"},{"@type":"ListItem","position":2,"name":"Shop","item":"https:\/\/www.cinesouk.ma\/shop\/"},{"@type":"ListItem","position":3,"name":"DZOFILM Vespid Prime Lens PL or EF \u2013 1"}]},{"@type":"WebSite","@id":"https:\/\/www.cinesouk.ma\/#website","url":"https:\/\/www.cinesouk.ma\/","name":"CineSouk","description":"","publisher":{"@id":"https:\/\/www.cinesouk.ma\/#organization"},"potentialAction":[{"@type":"SearchAction","target":{"@type":"EntryPoint","urlTemplate":"https:\/\/www.cinesouk.ma\/?s={search_term_string}"},"query-input":{"@type":"PropertyValueSpecification","valueRequired":true,"valueName":"search_term_string"}}],"inLanguage":"fr-FR"},{"@type":"Organization","@id":"https:\/\/www.cinesouk.ma\/#organization","name":"CineSouk","url":"https:\/\/www.cinesouk.ma\/","logo":{"@type":"ImageObject","inLanguage":"fr-FR","@id":"https:\/\/www.cinesouk.ma\/#\/schema\/logo\/image\/","url":"https:\/\/www.cinesouk.ma\/wp-content\/uploads\/2024\/01\/CineSouk-logo-v01-alpha-alligned-left.png","contentUrl":"https:\/\/www.cinesouk.ma\/wp-content\/uploads\/2024\/01\/CineSouk-logo-v01-alpha-alligned-left.png","width":3204,"height":889,"caption":"CineSouk"},"image":{"@id":"https:\/\/www.cinesouk.ma\/#\/schema\/logo\/image\/"}}]}},"_links":{"self":[{"href":"https:\/\/www.cinesouk.ma\/fr\/wp-json\/wp\/v2\/product\/9572","targetHints":{"allow":["GET"]}}],"collection":[{"href":"https:\/\/www.cinesouk.ma\/fr\/wp-json\/wp\/v2\/product"}],"about":[{"href":"https:\/\/www.cinesouk.ma\/fr\/wp-json\/wp\/v2\/types\/product"}],"wp:featuredmedia":[{"embeddable":true,"href":"https:\/\/www.cinesouk.ma\/fr\/wp-json\/wp\/v2\/media\/9583"}],"wp:attachment":[{"href":"https:\/\/www.cinesouk.ma\/fr\/wp-json\/wp\/v2\/media?parent=9572"}],"wp:term":[{"taxonomy":"product_brand","embeddable":true,"href":"https:\/\/www.cinesouk.ma\/fr\/wp-json\/wp\/v2\/product_brand?post=9572"},{"taxonomy":"product_cat","embeddable":true,"href":"https:\/\/www.cinesouk.ma\/fr\/wp-json\/wp\/v2\/product_cat?post=9572"},{"taxonomy":"product_tag","embeddable":true,"href":"https:\/\/www.cinesouk.ma\/fr\/wp-json\/wp\/v2\/product_tag?post=9572"}],"curies":[{"name":"wp","href":"https:\/\/api.w.org\/{rel}","templated":true}]}}