{"id":959,"date":"2024-08-20T17:27:51","date_gmt":"2024-08-20T17:27:51","guid":{"rendered":"https:\/\/www.cinesouk.ma\/?post_type=product&#038;p=959"},"modified":"2025-08-26T14:34:17","modified_gmt":"2025-08-26T14:34:17","slug":"vaxis-storm-072-monitor-and-vaxis-storm-3000-dv-wireless-video-transmitter-kit-7-monitor","status":"publish","type":"product","link":"https:\/\/www.cinesouk.ma\/fr\/produit\/vaxis-storm-072-monitor-and-vaxis-storm-3000-dv-wireless-video-transmitter-kit-7-monitor\/","title":{"rendered":"Kit moniteur Vaxis Storm 072 et \u00e9metteur vid\u00e9o sans fil Vaxis Storm 3000 DV - Moniteur 7\u2033."},"content":{"rendered":"<p>Le pack Vaxis Storm 3000 DV Wireless \/ moniteur 072 vous permet de surveiller sans fil l'image de votre cam\u00e9ra jusqu'\u00e0 une distance de 900 m\u00e8tres.<\/p>\n<p>Le kit de l'\u00e9metteur vid\u00e9o comprend<\/p>\n<ul>\n<li>L'\u00e9metteur sans fil Vaxis Storm 3000\u2032 DV<\/li>\n<li>Le moniteur de terrain sans fil Storm 072 7\u2033.<\/li>\n<\/ul>\n<p>Le moniteur est dot\u00e9 d'un \u00e9cran IPS LCD de 7\u2033, d'une r\u00e9solution de 1920\u00d71080 et d'une luminosit\u00e9 de 1000 cd\/m\u00b2. Il est \u00e9galement \u00e9quip\u00e9 d'un r\u00e9cepteur sans fil int\u00e9gr\u00e9.<\/p>\n<ul>\n<li>Kit \u00e9metteur et r\u00e9cepteur<\/li>\n<li>Transmission vid\u00e9o sans fil jusqu'\u00e0 3 000 pieds<\/li>\n<li>Prise en charge des vid\u00e9os non compress\u00e9es jusqu'\u00e0 1080p<\/li>\n<li>Deux plaques de passage V-Mount sur l'\u00e9metteur<\/li>\n<li>Entr\u00e9es SDI et HDMI, sorties SDI<\/li>\n<li>Prise en charge des m\u00e9tadonn\u00e9es et du code temporel<\/li>\n<li>Conversion crois\u00e9e HDMI\/SDI<\/li>\n<li>Filets de montage 1\/4\u2033-20<\/li>\n<\/ul>\n<p>En plus de ses performances et de ses caract\u00e9ristiques exceptionnelles, le kit offre une valeur incroyable \u00e0 ses utilisateurs. En \u00e9liminant le besoin de c\u00e2bles encombrants et en assurant une transmission sans fil transparente, il vous permet de gagner du temps et d'\u00e9conomiser des efforts lors de l'installation et de l'utilisation. Sa transmission vid\u00e9o fiable et de haute qualit\u00e9 vous permet de capturer les moindres d\u00e9tails et d'obtenir des r\u00e9sultats de qualit\u00e9 professionnelle qui impressionneront vos clients et votre public.<\/p>\n<p>En conclusion, le kit Vaxis Storm 3000 DV Wireless \/ moniteur 072 change la donne pour les cin\u00e9astes, les diffuseurs et les cr\u00e9ateurs de contenu. Ce kit vous permet de capturer et de transmettre des contenus vid\u00e9o de haute qualit\u00e9 en toute simplicit\u00e9. Dites adieu \u00e0 l'encombrement des c\u00e2bles et aux limitations techniques - profitez de la libert\u00e9 et de la fiabilit\u00e9 du kit Vaxis Storm 3000 DV et propulsez votre production vid\u00e9o vers de nouveaux sommets.<\/p>\n<p>Louez-le maintenant sur <a href=\"https:\/\/www.cinesouk.ma\/fr\">CINESOUK<\/a> - une marque de <a href=\"https:\/\/www.broadway.ma\/\">BROADWAY PRODUCTIONS SARL.<\/a><\/p>\n<p>&nbsp;<\/p>","protected":false},"excerpt":{"rendered":"<p>Sp\u00e9cifications<\/p>\n<p><strong>Port\u00e9e sans fil :<\/strong> 915 m<strong><br \/>\nBande passante du canal :<\/strong> 40 MHz<strong><br \/>\nGamme de fr\u00e9quences : <\/strong>5,1 \u00e0 5,9 GHz<strong><br \/>\nType de panneau : <\/strong>LCD<strong><br \/>\nSupport de batterie : <\/strong>Monture en V<\/p>\n<p>&nbsp;<\/p>","protected":false},"featured_media":8245,"template":"","meta":{"om_disable_all_campaigns":false,"_monsterinsights_skip_tracking":false,"_monsterinsights_sitenote_active":false,"_monsterinsights_sitenote_note":"","_monsterinsights_sitenote_category":0,"_uf_show_specific_survey":0,"_uf_disable_surveys":false},"product_brand":[],"product_cat":[83,30,53],"product_tag":[],"class_list":{"0":"post-959","1":"product","2":"type-product","3":"status-publish","4":"has-post-thumbnail","6":"product_cat-efp-eng-cinesouk","7":"product_cat-monitors-and-screens-cinesouk","8":"product_cat-popular-cinesouk","10":"entry","11":"has-media","13":"first","14":"instock","15":"taxable","16":"shipping-taxable","17":"purchasable","18":"product-type-variable","19":"has-product-nav","20":"col","21":"span_1_of_3","22":"owp-content-center","23":"owp-thumbs-layout-horizontal","24":"owp-btn-normal","25":"owp-tabs-layout-horizontal","26":"has-no-thumbnails"},"yoast_head":"<!-- This site is optimized with the Yoast SEO Premium plugin v26.0 (Yoast SEO v26.0) - https:\/\/yoast.com\/wordpress\/plugins\/seo\/ -->\n<title>The Vaxis Storm 3000 - CineSouk - For rent<\/title>\n<meta name=\"description\" content=\"The Vaxis Storm 3000 DV Wireless \/ monitor 072 bundle wirelessly monitors your camera&#039;s image. - CineSouk - For rent\" \/>\n<meta name=\"robots\" content=\"index, follow, max-snippet:-1, max-image-preview:large, max-video-preview:-1\" \/>\n<link rel=\"canonical\" href=\"https:\/\/www.cinesouk.ma\/fr\/produit\/vaxis-storm-072-monitor-and-vaxis-storm-3000-dv-wireless-video-transmitter-kit-7-monitor\/\" \/>\n<meta property=\"og:locale\" content=\"fr_FR\" \/>\n<meta property=\"og:type\" content=\"article\" \/>\n<meta property=\"og:title\" content=\"Vaxis Storm 072 Monitor and Vaxis Storm 3000 DV Wireless Video Transmitter Kit - 7&quot; Monitor\" \/>\n<meta property=\"og:description\" content=\"The Vaxis Storm 3000 DV Wireless \/ monitor 072 bundle wirelessly monitors your camera&#039;s image. - CineSouk - For rent\" \/>\n<meta property=\"og:url\" content=\"https:\/\/www.cinesouk.ma\/fr\/produit\/vaxis-storm-072-monitor-and-vaxis-storm-3000-dv-wireless-video-transmitter-kit-7-monitor\/\" \/>\n<meta property=\"og:site_name\" content=\"CineSouk\" \/>\n<meta property=\"article:modified_time\" content=\"2025-08-26T14:34:17+00:00\" \/>\n<meta property=\"og:image\" content=\"https:\/\/www.cinesouk.ma\/wp-content\/uploads\/2024\/08\/vxy.jpg\" \/>\n\t<meta property=\"og:image:width\" content=\"300\" \/>\n\t<meta property=\"og:image:height\" content=\"238\" \/>\n\t<meta property=\"og:image:type\" content=\"image\/jpeg\" \/>\n<meta name=\"twitter:card\" content=\"summary_large_image\" \/>\n<meta name=\"twitter:description\" content=\"The Vaxis Storm 3000 DV Wireless \/ monitor 072 bundle wirelessly monitors your camera&#039;s image. - CineSouk - For rent\" \/>\n<meta name=\"twitter:label1\" content=\"Dur\u00e9e de lecture estim\u00e9e\" \/>\n\t<meta name=\"twitter:data1\" content=\"2 minutes\" \/>\n<script type=\"application\/ld+json\" class=\"yoast-schema-graph\">{\"@context\":\"https:\/\/schema.org\",\"@graph\":[{\"@type\":\"WebPage\",\"@id\":\"https:\/\/www.cinesouk.ma\/product\/vaxis-storm-072-monitor-and-vaxis-storm-3000-dv-wireless-video-transmitter-kit-7-monitor\/\",\"url\":\"https:\/\/www.cinesouk.ma\/product\/vaxis-storm-072-monitor-and-vaxis-storm-3000-dv-wireless-video-transmitter-kit-7-monitor\/\",\"name\":\"The Vaxis Storm 3000 - CineSouk - For rent\",\"isPartOf\":{\"@id\":\"https:\/\/www.cinesouk.ma\/#website\"},\"primaryImageOfPage\":{\"@id\":\"https:\/\/www.cinesouk.ma\/product\/vaxis-storm-072-monitor-and-vaxis-storm-3000-dv-wireless-video-transmitter-kit-7-monitor\/#primaryimage\"},\"image\":{\"@id\":\"https:\/\/www.cinesouk.ma\/product\/vaxis-storm-072-monitor-and-vaxis-storm-3000-dv-wireless-video-transmitter-kit-7-monitor\/#primaryimage\"},\"thumbnailUrl\":\"https:\/\/www.cinesouk.ma\/wp-content\/uploads\/2024\/08\/vxy.jpg\",\"datePublished\":\"2024-08-20T17:27:51+00:00\",\"dateModified\":\"2025-08-26T14:34:17+00:00\",\"description\":\"The Vaxis Storm 3000 DV Wireless \/ monitor 072 bundle wirelessly monitors your camera's image. - CineSouk - For rent\",\"breadcrumb\":{\"@id\":\"https:\/\/www.cinesouk.ma\/product\/vaxis-storm-072-monitor-and-vaxis-storm-3000-dv-wireless-video-transmitter-kit-7-monitor\/#breadcrumb\"},\"inLanguage\":\"fr-FR\",\"potentialAction\":[{\"@type\":\"ReadAction\",\"target\":[\"https:\/\/www.cinesouk.ma\/product\/vaxis-storm-072-monitor-and-vaxis-storm-3000-dv-wireless-video-transmitter-kit-7-monitor\/\"]}]},{\"@type\":\"ImageObject\",\"inLanguage\":\"fr-FR\",\"@id\":\"https:\/\/www.cinesouk.ma\/product\/vaxis-storm-072-monitor-and-vaxis-storm-3000-dv-wireless-video-transmitter-kit-7-monitor\/#primaryimage\",\"url\":\"https:\/\/www.cinesouk.ma\/wp-content\/uploads\/2024\/08\/vxy.jpg\",\"contentUrl\":\"https:\/\/www.cinesouk.ma\/wp-content\/uploads\/2024\/08\/vxy.jpg\",\"width\":300,\"height\":238,\"caption\":\"Vaxis Storm 072 Monitor and Vaxis Storm 3000 DV Wireless Video Transmitter Kit - 7\\\" Monitor\"},{\"@type\":\"BreadcrumbList\",\"@id\":\"https:\/\/www.cinesouk.ma\/product\/vaxis-storm-072-monitor-and-vaxis-storm-3000-dv-wireless-video-transmitter-kit-7-monitor\/#breadcrumb\",\"itemListElement\":[{\"@type\":\"ListItem\",\"position\":1,\"name\":\"Home\",\"item\":\"https:\/\/www.cinesouk.ma\/\"},{\"@type\":\"ListItem\",\"position\":2,\"name\":\"Shop\",\"item\":\"https:\/\/www.cinesouk.ma\/shop\/\"},{\"@type\":\"ListItem\",\"position\":3,\"name\":\"Vaxis Storm 072 Monitor and Vaxis Storm 3000 DV Wireless Video Transmitter Kit &#8211; 7&#8243; Monitor\"}]},{\"@type\":\"WebSite\",\"@id\":\"https:\/\/www.cinesouk.ma\/#website\",\"url\":\"https:\/\/www.cinesouk.ma\/\",\"name\":\"CineSouk\",\"description\":\"\",\"publisher\":{\"@id\":\"https:\/\/www.cinesouk.ma\/#organization\"},\"potentialAction\":[{\"@type\":\"SearchAction\",\"target\":{\"@type\":\"EntryPoint\",\"urlTemplate\":\"https:\/\/www.cinesouk.ma\/?s={search_term_string}\"},\"query-input\":{\"@type\":\"PropertyValueSpecification\",\"valueRequired\":true,\"valueName\":\"search_term_string\"}}],\"inLanguage\":\"fr-FR\"},{\"@type\":\"Organization\",\"@id\":\"https:\/\/www.cinesouk.ma\/#organization\",\"name\":\"CineSouk\",\"url\":\"https:\/\/www.cinesouk.ma\/\",\"logo\":{\"@type\":\"ImageObject\",\"inLanguage\":\"fr-FR\",\"@id\":\"https:\/\/www.cinesouk.ma\/#\/schema\/logo\/image\/\",\"url\":\"https:\/\/www.cinesouk.ma\/wp-content\/uploads\/2024\/01\/CineSouk-logo-v01-alpha-alligned-left.png\",\"contentUrl\":\"https:\/\/www.cinesouk.ma\/wp-content\/uploads\/2024\/01\/CineSouk-logo-v01-alpha-alligned-left.png\",\"width\":3204,\"height\":889,\"caption\":\"CineSouk\"},\"image\":{\"@id\":\"https:\/\/www.cinesouk.ma\/#\/schema\/logo\/image\/\"}}]}<\/script>\n<!-- \/ Yoast SEO Premium plugin. -->","yoast_head_json":{"title":"The Vaxis Storm 3000 - CineSouk - For rent","description":"The Vaxis Storm 3000 DV Wireless \/ monitor 072 bundle wirelessly monitors your camera's image. - CineSouk - For rent","robots":{"index":"index","follow":"follow","max-snippet":"max-snippet:-1","max-image-preview":"max-image-preview:large","max-video-preview":"max-video-preview:-1"},"canonical":"https:\/\/www.cinesouk.ma\/fr\/produit\/vaxis-storm-072-monitor-and-vaxis-storm-3000-dv-wireless-video-transmitter-kit-7-monitor\/","og_locale":"fr_FR","og_type":"article","og_title":"Vaxis Storm 072 Monitor and Vaxis Storm 3000 DV Wireless Video Transmitter Kit - 7\" Monitor","og_description":"The Vaxis Storm 3000 DV Wireless \/ monitor 072 bundle wirelessly monitors your camera's image. - CineSouk - For rent","og_url":"https:\/\/www.cinesouk.ma\/fr\/produit\/vaxis-storm-072-monitor-and-vaxis-storm-3000-dv-wireless-video-transmitter-kit-7-monitor\/","og_site_name":"CineSouk","article_modified_time":"2025-08-26T14:34:17+00:00","og_image":[{"width":300,"height":238,"url":"https:\/\/www.cinesouk.ma\/wp-content\/uploads\/2024\/08\/vxy.jpg","type":"image\/jpeg"}],"twitter_card":"summary_large_image","twitter_description":"The Vaxis Storm 3000 DV Wireless \/ monitor 072 bundle wirelessly monitors your camera's image. - CineSouk - For rent","twitter_misc":{"Dur\u00e9e de lecture estim\u00e9e":"2 minutes"},"schema":{"@context":"https:\/\/schema.org","@graph":[{"@type":"WebPage","@id":"https:\/\/www.cinesouk.ma\/product\/vaxis-storm-072-monitor-and-vaxis-storm-3000-dv-wireless-video-transmitter-kit-7-monitor\/","url":"https:\/\/www.cinesouk.ma\/product\/vaxis-storm-072-monitor-and-vaxis-storm-3000-dv-wireless-video-transmitter-kit-7-monitor\/","name":"The Vaxis Storm 3000 - CineSouk - For rent","isPartOf":{"@id":"https:\/\/www.cinesouk.ma\/#website"},"primaryImageOfPage":{"@id":"https:\/\/www.cinesouk.ma\/product\/vaxis-storm-072-monitor-and-vaxis-storm-3000-dv-wireless-video-transmitter-kit-7-monitor\/#primaryimage"},"image":{"@id":"https:\/\/www.cinesouk.ma\/product\/vaxis-storm-072-monitor-and-vaxis-storm-3000-dv-wireless-video-transmitter-kit-7-monitor\/#primaryimage"},"thumbnailUrl":"https:\/\/www.cinesouk.ma\/wp-content\/uploads\/2024\/08\/vxy.jpg","datePublished":"2024-08-20T17:27:51+00:00","dateModified":"2025-08-26T14:34:17+00:00","description":"The Vaxis Storm 3000 DV Wireless \/ monitor 072 bundle wirelessly monitors your camera's image. - CineSouk - For rent","breadcrumb":{"@id":"https:\/\/www.cinesouk.ma\/product\/vaxis-storm-072-monitor-and-vaxis-storm-3000-dv-wireless-video-transmitter-kit-7-monitor\/#breadcrumb"},"inLanguage":"fr-FR","potentialAction":[{"@type":"ReadAction","target":["https:\/\/www.cinesouk.ma\/product\/vaxis-storm-072-monitor-and-vaxis-storm-3000-dv-wireless-video-transmitter-kit-7-monitor\/"]}]},{"@type":"ImageObject","inLanguage":"fr-FR","@id":"https:\/\/www.cinesouk.ma\/product\/vaxis-storm-072-monitor-and-vaxis-storm-3000-dv-wireless-video-transmitter-kit-7-monitor\/#primaryimage","url":"https:\/\/www.cinesouk.ma\/wp-content\/uploads\/2024\/08\/vxy.jpg","contentUrl":"https:\/\/www.cinesouk.ma\/wp-content\/uploads\/2024\/08\/vxy.jpg","width":300,"height":238,"caption":"Vaxis Storm 072 Monitor and Vaxis Storm 3000 DV Wireless Video Transmitter Kit - 7\" Monitor"},{"@type":"BreadcrumbList","@id":"https:\/\/www.cinesouk.ma\/product\/vaxis-storm-072-monitor-and-vaxis-storm-3000-dv-wireless-video-transmitter-kit-7-monitor\/#breadcrumb","itemListElement":[{"@type":"ListItem","position":1,"name":"Home","item":"https:\/\/www.cinesouk.ma\/"},{"@type":"ListItem","position":2,"name":"Shop","item":"https:\/\/www.cinesouk.ma\/shop\/"},{"@type":"ListItem","position":3,"name":"Vaxis Storm 072 Monitor and Vaxis Storm 3000 DV Wireless Video Transmitter Kit &#8211; 7&#8243; Monitor"}]},{"@type":"WebSite","@id":"https:\/\/www.cinesouk.ma\/#website","url":"https:\/\/www.cinesouk.ma\/","name":"CineSouk","description":"","publisher":{"@id":"https:\/\/www.cinesouk.ma\/#organization"},"potentialAction":[{"@type":"SearchAction","target":{"@type":"EntryPoint","urlTemplate":"https:\/\/www.cinesouk.ma\/?s={search_term_string}"},"query-input":{"@type":"PropertyValueSpecification","valueRequired":true,"valueName":"search_term_string"}}],"inLanguage":"fr-FR"},{"@type":"Organization","@id":"https:\/\/www.cinesouk.ma\/#organization","name":"CineSouk","url":"https:\/\/www.cinesouk.ma\/","logo":{"@type":"ImageObject","inLanguage":"fr-FR","@id":"https:\/\/www.cinesouk.ma\/#\/schema\/logo\/image\/","url":"https:\/\/www.cinesouk.ma\/wp-content\/uploads\/2024\/01\/CineSouk-logo-v01-alpha-alligned-left.png","contentUrl":"https:\/\/www.cinesouk.ma\/wp-content\/uploads\/2024\/01\/CineSouk-logo-v01-alpha-alligned-left.png","width":3204,"height":889,"caption":"CineSouk"},"image":{"@id":"https:\/\/www.cinesouk.ma\/#\/schema\/logo\/image\/"}}]}},"_links":{"self":[{"href":"https:\/\/www.cinesouk.ma\/fr\/wp-json\/wp\/v2\/product\/959","targetHints":{"allow":["GET"]}}],"collection":[{"href":"https:\/\/www.cinesouk.ma\/fr\/wp-json\/wp\/v2\/product"}],"about":[{"href":"https:\/\/www.cinesouk.ma\/fr\/wp-json\/wp\/v2\/types\/product"}],"wp:featuredmedia":[{"embeddable":true,"href":"https:\/\/www.cinesouk.ma\/fr\/wp-json\/wp\/v2\/media\/8245"}],"wp:attachment":[{"href":"https:\/\/www.cinesouk.ma\/fr\/wp-json\/wp\/v2\/media?parent=959"}],"wp:term":[{"taxonomy":"product_brand","embeddable":true,"href":"https:\/\/www.cinesouk.ma\/fr\/wp-json\/wp\/v2\/product_brand?post=959"},{"taxonomy":"product_cat","embeddable":true,"href":"https:\/\/www.cinesouk.ma\/fr\/wp-json\/wp\/v2\/product_cat?post=959"},{"taxonomy":"product_tag","embeddable":true,"href":"https:\/\/www.cinesouk.ma\/fr\/wp-json\/wp\/v2\/product_tag?post=959"}],"curies":[{"name":"wp","href":"https:\/\/api.w.org\/{rel}","templated":true}]}}