{"id":9593,"date":"2024-12-01T08:49:27","date_gmt":"2024-12-01T08:49:27","guid":{"rendered":"https:\/\/www.cinesouk.ma\/?post_type=product&#038;p=9593"},"modified":"2025-08-18T10:13:54","modified_gmt":"2025-08-18T10:13:54","slug":"dzofilm-vespid-prime-pl-or-ef-3-lenses","status":"publish","type":"product","link":"https:\/\/www.cinesouk.ma\/fr\/produit\/dzofilm-vespid-prime-pl-or-ef-3-lenses\/","title":{"rendered":"DZOFILM Vespid Prime PL ou EF - 3 objectifs"},"content":{"rendered":"<div class=\"flex max-w-full flex-col flex-grow\">\n<div class=\"min-h-8 text-message flex w-full flex-col items-end gap-2 whitespace-normal break-words [.text-message+&amp;]:mt-5\" dir=\"auto\" data-message-author-role=\"assistant\" data-message-id=\"91e8a97d-64f7-4510-ae6f-65eb5217105e\" data-message-model-slug=\"gpt-4o\">\n<div class=\"flex w-full flex-col gap-1 empty:hidden first:pt-[3px]\">\n<div class=\"markdown prose w-full break-words dark:prose-invert light\">\n<p>La s\u00e9rie Vespid Prime de DZOFILM propose des objectifs cin\u00e9ma exceptionnels, disponibles en monture PL ou EF, con\u00e7us pour les cin\u00e9astes professionnels. Cet ensemble de 3 objectifs personnalisables vous permet de choisir les longueurs focales qui conviennent le mieux \u00e0 votre vision cr\u00e9ative. Les options incluent 16mm T2.8, 21mm T2.1, 25mm T2.1, 35mm T2.1, 4omm T2.1, 50mm T2.1, 75mm T2.1, 100mm T2.1, 125mm T2.1, et 90mm Macro.<\/p>\n<p>Chaque objectif Vespid Prime offre des performances optiques sup\u00e9rieures avec une nettet\u00e9 exceptionnelle et une reproduction des couleurs \u00e9clatante. Le bokeh doux et naturel renforce l'esth\u00e9tique cin\u00e9matographique et ajoute de la profondeur \u00e0 vos images. Avec une ouverture T2.1 (T2.8 pour le 16 mm), ces objectifs offrent des performances constantes en basse lumi\u00e8re, permettant un excellent contr\u00f4le de l'exposition et de la profondeur de champ.<\/p>\n<p>Gr\u00e2ce \u00e0 leur l\u00e9g\u00e8ret\u00e9 et \u00e0 leur conception compacte, ces objectifs sont id\u00e9aux pour une utilisation \u00e0 la main, sur cardan et en studio. Le diam\u00e8tre frontal uniforme et la port\u00e9e de mise au point constante pour toutes les longueurs focales permettent des transitions transparentes et des changements d'objectif efficaces pendant la production. En outre, l'objectif Macro 90 mm sp\u00e9cialis\u00e9 offre des capacit\u00e9s de gros plan incroyables, parfaites pour capturer des d\u00e9tails complexes.<\/p>\n<p>Que vous filmiez des paysages grandioses, des gros plans intenses ou des prises de vue macro d\u00e9licates, cet ensemble de 3 objectifs offre une polyvalence et une qualit\u00e9 in\u00e9gal\u00e9es. Con\u00e7us pour r\u00e9pondre aux exigences de la cin\u00e9matographie moderne, ces objectifs constituent un investissement pr\u00e9cieux pour toute production professionnelle.<\/p>\n<\/div>\n<\/div>\n<\/div>\n<\/div>\n<p>Louez le DZOFILM Vespid Prime PL ou EF maintenant sur <a href=\"https:\/\/www.cinesouk.ma\/fr\">CINESOUK<\/a> - une marque de <a href=\"https:\/\/www.broadway.ma\/\">BROADWAY PRODUCTIONS SARL.<\/a><\/p>","protected":false},"excerpt":{"rendered":"<p>Sp\u00e9cifications des produits<\/p>\n<ul>\n<li><strong>Options de montage :<\/strong> PL ou EF<\/li>\n<li><strong>Choisissez 3 longueurs focales :<\/strong>\n<ul>\n<li>16mm T2.8<\/li>\n<li>21mm T2.1<\/li>\n<li>25mm T2.1<\/li>\n<li>35 mm T2.1<\/li>\n<li>40mm T2.1<\/li>\n<li>50mm T2.1<\/li>\n<li>75mm T2.1<\/li>\n<li>100mm T2.1<\/li>\n<li>125mm T2.1<\/li>\n<li>90mm Macro<\/li>\n<\/ul>\n<\/li>\n<li><strong>Ouverture :<\/strong> T2.1 (T2.8 pour 16 mm)<\/li>\n<li><strong>Couverture du capteur :<\/strong> Plein cadre et Super 35<\/li>\n<li><strong>Construire :<\/strong> L\u00e9ger et durable<\/li>\n<li><strong>Diam\u00e8tre avant :<\/strong> Uniformit\u00e9 sur tous les objectifs pour faciliter l'utilisation de filtres et d'accessoires<\/li>\n<\/ul>","protected":false},"featured_media":9604,"template":"","meta":{"om_disable_all_campaigns":false,"_monsterinsights_skip_tracking":false,"_monsterinsights_sitenote_active":false,"_monsterinsights_sitenote_note":"","_monsterinsights_sitenote_category":0,"_uf_show_specific_survey":0,"_uf_disable_surveys":false},"product_brand":[],"product_cat":[76,36],"product_tag":[],"class_list":{"0":"post-9593","1":"product","2":"type-product","3":"status-publish","4":"has-post-thumbnail","6":"product_cat-bundles-and-kits-cinesouk","7":"product_cat-lenses-cinesouk","9":"entry","10":"has-media","12":"first","13":"instock","14":"taxable","15":"shipping-taxable","16":"purchasable","17":"product-type-variable","18":"has-product-nav","19":"col","20":"span_1_of_3","21":"owp-content-center","22":"owp-thumbs-layout-horizontal","23":"owp-btn-normal","24":"owp-tabs-layout-horizontal"},"yoast_head":"<!-- This site is optimized with the Yoast SEO Premium plugin v26.0 (Yoast SEO v26.0) - https:\/\/yoast.com\/wordpress\/plugins\/seo\/ -->\n<title>DZOFILM Vespid Prime PL or EF \u2013 3 Lenses - CineSouk - For rent<\/title>\n<meta name=\"description\" content=\"DZOFILM Vespid Prime 3-Lens Set (PL or EF): Choose 3 lenses from 16mm to 125mm, including Macro, for cinematic visuals with T2.1 performance and full-frame coverage.\" \/>\n<meta name=\"robots\" content=\"index, follow, max-snippet:-1, max-image-preview:large, max-video-preview:-1\" \/>\n<link rel=\"canonical\" href=\"https:\/\/www.cinesouk.ma\/fr\/produit\/dzofilm-vespid-prime-pl-or-ef-3-lenses\/\" \/>\n<meta property=\"og:locale\" content=\"fr_FR\" \/>\n<meta property=\"og:type\" content=\"article\" \/>\n<meta property=\"og:title\" content=\"DZOFILM Vespid Prime PL or EF \u2013 3 Lenses\" \/>\n<meta property=\"og:description\" content=\"DZOFILM Vespid Prime 3-Lens Set (PL or EF): Choose 3 lenses from 16mm to 125mm, including Macro, for cinematic visuals with T2.1 performance and full-frame coverage.\" \/>\n<meta property=\"og:url\" content=\"https:\/\/www.cinesouk.ma\/fr\/produit\/dzofilm-vespid-prime-pl-or-ef-3-lenses\/\" \/>\n<meta property=\"og:site_name\" content=\"CineSouk\" \/>\n<meta property=\"article:modified_time\" content=\"2025-08-18T10:13:54+00:00\" \/>\n<meta property=\"og:image\" content=\"https:\/\/www.cinesouk.ma\/wp-content\/uploads\/2024\/12\/DZOFILM-Vespid-Prime-PL-or-EF-3-Lenses-of-choice.jpg\" \/>\n\t<meta property=\"og:image:width\" content=\"300\" \/>\n\t<meta property=\"og:image:height\" content=\"238\" \/>\n\t<meta property=\"og:image:type\" content=\"image\/jpeg\" \/>\n<meta name=\"twitter:card\" content=\"summary_large_image\" \/>\n<meta name=\"twitter:description\" content=\"Expand your creative possibilities with the Metabones Canon EF to E-mount Smart Adapter. Seamless integration for Canon EF lenses on Sony E-mount cameras.\" \/>\n<meta name=\"twitter:label1\" content=\"Dur\u00e9e de lecture estim\u00e9e\" \/>\n\t<meta name=\"twitter:data1\" content=\"2 minutes\" \/>\n<script type=\"application\/ld+json\" class=\"yoast-schema-graph\">{\"@context\":\"https:\/\/schema.org\",\"@graph\":[{\"@type\":\"WebPage\",\"@id\":\"https:\/\/www.cinesouk.ma\/product\/dzofilm-vespid-prime-pl-or-ef-3-lenses\/\",\"url\":\"https:\/\/www.cinesouk.ma\/product\/dzofilm-vespid-prime-pl-or-ef-3-lenses\/\",\"name\":\"DZOFILM Vespid Prime PL or EF \u2013 3 Lenses - CineSouk - For rent\",\"isPartOf\":{\"@id\":\"https:\/\/www.cinesouk.ma\/#website\"},\"primaryImageOfPage\":{\"@id\":\"https:\/\/www.cinesouk.ma\/product\/dzofilm-vespid-prime-pl-or-ef-3-lenses\/#primaryimage\"},\"image\":{\"@id\":\"https:\/\/www.cinesouk.ma\/product\/dzofilm-vespid-prime-pl-or-ef-3-lenses\/#primaryimage\"},\"thumbnailUrl\":\"https:\/\/www.cinesouk.ma\/wp-content\/uploads\/2024\/12\/DZOFILM-Vespid-Prime-PL-or-EF-3-Lenses-of-choice.jpg\",\"datePublished\":\"2024-12-01T08:49:27+00:00\",\"dateModified\":\"2025-08-18T10:13:54+00:00\",\"description\":\"DZOFILM Vespid Prime 3-Lens Set (PL or EF): Choose 3 lenses from 16mm to 125mm, including Macro, for cinematic visuals with T2.1 performance and full-frame coverage.\",\"breadcrumb\":{\"@id\":\"https:\/\/www.cinesouk.ma\/product\/dzofilm-vespid-prime-pl-or-ef-3-lenses\/#breadcrumb\"},\"inLanguage\":\"fr-FR\",\"potentialAction\":[{\"@type\":\"ReadAction\",\"target\":[\"https:\/\/www.cinesouk.ma\/product\/dzofilm-vespid-prime-pl-or-ef-3-lenses\/\"]}]},{\"@type\":\"ImageObject\",\"inLanguage\":\"fr-FR\",\"@id\":\"https:\/\/www.cinesouk.ma\/product\/dzofilm-vespid-prime-pl-or-ef-3-lenses\/#primaryimage\",\"url\":\"https:\/\/www.cinesouk.ma\/wp-content\/uploads\/2024\/12\/DZOFILM-Vespid-Prime-PL-or-EF-3-Lenses-of-choice.jpg\",\"contentUrl\":\"https:\/\/www.cinesouk.ma\/wp-content\/uploads\/2024\/12\/DZOFILM-Vespid-Prime-PL-or-EF-3-Lenses-of-choice.jpg\",\"width\":300,\"height\":238,\"caption\":\"DZOFILM Vespid Prime 3-Lens Set, available in PL or EF mounts, with premium cinema optics in focal lengths from 16mm to 125mm.\"},{\"@type\":\"BreadcrumbList\",\"@id\":\"https:\/\/www.cinesouk.ma\/product\/dzofilm-vespid-prime-pl-or-ef-3-lenses\/#breadcrumb\",\"itemListElement\":[{\"@type\":\"ListItem\",\"position\":1,\"name\":\"Home\",\"item\":\"https:\/\/www.cinesouk.ma\/\"},{\"@type\":\"ListItem\",\"position\":2,\"name\":\"Shop\",\"item\":\"https:\/\/www.cinesouk.ma\/shop\/\"},{\"@type\":\"ListItem\",\"position\":3,\"name\":\"DZOFILM Vespid Prime PL or EF \u2013 3 Lenses\"}]},{\"@type\":\"WebSite\",\"@id\":\"https:\/\/www.cinesouk.ma\/#website\",\"url\":\"https:\/\/www.cinesouk.ma\/\",\"name\":\"CineSouk\",\"description\":\"\",\"publisher\":{\"@id\":\"https:\/\/www.cinesouk.ma\/#organization\"},\"potentialAction\":[{\"@type\":\"SearchAction\",\"target\":{\"@type\":\"EntryPoint\",\"urlTemplate\":\"https:\/\/www.cinesouk.ma\/?s={search_term_string}\"},\"query-input\":{\"@type\":\"PropertyValueSpecification\",\"valueRequired\":true,\"valueName\":\"search_term_string\"}}],\"inLanguage\":\"fr-FR\"},{\"@type\":\"Organization\",\"@id\":\"https:\/\/www.cinesouk.ma\/#organization\",\"name\":\"CineSouk\",\"url\":\"https:\/\/www.cinesouk.ma\/\",\"logo\":{\"@type\":\"ImageObject\",\"inLanguage\":\"fr-FR\",\"@id\":\"https:\/\/www.cinesouk.ma\/#\/schema\/logo\/image\/\",\"url\":\"https:\/\/www.cinesouk.ma\/wp-content\/uploads\/2024\/01\/CineSouk-logo-v01-alpha-alligned-left.png\",\"contentUrl\":\"https:\/\/www.cinesouk.ma\/wp-content\/uploads\/2024\/01\/CineSouk-logo-v01-alpha-alligned-left.png\",\"width\":3204,\"height\":889,\"caption\":\"CineSouk\"},\"image\":{\"@id\":\"https:\/\/www.cinesouk.ma\/#\/schema\/logo\/image\/\"}}]}<\/script>\n<!-- \/ Yoast SEO Premium plugin. -->","yoast_head_json":{"title":"DZOFILM Vespid Prime PL or EF \u2013 3 Lenses - CineSouk - For rent","description":"DZOFILM Vespid Prime 3-Lens Set (PL or EF): Choose 3 lenses from 16mm to 125mm, including Macro, for cinematic visuals with T2.1 performance and full-frame coverage.","robots":{"index":"index","follow":"follow","max-snippet":"max-snippet:-1","max-image-preview":"max-image-preview:large","max-video-preview":"max-video-preview:-1"},"canonical":"https:\/\/www.cinesouk.ma\/fr\/produit\/dzofilm-vespid-prime-pl-or-ef-3-lenses\/","og_locale":"fr_FR","og_type":"article","og_title":"DZOFILM Vespid Prime PL or EF \u2013 3 Lenses","og_description":"DZOFILM Vespid Prime 3-Lens Set (PL or EF): Choose 3 lenses from 16mm to 125mm, including Macro, for cinematic visuals with T2.1 performance and full-frame coverage.","og_url":"https:\/\/www.cinesouk.ma\/fr\/produit\/dzofilm-vespid-prime-pl-or-ef-3-lenses\/","og_site_name":"CineSouk","article_modified_time":"2025-08-18T10:13:54+00:00","og_image":[{"width":300,"height":238,"url":"https:\/\/www.cinesouk.ma\/wp-content\/uploads\/2024\/12\/DZOFILM-Vespid-Prime-PL-or-EF-3-Lenses-of-choice.jpg","type":"image\/jpeg"}],"twitter_card":"summary_large_image","twitter_description":"Expand your creative possibilities with the Metabones Canon EF to E-mount Smart Adapter. Seamless integration for Canon EF lenses on Sony E-mount cameras.","twitter_misc":{"Dur\u00e9e de lecture estim\u00e9e":"2 minutes"},"schema":{"@context":"https:\/\/schema.org","@graph":[{"@type":"WebPage","@id":"https:\/\/www.cinesouk.ma\/product\/dzofilm-vespid-prime-pl-or-ef-3-lenses\/","url":"https:\/\/www.cinesouk.ma\/product\/dzofilm-vespid-prime-pl-or-ef-3-lenses\/","name":"DZOFILM Vespid Prime PL or EF \u2013 3 Lenses - CineSouk - For rent","isPartOf":{"@id":"https:\/\/www.cinesouk.ma\/#website"},"primaryImageOfPage":{"@id":"https:\/\/www.cinesouk.ma\/product\/dzofilm-vespid-prime-pl-or-ef-3-lenses\/#primaryimage"},"image":{"@id":"https:\/\/www.cinesouk.ma\/product\/dzofilm-vespid-prime-pl-or-ef-3-lenses\/#primaryimage"},"thumbnailUrl":"https:\/\/www.cinesouk.ma\/wp-content\/uploads\/2024\/12\/DZOFILM-Vespid-Prime-PL-or-EF-3-Lenses-of-choice.jpg","datePublished":"2024-12-01T08:49:27+00:00","dateModified":"2025-08-18T10:13:54+00:00","description":"DZOFILM Vespid Prime 3-Lens Set (PL or EF): Choose 3 lenses from 16mm to 125mm, including Macro, for cinematic visuals with T2.1 performance and full-frame coverage.","breadcrumb":{"@id":"https:\/\/www.cinesouk.ma\/product\/dzofilm-vespid-prime-pl-or-ef-3-lenses\/#breadcrumb"},"inLanguage":"fr-FR","potentialAction":[{"@type":"ReadAction","target":["https:\/\/www.cinesouk.ma\/product\/dzofilm-vespid-prime-pl-or-ef-3-lenses\/"]}]},{"@type":"ImageObject","inLanguage":"fr-FR","@id":"https:\/\/www.cinesouk.ma\/product\/dzofilm-vespid-prime-pl-or-ef-3-lenses\/#primaryimage","url":"https:\/\/www.cinesouk.ma\/wp-content\/uploads\/2024\/12\/DZOFILM-Vespid-Prime-PL-or-EF-3-Lenses-of-choice.jpg","contentUrl":"https:\/\/www.cinesouk.ma\/wp-content\/uploads\/2024\/12\/DZOFILM-Vespid-Prime-PL-or-EF-3-Lenses-of-choice.jpg","width":300,"height":238,"caption":"DZOFILM Vespid Prime 3-Lens Set, available in PL or EF mounts, with premium cinema optics in focal lengths from 16mm to 125mm."},{"@type":"BreadcrumbList","@id":"https:\/\/www.cinesouk.ma\/product\/dzofilm-vespid-prime-pl-or-ef-3-lenses\/#breadcrumb","itemListElement":[{"@type":"ListItem","position":1,"name":"Home","item":"https:\/\/www.cinesouk.ma\/"},{"@type":"ListItem","position":2,"name":"Shop","item":"https:\/\/www.cinesouk.ma\/shop\/"},{"@type":"ListItem","position":3,"name":"DZOFILM Vespid Prime PL or EF \u2013 3 Lenses"}]},{"@type":"WebSite","@id":"https:\/\/www.cinesouk.ma\/#website","url":"https:\/\/www.cinesouk.ma\/","name":"CineSouk","description":"","publisher":{"@id":"https:\/\/www.cinesouk.ma\/#organization"},"potentialAction":[{"@type":"SearchAction","target":{"@type":"EntryPoint","urlTemplate":"https:\/\/www.cinesouk.ma\/?s={search_term_string}"},"query-input":{"@type":"PropertyValueSpecification","valueRequired":true,"valueName":"search_term_string"}}],"inLanguage":"fr-FR"},{"@type":"Organization","@id":"https:\/\/www.cinesouk.ma\/#organization","name":"CineSouk","url":"https:\/\/www.cinesouk.ma\/","logo":{"@type":"ImageObject","inLanguage":"fr-FR","@id":"https:\/\/www.cinesouk.ma\/#\/schema\/logo\/image\/","url":"https:\/\/www.cinesouk.ma\/wp-content\/uploads\/2024\/01\/CineSouk-logo-v01-alpha-alligned-left.png","contentUrl":"https:\/\/www.cinesouk.ma\/wp-content\/uploads\/2024\/01\/CineSouk-logo-v01-alpha-alligned-left.png","width":3204,"height":889,"caption":"CineSouk"},"image":{"@id":"https:\/\/www.cinesouk.ma\/#\/schema\/logo\/image\/"}}]}},"_links":{"self":[{"href":"https:\/\/www.cinesouk.ma\/fr\/wp-json\/wp\/v2\/product\/9593","targetHints":{"allow":["GET"]}}],"collection":[{"href":"https:\/\/www.cinesouk.ma\/fr\/wp-json\/wp\/v2\/product"}],"about":[{"href":"https:\/\/www.cinesouk.ma\/fr\/wp-json\/wp\/v2\/types\/product"}],"wp:featuredmedia":[{"embeddable":true,"href":"https:\/\/www.cinesouk.ma\/fr\/wp-json\/wp\/v2\/media\/9604"}],"wp:attachment":[{"href":"https:\/\/www.cinesouk.ma\/fr\/wp-json\/wp\/v2\/media?parent=9593"}],"wp:term":[{"taxonomy":"product_brand","embeddable":true,"href":"https:\/\/www.cinesouk.ma\/fr\/wp-json\/wp\/v2\/product_brand?post=9593"},{"taxonomy":"product_cat","embeddable":true,"href":"https:\/\/www.cinesouk.ma\/fr\/wp-json\/wp\/v2\/product_cat?post=9593"},{"taxonomy":"product_tag","embeddable":true,"href":"https:\/\/www.cinesouk.ma\/fr\/wp-json\/wp\/v2\/product_tag?post=9593"}],"curies":[{"name":"wp","href":"https:\/\/api.w.org\/{rel}","templated":true}]}}