{"id":9605,"date":"2024-12-01T08:48:09","date_gmt":"2024-12-01T08:48:09","guid":{"rendered":"https:\/\/www.cinesouk.ma\/?post_type=product&#038;p=9605"},"modified":"2025-08-18T10:13:55","modified_gmt":"2025-08-18T10:13:55","slug":"dzofilm-vespid-prime-pl-or-ef-5-lenses","status":"publish","type":"product","link":"https:\/\/www.cinesouk.ma\/fr\/produit\/dzofilm-vespid-prime-pl-or-ef-5-lenses\/","title":{"rendered":"DZOFILM Vespid Prime PL ou EF - 5 objectifs"},"content":{"rendered":"<p>La s\u00e9rie Vespid Prime de DZOFILM propose des objectifs cin\u00e9ma haut de gamme avec monture PL ou EF, permettant aux cin\u00e9astes de personnaliser leur kit avec 5 objectifs adapt\u00e9s \u00e0 leur vision cr\u00e9ative. Choisissez parmi une large gamme de longueurs focales, y compris 16mm T2.8, 21mm T2.1, 25mm T2.1, 35mm T2.1, 40mm T2.1, 50mm T2.1, 75mm T2.1, 100mm T2.1, 125mm T2.1, et le 90mm Macro, parfaitement adapt\u00e9 aux divers besoins de la narration.<\/p>\n<p>Les objectifs Vespid Prime offrent une qualit\u00e9 optique exceptionnelle, garantissant des images nettes et \u00e9clatantes avec un aspect cin\u00e9matographique. De plus, l'ouverture T2.1 (T2.8 pour le 16 mm) offre d'excellentes performances en basse lumi\u00e8re et permet un contr\u00f4le cr\u00e9atif de la profondeur de champ. En outre, l'objectif macro 90 mm offre une flexibilit\u00e9 accrue, permettant des prises de vue en gros plan tr\u00e8s d\u00e9taill\u00e9es.<\/p>\n<p>L\u00e9gers et compacts, ces objectifs sont parfaits pour les prises de vue \u00e0 main lev\u00e9e, sur cardan et en studio, et offrent une grande polyvalence dans divers environnements de tournage. Ils sont dot\u00e9s d'un diam\u00e8tre frontal uniforme et d'une port\u00e9e de mise au point constante, ce qui garantit un flux de travail fluide et des changements d'objectif rapides sur le plateau. De plus, leur compatibilit\u00e9 avec les capteurs plein format et Super 35 garantit des performances de qualit\u00e9 professionnelle pour les besoins des r\u00e9alisateurs modernes.<\/p>\n<p>Qu'il s'agisse de capturer de vastes paysages, des portraits intimes ou des d\u00e9tails macro complexes, ce kit de 5 objectifs offre la polyvalence et la pr\u00e9cision indispensables aux productions de haute qualit\u00e9. C'est le choix id\u00e9al pour les cin\u00e9astes \u00e0 la recherche d'un kit d'objectifs personnalisable et fiable.<\/p>\n<p>Louez le DZOFILM Vespid Prime PL ou EF maintenant sur <a href=\"https:\/\/www.cinesouk.ma\/fr\">CINESOUK<\/a> - une marque de <a href=\"https:\/\/www.broadway.ma\/\">BROADWAY PRODUCTIONS SARL.<\/a><\/p>","protected":false},"excerpt":{"rendered":"<p>Sp\u00e9cifications des produits<\/p>\n<ul>\n<li><strong>Options de montage :<\/strong> PL ou EF<\/li>\n<li><strong>Choisissez 5 longueurs focales :<\/strong>\n<ul>\n<li>16mm T2.8<\/li>\n<li>21mm T2.1<\/li>\n<li>25mm T2.1<\/li>\n<li>35 mm T2.1<\/li>\n<li>40mm T2.1<\/li>\n<li>50mm T2.1<\/li>\n<li>75mm T2.1<\/li>\n<li>100mm T2.1<\/li>\n<li>125mm T2.1<\/li>\n<li>90mm Macro<\/li>\n<li><\/li>\n<\/ul>\n<\/li>\n<li><strong>Ouverture :<\/strong> T2.1 (T2.8 pour 16 mm)<\/li>\n<li><strong>Couverture du capteur :<\/strong> Plein cadre et Super 35<\/li>\n<li><strong>Diam\u00e8tre avant :<\/strong> Uniformit\u00e9 pour une utilisation facile du filtre<\/li>\n<li><strong>Construire :<\/strong> L\u00e9ger et compact<\/li>\n<li><strong>Cas d'utilisation :<\/strong> Id\u00e9al pour la narration cin\u00e9matographique, les spots publicitaires et les travaux narratifs<\/li>\n<\/ul>","protected":false},"featured_media":9616,"template":"","meta":{"om_disable_all_campaigns":false,"_monsterinsights_skip_tracking":false,"_monsterinsights_sitenote_active":false,"_monsterinsights_sitenote_note":"","_monsterinsights_sitenote_category":0,"_uf_show_specific_survey":0,"_uf_disable_surveys":false},"product_brand":[],"product_cat":[76,36],"product_tag":[],"class_list":{"0":"post-9605","1":"product","2":"type-product","3":"status-publish","4":"has-post-thumbnail","6":"product_cat-bundles-and-kits-cinesouk","7":"product_cat-lenses-cinesouk","9":"entry","10":"has-media","12":"first","13":"instock","14":"taxable","15":"shipping-taxable","16":"purchasable","17":"product-type-variable","18":"has-product-nav","19":"col","20":"span_1_of_3","21":"owp-content-center","22":"owp-thumbs-layout-horizontal","23":"owp-btn-normal","24":"owp-tabs-layout-horizontal"},"yoast_head":"<!-- This site is optimized with the Yoast SEO Premium plugin v26.0 (Yoast SEO v26.0) - https:\/\/yoast.com\/wordpress\/plugins\/seo\/ -->\n<title>DZOFILM Vespid Prime PL or EF \u2013 5 Lenses - CineSouk - For rent<\/title>\n<meta name=\"description\" content=\"DZOFILM Vespid Prime 5-Lens Set (PL or EF): Customize your kit with 5 premium cinema lenses from 16mm to 125mm, including Macro, for exceptional cinematic results.\" \/>\n<meta name=\"robots\" content=\"index, follow, max-snippet:-1, max-image-preview:large, max-video-preview:-1\" \/>\n<link rel=\"canonical\" href=\"https:\/\/www.cinesouk.ma\/fr\/produit\/dzofilm-vespid-prime-pl-or-ef-5-lenses\/\" \/>\n<meta property=\"og:locale\" content=\"fr_FR\" \/>\n<meta property=\"og:type\" content=\"article\" \/>\n<meta property=\"og:title\" content=\"DZOFILM Vespid Prime PL or EF \u2013 5 Lenses\" \/>\n<meta property=\"og:description\" content=\"DZOFILM Vespid Prime 5-Lens Set (PL or EF): Customize your kit with 5 premium cinema lenses from 16mm to 125mm, including Macro, for exceptional cinematic results.\" \/>\n<meta property=\"og:url\" content=\"https:\/\/www.cinesouk.ma\/fr\/produit\/dzofilm-vespid-prime-pl-or-ef-5-lenses\/\" \/>\n<meta property=\"og:site_name\" content=\"CineSouk\" \/>\n<meta property=\"article:modified_time\" content=\"2025-08-18T10:13:55+00:00\" \/>\n<meta property=\"og:image\" content=\"https:\/\/www.cinesouk.ma\/wp-content\/uploads\/2024\/12\/DZOFILM-Vespid-Prime-PL-or-EF-5-Lenses-of-choice.jpg\" \/>\n\t<meta property=\"og:image:width\" content=\"300\" \/>\n\t<meta property=\"og:image:height\" content=\"238\" \/>\n\t<meta property=\"og:image:type\" content=\"image\/jpeg\" \/>\n<meta name=\"twitter:card\" content=\"summary_large_image\" \/>\n<meta name=\"twitter:description\" content=\"DZOFILM Vespid Prime 5-Lens Set (PL or EF): Customize your kit with 5 premium cinema lenses from 16mm to 125mm, including Macro, for exceptional cinematic results.\" \/>\n<meta name=\"twitter:label1\" content=\"Dur\u00e9e de lecture estim\u00e9e\" \/>\n\t<meta name=\"twitter:data1\" content=\"2 minutes\" \/>\n<script type=\"application\/ld+json\" class=\"yoast-schema-graph\">{\"@context\":\"https:\/\/schema.org\",\"@graph\":[{\"@type\":\"WebPage\",\"@id\":\"https:\/\/www.cinesouk.ma\/product\/dzofilm-vespid-prime-pl-or-ef-5-lenses\/\",\"url\":\"https:\/\/www.cinesouk.ma\/product\/dzofilm-vespid-prime-pl-or-ef-5-lenses\/\",\"name\":\"DZOFILM Vespid Prime PL or EF \u2013 5 Lenses - CineSouk - For rent\",\"isPartOf\":{\"@id\":\"https:\/\/www.cinesouk.ma\/#website\"},\"primaryImageOfPage\":{\"@id\":\"https:\/\/www.cinesouk.ma\/product\/dzofilm-vespid-prime-pl-or-ef-5-lenses\/#primaryimage\"},\"image\":{\"@id\":\"https:\/\/www.cinesouk.ma\/product\/dzofilm-vespid-prime-pl-or-ef-5-lenses\/#primaryimage\"},\"thumbnailUrl\":\"https:\/\/www.cinesouk.ma\/wp-content\/uploads\/2024\/12\/DZOFILM-Vespid-Prime-PL-or-EF-5-Lenses-of-choice.jpg\",\"datePublished\":\"2024-12-01T08:48:09+00:00\",\"dateModified\":\"2025-08-18T10:13:55+00:00\",\"description\":\"DZOFILM Vespid Prime 5-Lens Set (PL or EF): Customize your kit with 5 premium cinema lenses from 16mm to 125mm, including Macro, for exceptional cinematic results.\",\"breadcrumb\":{\"@id\":\"https:\/\/www.cinesouk.ma\/product\/dzofilm-vespid-prime-pl-or-ef-5-lenses\/#breadcrumb\"},\"inLanguage\":\"fr-FR\",\"potentialAction\":[{\"@type\":\"ReadAction\",\"target\":[\"https:\/\/www.cinesouk.ma\/product\/dzofilm-vespid-prime-pl-or-ef-5-lenses\/\"]}]},{\"@type\":\"ImageObject\",\"inLanguage\":\"fr-FR\",\"@id\":\"https:\/\/www.cinesouk.ma\/product\/dzofilm-vespid-prime-pl-or-ef-5-lenses\/#primaryimage\",\"url\":\"https:\/\/www.cinesouk.ma\/wp-content\/uploads\/2024\/12\/DZOFILM-Vespid-Prime-PL-or-EF-5-Lenses-of-choice.jpg\",\"contentUrl\":\"https:\/\/www.cinesouk.ma\/wp-content\/uploads\/2024\/12\/DZOFILM-Vespid-Prime-PL-or-EF-5-Lenses-of-choice.jpg\",\"width\":300,\"height\":238,\"caption\":\"DZOFILM Vespid Prime 5-Lens Set, available in PL or EF mounts, with professional optics ranging from 16mm to 125mm.\"},{\"@type\":\"BreadcrumbList\",\"@id\":\"https:\/\/www.cinesouk.ma\/product\/dzofilm-vespid-prime-pl-or-ef-5-lenses\/#breadcrumb\",\"itemListElement\":[{\"@type\":\"ListItem\",\"position\":1,\"name\":\"Home\",\"item\":\"https:\/\/www.cinesouk.ma\/\"},{\"@type\":\"ListItem\",\"position\":2,\"name\":\"Shop\",\"item\":\"https:\/\/www.cinesouk.ma\/shop\/\"},{\"@type\":\"ListItem\",\"position\":3,\"name\":\"DZOFILM Vespid Prime PL or EF \u2013 5 Lenses\"}]},{\"@type\":\"WebSite\",\"@id\":\"https:\/\/www.cinesouk.ma\/#website\",\"url\":\"https:\/\/www.cinesouk.ma\/\",\"name\":\"CineSouk\",\"description\":\"\",\"publisher\":{\"@id\":\"https:\/\/www.cinesouk.ma\/#organization\"},\"potentialAction\":[{\"@type\":\"SearchAction\",\"target\":{\"@type\":\"EntryPoint\",\"urlTemplate\":\"https:\/\/www.cinesouk.ma\/?s={search_term_string}\"},\"query-input\":{\"@type\":\"PropertyValueSpecification\",\"valueRequired\":true,\"valueName\":\"search_term_string\"}}],\"inLanguage\":\"fr-FR\"},{\"@type\":\"Organization\",\"@id\":\"https:\/\/www.cinesouk.ma\/#organization\",\"name\":\"CineSouk\",\"url\":\"https:\/\/www.cinesouk.ma\/\",\"logo\":{\"@type\":\"ImageObject\",\"inLanguage\":\"fr-FR\",\"@id\":\"https:\/\/www.cinesouk.ma\/#\/schema\/logo\/image\/\",\"url\":\"https:\/\/www.cinesouk.ma\/wp-content\/uploads\/2024\/01\/CineSouk-logo-v01-alpha-alligned-left.png\",\"contentUrl\":\"https:\/\/www.cinesouk.ma\/wp-content\/uploads\/2024\/01\/CineSouk-logo-v01-alpha-alligned-left.png\",\"width\":3204,\"height\":889,\"caption\":\"CineSouk\"},\"image\":{\"@id\":\"https:\/\/www.cinesouk.ma\/#\/schema\/logo\/image\/\"}}]}<\/script>\n<!-- \/ Yoast SEO Premium plugin. -->","yoast_head_json":{"title":"DZOFILM Vespid Prime PL or EF \u2013 5 Lenses - CineSouk - For rent","description":"DZOFILM Vespid Prime 5-Lens Set (PL or EF): Customize your kit with 5 premium cinema lenses from 16mm to 125mm, including Macro, for exceptional cinematic results.","robots":{"index":"index","follow":"follow","max-snippet":"max-snippet:-1","max-image-preview":"max-image-preview:large","max-video-preview":"max-video-preview:-1"},"canonical":"https:\/\/www.cinesouk.ma\/fr\/produit\/dzofilm-vespid-prime-pl-or-ef-5-lenses\/","og_locale":"fr_FR","og_type":"article","og_title":"DZOFILM Vespid Prime PL or EF \u2013 5 Lenses","og_description":"DZOFILM Vespid Prime 5-Lens Set (PL or EF): Customize your kit with 5 premium cinema lenses from 16mm to 125mm, including Macro, for exceptional cinematic results.","og_url":"https:\/\/www.cinesouk.ma\/fr\/produit\/dzofilm-vespid-prime-pl-or-ef-5-lenses\/","og_site_name":"CineSouk","article_modified_time":"2025-08-18T10:13:55+00:00","og_image":[{"width":300,"height":238,"url":"https:\/\/www.cinesouk.ma\/wp-content\/uploads\/2024\/12\/DZOFILM-Vespid-Prime-PL-or-EF-5-Lenses-of-choice.jpg","type":"image\/jpeg"}],"twitter_card":"summary_large_image","twitter_description":"DZOFILM Vespid Prime 5-Lens Set (PL or EF): Customize your kit with 5 premium cinema lenses from 16mm to 125mm, including Macro, for exceptional cinematic results.","twitter_misc":{"Dur\u00e9e de lecture estim\u00e9e":"2 minutes"},"schema":{"@context":"https:\/\/schema.org","@graph":[{"@type":"WebPage","@id":"https:\/\/www.cinesouk.ma\/product\/dzofilm-vespid-prime-pl-or-ef-5-lenses\/","url":"https:\/\/www.cinesouk.ma\/product\/dzofilm-vespid-prime-pl-or-ef-5-lenses\/","name":"DZOFILM Vespid Prime PL or EF \u2013 5 Lenses - CineSouk - For rent","isPartOf":{"@id":"https:\/\/www.cinesouk.ma\/#website"},"primaryImageOfPage":{"@id":"https:\/\/www.cinesouk.ma\/product\/dzofilm-vespid-prime-pl-or-ef-5-lenses\/#primaryimage"},"image":{"@id":"https:\/\/www.cinesouk.ma\/product\/dzofilm-vespid-prime-pl-or-ef-5-lenses\/#primaryimage"},"thumbnailUrl":"https:\/\/www.cinesouk.ma\/wp-content\/uploads\/2024\/12\/DZOFILM-Vespid-Prime-PL-or-EF-5-Lenses-of-choice.jpg","datePublished":"2024-12-01T08:48:09+00:00","dateModified":"2025-08-18T10:13:55+00:00","description":"DZOFILM Vespid Prime 5-Lens Set (PL or EF): Customize your kit with 5 premium cinema lenses from 16mm to 125mm, including Macro, for exceptional cinematic results.","breadcrumb":{"@id":"https:\/\/www.cinesouk.ma\/product\/dzofilm-vespid-prime-pl-or-ef-5-lenses\/#breadcrumb"},"inLanguage":"fr-FR","potentialAction":[{"@type":"ReadAction","target":["https:\/\/www.cinesouk.ma\/product\/dzofilm-vespid-prime-pl-or-ef-5-lenses\/"]}]},{"@type":"ImageObject","inLanguage":"fr-FR","@id":"https:\/\/www.cinesouk.ma\/product\/dzofilm-vespid-prime-pl-or-ef-5-lenses\/#primaryimage","url":"https:\/\/www.cinesouk.ma\/wp-content\/uploads\/2024\/12\/DZOFILM-Vespid-Prime-PL-or-EF-5-Lenses-of-choice.jpg","contentUrl":"https:\/\/www.cinesouk.ma\/wp-content\/uploads\/2024\/12\/DZOFILM-Vespid-Prime-PL-or-EF-5-Lenses-of-choice.jpg","width":300,"height":238,"caption":"DZOFILM Vespid Prime 5-Lens Set, available in PL or EF mounts, with professional optics ranging from 16mm to 125mm."},{"@type":"BreadcrumbList","@id":"https:\/\/www.cinesouk.ma\/product\/dzofilm-vespid-prime-pl-or-ef-5-lenses\/#breadcrumb","itemListElement":[{"@type":"ListItem","position":1,"name":"Home","item":"https:\/\/www.cinesouk.ma\/"},{"@type":"ListItem","position":2,"name":"Shop","item":"https:\/\/www.cinesouk.ma\/shop\/"},{"@type":"ListItem","position":3,"name":"DZOFILM Vespid Prime PL or EF \u2013 5 Lenses"}]},{"@type":"WebSite","@id":"https:\/\/www.cinesouk.ma\/#website","url":"https:\/\/www.cinesouk.ma\/","name":"CineSouk","description":"","publisher":{"@id":"https:\/\/www.cinesouk.ma\/#organization"},"potentialAction":[{"@type":"SearchAction","target":{"@type":"EntryPoint","urlTemplate":"https:\/\/www.cinesouk.ma\/?s={search_term_string}"},"query-input":{"@type":"PropertyValueSpecification","valueRequired":true,"valueName":"search_term_string"}}],"inLanguage":"fr-FR"},{"@type":"Organization","@id":"https:\/\/www.cinesouk.ma\/#organization","name":"CineSouk","url":"https:\/\/www.cinesouk.ma\/","logo":{"@type":"ImageObject","inLanguage":"fr-FR","@id":"https:\/\/www.cinesouk.ma\/#\/schema\/logo\/image\/","url":"https:\/\/www.cinesouk.ma\/wp-content\/uploads\/2024\/01\/CineSouk-logo-v01-alpha-alligned-left.png","contentUrl":"https:\/\/www.cinesouk.ma\/wp-content\/uploads\/2024\/01\/CineSouk-logo-v01-alpha-alligned-left.png","width":3204,"height":889,"caption":"CineSouk"},"image":{"@id":"https:\/\/www.cinesouk.ma\/#\/schema\/logo\/image\/"}}]}},"_links":{"self":[{"href":"https:\/\/www.cinesouk.ma\/fr\/wp-json\/wp\/v2\/product\/9605","targetHints":{"allow":["GET"]}}],"collection":[{"href":"https:\/\/www.cinesouk.ma\/fr\/wp-json\/wp\/v2\/product"}],"about":[{"href":"https:\/\/www.cinesouk.ma\/fr\/wp-json\/wp\/v2\/types\/product"}],"wp:featuredmedia":[{"embeddable":true,"href":"https:\/\/www.cinesouk.ma\/fr\/wp-json\/wp\/v2\/media\/9616"}],"wp:attachment":[{"href":"https:\/\/www.cinesouk.ma\/fr\/wp-json\/wp\/v2\/media?parent=9605"}],"wp:term":[{"taxonomy":"product_brand","embeddable":true,"href":"https:\/\/www.cinesouk.ma\/fr\/wp-json\/wp\/v2\/product_brand?post=9605"},{"taxonomy":"product_cat","embeddable":true,"href":"https:\/\/www.cinesouk.ma\/fr\/wp-json\/wp\/v2\/product_cat?post=9605"},{"taxonomy":"product_tag","embeddable":true,"href":"https:\/\/www.cinesouk.ma\/fr\/wp-json\/wp\/v2\/product_tag?post=9605"}],"curies":[{"name":"wp","href":"https:\/\/api.w.org\/{rel}","templated":true}]}}