{"id":9617,"date":"2024-12-01T08:47:20","date_gmt":"2024-12-01T08:47:20","guid":{"rendered":"https:\/\/www.cinesouk.ma\/?post_type=product&#038;p=9617"},"modified":"2025-08-18T10:13:56","modified_gmt":"2025-08-18T10:13:56","slug":"dzofilm-vespid-prime-pl-or-ef-7-lenses-of-choice","status":"publish","type":"product","link":"https:\/\/www.cinesouk.ma\/fr\/produit\/dzofilm-vespid-prime-pl-or-ef-7-lenses-of-choice\/","title":{"rendered":"DZOFILM Vespid Prime PL ou EF - 7 objectifs"},"content":{"rendered":"<div class=\"flex max-w-full flex-col flex-grow\">\n<div class=\"min-h-8 text-message flex w-full flex-col items-end gap-2 whitespace-normal break-words [.text-message+&amp;]:mt-5\" dir=\"auto\" data-message-author-role=\"assistant\" data-message-id=\"4513b2ef-cfc6-41e5-98c3-dca2efdde339\" data-message-model-slug=\"gpt-4o\">\n<div class=\"flex w-full flex-col gap-1 empty:hidden first:pt-[3px]\">\n<div class=\"markdown prose w-full break-words dark:prose-invert light\">\n<p>La s\u00e9rie DZOFILM Vespid Prime PL ou EF offre un ensemble personnalisable de 7 objectifs cin\u00e9ma haut de gamme con\u00e7us pour les cin\u00e9astes \u00e0 la recherche de polyvalence et d'une qualit\u00e9 d'image exceptionnelle. Disponible en monture PL ou EF, ce kit vous permet de choisir 7 objectifs parmi la gamme compl\u00e8te, notamment 16 mm T2.8, 21 mm T2.1, 25 mm T2.1, 35 mm T2.1, 40 mm T2.1, 50 mm T2.1, 75 mm T2.1, 100 mm T2.1, 125 mm T2.1, ainsi que l'objectif sp\u00e9cialis\u00e9 90 mm Macro pour des gros plans complexes avec des d\u00e9tails \u00e9poustouflants.<\/p>\n<p>Ces objectifs sont con\u00e7us pour offrir des performances optiques sup\u00e9rieures, une nettet\u00e9 exceptionnelle et un rendu des couleurs \u00e9clatant sur toute la gamme s\u00e9lectionn\u00e9e. De plus, leur bokeh doux et cin\u00e9matographique am\u00e9liore la qualit\u00e9 visuelle, garantissant que chaque prise de vue se d\u00e9marque. L'ouverture T2.1 (T2.8 pour le 16 mm) garantit des performances constantes en basse lumi\u00e8re tout en offrant un contr\u00f4le cr\u00e9atif sur la profondeur de champ.<\/p>\n<p>Pour une meilleure efficacit\u00e9 sur le plateau, tous les objectifs pr\u00e9sentent un diam\u00e8tre frontal uniforme et une port\u00e9e de mise au point constante. Cette conception bien pens\u00e9e permet de changer d'objectif rapidement et en toute transparence pendant la production, ce qui permet de gagner un temps pr\u00e9cieux et de maintenir la continuit\u00e9 du flux de travail. Leur construction l\u00e9g\u00e8re et compacte les rend id\u00e9aux pour les prises de vue \u00e0 main lev\u00e9e, \u00e0 l'aide d'un cardan et en studio, offrant ainsi une grande flexibilit\u00e9 pour divers sc\u00e9narios de prise de vue. En outre, les objectifs sont compatibles avec les capteurs plein format et Super 35, ce qui garantit leur adaptabilit\u00e9 aux productions actuelles et futures.<\/p>\n<p>Cet ensemble de 7 objectifs permet aux cin\u00e9astes d'adapter leur s\u00e9lection \u00e0 leurs besoins cr\u00e9atifs. Qu'il s'agisse de paysages grandioses, de portraits intimes ou de prises de vue macro d\u00e9taill\u00e9es, ce kit personnalisable fournit les outils n\u00e9cessaires aux productions professionnelles, ce qui en fait un investissement pr\u00e9cieux pour l'excellence cin\u00e9matographique.<\/p>\n<\/div>\n<\/div>\n<\/div>\n<\/div>\n<p>Louez le DZOFILM Vespid Prime PL ou EF maintenant sur <a href=\"https:\/\/www.cinesouk.ma\/fr\">CINESOUK<\/a> - une marque de <a href=\"https:\/\/www.broadway.ma\/\">BROADWAY PRODUCTIONS SARL.<\/a><\/p>","protected":false},"excerpt":{"rendered":"<p>Sp\u00e9cifications des produits<\/p>\n<ul>\n<li><strong>Options de montage :<\/strong> PL ou EF<\/li>\n<li><strong>Choisissez 7 longueurs focales :<\/strong>\n<ul>\n<li>16mm T2.8<\/li>\n<li>21mm T2.1<\/li>\n<li>25mm T2.1<\/li>\n<li>35 mm T2.1<\/li>\n<li>40mm T2.1<\/li>\n<li>50mm T2.1<\/li>\n<li>75mm T2.1<\/li>\n<li>100mm T2.1<\/li>\n<li>125mm T2.1<\/li>\n<li>90mm Macro<\/li>\n<\/ul>\n<\/li>\n<li><strong>Ouverture :<\/strong> T2.1 (T2.8 pour 16 mm)<\/li>\n<li><strong>Couverture du capteur :<\/strong> Plein cadre et Super 35<\/li>\n<li><strong>Diam\u00e8tre avant :<\/strong> Uniformit\u00e9 des objectifs pour la compatibilit\u00e9 des filtres<\/li>\n<li><strong>Construire :<\/strong> L\u00e9ger et compact<\/li>\n<li><strong>Applications :<\/strong> R\u00e9cit cin\u00e9matographique, macrophotographie et production de vid\u00e9os commerciales<\/li>\n<\/ul>","protected":false},"featured_media":9628,"template":"","meta":{"om_disable_all_campaigns":false,"_monsterinsights_skip_tracking":false,"_monsterinsights_sitenote_active":false,"_monsterinsights_sitenote_note":"","_monsterinsights_sitenote_category":0,"_uf_show_specific_survey":0,"_uf_disable_surveys":false},"product_brand":[],"product_cat":[76,36],"product_tag":[],"class_list":{"0":"post-9617","1":"product","2":"type-product","3":"status-publish","4":"has-post-thumbnail","6":"product_cat-bundles-and-kits-cinesouk","7":"product_cat-lenses-cinesouk","9":"entry","10":"has-media","12":"first","13":"instock","14":"taxable","15":"shipping-taxable","16":"purchasable","17":"product-type-variable","18":"has-product-nav","19":"col","20":"span_1_of_3","21":"owp-content-center","22":"owp-thumbs-layout-horizontal","23":"owp-btn-normal","24":"owp-tabs-layout-horizontal"},"yoast_head":"<!-- This site is optimized with the Yoast SEO Premium plugin v26.0 (Yoast SEO v26.0) - https:\/\/yoast.com\/wordpress\/plugins\/seo\/ -->\n<title>DZOFILM Vespid Prime PL or EF \u2013 7 Lenses - CineSouk - For rent<\/title>\n<meta name=\"description\" content=\"DZOFILM Vespid Prime 7-Lens Set (PL or EF): 7 premium cinema lenses, ranging from 16mm to 125mm, including Macro, for versatile filmmaking.\" \/>\n<meta name=\"robots\" content=\"index, follow, max-snippet:-1, max-image-preview:large, max-video-preview:-1\" \/>\n<link rel=\"canonical\" href=\"https:\/\/www.cinesouk.ma\/fr\/produit\/dzofilm-vespid-prime-pl-or-ef-7-lenses-of-choice\/\" \/>\n<meta property=\"og:locale\" content=\"fr_FR\" \/>\n<meta property=\"og:type\" content=\"article\" \/>\n<meta property=\"og:title\" content=\"DZOFILM Vespid Prime PL or EF \u2013 7 Lenses\" \/>\n<meta property=\"og:description\" content=\"DZOFILM Vespid Prime 7-Lens Set (PL or EF): Customize your kit with 7 premium cinema lenses, ranging from 16mm to 125mm, including Macro, for versatile filmmaking.\" \/>\n<meta property=\"og:url\" content=\"https:\/\/www.cinesouk.ma\/fr\/produit\/dzofilm-vespid-prime-pl-or-ef-7-lenses-of-choice\/\" \/>\n<meta property=\"og:site_name\" content=\"CineSouk\" \/>\n<meta property=\"article:modified_time\" content=\"2025-08-18T10:13:56+00:00\" \/>\n<meta property=\"og:image\" content=\"https:\/\/www.cinesouk.ma\/wp-content\/uploads\/2024\/12\/DZOFILM-Vespid-Prime-PL-or-EF-7-Lenses-of-choice.jpg\" \/>\n\t<meta property=\"og:image:width\" content=\"300\" \/>\n\t<meta property=\"og:image:height\" content=\"238\" \/>\n\t<meta property=\"og:image:type\" content=\"image\/jpeg\" \/>\n<meta name=\"twitter:card\" content=\"summary_large_image\" \/>\n<meta name=\"twitter:description\" content=\"DZOFILM Vespid Prime 7-Lens Set (PL or EF): Customize your kit with 7 premium cinema lenses, ranging from 16mm to 125mm, including Macro, for versatile filmmaking.\" \/>\n<meta name=\"twitter:label1\" content=\"Dur\u00e9e de lecture estim\u00e9e\" \/>\n\t<meta name=\"twitter:data1\" content=\"2 minutes\" \/>\n<script type=\"application\/ld+json\" class=\"yoast-schema-graph\">{\"@context\":\"https:\/\/schema.org\",\"@graph\":[{\"@type\":\"WebPage\",\"@id\":\"https:\/\/www.cinesouk.ma\/product\/dzofilm-vespid-prime-pl-or-ef-7-lenses-of-choice\/\",\"url\":\"https:\/\/www.cinesouk.ma\/product\/dzofilm-vespid-prime-pl-or-ef-7-lenses-of-choice\/\",\"name\":\"DZOFILM Vespid Prime PL or EF \u2013 7 Lenses - CineSouk - For rent\",\"isPartOf\":{\"@id\":\"https:\/\/www.cinesouk.ma\/#website\"},\"primaryImageOfPage\":{\"@id\":\"https:\/\/www.cinesouk.ma\/product\/dzofilm-vespid-prime-pl-or-ef-7-lenses-of-choice\/#primaryimage\"},\"image\":{\"@id\":\"https:\/\/www.cinesouk.ma\/product\/dzofilm-vespid-prime-pl-or-ef-7-lenses-of-choice\/#primaryimage\"},\"thumbnailUrl\":\"https:\/\/www.cinesouk.ma\/wp-content\/uploads\/2024\/12\/DZOFILM-Vespid-Prime-PL-or-EF-7-Lenses-of-choice.jpg\",\"datePublished\":\"2024-12-01T08:47:20+00:00\",\"dateModified\":\"2025-08-18T10:13:56+00:00\",\"description\":\"DZOFILM Vespid Prime 7-Lens Set (PL or EF): 7 premium cinema lenses, ranging from 16mm to 125mm, including Macro, for versatile filmmaking.\",\"breadcrumb\":{\"@id\":\"https:\/\/www.cinesouk.ma\/product\/dzofilm-vespid-prime-pl-or-ef-7-lenses-of-choice\/#breadcrumb\"},\"inLanguage\":\"fr-FR\",\"potentialAction\":[{\"@type\":\"ReadAction\",\"target\":[\"https:\/\/www.cinesouk.ma\/product\/dzofilm-vespid-prime-pl-or-ef-7-lenses-of-choice\/\"]}]},{\"@type\":\"ImageObject\",\"inLanguage\":\"fr-FR\",\"@id\":\"https:\/\/www.cinesouk.ma\/product\/dzofilm-vespid-prime-pl-or-ef-7-lenses-of-choice\/#primaryimage\",\"url\":\"https:\/\/www.cinesouk.ma\/wp-content\/uploads\/2024\/12\/DZOFILM-Vespid-Prime-PL-or-EF-7-Lenses-of-choice.jpg\",\"contentUrl\":\"https:\/\/www.cinesouk.ma\/wp-content\/uploads\/2024\/12\/DZOFILM-Vespid-Prime-PL-or-EF-7-Lenses-of-choice.jpg\",\"width\":300,\"height\":238,\"caption\":\"DZOFILM Vespid Prime 7-Lens Set, available in PL or EF mounts, offering cinematic optics with focal lengths from 16mm to 125mm.\"},{\"@type\":\"BreadcrumbList\",\"@id\":\"https:\/\/www.cinesouk.ma\/product\/dzofilm-vespid-prime-pl-or-ef-7-lenses-of-choice\/#breadcrumb\",\"itemListElement\":[{\"@type\":\"ListItem\",\"position\":1,\"name\":\"Home\",\"item\":\"https:\/\/www.cinesouk.ma\/\"},{\"@type\":\"ListItem\",\"position\":2,\"name\":\"Shop\",\"item\":\"https:\/\/www.cinesouk.ma\/shop\/\"},{\"@type\":\"ListItem\",\"position\":3,\"name\":\"DZOFILM Vespid Prime PL or EF \u2013 7 Lenses\"}]},{\"@type\":\"WebSite\",\"@id\":\"https:\/\/www.cinesouk.ma\/#website\",\"url\":\"https:\/\/www.cinesouk.ma\/\",\"name\":\"CineSouk\",\"description\":\"\",\"publisher\":{\"@id\":\"https:\/\/www.cinesouk.ma\/#organization\"},\"potentialAction\":[{\"@type\":\"SearchAction\",\"target\":{\"@type\":\"EntryPoint\",\"urlTemplate\":\"https:\/\/www.cinesouk.ma\/?s={search_term_string}\"},\"query-input\":{\"@type\":\"PropertyValueSpecification\",\"valueRequired\":true,\"valueName\":\"search_term_string\"}}],\"inLanguage\":\"fr-FR\"},{\"@type\":\"Organization\",\"@id\":\"https:\/\/www.cinesouk.ma\/#organization\",\"name\":\"CineSouk\",\"url\":\"https:\/\/www.cinesouk.ma\/\",\"logo\":{\"@type\":\"ImageObject\",\"inLanguage\":\"fr-FR\",\"@id\":\"https:\/\/www.cinesouk.ma\/#\/schema\/logo\/image\/\",\"url\":\"https:\/\/www.cinesouk.ma\/wp-content\/uploads\/2024\/01\/CineSouk-logo-v01-alpha-alligned-left.png\",\"contentUrl\":\"https:\/\/www.cinesouk.ma\/wp-content\/uploads\/2024\/01\/CineSouk-logo-v01-alpha-alligned-left.png\",\"width\":3204,\"height\":889,\"caption\":\"CineSouk\"},\"image\":{\"@id\":\"https:\/\/www.cinesouk.ma\/#\/schema\/logo\/image\/\"}}]}<\/script>\n<!-- \/ Yoast SEO Premium plugin. -->","yoast_head_json":{"title":"DZOFILM Vespid Prime PL or EF \u2013 7 Lenses - CineSouk - For rent","description":"DZOFILM Vespid Prime 7-Lens Set (PL or EF): 7 premium cinema lenses, ranging from 16mm to 125mm, including Macro, for versatile filmmaking.","robots":{"index":"index","follow":"follow","max-snippet":"max-snippet:-1","max-image-preview":"max-image-preview:large","max-video-preview":"max-video-preview:-1"},"canonical":"https:\/\/www.cinesouk.ma\/fr\/produit\/dzofilm-vespid-prime-pl-or-ef-7-lenses-of-choice\/","og_locale":"fr_FR","og_type":"article","og_title":"DZOFILM Vespid Prime PL or EF \u2013 7 Lenses","og_description":"DZOFILM Vespid Prime 7-Lens Set (PL or EF): Customize your kit with 7 premium cinema lenses, ranging from 16mm to 125mm, including Macro, for versatile filmmaking.","og_url":"https:\/\/www.cinesouk.ma\/fr\/produit\/dzofilm-vespid-prime-pl-or-ef-7-lenses-of-choice\/","og_site_name":"CineSouk","article_modified_time":"2025-08-18T10:13:56+00:00","og_image":[{"width":300,"height":238,"url":"https:\/\/www.cinesouk.ma\/wp-content\/uploads\/2024\/12\/DZOFILM-Vespid-Prime-PL-or-EF-7-Lenses-of-choice.jpg","type":"image\/jpeg"}],"twitter_card":"summary_large_image","twitter_description":"DZOFILM Vespid Prime 7-Lens Set (PL or EF): Customize your kit with 7 premium cinema lenses, ranging from 16mm to 125mm, including Macro, for versatile filmmaking.","twitter_misc":{"Dur\u00e9e de lecture estim\u00e9e":"2 minutes"},"schema":{"@context":"https:\/\/schema.org","@graph":[{"@type":"WebPage","@id":"https:\/\/www.cinesouk.ma\/product\/dzofilm-vespid-prime-pl-or-ef-7-lenses-of-choice\/","url":"https:\/\/www.cinesouk.ma\/product\/dzofilm-vespid-prime-pl-or-ef-7-lenses-of-choice\/","name":"DZOFILM Vespid Prime PL or EF \u2013 7 Lenses - CineSouk - For rent","isPartOf":{"@id":"https:\/\/www.cinesouk.ma\/#website"},"primaryImageOfPage":{"@id":"https:\/\/www.cinesouk.ma\/product\/dzofilm-vespid-prime-pl-or-ef-7-lenses-of-choice\/#primaryimage"},"image":{"@id":"https:\/\/www.cinesouk.ma\/product\/dzofilm-vespid-prime-pl-or-ef-7-lenses-of-choice\/#primaryimage"},"thumbnailUrl":"https:\/\/www.cinesouk.ma\/wp-content\/uploads\/2024\/12\/DZOFILM-Vespid-Prime-PL-or-EF-7-Lenses-of-choice.jpg","datePublished":"2024-12-01T08:47:20+00:00","dateModified":"2025-08-18T10:13:56+00:00","description":"DZOFILM Vespid Prime 7-Lens Set (PL or EF): 7 premium cinema lenses, ranging from 16mm to 125mm, including Macro, for versatile filmmaking.","breadcrumb":{"@id":"https:\/\/www.cinesouk.ma\/product\/dzofilm-vespid-prime-pl-or-ef-7-lenses-of-choice\/#breadcrumb"},"inLanguage":"fr-FR","potentialAction":[{"@type":"ReadAction","target":["https:\/\/www.cinesouk.ma\/product\/dzofilm-vespid-prime-pl-or-ef-7-lenses-of-choice\/"]}]},{"@type":"ImageObject","inLanguage":"fr-FR","@id":"https:\/\/www.cinesouk.ma\/product\/dzofilm-vespid-prime-pl-or-ef-7-lenses-of-choice\/#primaryimage","url":"https:\/\/www.cinesouk.ma\/wp-content\/uploads\/2024\/12\/DZOFILM-Vespid-Prime-PL-or-EF-7-Lenses-of-choice.jpg","contentUrl":"https:\/\/www.cinesouk.ma\/wp-content\/uploads\/2024\/12\/DZOFILM-Vespid-Prime-PL-or-EF-7-Lenses-of-choice.jpg","width":300,"height":238,"caption":"DZOFILM Vespid Prime 7-Lens Set, available in PL or EF mounts, offering cinematic optics with focal lengths from 16mm to 125mm."},{"@type":"BreadcrumbList","@id":"https:\/\/www.cinesouk.ma\/product\/dzofilm-vespid-prime-pl-or-ef-7-lenses-of-choice\/#breadcrumb","itemListElement":[{"@type":"ListItem","position":1,"name":"Home","item":"https:\/\/www.cinesouk.ma\/"},{"@type":"ListItem","position":2,"name":"Shop","item":"https:\/\/www.cinesouk.ma\/shop\/"},{"@type":"ListItem","position":3,"name":"DZOFILM Vespid Prime PL or EF \u2013 7 Lenses"}]},{"@type":"WebSite","@id":"https:\/\/www.cinesouk.ma\/#website","url":"https:\/\/www.cinesouk.ma\/","name":"CineSouk","description":"","publisher":{"@id":"https:\/\/www.cinesouk.ma\/#organization"},"potentialAction":[{"@type":"SearchAction","target":{"@type":"EntryPoint","urlTemplate":"https:\/\/www.cinesouk.ma\/?s={search_term_string}"},"query-input":{"@type":"PropertyValueSpecification","valueRequired":true,"valueName":"search_term_string"}}],"inLanguage":"fr-FR"},{"@type":"Organization","@id":"https:\/\/www.cinesouk.ma\/#organization","name":"CineSouk","url":"https:\/\/www.cinesouk.ma\/","logo":{"@type":"ImageObject","inLanguage":"fr-FR","@id":"https:\/\/www.cinesouk.ma\/#\/schema\/logo\/image\/","url":"https:\/\/www.cinesouk.ma\/wp-content\/uploads\/2024\/01\/CineSouk-logo-v01-alpha-alligned-left.png","contentUrl":"https:\/\/www.cinesouk.ma\/wp-content\/uploads\/2024\/01\/CineSouk-logo-v01-alpha-alligned-left.png","width":3204,"height":889,"caption":"CineSouk"},"image":{"@id":"https:\/\/www.cinesouk.ma\/#\/schema\/logo\/image\/"}}]}},"_links":{"self":[{"href":"https:\/\/www.cinesouk.ma\/fr\/wp-json\/wp\/v2\/product\/9617","targetHints":{"allow":["GET"]}}],"collection":[{"href":"https:\/\/www.cinesouk.ma\/fr\/wp-json\/wp\/v2\/product"}],"about":[{"href":"https:\/\/www.cinesouk.ma\/fr\/wp-json\/wp\/v2\/types\/product"}],"wp:featuredmedia":[{"embeddable":true,"href":"https:\/\/www.cinesouk.ma\/fr\/wp-json\/wp\/v2\/media\/9628"}],"wp:attachment":[{"href":"https:\/\/www.cinesouk.ma\/fr\/wp-json\/wp\/v2\/media?parent=9617"}],"wp:term":[{"taxonomy":"product_brand","embeddable":true,"href":"https:\/\/www.cinesouk.ma\/fr\/wp-json\/wp\/v2\/product_brand?post=9617"},{"taxonomy":"product_cat","embeddable":true,"href":"https:\/\/www.cinesouk.ma\/fr\/wp-json\/wp\/v2\/product_cat?post=9617"},{"taxonomy":"product_tag","embeddable":true,"href":"https:\/\/www.cinesouk.ma\/fr\/wp-json\/wp\/v2\/product_tag?post=9617"}],"curies":[{"name":"wp","href":"https:\/\/api.w.org\/{rel}","templated":true}]}}