{"id":9745,"date":"2024-12-19T09:48:08","date_gmt":"2024-12-19T09:48:08","guid":{"rendered":"https:\/\/www.cinesouk.ma\/?post_type=product&#038;p=9745"},"modified":"2025-08-22T10:42:16","modified_gmt":"2025-08-22T10:42:16","slug":"tiffen-4-x-4-black-promist-2-filter","status":"publish","type":"product","link":"https:\/\/www.cinesouk.ma\/fr\/produit\/tiffen-4-x-4-black-promist-2-filter\/","title":{"rendered":"Filtre Tiffen 4 x 4\" Black Promist 2"},"content":{"rendered":"<p>Le filtre Tiffen 4 x 4\" Black Promist 2 adoucit les images et cr\u00e9e une atmosph\u00e8re prononc\u00e9e et onirique pour les visuels cin\u00e9matographiques. Avec un indice de r\u00e9sistance \"2\", il offre une diffusion plus forte que les filtres Pro-Mist moins r\u00e9sistants, ce qui le rend id\u00e9al pour les sc\u00e8nes n\u00e9cessitant une lueur dramatique.<\/p>\n<p>Con\u00e7u avec la technologie ColorCore de Tiffen, ce filtre assure une qualit\u00e9 constante tout en maintenant une reproduction pr\u00e9cise des couleurs. Il adoucit les tons de la peau, r\u00e9duit les reflets et ajoute une touche de douceur et de romantisme aux s\u00e9quences ou aux images. Ces effets le rendent particuli\u00e8rement adapt\u00e9 aux vid\u00e9os musicales, aux films narratifs et aux projets n\u00e9cessitant une esth\u00e9tique distincte et stylis\u00e9e.<\/p>\n<p>La taille de 4 x 4 pouces s'adapte aux bo\u00eetes de matte standard, garantissant une int\u00e9gration facile dans les flux de travail professionnels. Cette compatibilit\u00e9 permet aux directeurs de la photographie et aux photographes d'utiliser le filtre de mani\u00e8re transparente dans diff\u00e9rentes configurations. Sa conception durable garantit des performances fiables, que ce soit en int\u00e9rieur ou en ext\u00e9rieur.<\/p>\n<p>Ce filtre permet de cr\u00e9er une atmosph\u00e8re vintage, d'\u00e9voquer la nostalgie ou de r\u00e9duire la nettet\u00e9 des appareils photo num\u00e9riques. Il permet aux professionnels d'obtenir des styles visuels uniques directement dans l'appareil photo, r\u00e9duisant ainsi le besoin d'effectuer des ajustements importants en post-production. En utilisant le filtre Tiffen Black Pro-Mist 2, les cr\u00e9ateurs peuvent \u00e9lever la narration avec des visuels qui captivent et laissent une impression durable. Ce filtre est un outil essentiel pour produire des r\u00e9sultats artistiques de qualit\u00e9.<\/p>\n<p>Louez le filtre Tiffen 4 x 4\" Black Promist 2 maintenant sur <a href=\"https:\/\/www.cinesouk.ma\/fr\">CINESOUK<\/a> - une marque de <a href=\"https:\/\/www.broadway.ma\/\">BROADWAY PRODUCTIONS SARL.<\/a><\/p>","protected":false},"excerpt":{"rendered":"<p><strong>Sp\u00e9cifications :<\/strong><\/p>\n<div class=\"group\/conversation-turn relative flex w-full min-w-0 flex-col agent-turn\">\n<div class=\"flex-col gap-1 md:gap-3\">\n<div class=\"flex max-w-full flex-col flex-grow\">\n<div class=\"min-h-8 text-message flex w-full flex-col items-end gap-2 whitespace-normal break-words [.text-message+&amp;]:mt-5\" dir=\"auto\" data-message-author-role=\"assistant\" data-message-id=\"e18a99b3-cf7b-4ecd-bc21-990f899c3de7\" data-message-model-slug=\"gpt-4o\">\n<div class=\"flex w-full flex-col gap-1 empty:hidden first:pt-[3px]\">\n<div class=\"markdown prose w-full break-words dark:prose-invert light\">\n<ul>\n<li><strong>Taille :<\/strong> 4 x 4 pouces<\/li>\n<li><strong>Type :<\/strong> Filtre de diffusion Pro-Mist noir<\/li>\n<li><strong>Intensit\u00e9 :<\/strong> 2 (effet de diffusion important)<\/li>\n<li><strong>Mat\u00e9riau :<\/strong> Verre de qualit\u00e9 optique<\/li>\n<li><strong>Technologie :<\/strong> Tiffen ColorCore pour une qualit\u00e9 constante<\/li>\n<li><strong>Compatibilit\u00e9 :<\/strong> Convient \u00e0 la plupart des bo\u00eetes mattes standard de 4 x 4 pouces<\/li>\n<\/ul>\n<\/div>\n<\/div>\n<\/div>\n<\/div>\n<\/div>\n<\/div>","protected":false},"featured_media":9756,"template":"","meta":{"om_disable_all_campaigns":false,"_monsterinsights_skip_tracking":false,"_monsterinsights_sitenote_active":false,"_monsterinsights_sitenote_note":"","_monsterinsights_sitenote_category":0,"_uf_show_specific_survey":0,"_uf_disable_surveys":false},"product_brand":[],"product_cat":[133,58],"product_tag":[],"class_list":{"0":"post-9745","1":"product","2":"type-product","3":"status-publish","4":"has-post-thumbnail","6":"product_cat-filters-eventsouk","7":"product_cat-filters-cinesouk","9":"entry","10":"has-media","12":"first","13":"instock","14":"taxable","15":"shipping-taxable","16":"purchasable","17":"product-type-variable","18":"has-product-nav","19":"col","20":"span_1_of_3","21":"owp-content-center","22":"owp-thumbs-layout-horizontal","23":"owp-btn-normal","24":"owp-tabs-layout-horizontal","25":"has-no-thumbnails"},"yoast_head":"<!-- This site is optimized with the Yoast SEO Premium plugin v26.0 (Yoast SEO v26.0) - https:\/\/yoast.com\/wordpress\/plugins\/seo\/ -->\n<title>Tiffen 4 x 4\u201d Black Promist 2 Filter - CineSouk - For rent<\/title>\n<meta name=\"description\" content=\"Tiffen 4x4&quot; Black Pro-Mist 2 Filter: Delivers strong diffusion and softened highlights for a dreamy, stylized cinematic look.\" \/>\n<meta name=\"robots\" content=\"index, follow, max-snippet:-1, max-image-preview:large, max-video-preview:-1\" \/>\n<link rel=\"canonical\" href=\"https:\/\/www.cinesouk.ma\/fr\/produit\/tiffen-4-x-4-black-promist-2-filter\/\" \/>\n<meta property=\"og:locale\" content=\"fr_FR\" \/>\n<meta property=\"og:type\" content=\"article\" \/>\n<meta property=\"og:title\" content=\"Tiffen 4 x 4\u201d Black Promist 2 Filter\" \/>\n<meta property=\"og:description\" content=\"Tiffen 4 x 4\u201d Black Pro-Mist 2 Filter: Create a pronounced, dreamy atmosphere with strong diffusion and softened highlights, perfect for stylized cinematography.\" \/>\n<meta property=\"og:url\" content=\"https:\/\/www.cinesouk.ma\/fr\/produit\/tiffen-4-x-4-black-promist-2-filter\/\" \/>\n<meta property=\"og:site_name\" content=\"CineSouk\" \/>\n<meta property=\"article:modified_time\" content=\"2025-08-22T10:42:16+00:00\" \/>\n<meta property=\"og:image\" content=\"https:\/\/www.cinesouk.ma\/wp-content\/uploads\/2024\/11\/Tiffen-4-x-4-ND2.0.png\" \/>\n\t<meta property=\"og:image:width\" content=\"300\" \/>\n\t<meta property=\"og:image:height\" content=\"238\" \/>\n\t<meta property=\"og:image:type\" content=\"image\/png\" \/>\n<meta name=\"twitter:card\" content=\"summary_large_image\" \/>\n<meta name=\"twitter:description\" content=\"Tiffen 4x4\u201d ND2.0 Filter: Professional 10-stop neutral density filter for precise exposure control, perfect for video production and photography.\" \/>\n<meta name=\"twitter:label1\" content=\"Dur\u00e9e de lecture estim\u00e9e\" \/>\n\t<meta name=\"twitter:data1\" content=\"2 minutes\" \/>\n<script type=\"application\/ld+json\" class=\"yoast-schema-graph\">{\"@context\":\"https:\/\/schema.org\",\"@graph\":[{\"@type\":\"WebPage\",\"@id\":\"https:\/\/www.cinesouk.ma\/product\/tiffen-4-x-4-black-promist-2-filter\/\",\"url\":\"https:\/\/www.cinesouk.ma\/product\/tiffen-4-x-4-black-promist-2-filter\/\",\"name\":\"Tiffen 4 x 4\u201d Black Promist 2 Filter - CineSouk - For rent\",\"isPartOf\":{\"@id\":\"https:\/\/www.cinesouk.ma\/#website\"},\"primaryImageOfPage\":{\"@id\":\"https:\/\/www.cinesouk.ma\/product\/tiffen-4-x-4-black-promist-2-filter\/#primaryimage\"},\"image\":{\"@id\":\"https:\/\/www.cinesouk.ma\/product\/tiffen-4-x-4-black-promist-2-filter\/#primaryimage\"},\"thumbnailUrl\":\"https:\/\/www.cinesouk.ma\/wp-content\/uploads\/2024\/12\/Tiffen-4-x-4-Black-Promist-2.jpg\",\"datePublished\":\"2024-12-19T09:48:08+00:00\",\"dateModified\":\"2025-08-22T10:42:16+00:00\",\"description\":\"Tiffen 4x4\\\" Black Pro-Mist 2 Filter: Delivers strong diffusion and softened highlights for a dreamy, stylized cinematic look.\",\"breadcrumb\":{\"@id\":\"https:\/\/www.cinesouk.ma\/product\/tiffen-4-x-4-black-promist-2-filter\/#breadcrumb\"},\"inLanguage\":\"fr-FR\",\"potentialAction\":[{\"@type\":\"ReadAction\",\"target\":[\"https:\/\/www.cinesouk.ma\/product\/tiffen-4-x-4-black-promist-2-filter\/\"]}]},{\"@type\":\"ImageObject\",\"inLanguage\":\"fr-FR\",\"@id\":\"https:\/\/www.cinesouk.ma\/product\/tiffen-4-x-4-black-promist-2-filter\/#primaryimage\",\"url\":\"https:\/\/www.cinesouk.ma\/wp-content\/uploads\/2024\/12\/Tiffen-4-x-4-Black-Promist-2.jpg\",\"contentUrl\":\"https:\/\/www.cinesouk.ma\/wp-content\/uploads\/2024\/12\/Tiffen-4-x-4-Black-Promist-2.jpg\",\"width\":300,\"height\":238,\"caption\":\"Tiffen 4 x 4\u201d Black Promist 2 Filter\"},{\"@type\":\"BreadcrumbList\",\"@id\":\"https:\/\/www.cinesouk.ma\/product\/tiffen-4-x-4-black-promist-2-filter\/#breadcrumb\",\"itemListElement\":[{\"@type\":\"ListItem\",\"position\":1,\"name\":\"Home\",\"item\":\"https:\/\/www.cinesouk.ma\/\"},{\"@type\":\"ListItem\",\"position\":2,\"name\":\"Shop\",\"item\":\"https:\/\/www.cinesouk.ma\/shop\/\"},{\"@type\":\"ListItem\",\"position\":3,\"name\":\"Tiffen 4 x 4\u201d Black Promist 2 Filter\"}]},{\"@type\":\"WebSite\",\"@id\":\"https:\/\/www.cinesouk.ma\/#website\",\"url\":\"https:\/\/www.cinesouk.ma\/\",\"name\":\"CineSouk\",\"description\":\"\",\"publisher\":{\"@id\":\"https:\/\/www.cinesouk.ma\/#organization\"},\"potentialAction\":[{\"@type\":\"SearchAction\",\"target\":{\"@type\":\"EntryPoint\",\"urlTemplate\":\"https:\/\/www.cinesouk.ma\/?s={search_term_string}\"},\"query-input\":{\"@type\":\"PropertyValueSpecification\",\"valueRequired\":true,\"valueName\":\"search_term_string\"}}],\"inLanguage\":\"fr-FR\"},{\"@type\":\"Organization\",\"@id\":\"https:\/\/www.cinesouk.ma\/#organization\",\"name\":\"CineSouk\",\"url\":\"https:\/\/www.cinesouk.ma\/\",\"logo\":{\"@type\":\"ImageObject\",\"inLanguage\":\"fr-FR\",\"@id\":\"https:\/\/www.cinesouk.ma\/#\/schema\/logo\/image\/\",\"url\":\"https:\/\/www.cinesouk.ma\/wp-content\/uploads\/2024\/01\/CineSouk-logo-v01-alpha-alligned-left.png\",\"contentUrl\":\"https:\/\/www.cinesouk.ma\/wp-content\/uploads\/2024\/01\/CineSouk-logo-v01-alpha-alligned-left.png\",\"width\":3204,\"height\":889,\"caption\":\"CineSouk\"},\"image\":{\"@id\":\"https:\/\/www.cinesouk.ma\/#\/schema\/logo\/image\/\"}}]}<\/script>\n<!-- \/ Yoast SEO Premium plugin. -->","yoast_head_json":{"title":"Tiffen 4 x 4\u201d Black Promist 2 Filter - CineSouk - For rent","description":"Tiffen 4x4\" Black Pro-Mist 2 Filter: Delivers strong diffusion and softened highlights for a dreamy, stylized cinematic look.","robots":{"index":"index","follow":"follow","max-snippet":"max-snippet:-1","max-image-preview":"max-image-preview:large","max-video-preview":"max-video-preview:-1"},"canonical":"https:\/\/www.cinesouk.ma\/fr\/produit\/tiffen-4-x-4-black-promist-2-filter\/","og_locale":"fr_FR","og_type":"article","og_title":"Tiffen 4 x 4\u201d Black Promist 2 Filter","og_description":"Tiffen 4 x 4\u201d Black Pro-Mist 2 Filter: Create a pronounced, dreamy atmosphere with strong diffusion and softened highlights, perfect for stylized cinematography.","og_url":"https:\/\/www.cinesouk.ma\/fr\/produit\/tiffen-4-x-4-black-promist-2-filter\/","og_site_name":"CineSouk","article_modified_time":"2025-08-22T10:42:16+00:00","og_image":[{"width":300,"height":238,"url":"https:\/\/www.cinesouk.ma\/wp-content\/uploads\/2024\/11\/Tiffen-4-x-4-ND2.0.png","type":"image\/png"}],"twitter_card":"summary_large_image","twitter_description":"Tiffen 4x4\u201d ND2.0 Filter: Professional 10-stop neutral density filter for precise exposure control, perfect for video production and photography.","twitter_misc":{"Dur\u00e9e de lecture estim\u00e9e":"2 minutes"},"schema":{"@context":"https:\/\/schema.org","@graph":[{"@type":"WebPage","@id":"https:\/\/www.cinesouk.ma\/product\/tiffen-4-x-4-black-promist-2-filter\/","url":"https:\/\/www.cinesouk.ma\/product\/tiffen-4-x-4-black-promist-2-filter\/","name":"Tiffen 4 x 4\u201d Black Promist 2 Filter - CineSouk - For rent","isPartOf":{"@id":"https:\/\/www.cinesouk.ma\/#website"},"primaryImageOfPage":{"@id":"https:\/\/www.cinesouk.ma\/product\/tiffen-4-x-4-black-promist-2-filter\/#primaryimage"},"image":{"@id":"https:\/\/www.cinesouk.ma\/product\/tiffen-4-x-4-black-promist-2-filter\/#primaryimage"},"thumbnailUrl":"https:\/\/www.cinesouk.ma\/wp-content\/uploads\/2024\/12\/Tiffen-4-x-4-Black-Promist-2.jpg","datePublished":"2024-12-19T09:48:08+00:00","dateModified":"2025-08-22T10:42:16+00:00","description":"Tiffen 4x4\" Black Pro-Mist 2 Filter: Delivers strong diffusion and softened highlights for a dreamy, stylized cinematic look.","breadcrumb":{"@id":"https:\/\/www.cinesouk.ma\/product\/tiffen-4-x-4-black-promist-2-filter\/#breadcrumb"},"inLanguage":"fr-FR","potentialAction":[{"@type":"ReadAction","target":["https:\/\/www.cinesouk.ma\/product\/tiffen-4-x-4-black-promist-2-filter\/"]}]},{"@type":"ImageObject","inLanguage":"fr-FR","@id":"https:\/\/www.cinesouk.ma\/product\/tiffen-4-x-4-black-promist-2-filter\/#primaryimage","url":"https:\/\/www.cinesouk.ma\/wp-content\/uploads\/2024\/12\/Tiffen-4-x-4-Black-Promist-2.jpg","contentUrl":"https:\/\/www.cinesouk.ma\/wp-content\/uploads\/2024\/12\/Tiffen-4-x-4-Black-Promist-2.jpg","width":300,"height":238,"caption":"Tiffen 4 x 4\u201d Black Promist 2 Filter"},{"@type":"BreadcrumbList","@id":"https:\/\/www.cinesouk.ma\/product\/tiffen-4-x-4-black-promist-2-filter\/#breadcrumb","itemListElement":[{"@type":"ListItem","position":1,"name":"Home","item":"https:\/\/www.cinesouk.ma\/"},{"@type":"ListItem","position":2,"name":"Shop","item":"https:\/\/www.cinesouk.ma\/shop\/"},{"@type":"ListItem","position":3,"name":"Tiffen 4 x 4\u201d Black Promist 2 Filter"}]},{"@type":"WebSite","@id":"https:\/\/www.cinesouk.ma\/#website","url":"https:\/\/www.cinesouk.ma\/","name":"CineSouk","description":"","publisher":{"@id":"https:\/\/www.cinesouk.ma\/#organization"},"potentialAction":[{"@type":"SearchAction","target":{"@type":"EntryPoint","urlTemplate":"https:\/\/www.cinesouk.ma\/?s={search_term_string}"},"query-input":{"@type":"PropertyValueSpecification","valueRequired":true,"valueName":"search_term_string"}}],"inLanguage":"fr-FR"},{"@type":"Organization","@id":"https:\/\/www.cinesouk.ma\/#organization","name":"CineSouk","url":"https:\/\/www.cinesouk.ma\/","logo":{"@type":"ImageObject","inLanguage":"fr-FR","@id":"https:\/\/www.cinesouk.ma\/#\/schema\/logo\/image\/","url":"https:\/\/www.cinesouk.ma\/wp-content\/uploads\/2024\/01\/CineSouk-logo-v01-alpha-alligned-left.png","contentUrl":"https:\/\/www.cinesouk.ma\/wp-content\/uploads\/2024\/01\/CineSouk-logo-v01-alpha-alligned-left.png","width":3204,"height":889,"caption":"CineSouk"},"image":{"@id":"https:\/\/www.cinesouk.ma\/#\/schema\/logo\/image\/"}}]}},"_links":{"self":[{"href":"https:\/\/www.cinesouk.ma\/fr\/wp-json\/wp\/v2\/product\/9745","targetHints":{"allow":["GET"]}}],"collection":[{"href":"https:\/\/www.cinesouk.ma\/fr\/wp-json\/wp\/v2\/product"}],"about":[{"href":"https:\/\/www.cinesouk.ma\/fr\/wp-json\/wp\/v2\/types\/product"}],"wp:featuredmedia":[{"embeddable":true,"href":"https:\/\/www.cinesouk.ma\/fr\/wp-json\/wp\/v2\/media\/9756"}],"wp:attachment":[{"href":"https:\/\/www.cinesouk.ma\/fr\/wp-json\/wp\/v2\/media?parent=9745"}],"wp:term":[{"taxonomy":"product_brand","embeddable":true,"href":"https:\/\/www.cinesouk.ma\/fr\/wp-json\/wp\/v2\/product_brand?post=9745"},{"taxonomy":"product_cat","embeddable":true,"href":"https:\/\/www.cinesouk.ma\/fr\/wp-json\/wp\/v2\/product_cat?post=9745"},{"taxonomy":"product_tag","embeddable":true,"href":"https:\/\/www.cinesouk.ma\/fr\/wp-json\/wp\/v2\/product_tag?post=9745"}],"curies":[{"name":"wp","href":"https:\/\/api.w.org\/{rel}","templated":true}]}}