{"id":9841,"date":"2024-12-19T10:37:50","date_gmt":"2024-12-19T10:37:50","guid":{"rendered":"https:\/\/www.cinesouk.ma\/?post_type=product&#038;p=9841"},"modified":"2025-08-22T10:42:08","modified_gmt":"2025-08-22T10:42:08","slug":"tiffen-4-x-4-black-dif-fx-1-2-filter","status":"publish","type":"product","link":"https:\/\/www.cinesouk.ma\/fr\/produit\/tiffen-4-x-4-black-dif-fx-1-2-filter\/","title":{"rendered":"Filtre Tiffen 4\u00d74\" noir Diffusion\/FX 1\/2"},"content":{"rendered":"<p data-start=\"0\" data-end=\"396\">Le filtre Tiffen 4\u00d74\" Black Diffusion\/FX 1\/2 adoucit les d\u00e9tails tout en ajoutant un l\u00e9ger \u00e9clat aux hautes lumi\u00e8res, cr\u00e9ant ainsi un aspect cin\u00e9matographique et naturel. La puissance \"1\/2\" r\u00e9duit subtilement le contraste, adoucissant les tons de la peau et am\u00e9liorant la profondeur sans donner \u00e0 l'image un aspect trop trait\u00e9. Il est donc id\u00e9al pour les portraits, les interviews et les films narratifs, o\u00f9 une esth\u00e9tique plus douce am\u00e9liore la narration.<\/p>\n<p data-start=\"398\" data-end=\"794\">Con\u00e7u avec la technologie ColorCore de Tiffen, ce filtre garantit une pr\u00e9cision des couleurs et des performances optiques constantes. La taille de 4\u00d74 pouces s'adapte aux syst\u00e8mes de bo\u00eetes \u00e0 mats standard, ce qui en fait un ajout parfait aux flux de travail professionnels. Qu'il soit utilis\u00e9 dans des environnements de studio contr\u00f4l\u00e9s ou dans des environnements ext\u00e9rieurs impr\u00e9visibles, sa construction durable assure des performances fiables dans toutes les conditions de tournage.<\/p>\n<p data-start=\"796\" data-end=\"1165\">Le filtre Black Diffusion\/FX 1\/2 r\u00e9duit doucement la nettet\u00e9 num\u00e9rique des appareils photo modernes, cr\u00e9ant un aspect \u00e9quilibr\u00e9 et organique. Il conserve les d\u00e9tails essentiels tout en adoucissant les bords durs, offrant ainsi une qualit\u00e9 cin\u00e9matographique intemporelle directement depuis l'appareil photo. Cet effet permet aux directeurs de la photographie et aux photographes d'obtenir un style artistique soign\u00e9 sans avoir recours \u00e0 une post-production importante.<\/p>\n<p data-start=\"1167\" data-end=\"1462\" data-is-last-node=\"\" data-is-only-node=\"\">Pour ceux qui recherchent un moyen subtil mais efficace d'am\u00e9liorer la profondeur visuelle et d'adoucir les textures, ce filtre offre une solution polyvalente. Le filtre Tiffen Black Diffusion\/FX 1\/2 est un outil essentiel pour obtenir une esth\u00e9tique raffin\u00e9e, de qualit\u00e9 professionnelle, \u00e0 la fois pour les photographies et les films.<\/p>\n<p>Louez le Tiffen 4\u00d74\" Black Diffusion\/FX 1\/2 maintenant au <a href=\"https:\/\/www.cinesouk.ma\/fr\">CINESOUK<\/a> - une marque de <a href=\"https:\/\/www.broadway.ma\/\">BROADWAY PRODUCTIONS SARL.<\/a><\/p>","protected":false},"excerpt":{"rendered":"<p><strong>Sp\u00e9cifications :<\/strong><\/p>\n<div class=\"group\/conversation-turn relative flex w-full min-w-0 flex-col agent-turn\">\n<div class=\"flex-col gap-1 md:gap-3\">\n<div class=\"flex max-w-full flex-col flex-grow\">\n<div class=\"min-h-8 text-message flex w-full flex-col items-end gap-2 whitespace-normal break-words [.text-message+&amp;]:mt-5\" dir=\"auto\" data-message-author-role=\"assistant\" data-message-id=\"e18a99b3-cf7b-4ecd-bc21-990f899c3de7\" data-message-model-slug=\"gpt-4o\">\n<div class=\"flex w-full flex-col gap-1 empty:hidden first:pt-[3px]\">\n<div class=\"markdown prose w-full break-words dark:prose-invert light\">\n<ul>\n<li><strong>Taille :<\/strong> 4 x 4 pouces<\/li>\n<li><strong>Type de filtre :<\/strong> Black Diffusion\/FX (filtre de diffusion)<\/li>\n<li><strong>Intensit\u00e9 :<\/strong> 1\/2 (diffusion subtile)<\/li>\n<li><strong>Mat\u00e9riau :<\/strong> Verre de qualit\u00e9 optique<\/li>\n<li><strong>Technologie :<\/strong> Tiffen ColorCore pour la coh\u00e9rence et la clart\u00e9 des couleurs<\/li>\n<li><strong>Compatibilit\u00e9 :<\/strong> Convient aux syst\u00e8mes de bo\u00eetes mattes standard de 4 x 4 pouces<\/li>\n<\/ul>\n<\/div>\n<\/div>\n<\/div>\n<\/div>\n<\/div>\n<\/div>","protected":false},"featured_media":9756,"template":"","meta":{"om_disable_all_campaigns":false,"_monsterinsights_skip_tracking":false,"_monsterinsights_sitenote_active":false,"_monsterinsights_sitenote_note":"","_monsterinsights_sitenote_category":0,"_uf_show_specific_survey":0,"_uf_disable_surveys":false},"product_brand":[],"product_cat":[133,58],"product_tag":[],"class_list":{"0":"post-9841","1":"product","2":"type-product","3":"status-publish","4":"has-post-thumbnail","6":"product_cat-filters-eventsouk","7":"product_cat-filters-cinesouk","9":"entry","10":"has-media","12":"first","13":"instock","14":"taxable","15":"shipping-taxable","16":"purchasable","17":"product-type-variable","18":"has-product-nav","19":"col","20":"span_1_of_3","21":"owp-content-center","22":"owp-thumbs-layout-horizontal","23":"owp-btn-normal","24":"owp-tabs-layout-horizontal","25":"has-no-thumbnails"},"yoast_head":"<!-- This site is optimized with the Yoast SEO Premium plugin v26.0 (Yoast SEO v26.0) - https:\/\/yoast.com\/wordpress\/plugins\/seo\/ -->\n<title>Tiffen 4x4\u201d Black Diffusion\/FX 1\/2 Filter - CineSouk - For rent<\/title>\n<meta name=\"description\" content=\"Tiffen 4x4\u201d Black Diffusion\/FX 1\/2 Filter: Achieve a subtle, cinematic softness with a gentle diffusion effect, ideal for enhancing portraits and narrative scenes.\" \/>\n<meta name=\"robots\" content=\"index, follow, max-snippet:-1, max-image-preview:large, max-video-preview:-1\" \/>\n<link rel=\"canonical\" href=\"https:\/\/www.cinesouk.ma\/fr\/produit\/tiffen-4-x-4-black-dif-fx-1-2-filter\/\" \/>\n<meta property=\"og:locale\" content=\"fr_FR\" \/>\n<meta property=\"og:type\" content=\"article\" \/>\n<meta property=\"og:title\" content=\"Tiffen 4x4\u201d Black Diffusion\/FX 1\/2 Filter\" \/>\n<meta property=\"og:description\" content=\"Tiffen 4x4\u201d Black Diffusion\/FX 1\/2 Filter: Achieve a subtle, cinematic softness with a gentle diffusion effect, ideal for enhancing portraits and narrative scenes.\" \/>\n<meta property=\"og:url\" content=\"https:\/\/www.cinesouk.ma\/fr\/produit\/tiffen-4-x-4-black-dif-fx-1-2-filter\/\" \/>\n<meta property=\"og:site_name\" content=\"CineSouk\" \/>\n<meta property=\"article:modified_time\" content=\"2025-08-22T10:42:08+00:00\" \/>\n<meta property=\"og:image\" content=\"https:\/\/www.cinesouk.ma\/wp-content\/uploads\/2024\/11\/Tiffen-4-x-4-ND2.0.png\" \/>\n\t<meta property=\"og:image:width\" content=\"300\" \/>\n\t<meta property=\"og:image:height\" content=\"238\" \/>\n\t<meta property=\"og:image:type\" content=\"image\/png\" \/>\n<meta name=\"twitter:card\" content=\"summary_large_image\" \/>\n<meta name=\"twitter:description\" content=\"Tiffen 4x4\u201d Black Diffusion\/FX 1\/2 Filter: Achieve a subtle, cinematic softness with a gentle diffusion effect, ideal for enhancing portraits and narrative scenes.\" \/>\n<meta name=\"twitter:label1\" content=\"Dur\u00e9e de lecture estim\u00e9e\" \/>\n\t<meta name=\"twitter:data1\" content=\"2 minutes\" \/>\n<script type=\"application\/ld+json\" class=\"yoast-schema-graph\">{\"@context\":\"https:\/\/schema.org\",\"@graph\":[{\"@type\":\"WebPage\",\"@id\":\"https:\/\/www.cinesouk.ma\/product\/tiffen-4-x-4-black-dif-fx-1-2-filter\/\",\"url\":\"https:\/\/www.cinesouk.ma\/product\/tiffen-4-x-4-black-dif-fx-1-2-filter\/\",\"name\":\"Tiffen 4x4\u201d Black Diffusion\/FX 1\/2 Filter - CineSouk - For rent\",\"isPartOf\":{\"@id\":\"https:\/\/www.cinesouk.ma\/#website\"},\"primaryImageOfPage\":{\"@id\":\"https:\/\/www.cinesouk.ma\/product\/tiffen-4-x-4-black-dif-fx-1-2-filter\/#primaryimage\"},\"image\":{\"@id\":\"https:\/\/www.cinesouk.ma\/product\/tiffen-4-x-4-black-dif-fx-1-2-filter\/#primaryimage\"},\"thumbnailUrl\":\"https:\/\/www.cinesouk.ma\/wp-content\/uploads\/2024\/12\/Tiffen-4-x-4-Black-Promist-2.jpg\",\"datePublished\":\"2024-12-19T10:37:50+00:00\",\"dateModified\":\"2025-08-22T10:42:08+00:00\",\"description\":\"Tiffen 4x4\u201d Black Diffusion\/FX 1\/2 Filter: Achieve a subtle, cinematic softness with a gentle diffusion effect, ideal for enhancing portraits and narrative scenes.\",\"breadcrumb\":{\"@id\":\"https:\/\/www.cinesouk.ma\/product\/tiffen-4-x-4-black-dif-fx-1-2-filter\/#breadcrumb\"},\"inLanguage\":\"fr-FR\",\"potentialAction\":[{\"@type\":\"ReadAction\",\"target\":[\"https:\/\/www.cinesouk.ma\/product\/tiffen-4-x-4-black-dif-fx-1-2-filter\/\"]}]},{\"@type\":\"ImageObject\",\"inLanguage\":\"fr-FR\",\"@id\":\"https:\/\/www.cinesouk.ma\/product\/tiffen-4-x-4-black-dif-fx-1-2-filter\/#primaryimage\",\"url\":\"https:\/\/www.cinesouk.ma\/wp-content\/uploads\/2024\/12\/Tiffen-4-x-4-Black-Promist-2.jpg\",\"contentUrl\":\"https:\/\/www.cinesouk.ma\/wp-content\/uploads\/2024\/12\/Tiffen-4-x-4-Black-Promist-2.jpg\",\"width\":300,\"height\":238,\"caption\":\"Tiffen 4 x 4\u201d Black Promist 2 Filter\"},{\"@type\":\"BreadcrumbList\",\"@id\":\"https:\/\/www.cinesouk.ma\/product\/tiffen-4-x-4-black-dif-fx-1-2-filter\/#breadcrumb\",\"itemListElement\":[{\"@type\":\"ListItem\",\"position\":1,\"name\":\"Home\",\"item\":\"https:\/\/www.cinesouk.ma\/\"},{\"@type\":\"ListItem\",\"position\":2,\"name\":\"Shop\",\"item\":\"https:\/\/www.cinesouk.ma\/shop\/\"},{\"@type\":\"ListItem\",\"position\":3,\"name\":\"Tiffen 4&#215;4\u201d Black Diffusion\/FX 1\/2 Filter\"}]},{\"@type\":\"WebSite\",\"@id\":\"https:\/\/www.cinesouk.ma\/#website\",\"url\":\"https:\/\/www.cinesouk.ma\/\",\"name\":\"CineSouk\",\"description\":\"\",\"publisher\":{\"@id\":\"https:\/\/www.cinesouk.ma\/#organization\"},\"potentialAction\":[{\"@type\":\"SearchAction\",\"target\":{\"@type\":\"EntryPoint\",\"urlTemplate\":\"https:\/\/www.cinesouk.ma\/?s={search_term_string}\"},\"query-input\":{\"@type\":\"PropertyValueSpecification\",\"valueRequired\":true,\"valueName\":\"search_term_string\"}}],\"inLanguage\":\"fr-FR\"},{\"@type\":\"Organization\",\"@id\":\"https:\/\/www.cinesouk.ma\/#organization\",\"name\":\"CineSouk\",\"url\":\"https:\/\/www.cinesouk.ma\/\",\"logo\":{\"@type\":\"ImageObject\",\"inLanguage\":\"fr-FR\",\"@id\":\"https:\/\/www.cinesouk.ma\/#\/schema\/logo\/image\/\",\"url\":\"https:\/\/www.cinesouk.ma\/wp-content\/uploads\/2024\/01\/CineSouk-logo-v01-alpha-alligned-left.png\",\"contentUrl\":\"https:\/\/www.cinesouk.ma\/wp-content\/uploads\/2024\/01\/CineSouk-logo-v01-alpha-alligned-left.png\",\"width\":3204,\"height\":889,\"caption\":\"CineSouk\"},\"image\":{\"@id\":\"https:\/\/www.cinesouk.ma\/#\/schema\/logo\/image\/\"}}]}<\/script>\n<!-- \/ Yoast SEO Premium plugin. -->","yoast_head_json":{"title":"Tiffen 4x4\u201d Black Diffusion\/FX 1\/2 Filter - CineSouk - For rent","description":"Tiffen 4x4\u201d Black Diffusion\/FX 1\/2 Filter: Achieve a subtle, cinematic softness with a gentle diffusion effect, ideal for enhancing portraits and narrative scenes.","robots":{"index":"index","follow":"follow","max-snippet":"max-snippet:-1","max-image-preview":"max-image-preview:large","max-video-preview":"max-video-preview:-1"},"canonical":"https:\/\/www.cinesouk.ma\/fr\/produit\/tiffen-4-x-4-black-dif-fx-1-2-filter\/","og_locale":"fr_FR","og_type":"article","og_title":"Tiffen 4x4\u201d Black Diffusion\/FX 1\/2 Filter","og_description":"Tiffen 4x4\u201d Black Diffusion\/FX 1\/2 Filter: Achieve a subtle, cinematic softness with a gentle diffusion effect, ideal for enhancing portraits and narrative scenes.","og_url":"https:\/\/www.cinesouk.ma\/fr\/produit\/tiffen-4-x-4-black-dif-fx-1-2-filter\/","og_site_name":"CineSouk","article_modified_time":"2025-08-22T10:42:08+00:00","og_image":[{"width":300,"height":238,"url":"https:\/\/www.cinesouk.ma\/wp-content\/uploads\/2024\/11\/Tiffen-4-x-4-ND2.0.png","type":"image\/png"}],"twitter_card":"summary_large_image","twitter_description":"Tiffen 4x4\u201d Black Diffusion\/FX 1\/2 Filter: Achieve a subtle, cinematic softness with a gentle diffusion effect, ideal for enhancing portraits and narrative scenes.","twitter_misc":{"Dur\u00e9e de lecture estim\u00e9e":"2 minutes"},"schema":{"@context":"https:\/\/schema.org","@graph":[{"@type":"WebPage","@id":"https:\/\/www.cinesouk.ma\/product\/tiffen-4-x-4-black-dif-fx-1-2-filter\/","url":"https:\/\/www.cinesouk.ma\/product\/tiffen-4-x-4-black-dif-fx-1-2-filter\/","name":"Tiffen 4x4\u201d Black Diffusion\/FX 1\/2 Filter - CineSouk - For rent","isPartOf":{"@id":"https:\/\/www.cinesouk.ma\/#website"},"primaryImageOfPage":{"@id":"https:\/\/www.cinesouk.ma\/product\/tiffen-4-x-4-black-dif-fx-1-2-filter\/#primaryimage"},"image":{"@id":"https:\/\/www.cinesouk.ma\/product\/tiffen-4-x-4-black-dif-fx-1-2-filter\/#primaryimage"},"thumbnailUrl":"https:\/\/www.cinesouk.ma\/wp-content\/uploads\/2024\/12\/Tiffen-4-x-4-Black-Promist-2.jpg","datePublished":"2024-12-19T10:37:50+00:00","dateModified":"2025-08-22T10:42:08+00:00","description":"Tiffen 4x4\u201d Black Diffusion\/FX 1\/2 Filter: Achieve a subtle, cinematic softness with a gentle diffusion effect, ideal for enhancing portraits and narrative scenes.","breadcrumb":{"@id":"https:\/\/www.cinesouk.ma\/product\/tiffen-4-x-4-black-dif-fx-1-2-filter\/#breadcrumb"},"inLanguage":"fr-FR","potentialAction":[{"@type":"ReadAction","target":["https:\/\/www.cinesouk.ma\/product\/tiffen-4-x-4-black-dif-fx-1-2-filter\/"]}]},{"@type":"ImageObject","inLanguage":"fr-FR","@id":"https:\/\/www.cinesouk.ma\/product\/tiffen-4-x-4-black-dif-fx-1-2-filter\/#primaryimage","url":"https:\/\/www.cinesouk.ma\/wp-content\/uploads\/2024\/12\/Tiffen-4-x-4-Black-Promist-2.jpg","contentUrl":"https:\/\/www.cinesouk.ma\/wp-content\/uploads\/2024\/12\/Tiffen-4-x-4-Black-Promist-2.jpg","width":300,"height":238,"caption":"Tiffen 4 x 4\u201d Black Promist 2 Filter"},{"@type":"BreadcrumbList","@id":"https:\/\/www.cinesouk.ma\/product\/tiffen-4-x-4-black-dif-fx-1-2-filter\/#breadcrumb","itemListElement":[{"@type":"ListItem","position":1,"name":"Home","item":"https:\/\/www.cinesouk.ma\/"},{"@type":"ListItem","position":2,"name":"Shop","item":"https:\/\/www.cinesouk.ma\/shop\/"},{"@type":"ListItem","position":3,"name":"Tiffen 4&#215;4\u201d Black Diffusion\/FX 1\/2 Filter"}]},{"@type":"WebSite","@id":"https:\/\/www.cinesouk.ma\/#website","url":"https:\/\/www.cinesouk.ma\/","name":"CineSouk","description":"","publisher":{"@id":"https:\/\/www.cinesouk.ma\/#organization"},"potentialAction":[{"@type":"SearchAction","target":{"@type":"EntryPoint","urlTemplate":"https:\/\/www.cinesouk.ma\/?s={search_term_string}"},"query-input":{"@type":"PropertyValueSpecification","valueRequired":true,"valueName":"search_term_string"}}],"inLanguage":"fr-FR"},{"@type":"Organization","@id":"https:\/\/www.cinesouk.ma\/#organization","name":"CineSouk","url":"https:\/\/www.cinesouk.ma\/","logo":{"@type":"ImageObject","inLanguage":"fr-FR","@id":"https:\/\/www.cinesouk.ma\/#\/schema\/logo\/image\/","url":"https:\/\/www.cinesouk.ma\/wp-content\/uploads\/2024\/01\/CineSouk-logo-v01-alpha-alligned-left.png","contentUrl":"https:\/\/www.cinesouk.ma\/wp-content\/uploads\/2024\/01\/CineSouk-logo-v01-alpha-alligned-left.png","width":3204,"height":889,"caption":"CineSouk"},"image":{"@id":"https:\/\/www.cinesouk.ma\/#\/schema\/logo\/image\/"}}]}},"_links":{"self":[{"href":"https:\/\/www.cinesouk.ma\/fr\/wp-json\/wp\/v2\/product\/9841","targetHints":{"allow":["GET"]}}],"collection":[{"href":"https:\/\/www.cinesouk.ma\/fr\/wp-json\/wp\/v2\/product"}],"about":[{"href":"https:\/\/www.cinesouk.ma\/fr\/wp-json\/wp\/v2\/types\/product"}],"wp:featuredmedia":[{"embeddable":true,"href":"https:\/\/www.cinesouk.ma\/fr\/wp-json\/wp\/v2\/media\/9756"}],"wp:attachment":[{"href":"https:\/\/www.cinesouk.ma\/fr\/wp-json\/wp\/v2\/media?parent=9841"}],"wp:term":[{"taxonomy":"product_brand","embeddable":true,"href":"https:\/\/www.cinesouk.ma\/fr\/wp-json\/wp\/v2\/product_brand?post=9841"},{"taxonomy":"product_cat","embeddable":true,"href":"https:\/\/www.cinesouk.ma\/fr\/wp-json\/wp\/v2\/product_cat?post=9841"},{"taxonomy":"product_tag","embeddable":true,"href":"https:\/\/www.cinesouk.ma\/fr\/wp-json\/wp\/v2\/product_tag?post=9841"}],"curies":[{"name":"wp","href":"https:\/\/api.w.org\/{rel}","templated":true}]}}