{"id":9886,"date":"2024-12-19T11:02:32","date_gmt":"2024-12-19T11:02:32","guid":{"rendered":"https:\/\/www.cinesouk.ma\/?post_type=product&#038;p=9886"},"modified":"2025-08-22T10:42:04","modified_gmt":"2025-08-22T10:42:04","slug":"tiffen-4-x-4-t1-infrared-filter","status":"publish","type":"product","link":"https:\/\/www.cinesouk.ma\/fr\/produit\/tiffen-4-x-4-t1-infrared-filter\/","title":{"rendered":"Filtre infrarouge Tiffen 4 x 4\u2033 T1"},"content":{"rendered":"<p>Le filtre infrarouge Tiffen 4 x 4\u2033 T1 r\u00e9duit la contamination infrarouge (IR), r\u00e9pondant aux probl\u00e8mes communs des capteurs num\u00e9riques dans les environnements lumineux. Il coupe la lumi\u00e8re IR ind\u00e9sirable, garantissant un rendu pr\u00e9cis des couleurs et des s\u00e9quences ou images plus nettes et plus naturelles. Il est donc id\u00e9al pour les sc\u00e9narios o\u00f9 la fid\u00e9lit\u00e9 des couleurs est essentielle.<\/p>\n<p>Tiffen fabrique le filtre infrarouge T1 en utilisant sa technologie ColorCore avanc\u00e9e, offrant une clart\u00e9 et une qualit\u00e9 optique exceptionnelles. Le filtre bloque efficacement les longueurs d'onde IR, emp\u00eachant les changements de couleur et les noirs boueux caus\u00e9s par une lumi\u00e8re IR excessive. Cela garantit des couleurs coh\u00e9rentes et pr\u00e9cises, m\u00eame dans des conditions d'\u00e9clairage difficiles ou lors de l'utilisation de filtres \u00e0 densit\u00e9 neutre.<\/p>\n<p>La taille de 4 x 4 pouces s'adapte parfaitement aux bo\u00eetes de matte standard, offrant une compatibilit\u00e9 avec les installations de production professionnelles. Cela permet une int\u00e9gration rapide dans les flux de travail, am\u00e9liorant ainsi l'efficacit\u00e9 pendant les tournages. La construction durable du filtre garantit des performances fiables dans diverses applications vid\u00e9o et photographiques.<\/p>\n<p>Id\u00e9al pour les productions vid\u00e9o et la photographie, le filtre infrarouge T1 permet une correction directe des couleurs \u00e0 l'int\u00e9rieur de l'appareil photo. En maintenant la coh\u00e9rence des couleurs, il r\u00e9duit le recours aux ajustements de post-production, ce qui permet de gagner du temps tout en pr\u00e9servant la qualit\u00e9 de l'image. Ce filtre est un outil essentiel pour obtenir des r\u00e9sultats de qualit\u00e9 professionnelle dans n'importe quel environnement lumineux.<\/p>\n<p>Louez le filtre infrarouge Tiffen 4 x 4\u2033 T1 maintenant sur <a href=\"https:\/\/www.cinesouk.ma\/fr\">CINESOUK<\/a> - une marque de <a href=\"https:\/\/www.broadway.ma\/\">BROADWAY PRODUCTIONS SARL.<\/a><\/p>","protected":false},"excerpt":{"rendered":"<p>Sp\u00e9cifications<\/p>\n<ul>\n<li><strong>Taille :<\/strong> 4 x 4 pouces<\/li>\n<li><strong>Type :<\/strong> Filtre de contr\u00f4le infrarouge (IR)<\/li>\n<li><strong>Technologie :<\/strong> Tiffen ColorCore pour une performance optique constante<\/li>\n<li><strong>Compatibilit\u00e9 :<\/strong> Convient \u00e0 la plupart des syst\u00e8mes de bo\u00eetes mattes standard de 4 x 4 pouces<\/li>\n<li><strong>Application :<\/strong> Contr\u00f4le la contamination IR, assure un rendu pr\u00e9cis des couleurs<\/li>\n<\/ul>\n<div class=\"group\/conversation-turn relative flex w-full min-w-0 flex-col agent-turn\">\n<div class=\"flex-col gap-1 md:gap-3\">\n<div class=\"flex max-w-full flex-col flex-grow\">\n<div class=\"min-h-8 text-message flex w-full flex-col items-end gap-2 whitespace-normal break-words [.text-message+&amp;]:mt-5\" dir=\"auto\" data-message-author-role=\"assistant\" data-message-id=\"e18a99b3-cf7b-4ecd-bc21-990f899c3de7\" data-message-model-slug=\"gpt-4o\">\n<div class=\"flex w-full flex-col gap-1 empty:hidden first:pt-[3px]\">\n<div class=\"markdown prose w-full break-words dark:prose-invert light\"><\/div>\n<\/div>\n<\/div>\n<\/div>\n<\/div>\n<\/div>","protected":false},"featured_media":9922,"template":"","meta":{"om_disable_all_campaigns":false,"_monsterinsights_skip_tracking":false,"_monsterinsights_sitenote_active":false,"_monsterinsights_sitenote_note":"","_monsterinsights_sitenote_category":0,"_uf_show_specific_survey":0,"_uf_disable_surveys":false},"product_brand":[],"product_cat":[133,58],"product_tag":[],"class_list":{"0":"post-9886","1":"product","2":"type-product","3":"status-publish","4":"has-post-thumbnail","6":"product_cat-filters-eventsouk","7":"product_cat-filters-cinesouk","9":"entry","10":"has-media","12":"first","13":"instock","14":"taxable","15":"shipping-taxable","16":"purchasable","17":"product-type-variable","18":"has-product-nav","19":"col","20":"span_1_of_3","21":"owp-content-center","22":"owp-thumbs-layout-horizontal","23":"owp-btn-normal","24":"owp-tabs-layout-horizontal","25":"has-no-thumbnails"},"yoast_head":"<!-- This site is optimized with the Yoast SEO Premium plugin v26.0 (Yoast SEO v26.0) - https:\/\/yoast.com\/wordpress\/plugins\/seo\/ -->\n<title>Tiffen 4 x 4&quot; T1 Infrared Filter - CineSouk - For rent<\/title>\n<meta name=\"description\" content=\"Tiffen 4 x 4&quot; T1 Infrared Filter: Reduce unwanted IR light for cleaner, more accurate colors in digital video and photography, ensuring natural-looking results.\" \/>\n<meta name=\"robots\" content=\"index, follow, max-snippet:-1, max-image-preview:large, max-video-preview:-1\" \/>\n<link rel=\"canonical\" href=\"https:\/\/www.cinesouk.ma\/fr\/produit\/tiffen-4-x-4-t1-infrared-filter\/\" \/>\n<meta property=\"og:locale\" content=\"fr_FR\" \/>\n<meta property=\"og:type\" content=\"article\" \/>\n<meta property=\"og:title\" content=\"Tiffen 4 x 4&quot; T1 Infrared Filter\" \/>\n<meta property=\"og:description\" content=\"Tiffen 4 x 4&quot; T1 Infrared Filter: Reduce unwanted IR light for cleaner, more accurate colors in digital video and photography, ensuring natural-looking results.\" \/>\n<meta property=\"og:url\" content=\"https:\/\/www.cinesouk.ma\/fr\/produit\/tiffen-4-x-4-t1-infrared-filter\/\" \/>\n<meta property=\"og:site_name\" content=\"CineSouk\" \/>\n<meta property=\"article:modified_time\" content=\"2025-08-22T10:42:04+00:00\" \/>\n<meta property=\"og:image\" content=\"https:\/\/www.cinesouk.ma\/wp-content\/uploads\/2024\/12\/Tiffen-4-x-422-T1-Infrared-Filter-2.jpg\" \/>\n\t<meta property=\"og:image:width\" content=\"300\" \/>\n\t<meta property=\"og:image:height\" content=\"238\" \/>\n\t<meta property=\"og:image:type\" content=\"image\/jpeg\" \/>\n<meta name=\"twitter:card\" content=\"summary_large_image\" \/>\n<meta name=\"twitter:description\" content=\"Tiffen 4 x 4\u201d ND0.9 Filter: Professional 3-stop neutral density filter for exposure control and creative effects, perfect for video and photography.\" \/>\n<meta name=\"twitter:label1\" content=\"Dur\u00e9e de lecture estim\u00e9e\" \/>\n\t<meta name=\"twitter:data1\" content=\"2 minutes\" \/>\n<script type=\"application\/ld+json\" class=\"yoast-schema-graph\">{\"@context\":\"https:\/\/schema.org\",\"@graph\":[{\"@type\":\"WebPage\",\"@id\":\"https:\/\/www.cinesouk.ma\/product\/tiffen-4-x-4-t1-infrared-filter\/\",\"url\":\"https:\/\/www.cinesouk.ma\/product\/tiffen-4-x-4-t1-infrared-filter\/\",\"name\":\"Tiffen 4 x 4\\\" T1 Infrared Filter - CineSouk - For rent\",\"isPartOf\":{\"@id\":\"https:\/\/www.cinesouk.ma\/#website\"},\"primaryImageOfPage\":{\"@id\":\"https:\/\/www.cinesouk.ma\/product\/tiffen-4-x-4-t1-infrared-filter\/#primaryimage\"},\"image\":{\"@id\":\"https:\/\/www.cinesouk.ma\/product\/tiffen-4-x-4-t1-infrared-filter\/#primaryimage\"},\"thumbnailUrl\":\"https:\/\/www.cinesouk.ma\/wp-content\/uploads\/2024\/12\/Tiffen-4-x-422-T1-Infrared-Filter-2.jpg\",\"datePublished\":\"2024-12-19T11:02:32+00:00\",\"dateModified\":\"2025-08-22T10:42:04+00:00\",\"description\":\"Tiffen 4 x 4\\\" T1 Infrared Filter: Reduce unwanted IR light for cleaner, more accurate colors in digital video and photography, ensuring natural-looking results.\",\"breadcrumb\":{\"@id\":\"https:\/\/www.cinesouk.ma\/product\/tiffen-4-x-4-t1-infrared-filter\/#breadcrumb\"},\"inLanguage\":\"fr-FR\",\"potentialAction\":[{\"@type\":\"ReadAction\",\"target\":[\"https:\/\/www.cinesouk.ma\/product\/tiffen-4-x-4-t1-infrared-filter\/\"]}]},{\"@type\":\"ImageObject\",\"inLanguage\":\"fr-FR\",\"@id\":\"https:\/\/www.cinesouk.ma\/product\/tiffen-4-x-4-t1-infrared-filter\/#primaryimage\",\"url\":\"https:\/\/www.cinesouk.ma\/wp-content\/uploads\/2024\/12\/Tiffen-4-x-422-T1-Infrared-Filter-2.jpg\",\"contentUrl\":\"https:\/\/www.cinesouk.ma\/wp-content\/uploads\/2024\/12\/Tiffen-4-x-422-T1-Infrared-Filter-2.jpg\",\"width\":300,\"height\":238,\"caption\":\"Tiffen 4 x 4\\\" T1 Infrared Filter\"},{\"@type\":\"BreadcrumbList\",\"@id\":\"https:\/\/www.cinesouk.ma\/product\/tiffen-4-x-4-t1-infrared-filter\/#breadcrumb\",\"itemListElement\":[{\"@type\":\"ListItem\",\"position\":1,\"name\":\"Home\",\"item\":\"https:\/\/www.cinesouk.ma\/\"},{\"@type\":\"ListItem\",\"position\":2,\"name\":\"Shop\",\"item\":\"https:\/\/www.cinesouk.ma\/shop\/\"},{\"@type\":\"ListItem\",\"position\":3,\"name\":\"Tiffen 4 x 4&#8243; T1 Infrared Filter\"}]},{\"@type\":\"WebSite\",\"@id\":\"https:\/\/www.cinesouk.ma\/#website\",\"url\":\"https:\/\/www.cinesouk.ma\/\",\"name\":\"CineSouk\",\"description\":\"\",\"publisher\":{\"@id\":\"https:\/\/www.cinesouk.ma\/#organization\"},\"potentialAction\":[{\"@type\":\"SearchAction\",\"target\":{\"@type\":\"EntryPoint\",\"urlTemplate\":\"https:\/\/www.cinesouk.ma\/?s={search_term_string}\"},\"query-input\":{\"@type\":\"PropertyValueSpecification\",\"valueRequired\":true,\"valueName\":\"search_term_string\"}}],\"inLanguage\":\"fr-FR\"},{\"@type\":\"Organization\",\"@id\":\"https:\/\/www.cinesouk.ma\/#organization\",\"name\":\"CineSouk\",\"url\":\"https:\/\/www.cinesouk.ma\/\",\"logo\":{\"@type\":\"ImageObject\",\"inLanguage\":\"fr-FR\",\"@id\":\"https:\/\/www.cinesouk.ma\/#\/schema\/logo\/image\/\",\"url\":\"https:\/\/www.cinesouk.ma\/wp-content\/uploads\/2024\/01\/CineSouk-logo-v01-alpha-alligned-left.png\",\"contentUrl\":\"https:\/\/www.cinesouk.ma\/wp-content\/uploads\/2024\/01\/CineSouk-logo-v01-alpha-alligned-left.png\",\"width\":3204,\"height\":889,\"caption\":\"CineSouk\"},\"image\":{\"@id\":\"https:\/\/www.cinesouk.ma\/#\/schema\/logo\/image\/\"}}]}<\/script>\n<!-- \/ Yoast SEO Premium plugin. -->","yoast_head_json":{"title":"Tiffen 4 x 4\" T1 Infrared Filter - CineSouk - For rent","description":"Tiffen 4 x 4\" T1 Infrared Filter: Reduce unwanted IR light for cleaner, more accurate colors in digital video and photography, ensuring natural-looking results.","robots":{"index":"index","follow":"follow","max-snippet":"max-snippet:-1","max-image-preview":"max-image-preview:large","max-video-preview":"max-video-preview:-1"},"canonical":"https:\/\/www.cinesouk.ma\/fr\/produit\/tiffen-4-x-4-t1-infrared-filter\/","og_locale":"fr_FR","og_type":"article","og_title":"Tiffen 4 x 4\" T1 Infrared Filter","og_description":"Tiffen 4 x 4\" T1 Infrared Filter: Reduce unwanted IR light for cleaner, more accurate colors in digital video and photography, ensuring natural-looking results.","og_url":"https:\/\/www.cinesouk.ma\/fr\/produit\/tiffen-4-x-4-t1-infrared-filter\/","og_site_name":"CineSouk","article_modified_time":"2025-08-22T10:42:04+00:00","og_image":[{"width":300,"height":238,"url":"https:\/\/www.cinesouk.ma\/wp-content\/uploads\/2024\/12\/Tiffen-4-x-422-T1-Infrared-Filter-2.jpg","type":"image\/jpeg"}],"twitter_card":"summary_large_image","twitter_description":"Tiffen 4 x 4\u201d ND0.9 Filter: Professional 3-stop neutral density filter for exposure control and creative effects, perfect for video and photography.","twitter_misc":{"Dur\u00e9e de lecture estim\u00e9e":"2 minutes"},"schema":{"@context":"https:\/\/schema.org","@graph":[{"@type":"WebPage","@id":"https:\/\/www.cinesouk.ma\/product\/tiffen-4-x-4-t1-infrared-filter\/","url":"https:\/\/www.cinesouk.ma\/product\/tiffen-4-x-4-t1-infrared-filter\/","name":"Tiffen 4 x 4\" T1 Infrared Filter - CineSouk - For rent","isPartOf":{"@id":"https:\/\/www.cinesouk.ma\/#website"},"primaryImageOfPage":{"@id":"https:\/\/www.cinesouk.ma\/product\/tiffen-4-x-4-t1-infrared-filter\/#primaryimage"},"image":{"@id":"https:\/\/www.cinesouk.ma\/product\/tiffen-4-x-4-t1-infrared-filter\/#primaryimage"},"thumbnailUrl":"https:\/\/www.cinesouk.ma\/wp-content\/uploads\/2024\/12\/Tiffen-4-x-422-T1-Infrared-Filter-2.jpg","datePublished":"2024-12-19T11:02:32+00:00","dateModified":"2025-08-22T10:42:04+00:00","description":"Tiffen 4 x 4\" T1 Infrared Filter: Reduce unwanted IR light for cleaner, more accurate colors in digital video and photography, ensuring natural-looking results.","breadcrumb":{"@id":"https:\/\/www.cinesouk.ma\/product\/tiffen-4-x-4-t1-infrared-filter\/#breadcrumb"},"inLanguage":"fr-FR","potentialAction":[{"@type":"ReadAction","target":["https:\/\/www.cinesouk.ma\/product\/tiffen-4-x-4-t1-infrared-filter\/"]}]},{"@type":"ImageObject","inLanguage":"fr-FR","@id":"https:\/\/www.cinesouk.ma\/product\/tiffen-4-x-4-t1-infrared-filter\/#primaryimage","url":"https:\/\/www.cinesouk.ma\/wp-content\/uploads\/2024\/12\/Tiffen-4-x-422-T1-Infrared-Filter-2.jpg","contentUrl":"https:\/\/www.cinesouk.ma\/wp-content\/uploads\/2024\/12\/Tiffen-4-x-422-T1-Infrared-Filter-2.jpg","width":300,"height":238,"caption":"Tiffen 4 x 4\" T1 Infrared Filter"},{"@type":"BreadcrumbList","@id":"https:\/\/www.cinesouk.ma\/product\/tiffen-4-x-4-t1-infrared-filter\/#breadcrumb","itemListElement":[{"@type":"ListItem","position":1,"name":"Home","item":"https:\/\/www.cinesouk.ma\/"},{"@type":"ListItem","position":2,"name":"Shop","item":"https:\/\/www.cinesouk.ma\/shop\/"},{"@type":"ListItem","position":3,"name":"Tiffen 4 x 4&#8243; T1 Infrared Filter"}]},{"@type":"WebSite","@id":"https:\/\/www.cinesouk.ma\/#website","url":"https:\/\/www.cinesouk.ma\/","name":"CineSouk","description":"","publisher":{"@id":"https:\/\/www.cinesouk.ma\/#organization"},"potentialAction":[{"@type":"SearchAction","target":{"@type":"EntryPoint","urlTemplate":"https:\/\/www.cinesouk.ma\/?s={search_term_string}"},"query-input":{"@type":"PropertyValueSpecification","valueRequired":true,"valueName":"search_term_string"}}],"inLanguage":"fr-FR"},{"@type":"Organization","@id":"https:\/\/www.cinesouk.ma\/#organization","name":"CineSouk","url":"https:\/\/www.cinesouk.ma\/","logo":{"@type":"ImageObject","inLanguage":"fr-FR","@id":"https:\/\/www.cinesouk.ma\/#\/schema\/logo\/image\/","url":"https:\/\/www.cinesouk.ma\/wp-content\/uploads\/2024\/01\/CineSouk-logo-v01-alpha-alligned-left.png","contentUrl":"https:\/\/www.cinesouk.ma\/wp-content\/uploads\/2024\/01\/CineSouk-logo-v01-alpha-alligned-left.png","width":3204,"height":889,"caption":"CineSouk"},"image":{"@id":"https:\/\/www.cinesouk.ma\/#\/schema\/logo\/image\/"}}]}},"_links":{"self":[{"href":"https:\/\/www.cinesouk.ma\/fr\/wp-json\/wp\/v2\/product\/9886","targetHints":{"allow":["GET"]}}],"collection":[{"href":"https:\/\/www.cinesouk.ma\/fr\/wp-json\/wp\/v2\/product"}],"about":[{"href":"https:\/\/www.cinesouk.ma\/fr\/wp-json\/wp\/v2\/types\/product"}],"wp:featuredmedia":[{"embeddable":true,"href":"https:\/\/www.cinesouk.ma\/fr\/wp-json\/wp\/v2\/media\/9922"}],"wp:attachment":[{"href":"https:\/\/www.cinesouk.ma\/fr\/wp-json\/wp\/v2\/media?parent=9886"}],"wp:term":[{"taxonomy":"product_brand","embeddable":true,"href":"https:\/\/www.cinesouk.ma\/fr\/wp-json\/wp\/v2\/product_brand?post=9886"},{"taxonomy":"product_cat","embeddable":true,"href":"https:\/\/www.cinesouk.ma\/fr\/wp-json\/wp\/v2\/product_cat?post=9886"},{"taxonomy":"product_tag","embeddable":true,"href":"https:\/\/www.cinesouk.ma\/fr\/wp-json\/wp\/v2\/product_tag?post=9886"}],"curies":[{"name":"wp","href":"https:\/\/api.w.org\/{rel}","templated":true}]}}