{"id":9897,"date":"2024-12-19T11:02:42","date_gmt":"2024-12-19T11:02:42","guid":{"rendered":"https:\/\/www.cinesouk.ma\/?post_type=product&#038;p=9897"},"modified":"2025-08-22T10:42:03","modified_gmt":"2025-08-22T10:42:03","slug":"tiffen-4-x-4-nd1-5-filter","status":"publish","type":"product","link":"https:\/\/www.cinesouk.ma\/fr\/produit\/tiffen-4-x-4-nd1-5-filter\/","title":{"rendered":"Filtre Tiffen 4 x 4\" ND1.5"},"content":{"rendered":"<p>Le filtre Tiffen 4 x 4\" ND1.5 offre une r\u00e9duction de la lumi\u00e8re de 5 diaphragmes, permettant un contr\u00f4le pr\u00e9cis de l'exposition dans des conditions lumineuses. Il permet aux photographes et aux cin\u00e9astes d'utiliser des ouvertures plus grandes ou des vitesses d'obturation plus lentes pour obtenir des effets cr\u00e9atifs tels qu'une faible profondeur de champ ou des expositions longues. Il est donc particuli\u00e8rement utile pour les sc\u00e8nes tr\u00e8s contrast\u00e9es o\u00f9 une exposition \u00e9quilibr\u00e9e est cruciale.<\/p>\n<p>Fabriqu\u00e9 avec la technologie ColorCore de Tiffen, le filtre ND1.5 garantit une reproduction fid\u00e8le des couleurs et une clart\u00e9 optique exceptionnelle. Il r\u00e9duit la lumi\u00e8re entrante sans alt\u00e9rer l'\u00e9quilibre des couleurs, pr\u00e9servant ainsi les tons naturels de vos s\u00e9quences ou images. Sa conception durable garantit des performances constantes lors des prises de vue professionnelles, que ce soit en studio ou en ext\u00e9rieur.<\/p>\n<p>Son format de 4 x 4 pouces s'adapte aux syst\u00e8mes de matte box standard et s'int\u00e8gre parfaitement aux flux de travail professionnels. Cette compatibilit\u00e9 garantit une facilit\u00e9 d'utilisation et des ajustements rapides au cours de programmes de production exigeants. Qu'il s'agisse de capturer un flou de mouvement fluide dans des cascades ou de contr\u00f4ler les hautes lumi\u00e8res sous le soleil de midi, ce filtre offre une grande flexibilit\u00e9 cr\u00e9ative.<\/p>\n<p>Le filtre ND1.5 de Tiffen permet d'obtenir des r\u00e9sultats professionnels directement dans l'appareil photo, minimisant ainsi le besoin de corrections importantes en post-production. Il permet un contr\u00f4le fiable et coh\u00e9rent de l'exposition, ce qui en fait un outil pr\u00e9cieux pour divers sc\u00e9narios de prise de vue. Ce filtre garantit des images \u00e9quilibr\u00e9es et am\u00e9liore les possibilit\u00e9s cr\u00e9atives sur le plateau.<\/p>\n<p>Louez-le maintenant sur <a href=\"https:\/\/www.cinesouk.ma\/fr\">CINESOUK<\/a> - une marque de <a href=\"https:\/\/www.broadway.ma\/\">BROADWAY PRODUCTIONS SARL.<\/a><\/p>\n<p>&nbsp;<\/p>","protected":false},"excerpt":{"rendered":"<p><strong>Sp\u00e9cifications :<\/strong><\/p>\n<ul>\n<li><strong>Taille :<\/strong> 4 x 4 pouces<\/li>\n<li><strong>R\u00e9duction de la lumi\u00e8re :<\/strong> 5 arr\u00eats (ND1.5)<\/li>\n<li><strong>Mat\u00e9riau :<\/strong> Verre de qualit\u00e9 optique<\/li>\n<li><strong>Technologie :<\/strong> Tiffen ColorCore pour des couleurs et une clart\u00e9 homog\u00e8nes<\/li>\n<li><strong>Compatibilit\u00e9 :<\/strong> Convient \u00e0 la plupart des syst\u00e8mes de bo\u00eetes mattes standard de 4 x 4 pouces<\/li>\n<li><strong>Applications :<\/strong> La photographie \u00e0 longue exposition, le contr\u00f4le des hautes lumi\u00e8res et l'obtention d'une faible profondeur de champ dans des conditions de forte luminosit\u00e9<\/li>\n<\/ul>","protected":false},"featured_media":9924,"template":"","meta":{"om_disable_all_campaigns":false,"_monsterinsights_skip_tracking":false,"_monsterinsights_sitenote_active":false,"_monsterinsights_sitenote_note":"","_monsterinsights_sitenote_category":0,"_uf_show_specific_survey":0,"_uf_disable_surveys":false},"product_brand":[],"product_cat":[133,58],"product_tag":[],"class_list":{"0":"post-9897","1":"product","2":"type-product","3":"status-publish","4":"has-post-thumbnail","6":"product_cat-filters-eventsouk","7":"product_cat-filters-cinesouk","9":"entry","10":"has-media","12":"first","13":"instock","14":"taxable","15":"shipping-taxable","16":"purchasable","17":"product-type-variable","18":"has-product-nav","19":"col","20":"span_1_of_3","21":"owp-content-center","22":"owp-thumbs-layout-horizontal","23":"owp-btn-normal","24":"owp-tabs-layout-horizontal","25":"has-no-thumbnails"},"yoast_head":"<!-- This site is optimized with the Yoast SEO Premium plugin v26.0 (Yoast SEO v26.0) - https:\/\/yoast.com\/wordpress\/plugins\/seo\/ -->\n<title>Tiffen 4 x 4\u201d ND1.5 Filter - CineSouk - For rent<\/title>\n<meta name=\"description\" content=\"Tiffen 4 x 4\u201d ND1.5 Filter: A 5-stop neutral density filter for precise exposure control, enabling creative effects and balanced imaging in bright environments.\" \/>\n<meta name=\"robots\" content=\"index, follow, max-snippet:-1, max-image-preview:large, max-video-preview:-1\" \/>\n<link rel=\"canonical\" href=\"https:\/\/www.cinesouk.ma\/fr\/produit\/tiffen-4-x-4-nd1-5-filter\/\" \/>\n<meta property=\"og:locale\" content=\"fr_FR\" \/>\n<meta property=\"og:type\" content=\"article\" \/>\n<meta property=\"og:title\" content=\"Tiffen 4 x 4\u201d ND1.5 Filter\" \/>\n<meta property=\"og:description\" content=\"Tiffen 4 x 4\u201d ND1.5 Filter: A 5-stop neutral density filter for precise exposure control, enabling creative effects and balanced imaging in bright environments.\" \/>\n<meta property=\"og:url\" content=\"https:\/\/www.cinesouk.ma\/fr\/produit\/tiffen-4-x-4-nd1-5-filter\/\" \/>\n<meta property=\"og:site_name\" content=\"CineSouk\" \/>\n<meta property=\"article:modified_time\" content=\"2025-08-22T10:42:03+00:00\" \/>\n<meta property=\"og:image\" content=\"https:\/\/www.cinesouk.ma\/wp-content\/uploads\/2024\/12\/Tiffen-4\u00d74-ND1.2-Filter.jpg\" \/>\n\t<meta property=\"og:image:width\" content=\"300\" \/>\n\t<meta property=\"og:image:height\" content=\"238\" \/>\n\t<meta property=\"og:image:type\" content=\"image\/jpeg\" \/>\n<meta name=\"twitter:card\" content=\"summary_large_image\" \/>\n<meta name=\"twitter:description\" content=\"Tiffen 4x4\u201d ND1.2 Filter: Professional 4-stop neutral density filter for precise exposure control, ideal for photography and video production.\" \/>\n<meta name=\"twitter:label1\" content=\"Dur\u00e9e de lecture estim\u00e9e\" \/>\n\t<meta name=\"twitter:data1\" content=\"1 minute\" \/>\n<script type=\"application\/ld+json\" class=\"yoast-schema-graph\">{\"@context\":\"https:\/\/schema.org\",\"@graph\":[{\"@type\":\"WebPage\",\"@id\":\"https:\/\/www.cinesouk.ma\/product\/tiffen-4-x-4-nd1-5-filter\/\",\"url\":\"https:\/\/www.cinesouk.ma\/product\/tiffen-4-x-4-nd1-5-filter\/\",\"name\":\"Tiffen 4 x 4\u201d ND1.5 Filter - CineSouk - For rent\",\"isPartOf\":{\"@id\":\"https:\/\/www.cinesouk.ma\/#website\"},\"primaryImageOfPage\":{\"@id\":\"https:\/\/www.cinesouk.ma\/product\/tiffen-4-x-4-nd1-5-filter\/#primaryimage\"},\"image\":{\"@id\":\"https:\/\/www.cinesouk.ma\/product\/tiffen-4-x-4-nd1-5-filter\/#primaryimage\"},\"thumbnailUrl\":\"https:\/\/www.cinesouk.ma\/wp-content\/uploads\/2024\/12\/Tiffen-4\u00d74-ND1.2-Filter.jpg\",\"datePublished\":\"2024-12-19T11:02:42+00:00\",\"dateModified\":\"2025-08-22T10:42:03+00:00\",\"description\":\"Tiffen 4 x 4\u201d ND1.5 Filter: A 5-stop neutral density filter for precise exposure control, enabling creative effects and balanced imaging in bright environments.\",\"breadcrumb\":{\"@id\":\"https:\/\/www.cinesouk.ma\/product\/tiffen-4-x-4-nd1-5-filter\/#breadcrumb\"},\"inLanguage\":\"fr-FR\",\"potentialAction\":[{\"@type\":\"ReadAction\",\"target\":[\"https:\/\/www.cinesouk.ma\/product\/tiffen-4-x-4-nd1-5-filter\/\"]}]},{\"@type\":\"ImageObject\",\"inLanguage\":\"fr-FR\",\"@id\":\"https:\/\/www.cinesouk.ma\/product\/tiffen-4-x-4-nd1-5-filter\/#primaryimage\",\"url\":\"https:\/\/www.cinesouk.ma\/wp-content\/uploads\/2024\/12\/Tiffen-4\u00d74-ND1.2-Filter.jpg\",\"contentUrl\":\"https:\/\/www.cinesouk.ma\/wp-content\/uploads\/2024\/12\/Tiffen-4\u00d74-ND1.2-Filter.jpg\",\"width\":300,\"height\":238,\"caption\":\"Tiffen 4 x 4\u201d Polarizer Filter\"},{\"@type\":\"BreadcrumbList\",\"@id\":\"https:\/\/www.cinesouk.ma\/product\/tiffen-4-x-4-nd1-5-filter\/#breadcrumb\",\"itemListElement\":[{\"@type\":\"ListItem\",\"position\":1,\"name\":\"Home\",\"item\":\"https:\/\/www.cinesouk.ma\/\"},{\"@type\":\"ListItem\",\"position\":2,\"name\":\"Shop\",\"item\":\"https:\/\/www.cinesouk.ma\/shop\/\"},{\"@type\":\"ListItem\",\"position\":3,\"name\":\"Tiffen 4 x 4\u201d ND1.5 Filter\"}]},{\"@type\":\"WebSite\",\"@id\":\"https:\/\/www.cinesouk.ma\/#website\",\"url\":\"https:\/\/www.cinesouk.ma\/\",\"name\":\"CineSouk\",\"description\":\"\",\"publisher\":{\"@id\":\"https:\/\/www.cinesouk.ma\/#organization\"},\"potentialAction\":[{\"@type\":\"SearchAction\",\"target\":{\"@type\":\"EntryPoint\",\"urlTemplate\":\"https:\/\/www.cinesouk.ma\/?s={search_term_string}\"},\"query-input\":{\"@type\":\"PropertyValueSpecification\",\"valueRequired\":true,\"valueName\":\"search_term_string\"}}],\"inLanguage\":\"fr-FR\"},{\"@type\":\"Organization\",\"@id\":\"https:\/\/www.cinesouk.ma\/#organization\",\"name\":\"CineSouk\",\"url\":\"https:\/\/www.cinesouk.ma\/\",\"logo\":{\"@type\":\"ImageObject\",\"inLanguage\":\"fr-FR\",\"@id\":\"https:\/\/www.cinesouk.ma\/#\/schema\/logo\/image\/\",\"url\":\"https:\/\/www.cinesouk.ma\/wp-content\/uploads\/2024\/01\/CineSouk-logo-v01-alpha-alligned-left.png\",\"contentUrl\":\"https:\/\/www.cinesouk.ma\/wp-content\/uploads\/2024\/01\/CineSouk-logo-v01-alpha-alligned-left.png\",\"width\":3204,\"height\":889,\"caption\":\"CineSouk\"},\"image\":{\"@id\":\"https:\/\/www.cinesouk.ma\/#\/schema\/logo\/image\/\"}}]}<\/script>\n<!-- \/ Yoast SEO Premium plugin. -->","yoast_head_json":{"title":"Tiffen 4 x 4\u201d ND1.5 Filter - CineSouk - For rent","description":"Tiffen 4 x 4\u201d ND1.5 Filter: A 5-stop neutral density filter for precise exposure control, enabling creative effects and balanced imaging in bright environments.","robots":{"index":"index","follow":"follow","max-snippet":"max-snippet:-1","max-image-preview":"max-image-preview:large","max-video-preview":"max-video-preview:-1"},"canonical":"https:\/\/www.cinesouk.ma\/fr\/produit\/tiffen-4-x-4-nd1-5-filter\/","og_locale":"fr_FR","og_type":"article","og_title":"Tiffen 4 x 4\u201d ND1.5 Filter","og_description":"Tiffen 4 x 4\u201d ND1.5 Filter: A 5-stop neutral density filter for precise exposure control, enabling creative effects and balanced imaging in bright environments.","og_url":"https:\/\/www.cinesouk.ma\/fr\/produit\/tiffen-4-x-4-nd1-5-filter\/","og_site_name":"CineSouk","article_modified_time":"2025-08-22T10:42:03+00:00","og_image":[{"width":300,"height":238,"url":"https:\/\/www.cinesouk.ma\/wp-content\/uploads\/2024\/12\/Tiffen-4\u00d74-ND1.2-Filter.jpg","type":"image\/jpeg"}],"twitter_card":"summary_large_image","twitter_description":"Tiffen 4x4\u201d ND1.2 Filter: Professional 4-stop neutral density filter for precise exposure control, ideal for photography and video production.","twitter_misc":{"Dur\u00e9e de lecture estim\u00e9e":"1 minute"},"schema":{"@context":"https:\/\/schema.org","@graph":[{"@type":"WebPage","@id":"https:\/\/www.cinesouk.ma\/product\/tiffen-4-x-4-nd1-5-filter\/","url":"https:\/\/www.cinesouk.ma\/product\/tiffen-4-x-4-nd1-5-filter\/","name":"Tiffen 4 x 4\u201d ND1.5 Filter - CineSouk - For rent","isPartOf":{"@id":"https:\/\/www.cinesouk.ma\/#website"},"primaryImageOfPage":{"@id":"https:\/\/www.cinesouk.ma\/product\/tiffen-4-x-4-nd1-5-filter\/#primaryimage"},"image":{"@id":"https:\/\/www.cinesouk.ma\/product\/tiffen-4-x-4-nd1-5-filter\/#primaryimage"},"thumbnailUrl":"https:\/\/www.cinesouk.ma\/wp-content\/uploads\/2024\/12\/Tiffen-4\u00d74-ND1.2-Filter.jpg","datePublished":"2024-12-19T11:02:42+00:00","dateModified":"2025-08-22T10:42:03+00:00","description":"Tiffen 4 x 4\u201d ND1.5 Filter: A 5-stop neutral density filter for precise exposure control, enabling creative effects and balanced imaging in bright environments.","breadcrumb":{"@id":"https:\/\/www.cinesouk.ma\/product\/tiffen-4-x-4-nd1-5-filter\/#breadcrumb"},"inLanguage":"fr-FR","potentialAction":[{"@type":"ReadAction","target":["https:\/\/www.cinesouk.ma\/product\/tiffen-4-x-4-nd1-5-filter\/"]}]},{"@type":"ImageObject","inLanguage":"fr-FR","@id":"https:\/\/www.cinesouk.ma\/product\/tiffen-4-x-4-nd1-5-filter\/#primaryimage","url":"https:\/\/www.cinesouk.ma\/wp-content\/uploads\/2024\/12\/Tiffen-4\u00d74-ND1.2-Filter.jpg","contentUrl":"https:\/\/www.cinesouk.ma\/wp-content\/uploads\/2024\/12\/Tiffen-4\u00d74-ND1.2-Filter.jpg","width":300,"height":238,"caption":"Tiffen 4 x 4\u201d Polarizer Filter"},{"@type":"BreadcrumbList","@id":"https:\/\/www.cinesouk.ma\/product\/tiffen-4-x-4-nd1-5-filter\/#breadcrumb","itemListElement":[{"@type":"ListItem","position":1,"name":"Home","item":"https:\/\/www.cinesouk.ma\/"},{"@type":"ListItem","position":2,"name":"Shop","item":"https:\/\/www.cinesouk.ma\/shop\/"},{"@type":"ListItem","position":3,"name":"Tiffen 4 x 4\u201d ND1.5 Filter"}]},{"@type":"WebSite","@id":"https:\/\/www.cinesouk.ma\/#website","url":"https:\/\/www.cinesouk.ma\/","name":"CineSouk","description":"","publisher":{"@id":"https:\/\/www.cinesouk.ma\/#organization"},"potentialAction":[{"@type":"SearchAction","target":{"@type":"EntryPoint","urlTemplate":"https:\/\/www.cinesouk.ma\/?s={search_term_string}"},"query-input":{"@type":"PropertyValueSpecification","valueRequired":true,"valueName":"search_term_string"}}],"inLanguage":"fr-FR"},{"@type":"Organization","@id":"https:\/\/www.cinesouk.ma\/#organization","name":"CineSouk","url":"https:\/\/www.cinesouk.ma\/","logo":{"@type":"ImageObject","inLanguage":"fr-FR","@id":"https:\/\/www.cinesouk.ma\/#\/schema\/logo\/image\/","url":"https:\/\/www.cinesouk.ma\/wp-content\/uploads\/2024\/01\/CineSouk-logo-v01-alpha-alligned-left.png","contentUrl":"https:\/\/www.cinesouk.ma\/wp-content\/uploads\/2024\/01\/CineSouk-logo-v01-alpha-alligned-left.png","width":3204,"height":889,"caption":"CineSouk"},"image":{"@id":"https:\/\/www.cinesouk.ma\/#\/schema\/logo\/image\/"}}]}},"_links":{"self":[{"href":"https:\/\/www.cinesouk.ma\/fr\/wp-json\/wp\/v2\/product\/9897","targetHints":{"allow":["GET"]}}],"collection":[{"href":"https:\/\/www.cinesouk.ma\/fr\/wp-json\/wp\/v2\/product"}],"about":[{"href":"https:\/\/www.cinesouk.ma\/fr\/wp-json\/wp\/v2\/types\/product"}],"wp:featuredmedia":[{"embeddable":true,"href":"https:\/\/www.cinesouk.ma\/fr\/wp-json\/wp\/v2\/media\/9924"}],"wp:attachment":[{"href":"https:\/\/www.cinesouk.ma\/fr\/wp-json\/wp\/v2\/media?parent=9897"}],"wp:term":[{"taxonomy":"product_brand","embeddable":true,"href":"https:\/\/www.cinesouk.ma\/fr\/wp-json\/wp\/v2\/product_brand?post=9897"},{"taxonomy":"product_cat","embeddable":true,"href":"https:\/\/www.cinesouk.ma\/fr\/wp-json\/wp\/v2\/product_cat?post=9897"},{"taxonomy":"product_tag","embeddable":true,"href":"https:\/\/www.cinesouk.ma\/fr\/wp-json\/wp\/v2\/product_tag?post=9897"}],"curies":[{"name":"wp","href":"https:\/\/api.w.org\/{rel}","templated":true}]}}