{"id":9931,"date":"2024-12-19T13:31:18","date_gmt":"2024-12-19T13:31:18","guid":{"rendered":"https:\/\/www.cinesouk.ma\/?post_type=product&#038;p=9931"},"modified":"2025-08-22T10:34:09","modified_gmt":"2025-08-22T10:34:09","slug":"smallrig-cine-4-x-5-65-nd2-1-filter","status":"publish","type":"product","link":"https:\/\/www.cinesouk.ma\/fr\/produit\/smallrig-cine-4-x-5-65-nd2-1-filter\/","title":{"rendered":"Filtre SmallRig Cine 4 x 5.65\u2033 ND2.1"},"content":{"rendered":"<p>Le filtre SmallRig Cine 4 x 5,65\u2033 ND2.1 permet un contr\u00f4le pr\u00e9cis de l'exposition pour les directeurs de la photographie et les photographes travaillant dans des conditions lumineuses. Avec une r\u00e9duction de la lumi\u00e8re de 7 niveaux (ND2.1), il permet des ouvertures plus larges et des vitesses d'obturation plus lentes, ce qui permet des effets cr\u00e9atifs tels que la faible profondeur de champ et le flou de mouvement. Il est donc id\u00e9al pour obtenir des images cin\u00e9matographiques, m\u00eame dans des conditions d'\u00e9clairage difficiles.<\/p>\n<p>Fabriqu\u00e9 en verre optique de haute qualit\u00e9, le filtre ND2.1 offre une excellente clart\u00e9, une reproduction pr\u00e9cise des couleurs et des distorsions minimales. De plus, sa construction robuste garantit sa durabilit\u00e9, ce qui le rend fiable pour les flux de travail professionnels. En outre, la taille de 4 x 5,65 pouces du filtre s'adapte parfaitement aux bo\u00eetes de matte standard de l'industrie, ce qui permet une int\u00e9gration facile dans n'importe quelle configuration de production.<\/p>\n<p>Les rev\u00eatements avanc\u00e9s de la surface du filtre r\u00e9duisent les reflets et pr\u00e9servent une qualit\u00e9 d'image constante. Par cons\u00e9quent, vos s\u00e9quences conservent leur aspect naturel et \u00e9vitent les corrections inutiles en post-production. Qu'il s'agisse de films narratifs, de publicit\u00e9s ou de documentaires, ce filtre am\u00e9liore la flexibilit\u00e9 cr\u00e9ative en permettant un contr\u00f4le pr\u00e9cis de l'exposition directement sur le plateau.<\/p>\n<p>En fin de compte, le filtre SmallRig Cine ND2.1 est un outil essentiel pour les professionnels qui exigent des images de haute qualit\u00e9 et des performances fiables. En outre, il simplifie les r\u00e9glages de l'exposition tout en pr\u00e9servant l'int\u00e9grit\u00e9 et la coh\u00e9rence de vos images, ce qui le rend inestimable pour les tournages en studio et en ext\u00e9rieur.<\/p>\n<p>Louez-le maintenant sur <a href=\"https:\/\/www.cinesouk.ma\/fr\">CINESOUK<\/a> - une marque de <a href=\"https:\/\/www.broadway.ma\/\">BROADWAY PRODUCTIONS SARL.<\/a><\/p>","protected":false},"excerpt":{"rendered":"<p><strong>Sp\u00e9cifications :<\/strong><\/p>\n<div class=\"group\/conversation-turn relative flex w-full min-w-0 flex-col agent-turn\">\n<div class=\"flex-col gap-1 md:gap-3\">\n<div class=\"flex max-w-full flex-col flex-grow\">\n<div class=\"min-h-8 text-message flex w-full flex-col items-end gap-2 whitespace-normal break-words [.text-message+&amp;]:mt-5\" dir=\"auto\" data-message-author-role=\"assistant\" data-message-id=\"e18a99b3-cf7b-4ecd-bc21-990f899c3de7\" data-message-model-slug=\"gpt-4o\">\n<div class=\"flex w-full flex-col gap-1 empty:hidden first:pt-[3px]\">\n<div class=\"markdown prose w-full break-words dark:prose-invert light\">\n<ul>\n<li><strong>Taille :<\/strong> 4 x 5.65 pouces<\/li>\n<li><strong>R\u00e9duction de la lumi\u00e8re :<\/strong> 7 arr\u00eats (ND2.1)<\/li>\n<li><strong>Mat\u00e9riau :<\/strong> Verre optique de haute qualit\u00e9<\/li>\n<li><strong>Compatibilit\u00e9 :<\/strong> Convient aux syst\u00e8mes de bo\u00eetes mattes standard de 4 x 5,65 pouces<\/li>\n<li><strong>Applications :<\/strong> Longs m\u00e9trages, publicit\u00e9s, documentaires et photographies n\u00e9cessitant une exposition contr\u00f4l\u00e9e et des effets cr\u00e9atifs<\/li>\n<\/ul>\n<\/div>\n<\/div>\n<\/div>\n<\/div>\n<\/div>\n<\/div>","protected":false},"featured_media":9942,"template":"","meta":{"om_disable_all_campaigns":false,"_monsterinsights_skip_tracking":false,"_monsterinsights_sitenote_active":false,"_monsterinsights_sitenote_note":"","_monsterinsights_sitenote_category":0,"_uf_show_specific_survey":0,"_uf_disable_surveys":false},"product_brand":[],"product_cat":[133,58],"product_tag":[],"class_list":{"0":"post-9931","1":"product","2":"type-product","3":"status-publish","4":"has-post-thumbnail","6":"product_cat-filters-eventsouk","7":"product_cat-filters-cinesouk","9":"entry","10":"has-media","12":"first","13":"instock","14":"taxable","15":"shipping-taxable","16":"purchasable","17":"product-type-variable","18":"has-product-nav","19":"col","20":"span_1_of_3","21":"owp-content-center","22":"owp-thumbs-layout-horizontal","23":"owp-btn-normal","24":"owp-tabs-layout-horizontal","25":"has-no-thumbnails"},"yoast_head":"<!-- This site is optimized with the Yoast SEO Premium plugin v26.0 (Yoast SEO v26.0) - https:\/\/yoast.com\/wordpress\/plugins\/seo\/ -->\n<title>SmallRig Cine 4 x 5.65&quot; ND2.1 Filter - CineSouk - For rent<\/title>\n<meta name=\"description\" content=\"SmallRig Cine 4 x 5.65&quot; ND2.1 Filter: A 7-stop neutral density filter for precise exposure control, ideal for professional filmmaking and high-level photography.\" \/>\n<meta name=\"robots\" content=\"index, follow, max-snippet:-1, max-image-preview:large, max-video-preview:-1\" \/>\n<link rel=\"canonical\" href=\"https:\/\/www.cinesouk.ma\/fr\/produit\/smallrig-cine-4-x-5-65-nd2-1-filter\/\" \/>\n<meta property=\"og:locale\" content=\"fr_FR\" \/>\n<meta property=\"og:type\" content=\"article\" \/>\n<meta property=\"og:title\" content=\"SmallRig Cine 4 x 5.65&quot; ND2.1 Filter\" \/>\n<meta property=\"og:description\" content=\"SmallRig Cine 4 x 5.65&quot; ND2.1 Filter: A 7-stop neutral density filter for precise exposure control, ideal for professional filmmaking and high-level photography.\" \/>\n<meta property=\"og:url\" content=\"https:\/\/www.cinesouk.ma\/fr\/produit\/smallrig-cine-4-x-5-65-nd2-1-filter\/\" \/>\n<meta property=\"og:site_name\" content=\"CineSouk\" \/>\n<meta property=\"article:modified_time\" content=\"2025-08-22T10:34:09+00:00\" \/>\n<meta property=\"og:image\" content=\"https:\/\/www.cinesouk.ma\/wp-content\/uploads\/2024\/12\/SmallRig-Cine-4-x-5.6522-ND2.1-Filter.jpg\" \/>\n\t<meta property=\"og:image:width\" content=\"300\" \/>\n\t<meta property=\"og:image:height\" content=\"238\" \/>\n\t<meta property=\"og:image:type\" content=\"image\/jpeg\" \/>\n<meta name=\"twitter:card\" content=\"summary_large_image\" \/>\n<meta name=\"twitter:description\" content=\"Tiffen 4x4\u201d ND2.0 Filter: Professional 10-stop neutral density filter for precise exposure control, perfect for video production and photography.\" \/>\n<meta name=\"twitter:label1\" content=\"Dur\u00e9e de lecture estim\u00e9e\" \/>\n\t<meta name=\"twitter:data1\" content=\"2 minutes\" \/>\n<script type=\"application\/ld+json\" class=\"yoast-schema-graph\">{\"@context\":\"https:\/\/schema.org\",\"@graph\":[{\"@type\":\"WebPage\",\"@id\":\"https:\/\/www.cinesouk.ma\/product\/smallrig-cine-4-x-5-65-nd2-1-filter\/\",\"url\":\"https:\/\/www.cinesouk.ma\/product\/smallrig-cine-4-x-5-65-nd2-1-filter\/\",\"name\":\"SmallRig Cine 4 x 5.65\\\" ND2.1 Filter - CineSouk - For rent\",\"isPartOf\":{\"@id\":\"https:\/\/www.cinesouk.ma\/#website\"},\"primaryImageOfPage\":{\"@id\":\"https:\/\/www.cinesouk.ma\/product\/smallrig-cine-4-x-5-65-nd2-1-filter\/#primaryimage\"},\"image\":{\"@id\":\"https:\/\/www.cinesouk.ma\/product\/smallrig-cine-4-x-5-65-nd2-1-filter\/#primaryimage\"},\"thumbnailUrl\":\"https:\/\/www.cinesouk.ma\/wp-content\/uploads\/2024\/12\/SmallRig-Cine-4-x-5.6522-ND2.1-Filter.jpg\",\"datePublished\":\"2024-12-19T13:31:18+00:00\",\"dateModified\":\"2025-08-22T10:34:09+00:00\",\"description\":\"SmallRig Cine 4 x 5.65\\\" ND2.1 Filter: A 7-stop neutral density filter for precise exposure control, ideal for professional filmmaking and high-level photography.\",\"breadcrumb\":{\"@id\":\"https:\/\/www.cinesouk.ma\/product\/smallrig-cine-4-x-5-65-nd2-1-filter\/#breadcrumb\"},\"inLanguage\":\"fr-FR\",\"potentialAction\":[{\"@type\":\"ReadAction\",\"target\":[\"https:\/\/www.cinesouk.ma\/product\/smallrig-cine-4-x-5-65-nd2-1-filter\/\"]}]},{\"@type\":\"ImageObject\",\"inLanguage\":\"fr-FR\",\"@id\":\"https:\/\/www.cinesouk.ma\/product\/smallrig-cine-4-x-5-65-nd2-1-filter\/#primaryimage\",\"url\":\"https:\/\/www.cinesouk.ma\/wp-content\/uploads\/2024\/12\/SmallRig-Cine-4-x-5.6522-ND2.1-Filter.jpg\",\"contentUrl\":\"https:\/\/www.cinesouk.ma\/wp-content\/uploads\/2024\/12\/SmallRig-Cine-4-x-5.6522-ND2.1-Filter.jpg\",\"width\":300,\"height\":238},{\"@type\":\"BreadcrumbList\",\"@id\":\"https:\/\/www.cinesouk.ma\/product\/smallrig-cine-4-x-5-65-nd2-1-filter\/#breadcrumb\",\"itemListElement\":[{\"@type\":\"ListItem\",\"position\":1,\"name\":\"Home\",\"item\":\"https:\/\/www.cinesouk.ma\/\"},{\"@type\":\"ListItem\",\"position\":2,\"name\":\"Shop\",\"item\":\"https:\/\/www.cinesouk.ma\/shop\/\"},{\"@type\":\"ListItem\",\"position\":3,\"name\":\"SmallRig Cine 4 x 5.65&#8243; ND2.1 Filter\"}]},{\"@type\":\"WebSite\",\"@id\":\"https:\/\/www.cinesouk.ma\/#website\",\"url\":\"https:\/\/www.cinesouk.ma\/\",\"name\":\"CineSouk\",\"description\":\"\",\"publisher\":{\"@id\":\"https:\/\/www.cinesouk.ma\/#organization\"},\"potentialAction\":[{\"@type\":\"SearchAction\",\"target\":{\"@type\":\"EntryPoint\",\"urlTemplate\":\"https:\/\/www.cinesouk.ma\/?s={search_term_string}\"},\"query-input\":{\"@type\":\"PropertyValueSpecification\",\"valueRequired\":true,\"valueName\":\"search_term_string\"}}],\"inLanguage\":\"fr-FR\"},{\"@type\":\"Organization\",\"@id\":\"https:\/\/www.cinesouk.ma\/#organization\",\"name\":\"CineSouk\",\"url\":\"https:\/\/www.cinesouk.ma\/\",\"logo\":{\"@type\":\"ImageObject\",\"inLanguage\":\"fr-FR\",\"@id\":\"https:\/\/www.cinesouk.ma\/#\/schema\/logo\/image\/\",\"url\":\"https:\/\/www.cinesouk.ma\/wp-content\/uploads\/2024\/01\/CineSouk-logo-v01-alpha-alligned-left.png\",\"contentUrl\":\"https:\/\/www.cinesouk.ma\/wp-content\/uploads\/2024\/01\/CineSouk-logo-v01-alpha-alligned-left.png\",\"width\":3204,\"height\":889,\"caption\":\"CineSouk\"},\"image\":{\"@id\":\"https:\/\/www.cinesouk.ma\/#\/schema\/logo\/image\/\"}}]}<\/script>\n<!-- \/ Yoast SEO Premium plugin. -->","yoast_head_json":{"title":"SmallRig Cine 4 x 5.65\" ND2.1 Filter - CineSouk - For rent","description":"SmallRig Cine 4 x 5.65\" ND2.1 Filter: A 7-stop neutral density filter for precise exposure control, ideal for professional filmmaking and high-level photography.","robots":{"index":"index","follow":"follow","max-snippet":"max-snippet:-1","max-image-preview":"max-image-preview:large","max-video-preview":"max-video-preview:-1"},"canonical":"https:\/\/www.cinesouk.ma\/fr\/produit\/smallrig-cine-4-x-5-65-nd2-1-filter\/","og_locale":"fr_FR","og_type":"article","og_title":"SmallRig Cine 4 x 5.65\" ND2.1 Filter","og_description":"SmallRig Cine 4 x 5.65\" ND2.1 Filter: A 7-stop neutral density filter for precise exposure control, ideal for professional filmmaking and high-level photography.","og_url":"https:\/\/www.cinesouk.ma\/fr\/produit\/smallrig-cine-4-x-5-65-nd2-1-filter\/","og_site_name":"CineSouk","article_modified_time":"2025-08-22T10:34:09+00:00","og_image":[{"width":300,"height":238,"url":"https:\/\/www.cinesouk.ma\/wp-content\/uploads\/2024\/12\/SmallRig-Cine-4-x-5.6522-ND2.1-Filter.jpg","type":"image\/jpeg"}],"twitter_card":"summary_large_image","twitter_description":"Tiffen 4x4\u201d ND2.0 Filter: Professional 10-stop neutral density filter for precise exposure control, perfect for video production and photography.","twitter_misc":{"Dur\u00e9e de lecture estim\u00e9e":"2 minutes"},"schema":{"@context":"https:\/\/schema.org","@graph":[{"@type":"WebPage","@id":"https:\/\/www.cinesouk.ma\/product\/smallrig-cine-4-x-5-65-nd2-1-filter\/","url":"https:\/\/www.cinesouk.ma\/product\/smallrig-cine-4-x-5-65-nd2-1-filter\/","name":"SmallRig Cine 4 x 5.65\" ND2.1 Filter - CineSouk - For rent","isPartOf":{"@id":"https:\/\/www.cinesouk.ma\/#website"},"primaryImageOfPage":{"@id":"https:\/\/www.cinesouk.ma\/product\/smallrig-cine-4-x-5-65-nd2-1-filter\/#primaryimage"},"image":{"@id":"https:\/\/www.cinesouk.ma\/product\/smallrig-cine-4-x-5-65-nd2-1-filter\/#primaryimage"},"thumbnailUrl":"https:\/\/www.cinesouk.ma\/wp-content\/uploads\/2024\/12\/SmallRig-Cine-4-x-5.6522-ND2.1-Filter.jpg","datePublished":"2024-12-19T13:31:18+00:00","dateModified":"2025-08-22T10:34:09+00:00","description":"SmallRig Cine 4 x 5.65\" ND2.1 Filter: A 7-stop neutral density filter for precise exposure control, ideal for professional filmmaking and high-level photography.","breadcrumb":{"@id":"https:\/\/www.cinesouk.ma\/product\/smallrig-cine-4-x-5-65-nd2-1-filter\/#breadcrumb"},"inLanguage":"fr-FR","potentialAction":[{"@type":"ReadAction","target":["https:\/\/www.cinesouk.ma\/product\/smallrig-cine-4-x-5-65-nd2-1-filter\/"]}]},{"@type":"ImageObject","inLanguage":"fr-FR","@id":"https:\/\/www.cinesouk.ma\/product\/smallrig-cine-4-x-5-65-nd2-1-filter\/#primaryimage","url":"https:\/\/www.cinesouk.ma\/wp-content\/uploads\/2024\/12\/SmallRig-Cine-4-x-5.6522-ND2.1-Filter.jpg","contentUrl":"https:\/\/www.cinesouk.ma\/wp-content\/uploads\/2024\/12\/SmallRig-Cine-4-x-5.6522-ND2.1-Filter.jpg","width":300,"height":238},{"@type":"BreadcrumbList","@id":"https:\/\/www.cinesouk.ma\/product\/smallrig-cine-4-x-5-65-nd2-1-filter\/#breadcrumb","itemListElement":[{"@type":"ListItem","position":1,"name":"Home","item":"https:\/\/www.cinesouk.ma\/"},{"@type":"ListItem","position":2,"name":"Shop","item":"https:\/\/www.cinesouk.ma\/shop\/"},{"@type":"ListItem","position":3,"name":"SmallRig Cine 4 x 5.65&#8243; ND2.1 Filter"}]},{"@type":"WebSite","@id":"https:\/\/www.cinesouk.ma\/#website","url":"https:\/\/www.cinesouk.ma\/","name":"CineSouk","description":"","publisher":{"@id":"https:\/\/www.cinesouk.ma\/#organization"},"potentialAction":[{"@type":"SearchAction","target":{"@type":"EntryPoint","urlTemplate":"https:\/\/www.cinesouk.ma\/?s={search_term_string}"},"query-input":{"@type":"PropertyValueSpecification","valueRequired":true,"valueName":"search_term_string"}}],"inLanguage":"fr-FR"},{"@type":"Organization","@id":"https:\/\/www.cinesouk.ma\/#organization","name":"CineSouk","url":"https:\/\/www.cinesouk.ma\/","logo":{"@type":"ImageObject","inLanguage":"fr-FR","@id":"https:\/\/www.cinesouk.ma\/#\/schema\/logo\/image\/","url":"https:\/\/www.cinesouk.ma\/wp-content\/uploads\/2024\/01\/CineSouk-logo-v01-alpha-alligned-left.png","contentUrl":"https:\/\/www.cinesouk.ma\/wp-content\/uploads\/2024\/01\/CineSouk-logo-v01-alpha-alligned-left.png","width":3204,"height":889,"caption":"CineSouk"},"image":{"@id":"https:\/\/www.cinesouk.ma\/#\/schema\/logo\/image\/"}}]}},"_links":{"self":[{"href":"https:\/\/www.cinesouk.ma\/fr\/wp-json\/wp\/v2\/product\/9931","targetHints":{"allow":["GET"]}}],"collection":[{"href":"https:\/\/www.cinesouk.ma\/fr\/wp-json\/wp\/v2\/product"}],"about":[{"href":"https:\/\/www.cinesouk.ma\/fr\/wp-json\/wp\/v2\/types\/product"}],"wp:featuredmedia":[{"embeddable":true,"href":"https:\/\/www.cinesouk.ma\/fr\/wp-json\/wp\/v2\/media\/9942"}],"wp:attachment":[{"href":"https:\/\/www.cinesouk.ma\/fr\/wp-json\/wp\/v2\/media?parent=9931"}],"wp:term":[{"taxonomy":"product_brand","embeddable":true,"href":"https:\/\/www.cinesouk.ma\/fr\/wp-json\/wp\/v2\/product_brand?post=9931"},{"taxonomy":"product_cat","embeddable":true,"href":"https:\/\/www.cinesouk.ma\/fr\/wp-json\/wp\/v2\/product_cat?post=9931"},{"taxonomy":"product_tag","embeddable":true,"href":"https:\/\/www.cinesouk.ma\/fr\/wp-json\/wp\/v2\/product_tag?post=9931"}],"curies":[{"name":"wp","href":"https:\/\/api.w.org\/{rel}","templated":true}]}}