{"id":9955,"date":"2024-12-19T13:38:02","date_gmt":"2024-12-19T13:38:02","guid":{"rendered":"https:\/\/www.cinesouk.ma\/?post_type=product&#038;p=9955"},"modified":"2025-08-22T10:34:07","modified_gmt":"2025-08-22T10:34:07","slug":"smallrig-cine-4-x-5-65-nd1-5-filter","status":"publish","type":"product","link":"https:\/\/www.cinesouk.ma\/fr\/produit\/smallrig-cine-4-x-5-65-nd1-5-filter\/","title":{"rendered":"Filtre SmallRig Cine 4 x 5.65\u2033 ND1.5"},"content":{"rendered":"<p>Le filtre SmallRig Cine 4 x 5,65\u2033 ND1.5 offre aux cin\u00e9astes et aux photographes un contr\u00f4le pr\u00e9cis de l'exposition dans les environnements de tournage lumineux. Sa r\u00e9duction de lumi\u00e8re de 5 niveaux (ND1.5) permet une profondeur de champ plus faible, des vitesses d'obturation plus longues ou une exposition coh\u00e9rente sous un \u00e9clairage intense. Cela garantit une flexibilit\u00e9 cr\u00e9ative sans sacrifier la pr\u00e9cision des couleurs ou la qualit\u00e9 de l'image.<\/p>\n<p>La construction en verre optique de haute qualit\u00e9 offre une grande nettet\u00e9, une reproduction pr\u00e9cise des couleurs et une distorsion minimale. Sa conception robuste garantit sa fiabilit\u00e9 dans des conditions difficiles, ce qui le rend id\u00e9al pour une utilisation professionnelle. En outre, la taille de 4 x 5,65 pouces du filtre s'adapte parfaitement aux bo\u00eetes de matte de cin\u00e9ma standard, s'int\u00e9grant facilement dans les diff\u00e9rents flux de production.<\/p>\n<p>En r\u00e9duisant la lumi\u00e8re qui atteint le capteur de l'appareil photo, le filtre ND1.5 vous permet d'obtenir des visuels cr\u00e9atifs directement dans l'appareil photo. Vous pouvez capturer des plans dynamiques, am\u00e9liorer le flou de mouvement ou \u00e9quilibrer les expositions sans compromettre l'int\u00e9grit\u00e9 de votre s\u00e9quence. Ce filtre est particuli\u00e8rement utile pour les films narratifs, les publicit\u00e9s et les documentaires, o\u00f9 un contr\u00f4le pr\u00e9cis est essentiel.<\/p>\n<p>L'int\u00e9gration du filtre SmallRig Cine ND1.5 dans votre bo\u00eete \u00e0 outils vous permet d'obtenir des r\u00e9sultats professionnels sur le plateau. Il minimise le recours aux ajustements de post-production, ce qui permet de gagner du temps tout en pr\u00e9servant la qualit\u00e9 originale de votre travail. Ce filtre fournit les outils dont vous avez besoin pour cr\u00e9er des images frappantes et \u00e9quilibr\u00e9es dans n'importe quel sc\u00e9nario d'\u00e9clairage.<\/p>\n<p>Louez-le maintenant sur <a href=\"https:\/\/www.cinesouk.ma\/fr\">CINESOUK<\/a> - une marque de <a href=\"https:\/\/www.broadway.ma\/\">BROADWAY PRODUCTIONS SARL.<\/a><\/p>","protected":false},"excerpt":{"rendered":"<p><strong>Sp\u00e9cifications :<\/strong><\/p>\n<div class=\"group\/conversation-turn relative flex w-full min-w-0 flex-col agent-turn\">\n<div class=\"flex-col gap-1 md:gap-3\">\n<div class=\"flex max-w-full flex-col flex-grow\">\n<div class=\"min-h-8 text-message flex w-full flex-col items-end gap-2 whitespace-normal break-words [.text-message+&amp;]:mt-5\" dir=\"auto\" data-message-author-role=\"assistant\" data-message-id=\"e18a99b3-cf7b-4ecd-bc21-990f899c3de7\" data-message-model-slug=\"gpt-4o\">\n<div class=\"flex w-full flex-col gap-1 empty:hidden first:pt-[3px]\">\n<div class=\"markdown prose w-full break-words dark:prose-invert light\">\n<ul>\n<li><strong>Taille :<\/strong> 4 x 5.65 pouces<\/li>\n<li><strong>R\u00e9duction de la lumi\u00e8re :<\/strong> 5 arr\u00eats (ND1.5)<\/li>\n<li><strong>Mat\u00e9riau :<\/strong> Verre optique de haute qualit\u00e9<\/li>\n<li><strong>Compatibilit\u00e9 :<\/strong> Convient aux syst\u00e8mes de bo\u00eetes mattes standard de 4 x 5,65 pouces<\/li>\n<li><strong>Applications :<\/strong> Id\u00e9al pour les films narratifs, les publicit\u00e9s, les documentaires et la photographie cr\u00e9ative dans des environnements lumineux.<\/li>\n<\/ul>\n<\/div>\n<\/div>\n<\/div>\n<\/div>\n<\/div>\n<\/div>","protected":false},"featured_media":9966,"template":"","meta":{"om_disable_all_campaigns":false,"_monsterinsights_skip_tracking":false,"_monsterinsights_sitenote_active":false,"_monsterinsights_sitenote_note":"","_monsterinsights_sitenote_category":0,"_uf_show_specific_survey":0,"_uf_disable_surveys":false},"product_brand":[],"product_cat":[133,58],"product_tag":[],"class_list":{"0":"post-9955","1":"product","2":"type-product","3":"status-publish","4":"has-post-thumbnail","6":"product_cat-filters-eventsouk","7":"product_cat-filters-cinesouk","9":"entry","10":"has-media","12":"first","13":"instock","14":"taxable","15":"shipping-taxable","16":"purchasable","17":"product-type-variable","18":"has-product-nav","19":"col","20":"span_1_of_3","21":"owp-content-center","22":"owp-thumbs-layout-horizontal","23":"owp-btn-normal","24":"owp-tabs-layout-horizontal","25":"has-no-thumbnails"},"yoast_head":"<!-- This site is optimized with the Yoast SEO Premium plugin v26.0 (Yoast SEO v26.0) - https:\/\/yoast.com\/wordpress\/plugins\/seo\/ -->\n<title>SmallRig Cine 4 x 5.65&quot; ND1.5 Filter - CineSouk - For rent<\/title>\n<meta name=\"description\" content=\"SmallRig Cine 4 x 5.65&quot; ND1.5 Filter: A 5-stop neutral density filter providing precise exposure control and enhanced creative flexibility for professional productions.\" \/>\n<meta name=\"robots\" content=\"index, follow, max-snippet:-1, max-image-preview:large, max-video-preview:-1\" \/>\n<link rel=\"canonical\" href=\"https:\/\/www.cinesouk.ma\/fr\/produit\/smallrig-cine-4-x-5-65-nd1-5-filter\/\" \/>\n<meta property=\"og:locale\" content=\"fr_FR\" \/>\n<meta property=\"og:type\" content=\"article\" \/>\n<meta property=\"og:title\" content=\"SmallRig Cine 4 x 5.65&quot; ND1.5 Filter\" \/>\n<meta property=\"og:description\" content=\"SmallRig Cine 4 x 5.65&quot; ND1.5 Filter: A 5-stop neutral density filter providing precise exposure control and enhanced creative flexibility for professional productions.\" \/>\n<meta property=\"og:url\" content=\"https:\/\/www.cinesouk.ma\/fr\/produit\/smallrig-cine-4-x-5-65-nd1-5-filter\/\" \/>\n<meta property=\"og:site_name\" content=\"CineSouk\" \/>\n<meta property=\"article:modified_time\" content=\"2025-08-22T10:34:07+00:00\" \/>\n<meta property=\"og:image\" content=\"https:\/\/www.cinesouk.ma\/wp-content\/uploads\/2024\/12\/SmallRig-Cine-4-x-5.6522-ND1.5-Filter.jpg\" \/>\n\t<meta property=\"og:image:width\" content=\"300\" \/>\n\t<meta property=\"og:image:height\" content=\"238\" \/>\n\t<meta property=\"og:image:type\" content=\"image\/jpeg\" \/>\n<meta name=\"twitter:card\" content=\"summary_large_image\" \/>\n<meta name=\"twitter:description\" content=\"Tiffen 4x4\u201d ND2.0 Filter: Professional 10-stop neutral density filter for precise exposure control, perfect for video production and photography.\" \/>\n<meta name=\"twitter:label1\" content=\"Dur\u00e9e de lecture estim\u00e9e\" \/>\n\t<meta name=\"twitter:data1\" content=\"1 minute\" \/>\n<script type=\"application\/ld+json\" class=\"yoast-schema-graph\">{\"@context\":\"https:\/\/schema.org\",\"@graph\":[{\"@type\":\"WebPage\",\"@id\":\"https:\/\/www.cinesouk.ma\/product\/smallrig-cine-4-x-5-65-nd1-5-filter\/\",\"url\":\"https:\/\/www.cinesouk.ma\/product\/smallrig-cine-4-x-5-65-nd1-5-filter\/\",\"name\":\"SmallRig Cine 4 x 5.65\\\" ND1.5 Filter - CineSouk - For rent\",\"isPartOf\":{\"@id\":\"https:\/\/www.cinesouk.ma\/#website\"},\"primaryImageOfPage\":{\"@id\":\"https:\/\/www.cinesouk.ma\/product\/smallrig-cine-4-x-5-65-nd1-5-filter\/#primaryimage\"},\"image\":{\"@id\":\"https:\/\/www.cinesouk.ma\/product\/smallrig-cine-4-x-5-65-nd1-5-filter\/#primaryimage\"},\"thumbnailUrl\":\"https:\/\/www.cinesouk.ma\/wp-content\/uploads\/2024\/12\/SmallRig-Cine-4-x-5.6522-ND1.5-Filter.jpg\",\"datePublished\":\"2024-12-19T13:38:02+00:00\",\"dateModified\":\"2025-08-22T10:34:07+00:00\",\"description\":\"SmallRig Cine 4 x 5.65\\\" ND1.5 Filter: A 5-stop neutral density filter providing precise exposure control and enhanced creative flexibility for professional productions.\",\"breadcrumb\":{\"@id\":\"https:\/\/www.cinesouk.ma\/product\/smallrig-cine-4-x-5-65-nd1-5-filter\/#breadcrumb\"},\"inLanguage\":\"fr-FR\",\"potentialAction\":[{\"@type\":\"ReadAction\",\"target\":[\"https:\/\/www.cinesouk.ma\/product\/smallrig-cine-4-x-5-65-nd1-5-filter\/\"]}]},{\"@type\":\"ImageObject\",\"inLanguage\":\"fr-FR\",\"@id\":\"https:\/\/www.cinesouk.ma\/product\/smallrig-cine-4-x-5-65-nd1-5-filter\/#primaryimage\",\"url\":\"https:\/\/www.cinesouk.ma\/wp-content\/uploads\/2024\/12\/SmallRig-Cine-4-x-5.6522-ND1.5-Filter.jpg\",\"contentUrl\":\"https:\/\/www.cinesouk.ma\/wp-content\/uploads\/2024\/12\/SmallRig-Cine-4-x-5.6522-ND1.5-Filter.jpg\",\"width\":300,\"height\":238},{\"@type\":\"BreadcrumbList\",\"@id\":\"https:\/\/www.cinesouk.ma\/product\/smallrig-cine-4-x-5-65-nd1-5-filter\/#breadcrumb\",\"itemListElement\":[{\"@type\":\"ListItem\",\"position\":1,\"name\":\"Home\",\"item\":\"https:\/\/www.cinesouk.ma\/\"},{\"@type\":\"ListItem\",\"position\":2,\"name\":\"Shop\",\"item\":\"https:\/\/www.cinesouk.ma\/shop\/\"},{\"@type\":\"ListItem\",\"position\":3,\"name\":\"SmallRig Cine 4 x 5.65&#8243; ND1.5 Filter\"}]},{\"@type\":\"WebSite\",\"@id\":\"https:\/\/www.cinesouk.ma\/#website\",\"url\":\"https:\/\/www.cinesouk.ma\/\",\"name\":\"CineSouk\",\"description\":\"\",\"publisher\":{\"@id\":\"https:\/\/www.cinesouk.ma\/#organization\"},\"potentialAction\":[{\"@type\":\"SearchAction\",\"target\":{\"@type\":\"EntryPoint\",\"urlTemplate\":\"https:\/\/www.cinesouk.ma\/?s={search_term_string}\"},\"query-input\":{\"@type\":\"PropertyValueSpecification\",\"valueRequired\":true,\"valueName\":\"search_term_string\"}}],\"inLanguage\":\"fr-FR\"},{\"@type\":\"Organization\",\"@id\":\"https:\/\/www.cinesouk.ma\/#organization\",\"name\":\"CineSouk\",\"url\":\"https:\/\/www.cinesouk.ma\/\",\"logo\":{\"@type\":\"ImageObject\",\"inLanguage\":\"fr-FR\",\"@id\":\"https:\/\/www.cinesouk.ma\/#\/schema\/logo\/image\/\",\"url\":\"https:\/\/www.cinesouk.ma\/wp-content\/uploads\/2024\/01\/CineSouk-logo-v01-alpha-alligned-left.png\",\"contentUrl\":\"https:\/\/www.cinesouk.ma\/wp-content\/uploads\/2024\/01\/CineSouk-logo-v01-alpha-alligned-left.png\",\"width\":3204,\"height\":889,\"caption\":\"CineSouk\"},\"image\":{\"@id\":\"https:\/\/www.cinesouk.ma\/#\/schema\/logo\/image\/\"}}]}<\/script>\n<!-- \/ Yoast SEO Premium plugin. -->","yoast_head_json":{"title":"SmallRig Cine 4 x 5.65\" ND1.5 Filter - CineSouk - For rent","description":"SmallRig Cine 4 x 5.65\" ND1.5 Filter: A 5-stop neutral density filter providing precise exposure control and enhanced creative flexibility for professional productions.","robots":{"index":"index","follow":"follow","max-snippet":"max-snippet:-1","max-image-preview":"max-image-preview:large","max-video-preview":"max-video-preview:-1"},"canonical":"https:\/\/www.cinesouk.ma\/fr\/produit\/smallrig-cine-4-x-5-65-nd1-5-filter\/","og_locale":"fr_FR","og_type":"article","og_title":"SmallRig Cine 4 x 5.65\" ND1.5 Filter","og_description":"SmallRig Cine 4 x 5.65\" ND1.5 Filter: A 5-stop neutral density filter providing precise exposure control and enhanced creative flexibility for professional productions.","og_url":"https:\/\/www.cinesouk.ma\/fr\/produit\/smallrig-cine-4-x-5-65-nd1-5-filter\/","og_site_name":"CineSouk","article_modified_time":"2025-08-22T10:34:07+00:00","og_image":[{"width":300,"height":238,"url":"https:\/\/www.cinesouk.ma\/wp-content\/uploads\/2024\/12\/SmallRig-Cine-4-x-5.6522-ND1.5-Filter.jpg","type":"image\/jpeg"}],"twitter_card":"summary_large_image","twitter_description":"Tiffen 4x4\u201d ND2.0 Filter: Professional 10-stop neutral density filter for precise exposure control, perfect for video production and photography.","twitter_misc":{"Dur\u00e9e de lecture estim\u00e9e":"1 minute"},"schema":{"@context":"https:\/\/schema.org","@graph":[{"@type":"WebPage","@id":"https:\/\/www.cinesouk.ma\/product\/smallrig-cine-4-x-5-65-nd1-5-filter\/","url":"https:\/\/www.cinesouk.ma\/product\/smallrig-cine-4-x-5-65-nd1-5-filter\/","name":"SmallRig Cine 4 x 5.65\" ND1.5 Filter - CineSouk - For rent","isPartOf":{"@id":"https:\/\/www.cinesouk.ma\/#website"},"primaryImageOfPage":{"@id":"https:\/\/www.cinesouk.ma\/product\/smallrig-cine-4-x-5-65-nd1-5-filter\/#primaryimage"},"image":{"@id":"https:\/\/www.cinesouk.ma\/product\/smallrig-cine-4-x-5-65-nd1-5-filter\/#primaryimage"},"thumbnailUrl":"https:\/\/www.cinesouk.ma\/wp-content\/uploads\/2024\/12\/SmallRig-Cine-4-x-5.6522-ND1.5-Filter.jpg","datePublished":"2024-12-19T13:38:02+00:00","dateModified":"2025-08-22T10:34:07+00:00","description":"SmallRig Cine 4 x 5.65\" ND1.5 Filter: A 5-stop neutral density filter providing precise exposure control and enhanced creative flexibility for professional productions.","breadcrumb":{"@id":"https:\/\/www.cinesouk.ma\/product\/smallrig-cine-4-x-5-65-nd1-5-filter\/#breadcrumb"},"inLanguage":"fr-FR","potentialAction":[{"@type":"ReadAction","target":["https:\/\/www.cinesouk.ma\/product\/smallrig-cine-4-x-5-65-nd1-5-filter\/"]}]},{"@type":"ImageObject","inLanguage":"fr-FR","@id":"https:\/\/www.cinesouk.ma\/product\/smallrig-cine-4-x-5-65-nd1-5-filter\/#primaryimage","url":"https:\/\/www.cinesouk.ma\/wp-content\/uploads\/2024\/12\/SmallRig-Cine-4-x-5.6522-ND1.5-Filter.jpg","contentUrl":"https:\/\/www.cinesouk.ma\/wp-content\/uploads\/2024\/12\/SmallRig-Cine-4-x-5.6522-ND1.5-Filter.jpg","width":300,"height":238},{"@type":"BreadcrumbList","@id":"https:\/\/www.cinesouk.ma\/product\/smallrig-cine-4-x-5-65-nd1-5-filter\/#breadcrumb","itemListElement":[{"@type":"ListItem","position":1,"name":"Home","item":"https:\/\/www.cinesouk.ma\/"},{"@type":"ListItem","position":2,"name":"Shop","item":"https:\/\/www.cinesouk.ma\/shop\/"},{"@type":"ListItem","position":3,"name":"SmallRig Cine 4 x 5.65&#8243; ND1.5 Filter"}]},{"@type":"WebSite","@id":"https:\/\/www.cinesouk.ma\/#website","url":"https:\/\/www.cinesouk.ma\/","name":"CineSouk","description":"","publisher":{"@id":"https:\/\/www.cinesouk.ma\/#organization"},"potentialAction":[{"@type":"SearchAction","target":{"@type":"EntryPoint","urlTemplate":"https:\/\/www.cinesouk.ma\/?s={search_term_string}"},"query-input":{"@type":"PropertyValueSpecification","valueRequired":true,"valueName":"search_term_string"}}],"inLanguage":"fr-FR"},{"@type":"Organization","@id":"https:\/\/www.cinesouk.ma\/#organization","name":"CineSouk","url":"https:\/\/www.cinesouk.ma\/","logo":{"@type":"ImageObject","inLanguage":"fr-FR","@id":"https:\/\/www.cinesouk.ma\/#\/schema\/logo\/image\/","url":"https:\/\/www.cinesouk.ma\/wp-content\/uploads\/2024\/01\/CineSouk-logo-v01-alpha-alligned-left.png","contentUrl":"https:\/\/www.cinesouk.ma\/wp-content\/uploads\/2024\/01\/CineSouk-logo-v01-alpha-alligned-left.png","width":3204,"height":889,"caption":"CineSouk"},"image":{"@id":"https:\/\/www.cinesouk.ma\/#\/schema\/logo\/image\/"}}]}},"_links":{"self":[{"href":"https:\/\/www.cinesouk.ma\/fr\/wp-json\/wp\/v2\/product\/9955","targetHints":{"allow":["GET"]}}],"collection":[{"href":"https:\/\/www.cinesouk.ma\/fr\/wp-json\/wp\/v2\/product"}],"about":[{"href":"https:\/\/www.cinesouk.ma\/fr\/wp-json\/wp\/v2\/types\/product"}],"wp:featuredmedia":[{"embeddable":true,"href":"https:\/\/www.cinesouk.ma\/fr\/wp-json\/wp\/v2\/media\/9966"}],"wp:attachment":[{"href":"https:\/\/www.cinesouk.ma\/fr\/wp-json\/wp\/v2\/media?parent=9955"}],"wp:term":[{"taxonomy":"product_brand","embeddable":true,"href":"https:\/\/www.cinesouk.ma\/fr\/wp-json\/wp\/v2\/product_brand?post=9955"},{"taxonomy":"product_cat","embeddable":true,"href":"https:\/\/www.cinesouk.ma\/fr\/wp-json\/wp\/v2\/product_cat?post=9955"},{"taxonomy":"product_tag","embeddable":true,"href":"https:\/\/www.cinesouk.ma\/fr\/wp-json\/wp\/v2\/product_tag?post=9955"}],"curies":[{"name":"wp","href":"https:\/\/api.w.org\/{rel}","templated":true}]}}