{"id":9967,"date":"2024-12-19T13:43:19","date_gmt":"2024-12-19T13:43:19","guid":{"rendered":"https:\/\/www.cinesouk.ma\/?post_type=product&#038;p=9967"},"modified":"2025-08-22T10:34:05","modified_gmt":"2025-08-22T10:34:05","slug":"smallrig-cine-4-x-5-65-nd0-9-filter","status":"publish","type":"product","link":"https:\/\/www.cinesouk.ma\/fr\/produit\/smallrig-cine-4-x-5-65-nd0-9-filter\/","title":{"rendered":"Filtre SmallRig Cine 4 x 5.65\u2033 ND0.9"},"content":{"rendered":"<p>Le filtre SmallRig Cine 4 x 5,65\u2033 ND0,9 permet un contr\u00f4le pr\u00e9cis de l'exposition, ce qui le rend id\u00e9al pour les conditions de tournage lumineuses. Il r\u00e9duit la lumi\u00e8re de 3 diaphragmes, ce qui permet aux cin\u00e9astes et aux photographes d'utiliser des ouvertures plus grandes ou des vitesses d'obturation plus lentes. Cela permet d'obtenir une faible profondeur de champ, de cr\u00e9er des effets de flou de mouvement ou de maintenir une exposition \u00e9quilibr\u00e9e dans des conditions de lumi\u00e8re difficiles.<\/p>\n<p>La construction en verre optique de haute qualit\u00e9 garantit la clart\u00e9 et pr\u00e9serve les teintes naturelles de votre sc\u00e8ne. En outre, il minimise les changements de couleur, permettant une reproduction coh\u00e9rente et pr\u00e9cise des couleurs dans tous les param\u00e8tres. Le filtre s'adapte parfaitement aux syst\u00e8mes de matte box de cin\u00e9ma standard, s'int\u00e9grant facilement dans les flux de travail professionnels.<\/p>\n<p>Sa conception robuste et sa technologie de rev\u00eatement avanc\u00e9e r\u00e9duisent les reflets et prot\u00e8gent le filtre contre les rayures et l'usure. Cette durabilit\u00e9 garantit des performances fiables, m\u00eame lors de prises de vue exigeantes dans des environnements difficiles. Que ce soit en studio ou en ext\u00e9rieur, le filtre reste un outil fiable pour des r\u00e9sultats constants.<\/p>\n<p>L'utilisation du filtre SmallRig Cine ND0.9 am\u00e9liore la flexibilit\u00e9 cr\u00e9ative en permettant des ajustements pr\u00e9cis de l'exposition \u00e0 l'int\u00e9rieur de l'appareil photo. Il r\u00e9duit le recours aux corrections de post-production, ce qui permet de gagner du temps et de pr\u00e9server l'int\u00e9grit\u00e9 de l'image originale. Ce filtre est un compl\u00e9ment essentiel \u00e0 la bo\u00eete \u00e0 outils de tout cin\u00e9aste ou photographe pour obtenir des images de haute qualit\u00e9.<\/p>\n<p>Louez-le maintenant sur <a href=\"https:\/\/www.cinesouk.ma\/fr\">CINESOUK<\/a> - une marque de <a href=\"https:\/\/www.broadway.ma\/\">BROADWAY PRODUCTIONS SARL.<\/a><\/p>","protected":false},"excerpt":{"rendered":"<p><strong>Sp\u00e9cifications :<\/strong><\/p>\n<div class=\"group\/conversation-turn relative flex w-full min-w-0 flex-col agent-turn\">\n<div class=\"flex-col gap-1 md:gap-3\">\n<div class=\"flex max-w-full flex-col flex-grow\">\n<div class=\"min-h-8 text-message flex w-full flex-col items-end gap-2 whitespace-normal break-words [.text-message+&amp;]:mt-5\" dir=\"auto\" data-message-author-role=\"assistant\" data-message-id=\"e18a99b3-cf7b-4ecd-bc21-990f899c3de7\" data-message-model-slug=\"gpt-4o\">\n<div class=\"flex w-full flex-col gap-1 empty:hidden first:pt-[3px]\">\n<div class=\"markdown prose w-full break-words dark:prose-invert light\">\n<ul>\n<li><strong>Taille :<\/strong> 4 x 5.65 pouces<\/li>\n<li><strong>R\u00e9duction de la lumi\u00e8re :<\/strong> 3 arr\u00eats (ND0.9)<\/li>\n<li><strong>Mat\u00e9riau :<\/strong> Verre optique de haute qualit\u00e9<\/li>\n<li><strong>Compatibilit\u00e9 :<\/strong> Convient aux syst\u00e8mes de bo\u00eetes mattes standard de 4 x 5,65 pouces<\/li>\n<li><strong>Applications :<\/strong> Id\u00e9al pour les films narratifs, les publicit\u00e9s, les documentaires et la photographie n\u00e9cessitant une exposition contr\u00f4l\u00e9e dans des conditions lumineuses.<\/li>\n<\/ul>\n<\/div>\n<\/div>\n<\/div>\n<\/div>\n<\/div>\n<\/div>","protected":false},"featured_media":9978,"template":"","meta":{"om_disable_all_campaigns":false,"_monsterinsights_skip_tracking":false,"_monsterinsights_sitenote_active":false,"_monsterinsights_sitenote_note":"","_monsterinsights_sitenote_category":0,"_uf_show_specific_survey":0,"_uf_disable_surveys":false},"product_brand":[],"product_cat":[133,58],"product_tag":[],"class_list":{"0":"post-9967","1":"product","2":"type-product","3":"status-publish","4":"has-post-thumbnail","6":"product_cat-filters-eventsouk","7":"product_cat-filters-cinesouk","9":"entry","10":"has-media","12":"first","13":"instock","14":"taxable","15":"shipping-taxable","16":"purchasable","17":"product-type-variable","18":"has-product-nav","19":"col","20":"span_1_of_3","21":"owp-content-center","22":"owp-thumbs-layout-horizontal","23":"owp-btn-normal","24":"owp-tabs-layout-horizontal","25":"has-no-thumbnails"},"yoast_head":"<!-- This site is optimized with the Yoast SEO Premium plugin v26.0 (Yoast SEO v26.0) - https:\/\/yoast.com\/wordpress\/plugins\/seo\/ -->\n<title>SmallRig Cine 4 x 5.65&quot; ND0.9 Filter - CineSouk - For rent<\/title>\n<meta name=\"description\" content=\"SmallRig Cine 4 x 5.65&quot; ND0.9 Filter: A 3-stop neutral density filter offering precise exposure control, enabling creative effects and balanced imagery in bright environments.\" \/>\n<meta name=\"robots\" content=\"index, follow, max-snippet:-1, max-image-preview:large, max-video-preview:-1\" \/>\n<link rel=\"canonical\" href=\"https:\/\/www.cinesouk.ma\/fr\/produit\/smallrig-cine-4-x-5-65-nd0-9-filter\/\" \/>\n<meta property=\"og:locale\" content=\"fr_FR\" \/>\n<meta property=\"og:type\" content=\"article\" \/>\n<meta property=\"og:title\" content=\"SmallRig Cine 4 x 5.65&quot; ND0.9 Filter\" \/>\n<meta property=\"og:description\" content=\"SmallRig Cine 4 x 5.65&quot; ND0.9 Filter: A 3-stop neutral density filter offering precise exposure control, enabling creative effects and balanced imagery in bright environments.\" \/>\n<meta property=\"og:url\" content=\"https:\/\/www.cinesouk.ma\/fr\/produit\/smallrig-cine-4-x-5-65-nd0-9-filter\/\" \/>\n<meta property=\"og:site_name\" content=\"CineSouk\" \/>\n<meta property=\"article:modified_time\" content=\"2025-08-22T10:34:05+00:00\" \/>\n<meta property=\"og:image\" content=\"https:\/\/www.cinesouk.ma\/wp-content\/uploads\/2024\/12\/SmallRig-Cine-4-x-5.6522-ND0.9-Filter.jpg\" \/>\n\t<meta property=\"og:image:width\" content=\"300\" \/>\n\t<meta property=\"og:image:height\" content=\"238\" \/>\n\t<meta property=\"og:image:type\" content=\"image\/jpeg\" \/>\n<meta name=\"twitter:card\" content=\"summary_large_image\" \/>\n<meta name=\"twitter:description\" content=\"Tiffen 4x4\u201d ND2.0 Filter: Professional 10-stop neutral density filter for precise exposure control, perfect for video production and photography.\" \/>\n<meta name=\"twitter:label1\" content=\"Dur\u00e9e de lecture estim\u00e9e\" \/>\n\t<meta name=\"twitter:data1\" content=\"1 minute\" \/>\n<script type=\"application\/ld+json\" class=\"yoast-schema-graph\">{\"@context\":\"https:\/\/schema.org\",\"@graph\":[{\"@type\":\"WebPage\",\"@id\":\"https:\/\/www.cinesouk.ma\/product\/smallrig-cine-4-x-5-65-nd0-9-filter\/\",\"url\":\"https:\/\/www.cinesouk.ma\/product\/smallrig-cine-4-x-5-65-nd0-9-filter\/\",\"name\":\"SmallRig Cine 4 x 5.65\\\" ND0.9 Filter - CineSouk - For rent\",\"isPartOf\":{\"@id\":\"https:\/\/www.cinesouk.ma\/#website\"},\"primaryImageOfPage\":{\"@id\":\"https:\/\/www.cinesouk.ma\/product\/smallrig-cine-4-x-5-65-nd0-9-filter\/#primaryimage\"},\"image\":{\"@id\":\"https:\/\/www.cinesouk.ma\/product\/smallrig-cine-4-x-5-65-nd0-9-filter\/#primaryimage\"},\"thumbnailUrl\":\"https:\/\/www.cinesouk.ma\/wp-content\/uploads\/2024\/12\/SmallRig-Cine-4-x-5.6522-ND0.9-Filter.jpg\",\"datePublished\":\"2024-12-19T13:43:19+00:00\",\"dateModified\":\"2025-08-22T10:34:05+00:00\",\"description\":\"SmallRig Cine 4 x 5.65\\\" ND0.9 Filter: A 3-stop neutral density filter offering precise exposure control, enabling creative effects and balanced imagery in bright environments.\",\"breadcrumb\":{\"@id\":\"https:\/\/www.cinesouk.ma\/product\/smallrig-cine-4-x-5-65-nd0-9-filter\/#breadcrumb\"},\"inLanguage\":\"fr-FR\",\"potentialAction\":[{\"@type\":\"ReadAction\",\"target\":[\"https:\/\/www.cinesouk.ma\/product\/smallrig-cine-4-x-5-65-nd0-9-filter\/\"]}]},{\"@type\":\"ImageObject\",\"inLanguage\":\"fr-FR\",\"@id\":\"https:\/\/www.cinesouk.ma\/product\/smallrig-cine-4-x-5-65-nd0-9-filter\/#primaryimage\",\"url\":\"https:\/\/www.cinesouk.ma\/wp-content\/uploads\/2024\/12\/SmallRig-Cine-4-x-5.6522-ND0.9-Filter.jpg\",\"contentUrl\":\"https:\/\/www.cinesouk.ma\/wp-content\/uploads\/2024\/12\/SmallRig-Cine-4-x-5.6522-ND0.9-Filter.jpg\",\"width\":300,\"height\":238},{\"@type\":\"BreadcrumbList\",\"@id\":\"https:\/\/www.cinesouk.ma\/product\/smallrig-cine-4-x-5-65-nd0-9-filter\/#breadcrumb\",\"itemListElement\":[{\"@type\":\"ListItem\",\"position\":1,\"name\":\"Home\",\"item\":\"https:\/\/www.cinesouk.ma\/\"},{\"@type\":\"ListItem\",\"position\":2,\"name\":\"Shop\",\"item\":\"https:\/\/www.cinesouk.ma\/shop\/\"},{\"@type\":\"ListItem\",\"position\":3,\"name\":\"SmallRig Cine 4 x 5.65&#8243; ND0.9 Filter\"}]},{\"@type\":\"WebSite\",\"@id\":\"https:\/\/www.cinesouk.ma\/#website\",\"url\":\"https:\/\/www.cinesouk.ma\/\",\"name\":\"CineSouk\",\"description\":\"\",\"publisher\":{\"@id\":\"https:\/\/www.cinesouk.ma\/#organization\"},\"potentialAction\":[{\"@type\":\"SearchAction\",\"target\":{\"@type\":\"EntryPoint\",\"urlTemplate\":\"https:\/\/www.cinesouk.ma\/?s={search_term_string}\"},\"query-input\":{\"@type\":\"PropertyValueSpecification\",\"valueRequired\":true,\"valueName\":\"search_term_string\"}}],\"inLanguage\":\"fr-FR\"},{\"@type\":\"Organization\",\"@id\":\"https:\/\/www.cinesouk.ma\/#organization\",\"name\":\"CineSouk\",\"url\":\"https:\/\/www.cinesouk.ma\/\",\"logo\":{\"@type\":\"ImageObject\",\"inLanguage\":\"fr-FR\",\"@id\":\"https:\/\/www.cinesouk.ma\/#\/schema\/logo\/image\/\",\"url\":\"https:\/\/www.cinesouk.ma\/wp-content\/uploads\/2024\/01\/CineSouk-logo-v01-alpha-alligned-left.png\",\"contentUrl\":\"https:\/\/www.cinesouk.ma\/wp-content\/uploads\/2024\/01\/CineSouk-logo-v01-alpha-alligned-left.png\",\"width\":3204,\"height\":889,\"caption\":\"CineSouk\"},\"image\":{\"@id\":\"https:\/\/www.cinesouk.ma\/#\/schema\/logo\/image\/\"}}]}<\/script>\n<!-- \/ Yoast SEO Premium plugin. -->","yoast_head_json":{"title":"SmallRig Cine 4 x 5.65\" ND0.9 Filter - CineSouk - For rent","description":"SmallRig Cine 4 x 5.65\" ND0.9 Filter: A 3-stop neutral density filter offering precise exposure control, enabling creative effects and balanced imagery in bright environments.","robots":{"index":"index","follow":"follow","max-snippet":"max-snippet:-1","max-image-preview":"max-image-preview:large","max-video-preview":"max-video-preview:-1"},"canonical":"https:\/\/www.cinesouk.ma\/fr\/produit\/smallrig-cine-4-x-5-65-nd0-9-filter\/","og_locale":"fr_FR","og_type":"article","og_title":"SmallRig Cine 4 x 5.65\" ND0.9 Filter","og_description":"SmallRig Cine 4 x 5.65\" ND0.9 Filter: A 3-stop neutral density filter offering precise exposure control, enabling creative effects and balanced imagery in bright environments.","og_url":"https:\/\/www.cinesouk.ma\/fr\/produit\/smallrig-cine-4-x-5-65-nd0-9-filter\/","og_site_name":"CineSouk","article_modified_time":"2025-08-22T10:34:05+00:00","og_image":[{"width":300,"height":238,"url":"https:\/\/www.cinesouk.ma\/wp-content\/uploads\/2024\/12\/SmallRig-Cine-4-x-5.6522-ND0.9-Filter.jpg","type":"image\/jpeg"}],"twitter_card":"summary_large_image","twitter_description":"Tiffen 4x4\u201d ND2.0 Filter: Professional 10-stop neutral density filter for precise exposure control, perfect for video production and photography.","twitter_misc":{"Dur\u00e9e de lecture estim\u00e9e":"1 minute"},"schema":{"@context":"https:\/\/schema.org","@graph":[{"@type":"WebPage","@id":"https:\/\/www.cinesouk.ma\/product\/smallrig-cine-4-x-5-65-nd0-9-filter\/","url":"https:\/\/www.cinesouk.ma\/product\/smallrig-cine-4-x-5-65-nd0-9-filter\/","name":"SmallRig Cine 4 x 5.65\" ND0.9 Filter - CineSouk - For rent","isPartOf":{"@id":"https:\/\/www.cinesouk.ma\/#website"},"primaryImageOfPage":{"@id":"https:\/\/www.cinesouk.ma\/product\/smallrig-cine-4-x-5-65-nd0-9-filter\/#primaryimage"},"image":{"@id":"https:\/\/www.cinesouk.ma\/product\/smallrig-cine-4-x-5-65-nd0-9-filter\/#primaryimage"},"thumbnailUrl":"https:\/\/www.cinesouk.ma\/wp-content\/uploads\/2024\/12\/SmallRig-Cine-4-x-5.6522-ND0.9-Filter.jpg","datePublished":"2024-12-19T13:43:19+00:00","dateModified":"2025-08-22T10:34:05+00:00","description":"SmallRig Cine 4 x 5.65\" ND0.9 Filter: A 3-stop neutral density filter offering precise exposure control, enabling creative effects and balanced imagery in bright environments.","breadcrumb":{"@id":"https:\/\/www.cinesouk.ma\/product\/smallrig-cine-4-x-5-65-nd0-9-filter\/#breadcrumb"},"inLanguage":"fr-FR","potentialAction":[{"@type":"ReadAction","target":["https:\/\/www.cinesouk.ma\/product\/smallrig-cine-4-x-5-65-nd0-9-filter\/"]}]},{"@type":"ImageObject","inLanguage":"fr-FR","@id":"https:\/\/www.cinesouk.ma\/product\/smallrig-cine-4-x-5-65-nd0-9-filter\/#primaryimage","url":"https:\/\/www.cinesouk.ma\/wp-content\/uploads\/2024\/12\/SmallRig-Cine-4-x-5.6522-ND0.9-Filter.jpg","contentUrl":"https:\/\/www.cinesouk.ma\/wp-content\/uploads\/2024\/12\/SmallRig-Cine-4-x-5.6522-ND0.9-Filter.jpg","width":300,"height":238},{"@type":"BreadcrumbList","@id":"https:\/\/www.cinesouk.ma\/product\/smallrig-cine-4-x-5-65-nd0-9-filter\/#breadcrumb","itemListElement":[{"@type":"ListItem","position":1,"name":"Home","item":"https:\/\/www.cinesouk.ma\/"},{"@type":"ListItem","position":2,"name":"Shop","item":"https:\/\/www.cinesouk.ma\/shop\/"},{"@type":"ListItem","position":3,"name":"SmallRig Cine 4 x 5.65&#8243; ND0.9 Filter"}]},{"@type":"WebSite","@id":"https:\/\/www.cinesouk.ma\/#website","url":"https:\/\/www.cinesouk.ma\/","name":"CineSouk","description":"","publisher":{"@id":"https:\/\/www.cinesouk.ma\/#organization"},"potentialAction":[{"@type":"SearchAction","target":{"@type":"EntryPoint","urlTemplate":"https:\/\/www.cinesouk.ma\/?s={search_term_string}"},"query-input":{"@type":"PropertyValueSpecification","valueRequired":true,"valueName":"search_term_string"}}],"inLanguage":"fr-FR"},{"@type":"Organization","@id":"https:\/\/www.cinesouk.ma\/#organization","name":"CineSouk","url":"https:\/\/www.cinesouk.ma\/","logo":{"@type":"ImageObject","inLanguage":"fr-FR","@id":"https:\/\/www.cinesouk.ma\/#\/schema\/logo\/image\/","url":"https:\/\/www.cinesouk.ma\/wp-content\/uploads\/2024\/01\/CineSouk-logo-v01-alpha-alligned-left.png","contentUrl":"https:\/\/www.cinesouk.ma\/wp-content\/uploads\/2024\/01\/CineSouk-logo-v01-alpha-alligned-left.png","width":3204,"height":889,"caption":"CineSouk"},"image":{"@id":"https:\/\/www.cinesouk.ma\/#\/schema\/logo\/image\/"}}]}},"_links":{"self":[{"href":"https:\/\/www.cinesouk.ma\/fr\/wp-json\/wp\/v2\/product\/9967","targetHints":{"allow":["GET"]}}],"collection":[{"href":"https:\/\/www.cinesouk.ma\/fr\/wp-json\/wp\/v2\/product"}],"about":[{"href":"https:\/\/www.cinesouk.ma\/fr\/wp-json\/wp\/v2\/types\/product"}],"wp:featuredmedia":[{"embeddable":true,"href":"https:\/\/www.cinesouk.ma\/fr\/wp-json\/wp\/v2\/media\/9978"}],"wp:attachment":[{"href":"https:\/\/www.cinesouk.ma\/fr\/wp-json\/wp\/v2\/media?parent=9967"}],"wp:term":[{"taxonomy":"product_brand","embeddable":true,"href":"https:\/\/www.cinesouk.ma\/fr\/wp-json\/wp\/v2\/product_brand?post=9967"},{"taxonomy":"product_cat","embeddable":true,"href":"https:\/\/www.cinesouk.ma\/fr\/wp-json\/wp\/v2\/product_cat?post=9967"},{"taxonomy":"product_tag","embeddable":true,"href":"https:\/\/www.cinesouk.ma\/fr\/wp-json\/wp\/v2\/product_tag?post=9967"}],"curies":[{"name":"wp","href":"https:\/\/api.w.org\/{rel}","templated":true}]}}