{"id":9979,"date":"2024-12-19T13:47:29","date_gmt":"2024-12-19T13:47:29","guid":{"rendered":"https:\/\/www.cinesouk.ma\/?post_type=product&#038;p=9979"},"modified":"2025-08-22T10:34:04","modified_gmt":"2025-08-22T10:34:04","slug":"smallrig-cine-4-x-5-65-nd0-3-filter","status":"publish","type":"product","link":"https:\/\/www.cinesouk.ma\/fr\/produit\/smallrig-cine-4-x-5-65-nd0-3-filter\/","title":{"rendered":"Filtre SmallRig Cine 4 x 5.65\u2033 ND0.3"},"content":{"rendered":"<p>Le filtre SmallRig Cine 4 x 5.65\u2033 ND0.3 est un filtre de densit\u00e9 neutre professionnel con\u00e7u pour des ajustements subtils de l'exposition. Avec une r\u00e9duction de la lumi\u00e8re de 1 diaphragme, il att\u00e9nue l\u00e9g\u00e8rement la lumi\u00e8re entrant dans l'appareil photo, permettant de petites modifications de l'ouverture ou de la vitesse d'obturation sans surexposition. Il est donc id\u00e9al pour \u00e9quilibrer la lumi\u00e8re du soleil et l'\u00e9clairage int\u00e9rieur ou pour maintenir une profondeur de champ sp\u00e9cifique dans vos prises de vue.<\/p>\n<p>Fabriqu\u00e9 \u00e0 partir d'un verre optique de haute qualit\u00e9, le filtre ND0.3 minimise le changement de couleur, pr\u00e9servant l'aspect naturel de votre sc\u00e8ne. En outre, il garantit la clart\u00e9 et la nettet\u00e9, ce qui en fait un outil fiable pour capturer des images de qualit\u00e9 professionnelle. Sa taille de 4 x 5,65 pouces s'int\u00e8gre parfaitement dans les bo\u00eetes de matte de cin\u00e9ma standard, offrant une int\u00e9gration facile dans les flux de travail professionnels.<\/p>\n<p>En outre, la construction durable et les rev\u00eatements avanc\u00e9s du filtre r\u00e9sistent \u00e0 une utilisation r\u00e9guli\u00e8re et maintiennent des performances constantes, m\u00eame dans des environnements exigeants. Cette fiabilit\u00e9 le rend adapt\u00e9 \u00e0 divers sc\u00e9narios de prise de vue, qu'il s'agisse d'un studio contr\u00f4l\u00e9 ou de productions en ext\u00e9rieur.<\/p>\n<p>En ajoutant le filtre SmallRig Cine ND0.3 \u00e0 votre kit, vous b\u00e9n\u00e9ficiez d'un meilleur contr\u00f4le de l'exposition \u00e0 l'int\u00e9rieur de l'appareil photo. Par cons\u00e9quent, il permet des ajustements pr\u00e9cis qui am\u00e9liorent la qualit\u00e9 globale de vos images tout en r\u00e9duisant le recours aux corrections de post-production. Que ce soit pour des films, des publicit\u00e9s ou des projets photographiques, ce filtre garantit pr\u00e9cision et polyvalence \u00e0 chaque prise de vue.<\/p>\n<p>Louez le filtre SmallRig Cine 4 x 5.65\u2033 ND0.3 maintenant au <a href=\"https:\/\/www.cinesouk.ma\/fr\">CINESOUK<\/a> - une marque de <a href=\"https:\/\/www.broadway.ma\/\">BROADWAY PRODUCTIONS SARL.<\/a><\/p>","protected":false},"excerpt":{"rendered":"<p><strong>Sp\u00e9cifications :<\/strong><\/p>\n<div class=\"group\/conversation-turn relative flex w-full min-w-0 flex-col agent-turn\">\n<div class=\"flex-col gap-1 md:gap-3\">\n<div class=\"flex max-w-full flex-col flex-grow\">\n<div class=\"min-h-8 text-message flex w-full flex-col items-end gap-2 whitespace-normal break-words [.text-message+&amp;]:mt-5\" dir=\"auto\" data-message-author-role=\"assistant\" data-message-id=\"e18a99b3-cf7b-4ecd-bc21-990f899c3de7\" data-message-model-slug=\"gpt-4o\">\n<div class=\"flex w-full flex-col gap-1 empty:hidden first:pt-[3px]\">\n<div class=\"markdown prose w-full break-words dark:prose-invert light\">\n<ul>\n<li><strong>Taille :<\/strong> 4 x 5.65 pouces<\/li>\n<li><strong>R\u00e9duction de la lumi\u00e8re :<\/strong> 1 arr\u00eat (ND0.3)<\/li>\n<li><strong>Mat\u00e9riau :<\/strong> Verre optique de haute qualit\u00e9<\/li>\n<li><strong>Compatibilit\u00e9 :<\/strong> Convient aux syst\u00e8mes de bo\u00eetes mattes standard de 4 x 5,65 pouces<\/li>\n<li><strong>Applications :<\/strong> Id\u00e9al pour les ajustements subtils de l'exposition dans les films professionnels et la photographie<\/li>\n<\/ul>\n<\/div>\n<\/div>\n<\/div>\n<\/div>\n<\/div>\n<\/div>","protected":false},"featured_media":9990,"template":"","meta":{"om_disable_all_campaigns":false,"_monsterinsights_skip_tracking":false,"_monsterinsights_sitenote_active":false,"_monsterinsights_sitenote_note":"","_monsterinsights_sitenote_category":0,"_uf_show_specific_survey":0,"_uf_disable_surveys":false},"product_brand":[],"product_cat":[133,58],"product_tag":[],"class_list":{"0":"post-9979","1":"product","2":"type-product","3":"status-publish","4":"has-post-thumbnail","6":"product_cat-filters-eventsouk","7":"product_cat-filters-cinesouk","9":"entry","10":"has-media","12":"first","13":"instock","14":"taxable","15":"shipping-taxable","16":"purchasable","17":"product-type-variable","18":"has-product-nav","19":"col","20":"span_1_of_3","21":"owp-content-center","22":"owp-thumbs-layout-horizontal","23":"owp-btn-normal","24":"owp-tabs-layout-horizontal","25":"has-no-thumbnails"},"yoast_head":"<!-- This site is optimized with the Yoast SEO Premium plugin v26.0 (Yoast SEO v26.0) - https:\/\/yoast.com\/wordpress\/plugins\/seo\/ -->\n<title>SmallRig Cine 4 x 5.65&quot; ND0.3 Filter - CineSouk - For rent<\/title>\n<meta name=\"description\" content=\"SmallRig Cine 4 x 5.65&quot; ND0.3 Filter: A 1-stop neutral density filter providing subtle exposure control for fine-tuned results in bright conditions.\" \/>\n<meta name=\"robots\" content=\"index, follow, max-snippet:-1, max-image-preview:large, max-video-preview:-1\" \/>\n<link rel=\"canonical\" href=\"https:\/\/www.cinesouk.ma\/fr\/produit\/smallrig-cine-4-x-5-65-nd0-3-filter\/\" \/>\n<meta property=\"og:locale\" content=\"fr_FR\" \/>\n<meta property=\"og:type\" content=\"article\" \/>\n<meta property=\"og:title\" content=\"SmallRig Cine 4 x 5.65&quot; ND0.3 Filter\" \/>\n<meta property=\"og:description\" content=\"SmallRig Cine 4 x 5.65&quot; ND0.3 Filter: A 1-stop neutral density filter providing subtle exposure control for fine-tuned results in bright conditions.\" \/>\n<meta property=\"og:url\" content=\"https:\/\/www.cinesouk.ma\/fr\/produit\/smallrig-cine-4-x-5-65-nd0-3-filter\/\" \/>\n<meta property=\"og:site_name\" content=\"CineSouk\" \/>\n<meta property=\"article:modified_time\" content=\"2025-08-22T10:34:04+00:00\" \/>\n<meta property=\"og:image\" content=\"https:\/\/www.cinesouk.ma\/wp-content\/uploads\/2024\/12\/SmallRig-Cine-4-x-5.6522-ND0.3-Filter.jpg\" \/>\n\t<meta property=\"og:image:width\" content=\"300\" \/>\n\t<meta property=\"og:image:height\" content=\"238\" \/>\n\t<meta property=\"og:image:type\" content=\"image\/jpeg\" \/>\n<meta name=\"twitter:card\" content=\"summary_large_image\" \/>\n<meta name=\"twitter:description\" content=\"Tiffen 4x4\u201d ND2.0 Filter: Professional 10-stop neutral density filter for precise exposure control, perfect for video production and photography.\" \/>\n<meta name=\"twitter:label1\" content=\"Dur\u00e9e de lecture estim\u00e9e\" \/>\n\t<meta name=\"twitter:data1\" content=\"2 minutes\" \/>\n<script type=\"application\/ld+json\" class=\"yoast-schema-graph\">{\"@context\":\"https:\/\/schema.org\",\"@graph\":[{\"@type\":\"WebPage\",\"@id\":\"https:\/\/www.cinesouk.ma\/product\/smallrig-cine-4-x-5-65-nd0-3-filter\/\",\"url\":\"https:\/\/www.cinesouk.ma\/product\/smallrig-cine-4-x-5-65-nd0-3-filter\/\",\"name\":\"SmallRig Cine 4 x 5.65\\\" ND0.3 Filter - CineSouk - For rent\",\"isPartOf\":{\"@id\":\"https:\/\/www.cinesouk.ma\/#website\"},\"primaryImageOfPage\":{\"@id\":\"https:\/\/www.cinesouk.ma\/product\/smallrig-cine-4-x-5-65-nd0-3-filter\/#primaryimage\"},\"image\":{\"@id\":\"https:\/\/www.cinesouk.ma\/product\/smallrig-cine-4-x-5-65-nd0-3-filter\/#primaryimage\"},\"thumbnailUrl\":\"https:\/\/www.cinesouk.ma\/wp-content\/uploads\/2024\/12\/SmallRig-Cine-4-x-5.6522-ND0.3-Filter.jpg\",\"datePublished\":\"2024-12-19T13:47:29+00:00\",\"dateModified\":\"2025-08-22T10:34:04+00:00\",\"description\":\"SmallRig Cine 4 x 5.65\\\" ND0.3 Filter: A 1-stop neutral density filter providing subtle exposure control for fine-tuned results in bright conditions.\",\"breadcrumb\":{\"@id\":\"https:\/\/www.cinesouk.ma\/product\/smallrig-cine-4-x-5-65-nd0-3-filter\/#breadcrumb\"},\"inLanguage\":\"fr-FR\",\"potentialAction\":[{\"@type\":\"ReadAction\",\"target\":[\"https:\/\/www.cinesouk.ma\/product\/smallrig-cine-4-x-5-65-nd0-3-filter\/\"]}]},{\"@type\":\"ImageObject\",\"inLanguage\":\"fr-FR\",\"@id\":\"https:\/\/www.cinesouk.ma\/product\/smallrig-cine-4-x-5-65-nd0-3-filter\/#primaryimage\",\"url\":\"https:\/\/www.cinesouk.ma\/wp-content\/uploads\/2024\/12\/SmallRig-Cine-4-x-5.6522-ND0.3-Filter.jpg\",\"contentUrl\":\"https:\/\/www.cinesouk.ma\/wp-content\/uploads\/2024\/12\/SmallRig-Cine-4-x-5.6522-ND0.3-Filter.jpg\",\"width\":300,\"height\":238},{\"@type\":\"BreadcrumbList\",\"@id\":\"https:\/\/www.cinesouk.ma\/product\/smallrig-cine-4-x-5-65-nd0-3-filter\/#breadcrumb\",\"itemListElement\":[{\"@type\":\"ListItem\",\"position\":1,\"name\":\"Home\",\"item\":\"https:\/\/www.cinesouk.ma\/\"},{\"@type\":\"ListItem\",\"position\":2,\"name\":\"Shop\",\"item\":\"https:\/\/www.cinesouk.ma\/shop\/\"},{\"@type\":\"ListItem\",\"position\":3,\"name\":\"SmallRig Cine 4 x 5.65&#8243; ND0.3 Filter\"}]},{\"@type\":\"WebSite\",\"@id\":\"https:\/\/www.cinesouk.ma\/#website\",\"url\":\"https:\/\/www.cinesouk.ma\/\",\"name\":\"CineSouk\",\"description\":\"\",\"publisher\":{\"@id\":\"https:\/\/www.cinesouk.ma\/#organization\"},\"potentialAction\":[{\"@type\":\"SearchAction\",\"target\":{\"@type\":\"EntryPoint\",\"urlTemplate\":\"https:\/\/www.cinesouk.ma\/?s={search_term_string}\"},\"query-input\":{\"@type\":\"PropertyValueSpecification\",\"valueRequired\":true,\"valueName\":\"search_term_string\"}}],\"inLanguage\":\"fr-FR\"},{\"@type\":\"Organization\",\"@id\":\"https:\/\/www.cinesouk.ma\/#organization\",\"name\":\"CineSouk\",\"url\":\"https:\/\/www.cinesouk.ma\/\",\"logo\":{\"@type\":\"ImageObject\",\"inLanguage\":\"fr-FR\",\"@id\":\"https:\/\/www.cinesouk.ma\/#\/schema\/logo\/image\/\",\"url\":\"https:\/\/www.cinesouk.ma\/wp-content\/uploads\/2024\/01\/CineSouk-logo-v01-alpha-alligned-left.png\",\"contentUrl\":\"https:\/\/www.cinesouk.ma\/wp-content\/uploads\/2024\/01\/CineSouk-logo-v01-alpha-alligned-left.png\",\"width\":3204,\"height\":889,\"caption\":\"CineSouk\"},\"image\":{\"@id\":\"https:\/\/www.cinesouk.ma\/#\/schema\/logo\/image\/\"}}]}<\/script>\n<!-- \/ Yoast SEO Premium plugin. -->","yoast_head_json":{"title":"SmallRig Cine 4 x 5.65\" ND0.3 Filter - CineSouk - For rent","description":"SmallRig Cine 4 x 5.65\" ND0.3 Filter: A 1-stop neutral density filter providing subtle exposure control for fine-tuned results in bright conditions.","robots":{"index":"index","follow":"follow","max-snippet":"max-snippet:-1","max-image-preview":"max-image-preview:large","max-video-preview":"max-video-preview:-1"},"canonical":"https:\/\/www.cinesouk.ma\/fr\/produit\/smallrig-cine-4-x-5-65-nd0-3-filter\/","og_locale":"fr_FR","og_type":"article","og_title":"SmallRig Cine 4 x 5.65\" ND0.3 Filter","og_description":"SmallRig Cine 4 x 5.65\" ND0.3 Filter: A 1-stop neutral density filter providing subtle exposure control for fine-tuned results in bright conditions.","og_url":"https:\/\/www.cinesouk.ma\/fr\/produit\/smallrig-cine-4-x-5-65-nd0-3-filter\/","og_site_name":"CineSouk","article_modified_time":"2025-08-22T10:34:04+00:00","og_image":[{"width":300,"height":238,"url":"https:\/\/www.cinesouk.ma\/wp-content\/uploads\/2024\/12\/SmallRig-Cine-4-x-5.6522-ND0.3-Filter.jpg","type":"image\/jpeg"}],"twitter_card":"summary_large_image","twitter_description":"Tiffen 4x4\u201d ND2.0 Filter: Professional 10-stop neutral density filter for precise exposure control, perfect for video production and photography.","twitter_misc":{"Dur\u00e9e de lecture estim\u00e9e":"2 minutes"},"schema":{"@context":"https:\/\/schema.org","@graph":[{"@type":"WebPage","@id":"https:\/\/www.cinesouk.ma\/product\/smallrig-cine-4-x-5-65-nd0-3-filter\/","url":"https:\/\/www.cinesouk.ma\/product\/smallrig-cine-4-x-5-65-nd0-3-filter\/","name":"SmallRig Cine 4 x 5.65\" ND0.3 Filter - CineSouk - For rent","isPartOf":{"@id":"https:\/\/www.cinesouk.ma\/#website"},"primaryImageOfPage":{"@id":"https:\/\/www.cinesouk.ma\/product\/smallrig-cine-4-x-5-65-nd0-3-filter\/#primaryimage"},"image":{"@id":"https:\/\/www.cinesouk.ma\/product\/smallrig-cine-4-x-5-65-nd0-3-filter\/#primaryimage"},"thumbnailUrl":"https:\/\/www.cinesouk.ma\/wp-content\/uploads\/2024\/12\/SmallRig-Cine-4-x-5.6522-ND0.3-Filter.jpg","datePublished":"2024-12-19T13:47:29+00:00","dateModified":"2025-08-22T10:34:04+00:00","description":"SmallRig Cine 4 x 5.65\" ND0.3 Filter: A 1-stop neutral density filter providing subtle exposure control for fine-tuned results in bright conditions.","breadcrumb":{"@id":"https:\/\/www.cinesouk.ma\/product\/smallrig-cine-4-x-5-65-nd0-3-filter\/#breadcrumb"},"inLanguage":"fr-FR","potentialAction":[{"@type":"ReadAction","target":["https:\/\/www.cinesouk.ma\/product\/smallrig-cine-4-x-5-65-nd0-3-filter\/"]}]},{"@type":"ImageObject","inLanguage":"fr-FR","@id":"https:\/\/www.cinesouk.ma\/product\/smallrig-cine-4-x-5-65-nd0-3-filter\/#primaryimage","url":"https:\/\/www.cinesouk.ma\/wp-content\/uploads\/2024\/12\/SmallRig-Cine-4-x-5.6522-ND0.3-Filter.jpg","contentUrl":"https:\/\/www.cinesouk.ma\/wp-content\/uploads\/2024\/12\/SmallRig-Cine-4-x-5.6522-ND0.3-Filter.jpg","width":300,"height":238},{"@type":"BreadcrumbList","@id":"https:\/\/www.cinesouk.ma\/product\/smallrig-cine-4-x-5-65-nd0-3-filter\/#breadcrumb","itemListElement":[{"@type":"ListItem","position":1,"name":"Home","item":"https:\/\/www.cinesouk.ma\/"},{"@type":"ListItem","position":2,"name":"Shop","item":"https:\/\/www.cinesouk.ma\/shop\/"},{"@type":"ListItem","position":3,"name":"SmallRig Cine 4 x 5.65&#8243; ND0.3 Filter"}]},{"@type":"WebSite","@id":"https:\/\/www.cinesouk.ma\/#website","url":"https:\/\/www.cinesouk.ma\/","name":"CineSouk","description":"","publisher":{"@id":"https:\/\/www.cinesouk.ma\/#organization"},"potentialAction":[{"@type":"SearchAction","target":{"@type":"EntryPoint","urlTemplate":"https:\/\/www.cinesouk.ma\/?s={search_term_string}"},"query-input":{"@type":"PropertyValueSpecification","valueRequired":true,"valueName":"search_term_string"}}],"inLanguage":"fr-FR"},{"@type":"Organization","@id":"https:\/\/www.cinesouk.ma\/#organization","name":"CineSouk","url":"https:\/\/www.cinesouk.ma\/","logo":{"@type":"ImageObject","inLanguage":"fr-FR","@id":"https:\/\/www.cinesouk.ma\/#\/schema\/logo\/image\/","url":"https:\/\/www.cinesouk.ma\/wp-content\/uploads\/2024\/01\/CineSouk-logo-v01-alpha-alligned-left.png","contentUrl":"https:\/\/www.cinesouk.ma\/wp-content\/uploads\/2024\/01\/CineSouk-logo-v01-alpha-alligned-left.png","width":3204,"height":889,"caption":"CineSouk"},"image":{"@id":"https:\/\/www.cinesouk.ma\/#\/schema\/logo\/image\/"}}]}},"_links":{"self":[{"href":"https:\/\/www.cinesouk.ma\/fr\/wp-json\/wp\/v2\/product\/9979","targetHints":{"allow":["GET"]}}],"collection":[{"href":"https:\/\/www.cinesouk.ma\/fr\/wp-json\/wp\/v2\/product"}],"about":[{"href":"https:\/\/www.cinesouk.ma\/fr\/wp-json\/wp\/v2\/types\/product"}],"wp:featuredmedia":[{"embeddable":true,"href":"https:\/\/www.cinesouk.ma\/fr\/wp-json\/wp\/v2\/media\/9990"}],"wp:attachment":[{"href":"https:\/\/www.cinesouk.ma\/fr\/wp-json\/wp\/v2\/media?parent=9979"}],"wp:term":[{"taxonomy":"product_brand","embeddable":true,"href":"https:\/\/www.cinesouk.ma\/fr\/wp-json\/wp\/v2\/product_brand?post=9979"},{"taxonomy":"product_cat","embeddable":true,"href":"https:\/\/www.cinesouk.ma\/fr\/wp-json\/wp\/v2\/product_cat?post=9979"},{"taxonomy":"product_tag","embeddable":true,"href":"https:\/\/www.cinesouk.ma\/fr\/wp-json\/wp\/v2\/product_tag?post=9979"}],"curies":[{"name":"wp","href":"https:\/\/api.w.org\/{rel}","templated":true}]}}